{"id":1377,"date":"2015-09-28T12:17:57","date_gmt":"2015-09-28T10:17:57","guid":{"rendered":"http:\/\/www.dreimeister.de\/?page_id=1377"},"modified":"2025-12-18T08:57:41","modified_gmt":"2025-12-18T07:57:41","slug":"karriere-2","status":"publish","type":"page","link":"https:\/\/www.dreimeister.de\/en\/unternehmen\/karriere-2\/","title":{"rendered":"Karriere"},"content":{"rendered":"<p><strong>Auf dieser Seite finden Sie freie Stellen.<\/strong><\/p><h2 class=\"wp-block-heading\"><\/h2><style>#sp-ea-129071 .spcollapsing { height: 0; overflow: hidden; transition-property: height;transition-duration: 300ms;}#sp-ea-129071.sp-easy-accordion>.sp-ea-single {margin-bottom: 10px; border: 1px solid #e2e2e2; }#sp-ea-129071.sp-easy-accordion>.sp-ea-single>.ea-header a {color: #444;}#sp-ea-129071.sp-easy-accordion>.sp-ea-single>.sp-collapse>.ea-body {background: #fff; color: #444;}#sp-ea-129071.sp-easy-accordion>.sp-ea-single {background: #eee;}#sp-ea-129071.sp-easy-accordion>.sp-ea-single>.ea-header a .ea-expand-icon { float: left; color: #444;font-size: 16px;}<\/style><style>#sp-ea-127304 .spcollapsing { height: 0; overflow: hidden; transition-property: height;transition-duration: 300ms;}#sp-ea-127304.sp-easy-accordion>.sp-ea-single {margin-bottom: 10px; border: 1px solid #e2e2e2; }#sp-ea-127304.sp-easy-accordion>.sp-ea-single>.ea-header a {color: #444;}#sp-ea-127304.sp-easy-accordion>.sp-ea-single>.sp-collapse>.ea-body {background: #fff; color: #444;}#sp-ea-127304.sp-easy-accordion>.sp-ea-single {background: #eee;}#sp-ea-127304.sp-easy-accordion>.sp-ea-single>.ea-header a .ea-expand-icon { float: left; color: #444;font-size: 16px;}<\/style><div style=\"height:44px\" aria-hidden=\"true\" class=\"wp-block-spacer\"><\/div><style>#sp-ea-126254 .spcollapsing { height: 0; overflow: hidden; transition-property: height;transition-duration: 300ms;}#sp-ea-126254.sp-easy-accordion>.sp-ea-single {margin-bottom: 10px; border: 1px solid #e2e2e2; }#sp-ea-126254.sp-easy-accordion>.sp-ea-single>.ea-header a {color: #444;}#sp-ea-126254.sp-easy-accordion>.sp-ea-single>.sp-collapse>.ea-body {background: #fff; color: #444;}#sp-ea-126254.sp-easy-accordion>.sp-ea-single {background: #eee;}#sp-ea-126254.sp-easy-accordion>.sp-ea-single>.ea-header a .ea-expand-icon { float: left; color: #444;font-size: 16px;}<\/style><style>#sp-ea-129738 .spcollapsing { height: 0; overflow: hidden; transition-property: height;transition-duration: 300ms;}#sp-ea-129738.sp-easy-accordion>.sp-ea-single {margin-bottom: 10px; border: 1px solid #e2e2e2; }#sp-ea-129738.sp-easy-accordion>.sp-ea-single>.ea-header a {color: #444;}#sp-ea-129738.sp-easy-accordion>.sp-ea-single>.sp-collapse>.ea-body {background: #fff; color: #444;}#sp-ea-129738.sp-easy-accordion>.sp-ea-single {background: #eee;}#sp-ea-129738.sp-easy-accordion>.sp-ea-single>.ea-header a .ea-expand-icon { float: left; color: #444;font-size: 16px;}<\/style><div id=\"sp_easy_accordion-1701425963\">\n<div id=\"sp-ea-129738\" class=\"sp-ea-one sp-easy-accordion\" data-ea-active=\"ea-click\" data-ea-mode=\"vertical\" data-preloader=\"\" data-scroll-active-item=\"\" data-offset-to-scroll=\"0\">\n\n<!-- Start accordion card div. -->\n<div class=\"ea-card  sp-ea-single\">\n\t<!-- Start accordion header. -->\n\t<h3 class=\"ea-header\">\n\t\t<!-- Add anchor tag for header. -->\n\t\t<a class=\"collapsed\" id=\"ea-header-1297380\" role=\"button\" data-sptoggle=\"spcollapse\" data-sptarget=\"#collapse1297380\" aria-controls=\"collapse1297380\" href=\"#\"  aria-expanded=\"false\" tabindex=\"0\">\n\t\t<i aria-hidden=\"true\" role=\"presentation\" class=\"ea-expand-icon eap-icon-ea-expand-plus\"><\/i> Leitung Qualit\u00e4tsmanagement und Qualit\u00e4tssicherung als QMB (m\/w\/d) in Vollzeit\t\t<\/a> <!-- Close anchor tag for header. -->\n\t<\/h3>\t<!-- Close header tag. -->\n\t<!-- Start collapsible content div. -->\n\t<div class=\"sp-collapse spcollapse spcollapse\" id=\"collapse1297380\" data-parent=\"#sp-ea-129738\" role=\"region\" aria-labelledby=\"ea-header-1297380\">  <!-- Content div. -->\n\t\t<div class=\"ea-body\">\n\t\t<p><strong>Wir sind DreiMeister:<\/strong><\/p>\n<p>Als Premiumhersteller feinster Pralinen, k\u00f6stlicher Geb\u00e4cke und exquisiter Schokolade steht bei uns Qualit\u00e4t an erster Stelle. Zur Verst\u00e4rkung unseres Teams suchen wir eine engagierte Person als <strong>Leitung Qualit\u00e4tsmanagement und Qualit\u00e4tssicherung als QMB (m\/w\/d), <\/strong>um die Qualit\u00e4t sicher zu stellen und zu \u00fcberpr\u00fcfen.<\/p>\n<p>&nbsp;<\/p>\n<p><strong>Ihre Aufgaben:<\/strong><\/p>\n<ul>\n<li>Verantwortung f\u00fcr die Aufrechterhaltung des QM-Systems nach aktuellem IFS-Food-Standard<\/li>\n<li>Leitung des HACCP-, Food-, Defense- und Krisen-Teams<\/li>\n<li>Pflege aller IFS-gelenkten Dokumente<\/li>\n<li>Sicherstellung der Einhaltung unserer Qualit\u00e4tsanforderungen und die Verkehrsf\u00e4higkeit unserer Produkte bez\u00fcglich Sensorik, Optik und Beschaffenheit sowie der verpackten Ware<\/li>\n<li>Zusammenarbeit mit externen Laboren<\/li>\n<li>Sicherstellung der Einhaltung aller rechtlichen Vorgaben der Lebensmittelproduktion<\/li>\n<li>Erarbeitung von Optimierungsvorschl\u00e4gen f\u00fcr den Bereich Qualit\u00e4tsmanagement<\/li>\n<\/ul>\n<p><strong>Ihr Profil:<\/strong><\/p>\n<ul>\n<li>Erfolgreich abgeschlossenes lebensmitteltechnologisches oder vergleichbares Studium, alternativ S\u00fc\u00dfwaren- oder lebensmitteltechnologische Ausbildung<\/li>\n<li>Mehrj\u00e4hrige Berufserfahrung im Lebensmittelbereich, idealerweise im Bereich Qualit\u00e4tsmanagement als QMB<\/li>\n<li>Gute Englischkenntnisse in Wort und Schrift<\/li>\n<li>Sicherer Umgang mit einem ERP-System und MS Office<\/li>\n<li>Teamf\u00e4higkeit, Belastbarkeit, Flexibilit\u00e4t und Verlass kennzeichnen Sie aus<\/li>\n<li>Sehr gute Kommunikationsf\u00e4higkeit<\/li>\n<li>Selbstst\u00e4ndiges und organisiertes, strukturiertes Arbeiten zeichnen Sie aus<\/li>\n<\/ul>\n<p><strong>Was wir bieten:<\/strong><\/p>\n<ul>\n<li><strong>Eigenverantwortung und Teamarbeit:<\/strong> Die perfekte Balance f\u00fcr Ihre pers\u00f6nliche Entwicklung<\/li>\n<li><strong>Flexible Arbeitszeiten<\/strong><\/li>\n<li><strong>Homeoffice m\u00f6glich<\/strong><\/li>\n<li><strong>Strukturierte und intensiv begleitete Einarbeitungsphase<\/strong><\/li>\n<li>Flache Hierarchien<\/li>\n<li>Verantwortungsvolle Schnittstellenposition, sowie abwechslungsreiche Arbeit<\/li>\n<li>Famili\u00e4res Arbeitsumfeld: Offene Kommunikation und ein respektvolles Miteinander<\/li>\n<li><strong>Betriebliche Weiterbildungsm\u00f6glichkeiten:<\/strong> F\u00fcr Ihre fachliche und pers\u00f6nliche Weiterentwicklung<\/li>\n<li>Mitarbeiterrabatt im Werksverkauf: Genie\u00dfen Sie unsere Premiumprodukte zu besonderen Konditionen<\/li>\n<li>Betriebliche Altersvorsorge: F\u00fcr Ihre Absicherung in der Zukunft<\/li>\n<li>Fahrrad-Leasing mit JobRad: Nachhaltig mobil bleiben<\/li>\n<\/ul>\n<p><strong>Bereit f\u00fcr die neue Herausforderung?<\/strong><\/p>\n<p><strong>Dann freuen wir uns auf Ihre Bewerbung!<\/strong> Senden Sie Ihre vollst\u00e4ndigen Bewerbungsunterlagen inklusive Ihrer Gehaltsvorstellung per E-Mail an HR@dreimeister.de.<\/p>\n<p>Werden Sie Teil unseres Teams und schreiben Sie mit uns die Erfolgsgeschichte von DreiMeister weiter!<\/p>\n<p>Ansprechpartnerin: Marie Luckey<\/p>\n<p><strong>DreiMeister Spezialit\u00e4ten GmbH &amp; Co. KG<\/strong><br \/>\n<strong>Weststra\u00dfe 47 | D-59457 Werl<\/strong><br \/>\n<strong>Phone +49 (0) 29 22 \/ 87 73 0<\/strong><\/p>\n\t\t<\/div> <!-- Close content div. -->\n\t<\/div> <!-- Close collapse div. -->\n<\/div> <!-- Close card div. -->\n<!-- Start accordion card div. -->\n<div class=\"ea-card  sp-ea-single\">\n\t<!-- Start accordion header. -->\n\t<h3 class=\"ea-header\">\n\t\t<!-- Add anchor tag for header. -->\n\t\t<a class=\"collapsed\" id=\"ea-header-1297381\" role=\"button\" data-sptoggle=\"spcollapse\" data-sptarget=\"#collapse1297381\" aria-controls=\"collapse1297381\" href=\"#\"  aria-expanded=\"false\" tabindex=\"0\">\n\t\t<i aria-hidden=\"true\" role=\"presentation\" class=\"ea-expand-icon eap-icon-ea-expand-plus\"><\/i> Sachbearbeiter*In Personal (m\/w\/d) in Vollzeit\/ Teilzeit\t\t<\/a> <!-- Close anchor tag for header. -->\n\t<\/h3>\t<!-- Close header tag. -->\n\t<!-- Start collapsible content div. -->\n\t<div class=\"sp-collapse spcollapse spcollapse\" id=\"collapse1297381\" data-parent=\"#sp-ea-129738\" role=\"region\" aria-labelledby=\"ea-header-1297381\">  <!-- Content div. -->\n\t\t<div class=\"ea-body\">\n\t\t<p>Als Premiumhersteller feinster Pralinen, k\u00f6stlicher Geb\u00e4cke und exquisiter Schokolade steht bei uns Qualit\u00e4t an erster Stelle. Zur Verst\u00e4rkung unseres Teams suchen wir eine engagierte Person als <strong>SachbearbeiterIn Personal<\/strong> (m\/w\/d), um wesentliche Personalthemen zu bearbeiten und zu verantworten.<\/p>\n<p><strong>Ihre Aufgaben:<\/strong><\/p>\n<ul>\n<li>Pflege der Mitarbeiterstammdaten und Personalunterlagen<\/li>\n<li>Pflege der Zeitkonten\/ Arbeiten im Zeiterfassungsprogramm<\/li>\n<li>Vorbereitende Lohnbuchhaltung und Unterst\u00fctzung bei angrenzenden, buchhalterischen Aufgaben<\/li>\n<\/ul>\n<p><strong>Ihr Profil:<\/strong><\/p>\n<ul>\n<li>Abgeschlossene kaufm\u00e4nnische Ausbildung oder angeschlossenes Hochschulstudium im betriebswirtschaftlichen Bereich<\/li>\n<li>Erfahrungen mit der Arbeit in Zeiterfassungsprogrammen und versierter Umgang mit g\u00e4ngigen Office-Anwendungen<\/li>\n<li>Selbstorganisation, Sorgfalt und Detailgenauigkeit<\/li>\n<\/ul>\n<p><strong>Was wir bieten:<\/strong><\/p>\n<ul>\n<li><strong>Eigenverantwortung und Teamarbeit:<\/strong> Die perfekte Balance f\u00fcr Ihre pers\u00f6nliche Entwicklung<\/li>\n<li><strong>Flexible Arbeitszeiten<\/strong><\/li>\n<li><strong>Homeoffice m\u00f6glich<\/strong><\/li>\n<li>Verantwortungsvolle Schnittstellenposition, sowie abwechslungsreiche Arbeit<\/li>\n<li>Famili\u00e4res Arbeitsumfeld: Offene Kommunikation und ein respektvolles Miteinander<\/li>\n<li><strong>Betriebliche Weiterbildungsm\u00f6glichkeiten:<\/strong> F\u00fcr Ihre fachliche und pers\u00f6nliche Weiterentwicklung<\/li>\n<li>Mitarbeiterrabatt im Werksverkauf: Genie\u00dfen Sie unsere Premiumprodukte zu besonderen Konditionen<\/li>\n<li>Betriebliche Altersvorsorge: F\u00fcr Ihre Absicherung in der Zukunft<\/li>\n<li>Fahrrad-Leasing mit JobRad: Nachhaltig mobil bleiben<\/li>\n<\/ul>\n<p><strong>Bereit f\u00fcr die neue Herausforderung?<\/strong><\/p>\n<p><strong>Dann freuen wir uns auf Ihre Bewerbung!<\/strong> Senden Sie Ihre vollst\u00e4ndigen Bewerbungsunterlagen inklusive Ihrer Gehaltsvorstellung per E-Mail an HR@dreimeister.de.<\/p>\n<p>Werden Sie Teil unseres Teams und schreiben Sie mit uns die Erfolgsgeschichte von DreiMeister weiter!<\/p>\n<p>Ansprechpartnerin: Marie Luckey<\/p>\n<p><strong>DreiMeister Spezialit\u00e4ten GmbH &amp; Co. KG<\/strong><br \/>\n<strong>Weststra\u00dfe 47 | D-59457 Werl<\/strong><br \/>\n<strong>Phone +49 (0) 29 22 \/ 87 73 0<\/strong><\/p>\n\t\t<\/div> <!-- Close content div. -->\n\t<\/div> <!-- Close collapse div. -->\n<\/div> <!-- Close card div. -->\n<\/div>\n<\/div>\n<div style=\"height:44px\" aria-hidden=\"true\" class=\"wp-block-spacer\"><\/div><style>#sp-ea-126255 .spcollapsing { height: 0; overflow: hidden; transition-property: height;transition-duration: 300ms;}#sp-ea-126255.sp-easy-accordion>.sp-ea-single {margin-bottom: 10px; border: 1px solid #e2e2e2; }#sp-ea-126255.sp-easy-accordion>.sp-ea-single>.ea-header a {color: #444;}#sp-ea-126255.sp-easy-accordion>.sp-ea-single>.sp-collapse>.ea-body {background: #fff; color: #444;}#sp-ea-126255.sp-easy-accordion>.sp-ea-single {background: #eee;}#sp-ea-126255.sp-easy-accordion>.sp-ea-single>.ea-header a .ea-expand-icon { float: left; color: #444;font-size: 16px;}<\/style><div style=\"height:44px\" aria-hidden=\"true\" class=\"wp-block-spacer\"><\/div><style>#sp-ea-126256 .spcollapsing { height: 0; overflow: hidden; transition-property: height;transition-duration: 300ms;}#sp-ea-126256.sp-easy-accordion>.sp-ea-single {margin-bottom: 10px; border: 1px solid #e2e2e2; }#sp-ea-126256.sp-easy-accordion>.sp-ea-single>.ea-header a {color: #444;}#sp-ea-126256.sp-easy-accordion>.sp-ea-single>.sp-collapse>.ea-body {background: #fff; color: #444;}#sp-ea-126256.sp-easy-accordion>.sp-ea-single {background: #eee;}#sp-ea-126256.sp-easy-accordion>.sp-ea-single>.ea-header a .ea-expand-icon { float: left; color: #444;font-size: 16px;}<\/style><div style=\"height:44px\" aria-hidden=\"true\" class=\"wp-block-spacer\"><\/div><style>#sp-ea-126257 .spcollapsing { height: 0; overflow: hidden; transition-property: height;transition-duration: 300ms;}#sp-ea-126257.sp-easy-accordion>.sp-ea-single {margin-bottom: 10px; border: 1px solid #e2e2e2; }#sp-ea-126257.sp-easy-accordion>.sp-ea-single>.ea-header a {color: #444;}#sp-ea-126257.sp-easy-accordion>.sp-ea-single>.sp-collapse>.ea-body {background: #fff; color: #444;}#sp-ea-126257.sp-easy-accordion>.sp-ea-single {background: #eee;}#sp-ea-126257.sp-easy-accordion>.sp-ea-single>.ea-header a .ea-expand-icon { float: left; color: #444;font-size: 16px;}<\/style><div style=\"height:40px\" aria-hidden=\"true\" class=\"wp-block-spacer\"><\/div><div class=\"wp-block-buttons is-horizontal is-content-justification-center is-layout-flex wp-container-core-buttons-is-layout-1 wp-block-buttons-is-layout-flex\"><div class=\"wp-block-button\"><a class=\"wp-block-button__link wp-element-button\" href=\"https:\/\/www.dreimeister.de\/jobangebot-kontakt\/\">Jetzt bewerben<\/a><\/div><\/div><div style=\"height:40px\" aria-hidden=\"true\" class=\"wp-block-spacer\"><\/div><p><strong><em>Sie haben Fragen zu den ausgeschriebenen Stellen oder zum Thema Arbeiten bei DreiMeister? Dann helfen wir Ihnen gerne weiter &#8211; telefonisch unter 02922\/877394 oder per E-Mail unter hr@dreimeister.de.<\/em><\/strong><\/p><p><\/p>","protected":false},"excerpt":{"rendered":"<p>Auf dieser Seite finden Sie freie Stellen. Sie haben Fragen zu den ausgeschriebenen Stellen oder zum Thema Arbeiten bei DreiMeister? Dann helfen wir Ihnen gerne weiter &#8211; telefonisch unter 02922\/877394 oder per E-Mail unter hr@dreimeister.de.<\/p>\n","protected":false},"author":1,"featured_media":0,"parent":6,"menu_order":0,"comment_status":"open","ping_status":"closed","template":"unternehmen.php","meta":{"_acf_changed":false,"footnotes":""},"class_list":["post-1377","page","type-page","status-publish","hentry"],"acf":[],"yoast_head":"<!-- This site is optimized with the Yoast SEO plugin v24.1 - https:\/\/yoast.com\/wordpress\/plugins\/seo\/ -->\n<title>Karriere - DreiMeister<\/title>\n<meta name=\"description\" content=\"Arbeiten beim Pralinenhersteller - was kann es Sch\u00f6neres geben? Hier finden Sie offene Stellen und alle Infos zu Ihren Einstiegsm\u00f6glichkeiten.\" \/>\n<meta name=\"robots\" content=\"index, follow, max-snippet:-1, max-image-preview:large, max-video-preview:-1\" \/>\n<link rel=\"canonical\" href=\"https:\/\/www.dreimeister.de\/en\/unternehmen\/karriere-2\/\" \/>\n<meta property=\"og:locale\" content=\"en_GB\" \/>\n<meta property=\"og:locale:alternate\" content=\"de_DE_formal\" \/>\n<meta property=\"og:type\" content=\"article\" \/>\n<meta property=\"og:title\" content=\"Karriere\" \/>\n<meta property=\"og:description\" content=\"Arbeiten beim Pralinenhersteller - was kann es Sch\u00f6neres geben? Hier finden Sie offene Stellen und alle Infos zu Ihren Einstiegsm\u00f6glichkeiten.\" \/>\n<meta property=\"og:url\" content=\"https:\/\/www.dreimeister.de\/en\/unternehmen\/karriere-2\/\" \/>\n<meta property=\"og:site_name\" content=\"DreiMeister\" \/>\n<meta property=\"article:publisher\" content=\"https:\/\/www.facebook.com\/dreimeister.spezialitaeten\" \/>\n<meta property=\"article:modified_time\" content=\"2025-12-18T07:57:41+00:00\" \/>\n<meta name=\"twitter:label1\" content=\"Estimated reading time\" \/>\n\t<meta name=\"twitter:data1\" content=\"1 minute\" \/>\n<script type=\"application\/ld+json\" class=\"yoast-schema-graph\">{\"@context\":\"https:\/\/schema.org\",\"@graph\":[{\"@type\":\"WebPage\",\"@id\":\"https:\/\/www.dreimeister.de\/unternehmen\/karriere-2\/\",\"url\":\"https:\/\/www.dreimeister.de\/unternehmen\/karriere-2\/\",\"name\":\"Karriere\",\"isPartOf\":{\"@id\":\"https:\/\/www.dreimeister.de\/#website\"},\"datePublished\":\"2015-09-28T10:17:57+00:00\",\"dateModified\":\"2025-12-18T07:57:41+00:00\",\"description\":\"Arbeiten beim Pralinenhersteller - was kann es Sch\u00f6neres geben? Hier finden Sie offene Stellen und alle Infos zu Ihren Einstiegsm\u00f6glichkeiten.\",\"breadcrumb\":{\"@id\":\"https:\/\/www.dreimeister.de\/unternehmen\/karriere-2\/#breadcrumb\"},\"inLanguage\":\"en-GB\",\"potentialAction\":[{\"@type\":\"ReadAction\",\"target\":[\"https:\/\/www.dreimeister.de\/unternehmen\/karriere-2\/\"]}]},{\"@type\":\"BreadcrumbList\",\"@id\":\"https:\/\/www.dreimeister.de\/unternehmen\/karriere-2\/#breadcrumb\",\"itemListElement\":[{\"@type\":\"ListItem\",\"position\":1,\"name\":\"Home\",\"item\":\"https:\/\/www.dreimeister.de\/\"},{\"@type\":\"ListItem\",\"position\":2,\"name\":\"Unternehmen\",\"item\":\"https:\/\/www.dreimeister.de\/unternehmen\/\"},{\"@type\":\"ListItem\",\"position\":3,\"name\":\"Karriere\"}]},{\"@type\":\"WebSite\",\"@id\":\"https:\/\/www.dreimeister.de\/#website\",\"url\":\"https:\/\/www.dreimeister.de\/\",\"name\":\"DreiMeister\",\"description\":\"Finest chocolate\",\"potentialAction\":[{\"@type\":\"SearchAction\",\"target\":{\"@type\":\"EntryPoint\",\"urlTemplate\":\"https:\/\/www.dreimeister.de\/?s={search_term_string}\"},\"query-input\":{\"@type\":\"PropertyValueSpecification\",\"valueRequired\":true,\"valueName\":\"search_term_string\"}}],\"inLanguage\":\"en-GB\"}]}<\/script>\n<!-- \/ Yoast SEO plugin. -->","yoast_head_json":{"title":"Karriere - DreiMeister","description":"Arbeiten beim Pralinenhersteller - was kann es Sch\u00f6neres geben? Hier finden Sie offene Stellen und alle Infos zu Ihren Einstiegsm\u00f6glichkeiten.","robots":{"index":"index","follow":"follow","max-snippet":"max-snippet:-1","max-image-preview":"max-image-preview:large","max-video-preview":"max-video-preview:-1"},"canonical":"https:\/\/www.dreimeister.de\/en\/unternehmen\/karriere-2\/","og_locale":"en_GB","og_type":"article","og_title":"[:de]Karriere[:] - DreiMeister","og_description":"[:de]Arbeiten beim Pralinenhersteller - was kann es Sch\u00f6neres geben? Hier finden Sie offene Stellen und alle Infos zu Ihren Einstiegsm\u00f6glichkeiten.[:]","og_url":"https:\/\/www.dreimeister.de\/en\/unternehmen\/karriere-2\/","og_site_name":"DreiMeister","article_publisher":"https:\/\/www.facebook.com\/dreimeister.spezialitaeten","article_modified_time":"2025-12-18T07:57:41+00:00","twitter_misc":{"Estimated reading time":"1 minute"},"schema":{"@context":"https:\/\/schema.org","@graph":[{"@type":"WebPage","@id":"https:\/\/www.dreimeister.de\/unternehmen\/karriere-2\/","url":"https:\/\/www.dreimeister.de\/unternehmen\/karriere-2\/","name":"Karriere","isPartOf":{"@id":"https:\/\/www.dreimeister.de\/#website"},"datePublished":"2015-09-28T10:17:57+00:00","dateModified":"2025-12-18T07:57:41+00:00","description":"Arbeiten beim Pralinenhersteller - was kann es Sch\u00f6neres geben? Hier finden Sie offene Stellen und alle Infos zu Ihren Einstiegsm\u00f6glichkeiten.","breadcrumb":{"@id":"https:\/\/www.dreimeister.de\/unternehmen\/karriere-2\/#breadcrumb"},"inLanguage":"en-GB","potentialAction":[{"@type":"ReadAction","target":["https:\/\/www.dreimeister.de\/unternehmen\/karriere-2\/"]}]},{"@type":"BreadcrumbList","@id":"https:\/\/www.dreimeister.de\/unternehmen\/karriere-2\/#breadcrumb","itemListElement":[{"@type":"ListItem","position":1,"name":"Home","item":"https:\/\/www.dreimeister.de\/"},{"@type":"ListItem","position":2,"name":"Unternehmen","item":"https:\/\/www.dreimeister.de\/unternehmen\/"},{"@type":"ListItem","position":3,"name":"Karriere"}]},{"@type":"WebSite","@id":"https:\/\/www.dreimeister.de\/#website","url":"https:\/\/www.dreimeister.de\/","name":"DreiMeister","description":"Finest chocolate","potentialAction":[{"@type":"SearchAction","target":{"@type":"EntryPoint","urlTemplate":"https:\/\/www.dreimeister.de\/?s={search_term_string}"},"query-input":{"@type":"PropertyValueSpecification","valueRequired":true,"valueName":"search_term_string"}}],"inLanguage":"en-GB"}]}},"_links":{"self":[{"href":"https:\/\/www.dreimeister.de\/en\/wp-json\/wp\/v2\/pages\/1377"}],"collection":[{"href":"https:\/\/www.dreimeister.de\/en\/wp-json\/wp\/v2\/pages"}],"about":[{"href":"https:\/\/www.dreimeister.de\/en\/wp-json\/wp\/v2\/types\/page"}],"author":[{"embeddable":true,"href":"https:\/\/www.dreimeister.de\/en\/wp-json\/wp\/v2\/users\/1"}],"replies":[{"embeddable":true,"href":"https:\/\/www.dreimeister.de\/en\/wp-json\/wp\/v2\/comments?post=1377"}],"version-history":[{"count":62,"href":"https:\/\/www.dreimeister.de\/en\/wp-json\/wp\/v2\/pages\/1377\/revisions"}],"predecessor-version":[{"id":130519,"href":"https:\/\/www.dreimeister.de\/en\/wp-json\/wp\/v2\/pages\/1377\/revisions\/130519"}],"up":[{"embeddable":true,"href":"https:\/\/www.dreimeister.de\/en\/wp-json\/wp\/v2\/pages\/6"}],"wp:attachment":[{"href":"https:\/\/www.dreimeister.de\/en\/wp-json\/wp\/v2\/media?parent=1377"}],"curies":[{"name":"wp","href":"https:\/\/api.w.org\/{rel}","templated":true}]}}