{"id":15,"date":"2015-04-15T10:12:55","date_gmt":"2015-04-15T08:12:55","guid":{"rendered":"http:\/\/dreimeister.de\/?page_id=15"},"modified":"2025-08-25T08:35:08","modified_gmt":"2025-08-25T06:35:08","slug":"impressum","status":"publish","type":"page","link":"https:\/\/www.dreimeister.de\/en\/impressum\/","title":{"rendered":"Imprint"},"content":{"rendered":"<p>DreiMeister Spezialit\u00e4ten GmbH &#038; Co. KG<br \/>\nWeststra\u00dfe 47 \u00b7 D-59457 Werl, Germany<\/p>\n<p>Phone: + 49 (0) 29 22 \/ 87 73 &#8211; 0<br \/>\nFax: + 49 (0) 29 22 \/ 87 73 &#8211; 111<br \/>\nE-Mail: info@dreimeister.de<\/p>\n<p>Phone for calls outside business hours in case of emergencies or crisis: + 49 (0) 29 22 \/ 87 73 \u2013 110<br \/>\nPlease don\u2019t use for orders!<\/p>\n<p>DreiMeister Spezialit\u00e4ten GmbH &#038; Co. KG<br \/>\nrepresented by the personally liable partner:<br \/>\nDreiMeister GmbH Verwaltungsgesellschaft, registered office: 59457 Werl-West\u00f6nnen, Register Court Arnsberg, HRA 6731<\/p>\n<p>represented by the managing director: Markus Luckey<br \/>\nDistrict Court Arnsberg, HRB 7079<br \/>\nVAT identification number according to \u00a7 27a VAT Act: DE811279212<br \/>\nResponsible for content according to \u00a7 6 MDStV: Markus Luckey<br \/>\nAuthorised representative of DreiMeister Spezialit\u00e4ten GmbH &#038; Co. KG: Fabian Steiner<\/p>\n<p>The European Commission provides an online dispute resolution (ODR) platform, which can be found at <a href=\"https:\/\/ec.europa.eu\/consumers\/odr\/\">https:\/\/ec.europa.eu\/consumers\/odr\/<\/a>. We are neither obliged nor willing to participate in a dispute resolution procedure before a consumer arbitration body.<\/p>\n","protected":false},"excerpt":{"rendered":"<p>DreiMeister Spezialit\u00e4ten GmbH &#038; Co. KG Weststra\u00dfe 47 \u00b7 D-59457 Werl, Germany Phone: + 49 (0) 29 22 \/ 87 73 &#8211; 0 Fax: + 49 (0) 29 22 \/ 87 73 &#8211; 111 E-Mail: info@dreimeister.de Phone for calls outside business hours in case of emergencies or crisis: + 49 (0) 29 22 \/ 87 [&hellip;]<\/p>\n","protected":false},"author":1,"featured_media":0,"parent":0,"menu_order":2,"comment_status":"open","ping_status":"closed","template":"static.php","meta":{"_acf_changed":false,"footnotes":""},"class_list":["post-15","page","type-page","status-publish","hentry"],"acf":[],"yoast_head":"<!-- This site is optimized with the Yoast SEO plugin v24.1 - https:\/\/yoast.com\/wordpress\/plugins\/seo\/ -->\n<title>Impressum - DreiMeister Spezialit\u00e4ten<\/title>\n<meta name=\"description\" content=\"DreiMeister Spezialit\u00e4ten GmbH, Weststra\u00dfe 47, D-59457 Werl, Telefon: 02922\/8773-0, Fax: 02922\/8773-111\" \/>\n<meta name=\"robots\" content=\"index, follow, max-snippet:-1, max-image-preview:large, max-video-preview:-1\" \/>\n<link rel=\"canonical\" href=\"https:\/\/www.dreimeister.de\/en\/impressum\/\" \/>\n<meta property=\"og:locale\" content=\"en_GB\" \/>\n<meta property=\"og:locale:alternate\" content=\"de_DE_formal\" \/>\n<meta property=\"og:type\" content=\"article\" \/>\n<meta property=\"og:title\" content=\"Impressum - DreiMeister Spezialit\u00e4ten\" \/>\n<meta property=\"og:description\" content=\"DreiMeister Spezialit\u00e4ten GmbH, Weststra\u00dfe 47, D-59457 Werl, Telefon: 02922\/8773-0, Fax: 02922\/8773-111\" \/>\n<meta property=\"og:url\" content=\"https:\/\/www.dreimeister.de\/en\/impressum\/\" \/>\n<meta property=\"og:site_name\" content=\"DreiMeister\" \/>\n<meta property=\"article:publisher\" content=\"https:\/\/www.facebook.com\/dreimeister.spezialitaeten\" \/>\n<meta property=\"article:modified_time\" content=\"2025-08-25T06:35:08+00:00\" \/>\n<meta name=\"twitter:label1\" content=\"Estimated reading time\" \/>\n\t<meta name=\"twitter:data1\" content=\"1 minute\" \/>\n<script type=\"application\/ld+json\" class=\"yoast-schema-graph\">{\"@context\":\"https:\/\/schema.org\",\"@graph\":[{\"@type\":\"WebPage\",\"@id\":\"https:\/\/www.dreimeister.de\/impressum\/\",\"url\":\"https:\/\/www.dreimeister.de\/impressum\/\",\"name\":\"Impressum - DreiMeister Spezialit\u00e4ten\",\"isPartOf\":{\"@id\":\"https:\/\/www.dreimeister.de\/#website\"},\"datePublished\":\"2015-04-15T08:12:55+00:00\",\"dateModified\":\"2025-08-25T06:35:08+00:00\",\"description\":\"DreiMeister Spezialit\u00e4ten GmbH, Weststra\u00dfe 47, D-59457 Werl, Telefon: 02922\/8773-0, Fax: 02922\/8773-111\",\"breadcrumb\":{\"@id\":\"https:\/\/www.dreimeister.de\/impressum\/#breadcrumb\"},\"inLanguage\":\"en-GB\",\"potentialAction\":[{\"@type\":\"ReadAction\",\"target\":[\"https:\/\/www.dreimeister.de\/impressum\/\"]}]},{\"@type\":\"BreadcrumbList\",\"@id\":\"https:\/\/www.dreimeister.de\/impressum\/#breadcrumb\",\"itemListElement\":[{\"@type\":\"ListItem\",\"position\":1,\"name\":\"Home\",\"item\":\"https:\/\/www.dreimeister.de\/\"},{\"@type\":\"ListItem\",\"position\":2,\"name\":\"Impressum\"}]},{\"@type\":\"WebSite\",\"@id\":\"https:\/\/www.dreimeister.de\/#website\",\"url\":\"https:\/\/www.dreimeister.de\/\",\"name\":\"DreiMeister\",\"description\":\"Finest chocolate\",\"potentialAction\":[{\"@type\":\"SearchAction\",\"target\":{\"@type\":\"EntryPoint\",\"urlTemplate\":\"https:\/\/www.dreimeister.de\/?s={search_term_string}\"},\"query-input\":{\"@type\":\"PropertyValueSpecification\",\"valueRequired\":true,\"valueName\":\"search_term_string\"}}],\"inLanguage\":\"en-GB\"}]}<\/script>\n<!-- \/ Yoast SEO plugin. -->","yoast_head_json":{"title":"Impressum - DreiMeister Spezialit\u00e4ten","description":"DreiMeister Spezialit\u00e4ten GmbH, Weststra\u00dfe 47, D-59457 Werl, Telefon: 02922\/8773-0, Fax: 02922\/8773-111","robots":{"index":"index","follow":"follow","max-snippet":"max-snippet:-1","max-image-preview":"max-image-preview:large","max-video-preview":"max-video-preview:-1"},"canonical":"https:\/\/www.dreimeister.de\/en\/impressum\/","og_locale":"en_GB","og_type":"article","og_title":"Impressum - DreiMeister Spezialit\u00e4ten","og_description":"[:de]DreiMeister Spezialit\u00e4ten GmbH, Weststra\u00dfe 47, D-59457 Werl, Telefon: 02922\/8773-0, Fax: 02922\/8773-111[:]","og_url":"https:\/\/www.dreimeister.de\/en\/impressum\/","og_site_name":"DreiMeister","article_publisher":"https:\/\/www.facebook.com\/dreimeister.spezialitaeten","article_modified_time":"2025-08-25T06:35:08+00:00","twitter_misc":{"Estimated reading time":"1 minute"},"schema":{"@context":"https:\/\/schema.org","@graph":[{"@type":"WebPage","@id":"https:\/\/www.dreimeister.de\/impressum\/","url":"https:\/\/www.dreimeister.de\/impressum\/","name":"Impressum - DreiMeister Spezialit\u00e4ten","isPartOf":{"@id":"https:\/\/www.dreimeister.de\/#website"},"datePublished":"2015-04-15T08:12:55+00:00","dateModified":"2025-08-25T06:35:08+00:00","description":"DreiMeister Spezialit\u00e4ten GmbH, Weststra\u00dfe 47, D-59457 Werl, Telefon: 02922\/8773-0, Fax: 02922\/8773-111","breadcrumb":{"@id":"https:\/\/www.dreimeister.de\/impressum\/#breadcrumb"},"inLanguage":"en-GB","potentialAction":[{"@type":"ReadAction","target":["https:\/\/www.dreimeister.de\/impressum\/"]}]},{"@type":"BreadcrumbList","@id":"https:\/\/www.dreimeister.de\/impressum\/#breadcrumb","itemListElement":[{"@type":"ListItem","position":1,"name":"Home","item":"https:\/\/www.dreimeister.de\/"},{"@type":"ListItem","position":2,"name":"Impressum"}]},{"@type":"WebSite","@id":"https:\/\/www.dreimeister.de\/#website","url":"https:\/\/www.dreimeister.de\/","name":"DreiMeister","description":"Finest chocolate","potentialAction":[{"@type":"SearchAction","target":{"@type":"EntryPoint","urlTemplate":"https:\/\/www.dreimeister.de\/?s={search_term_string}"},"query-input":{"@type":"PropertyValueSpecification","valueRequired":true,"valueName":"search_term_string"}}],"inLanguage":"en-GB"}]}},"_links":{"self":[{"href":"https:\/\/www.dreimeister.de\/en\/wp-json\/wp\/v2\/pages\/15"}],"collection":[{"href":"https:\/\/www.dreimeister.de\/en\/wp-json\/wp\/v2\/pages"}],"about":[{"href":"https:\/\/www.dreimeister.de\/en\/wp-json\/wp\/v2\/types\/page"}],"author":[{"embeddable":true,"href":"https:\/\/www.dreimeister.de\/en\/wp-json\/wp\/v2\/users\/1"}],"replies":[{"embeddable":true,"href":"https:\/\/www.dreimeister.de\/en\/wp-json\/wp\/v2\/comments?post=15"}],"version-history":[{"count":31,"href":"https:\/\/www.dreimeister.de\/en\/wp-json\/wp\/v2\/pages\/15\/revisions"}],"predecessor-version":[{"id":128774,"href":"https:\/\/www.dreimeister.de\/en\/wp-json\/wp\/v2\/pages\/15\/revisions\/128774"}],"wp:attachment":[{"href":"https:\/\/www.dreimeister.de\/en\/wp-json\/wp\/v2\/media?parent=15"}],"curies":[{"name":"wp","href":"https:\/\/api.w.org\/{rel}","templated":true}]}}