{"id":2752,"date":"2017-08-01T17:11:09","date_gmt":"2017-08-01T15:11:09","guid":{"rendered":"http:\/\/www.dreimeister.de\/?page_id=2752"},"modified":"2026-04-13T09:28:18","modified_gmt":"2026-04-13T07:28:18","slug":"werksverkauf","status":"publish","type":"page","link":"https:\/\/www.dreimeister.de\/en\/unternehmen\/werksverkauf\/","title":{"rendered":"Werksverkauf"},"content":{"rendered":"<ul>\n<li>Nur wenige Minuten von der Ausfahrt Werl-S\u00fcd (<strong>A44<\/strong>) entfernt, direkt an der alten<strong> B1<\/strong><\/li>\n<li>Frische <strong>Pralinen,<\/strong> <strong>Schokoladen<\/strong> und<strong> Geb\u00e4ck<\/strong> direkt aus der Produktion<\/li>\n<li>Gro\u00dfe<strong> Pralinentheke<\/strong> mit vielen verschiedenen &#038; wechselnden Sorten<\/li>\n<li>G\u00fcnstige <strong>Outlet-Preise<\/strong><\/li>\n<li><strong>EC-Kartenzahlung<\/strong> (ab 10 Euro)<\/li>\n<li><strong>kostenlose Parkpl\u00e4tze<\/strong> direkt vor der T\u00fcr (auch f\u00fcr Busse)<\/li>\n<li>Tolle <strong>Geschenkideen<\/strong> zu jedem Anlass, z.B. Valentinstag, Muttertag, Hochzeiten, Geburtstage, u.v.m.<br \/>\n<h4>\u00a0<\/h4>\n<\/li>\n<\/ul>\n<h4><strong>\u00d6ffnungszeiten<\/strong><\/h4>\n<p><strong>Wichtige<\/strong> <strong>Info<\/strong>: am 14.04.26 bleibt der Werksverkauf krankheitsbedingt geschlossen.<\/p>\n<ul>\n<li><strong>Montag bis Freitag 10:00 bis 12:30 Uhr und 13:00 bis 16:00 Uhr<\/strong><\/li>\n<\/ul>\n<p style=\"text-align: left;\">Wir freuen uns auf Sie.<\/p>\n<p style=\"text-align: left;\">Ausfahrt verpasst? Kein Problem! <br \/>Einfach online bestellen und nach Hause liefern lassen. Hier geht&#8217;s zum <a href=\"http:\/\/www.dreimeister.de\/shop\/\"><strong><em>Onlineshop.<\/em><\/strong><\/a><\/p><p><\/p>","protected":false},"excerpt":{"rendered":"<p>Nur wenige Minuten von der Ausfahrt Werl-S\u00fcd (A44) entfernt, direkt an der alten B1 Frische Pralinen, Schokoladen und Geb\u00e4ck direkt aus der Produktion Gro\u00dfe Pralinentheke mit vielen verschiedenen &#038; wechselnden Sorten G\u00fcnstige Outlet-Preise EC-Kartenzahlung (ab 10 Euro) kostenlose Parkpl\u00e4tze direkt vor der T\u00fcr (auch f\u00fcr Busse) Tolle Geschenkideen zu jedem Anlass, z.B. Valentinstag, Muttertag, Hochzeiten, [&hellip;]<\/p>\n","protected":false},"author":1,"featured_media":0,"parent":6,"menu_order":0,"comment_status":"closed","ping_status":"closed","template":"unternehmen.php","meta":{"_acf_changed":false,"footnotes":""},"class_list":["post-2752","page","type-page","status-publish","hentry"],"acf":[],"yoast_head":"<!-- This site is optimized with the Yoast SEO plugin v24.1 - https:\/\/yoast.com\/wordpress\/plugins\/seo\/ -->\n<title>Pralinen Werksverkauf an der A44 in Werl - DreiMeister Spezialit\u00e4ten<\/title>\n<meta name=\"description\" content=\"Pralinen, Schokoladen, Geb\u00e4ck Werksverkauf in Werl an der A44 - direkt aus dem Werk zu Outlet-Preisen - kostenlose Parkpl\u00e4tze\" \/>\n<meta name=\"robots\" content=\"index, follow, max-snippet:-1, max-image-preview:large, max-video-preview:-1\" \/>\n<link rel=\"canonical\" href=\"https:\/\/www.dreimeister.de\/en\/unternehmen\/werksverkauf\/\" \/>\n<meta property=\"og:locale\" content=\"en_GB\" \/>\n<meta property=\"og:locale:alternate\" content=\"de_DE_formal\" \/>\n<meta property=\"og:type\" content=\"article\" \/>\n<meta property=\"og:title\" content=\"Pralinen Werksverkauf an der A44 in Werl - DreiMeister Spezialit\u00e4ten\" \/>\n<meta property=\"og:description\" content=\"Pralinen, Schokoladen, Geb\u00e4ck Werksverkauf in Werl an der A44 - direkt aus dem Werk zu Outlet-Preisen - kostenlose Parkpl\u00e4tze\" \/>\n<meta property=\"og:url\" content=\"https:\/\/www.dreimeister.de\/en\/unternehmen\/werksverkauf\/\" \/>\n<meta property=\"og:site_name\" content=\"DreiMeister\" \/>\n<meta property=\"article:publisher\" content=\"https:\/\/www.facebook.com\/dreimeister.spezialitaeten\" \/>\n<meta property=\"article:modified_time\" content=\"2026-04-13T07:28:18+00:00\" \/>\n<meta name=\"twitter:label1\" content=\"Estimated reading time\" \/>\n\t<meta name=\"twitter:data1\" content=\"1 minute\" \/>\n<script type=\"application\/ld+json\" class=\"yoast-schema-graph\">{\"@context\":\"https:\/\/schema.org\",\"@graph\":[{\"@type\":\"WebPage\",\"@id\":\"https:\/\/www.dreimeister.de\/unternehmen\/werksverkauf\/\",\"url\":\"https:\/\/www.dreimeister.de\/unternehmen\/werksverkauf\/\",\"name\":\"Pralinen Werksverkauf an der A44 in Werl - DreiMeister Spezialit\u00e4ten\",\"isPartOf\":{\"@id\":\"https:\/\/www.dreimeister.de\/#website\"},\"datePublished\":\"2017-08-01T15:11:09+00:00\",\"dateModified\":\"2026-04-13T07:28:18+00:00\",\"description\":\"Pralinen, Schokoladen, Geb\u00e4ck Werksverkauf in Werl an der A44 - direkt aus dem Werk zu Outlet-Preisen - kostenlose Parkpl\u00e4tze\",\"breadcrumb\":{\"@id\":\"https:\/\/www.dreimeister.de\/unternehmen\/werksverkauf\/#breadcrumb\"},\"inLanguage\":\"en-GB\",\"potentialAction\":[{\"@type\":\"ReadAction\",\"target\":[\"https:\/\/www.dreimeister.de\/unternehmen\/werksverkauf\/\"]}]},{\"@type\":\"BreadcrumbList\",\"@id\":\"https:\/\/www.dreimeister.de\/unternehmen\/werksverkauf\/#breadcrumb\",\"itemListElement\":[{\"@type\":\"ListItem\",\"position\":1,\"name\":\"Home\",\"item\":\"https:\/\/www.dreimeister.de\/\"},{\"@type\":\"ListItem\",\"position\":2,\"name\":\"Unternehmen\",\"item\":\"https:\/\/www.dreimeister.de\/unternehmen\/\"},{\"@type\":\"ListItem\",\"position\":3,\"name\":\"Werksverkauf\"}]},{\"@type\":\"WebSite\",\"@id\":\"https:\/\/www.dreimeister.de\/#website\",\"url\":\"https:\/\/www.dreimeister.de\/\",\"name\":\"DreiMeister\",\"description\":\"Finest chocolate\",\"potentialAction\":[{\"@type\":\"SearchAction\",\"target\":{\"@type\":\"EntryPoint\",\"urlTemplate\":\"https:\/\/www.dreimeister.de\/?s={search_term_string}\"},\"query-input\":{\"@type\":\"PropertyValueSpecification\",\"valueRequired\":true,\"valueName\":\"search_term_string\"}}],\"inLanguage\":\"en-GB\"}]}<\/script>\n<!-- \/ Yoast SEO plugin. -->","yoast_head_json":{"title":"Pralinen Werksverkauf an der A44 in Werl - DreiMeister Spezialit\u00e4ten","description":"Pralinen, Schokoladen, Geb\u00e4ck Werksverkauf in Werl an der A44 - direkt aus dem Werk zu Outlet-Preisen - kostenlose Parkpl\u00e4tze","robots":{"index":"index","follow":"follow","max-snippet":"max-snippet:-1","max-image-preview":"max-image-preview:large","max-video-preview":"max-video-preview:-1"},"canonical":"https:\/\/www.dreimeister.de\/en\/unternehmen\/werksverkauf\/","og_locale":"en_GB","og_type":"article","og_title":"Pralinen Werksverkauf an der A44 in Werl - DreiMeister Spezialit\u00e4ten","og_description":"Pralinen, Schokoladen, Geb\u00e4ck Werksverkauf in Werl an der A44 - direkt aus dem Werk zu Outlet-Preisen - kostenlose Parkpl\u00e4tze","og_url":"https:\/\/www.dreimeister.de\/en\/unternehmen\/werksverkauf\/","og_site_name":"DreiMeister","article_publisher":"https:\/\/www.facebook.com\/dreimeister.spezialitaeten","article_modified_time":"2026-04-13T07:28:18+00:00","twitter_misc":{"Estimated reading time":"1 minute"},"schema":{"@context":"https:\/\/schema.org","@graph":[{"@type":"WebPage","@id":"https:\/\/www.dreimeister.de\/unternehmen\/werksverkauf\/","url":"https:\/\/www.dreimeister.de\/unternehmen\/werksverkauf\/","name":"Pralinen Werksverkauf an der A44 in Werl - DreiMeister Spezialit\u00e4ten","isPartOf":{"@id":"https:\/\/www.dreimeister.de\/#website"},"datePublished":"2017-08-01T15:11:09+00:00","dateModified":"2026-04-13T07:28:18+00:00","description":"Pralinen, Schokoladen, Geb\u00e4ck Werksverkauf in Werl an der A44 - direkt aus dem Werk zu Outlet-Preisen - kostenlose Parkpl\u00e4tze","breadcrumb":{"@id":"https:\/\/www.dreimeister.de\/unternehmen\/werksverkauf\/#breadcrumb"},"inLanguage":"en-GB","potentialAction":[{"@type":"ReadAction","target":["https:\/\/www.dreimeister.de\/unternehmen\/werksverkauf\/"]}]},{"@type":"BreadcrumbList","@id":"https:\/\/www.dreimeister.de\/unternehmen\/werksverkauf\/#breadcrumb","itemListElement":[{"@type":"ListItem","position":1,"name":"Home","item":"https:\/\/www.dreimeister.de\/"},{"@type":"ListItem","position":2,"name":"Unternehmen","item":"https:\/\/www.dreimeister.de\/unternehmen\/"},{"@type":"ListItem","position":3,"name":"Werksverkauf"}]},{"@type":"WebSite","@id":"https:\/\/www.dreimeister.de\/#website","url":"https:\/\/www.dreimeister.de\/","name":"DreiMeister","description":"Finest chocolate","potentialAction":[{"@type":"SearchAction","target":{"@type":"EntryPoint","urlTemplate":"https:\/\/www.dreimeister.de\/?s={search_term_string}"},"query-input":{"@type":"PropertyValueSpecification","valueRequired":true,"valueName":"search_term_string"}}],"inLanguage":"en-GB"}]}},"_links":{"self":[{"href":"https:\/\/www.dreimeister.de\/en\/wp-json\/wp\/v2\/pages\/2752"}],"collection":[{"href":"https:\/\/www.dreimeister.de\/en\/wp-json\/wp\/v2\/pages"}],"about":[{"href":"https:\/\/www.dreimeister.de\/en\/wp-json\/wp\/v2\/types\/page"}],"author":[{"embeddable":true,"href":"https:\/\/www.dreimeister.de\/en\/wp-json\/wp\/v2\/users\/1"}],"replies":[{"embeddable":true,"href":"https:\/\/www.dreimeister.de\/en\/wp-json\/wp\/v2\/comments?post=2752"}],"version-history":[{"count":27,"href":"https:\/\/www.dreimeister.de\/en\/wp-json\/wp\/v2\/pages\/2752\/revisions"}],"predecessor-version":[{"id":131031,"href":"https:\/\/www.dreimeister.de\/en\/wp-json\/wp\/v2\/pages\/2752\/revisions\/131031"}],"up":[{"embeddable":true,"href":"https:\/\/www.dreimeister.de\/en\/wp-json\/wp\/v2\/pages\/6"}],"wp:attachment":[{"href":"https:\/\/www.dreimeister.de\/en\/wp-json\/wp\/v2\/media?parent=2752"}],"curies":[{"name":"wp","href":"https:\/\/api.w.org\/{rel}","templated":true}]}}