{"id":3132,"date":"2017-11-22T15:10:00","date_gmt":"2017-11-22T14:10:00","guid":{"rendered":"http:\/\/www.dreimeister.de\/?page_id=3132"},"modified":"2019-09-17T16:49:52","modified_gmt":"2019-09-17T14:49:52","slug":"faq","status":"publish","type":"page","link":"https:\/\/www.dreimeister.de\/en\/faq\/","title":{"rendered":"Hilfe"},"content":{"rendered":"<h2>Wie lege ich ein neues Kundenkonto an?<\/h2>\n<p>Falls Sie ein pers\u00f6nliches Kundenkonto f\u00fcr den Online-Shop anlegen m\u00f6chten, klicken Sie oben rechts das &#8220;Shop-Login&#8221;-Symbol. Geben Sie eine E-Mail-Adresse und ein selbst gew\u00e4hltes Passwort ein. Best\u00e4tigen Sie, dass Sie die Datenschutzerkl\u00e4rung akzeptieren und klicken Sie auf &#8220;Neues Kundenkonto anlegen&#8221;. Im Anschluss erhalten Sie eine Best\u00e4tigungsmail an die angegebene E-Mail-Adresse. Klicken Sie auf den Best\u00e4tigungslink, um Ihr Kundenkonto zu verifizieren.<\/p>\n<p>Sie haben jederzeit die M\u00f6glichkeit, Ihr Kundenkonto wieder zu l\u00f6schen. Bitte senden Sie uns hierzu eine kurze E-Mail an <a href=\"mailto:shop@dreimeister.de\">shop@dreimeister.de<\/a>. Wir werden Ihre pers\u00f6nlichen Daten ausschlie\u00dflich zur Abwicklung der Bestellung verwenden bzw. (falls im Vorfeld angemeldet) zum Versenden unseres Newsletters. N\u00e4here Informationen zur Vertraulichkeit Ihrer Daten finden Sie unter &#8220;<a title=\"Datenschutzerkl\u00e4rung\" href=\"http:\/\/www.dreimeister.de\/datenschutz\/\" target=\"_blank\" rel=\"noopener\">Datenschutz&#8221;<\/a>.<\/p>\n<p>&nbsp;<\/p>\n<h2>Wie l\u00e4uft der Bestellvorgang ab?<\/h2>\n<div>\n<ol>\n<li><a href=\"#Artikel\">Artikel ausw\u00e4hlen<\/a><\/li>\n<li><a href=\"#Warenkorb\">Warenkorb<\/a>\n<ol>\n<li id=\"\u201cGutschein\u201c\">Gutschein anwenden<\/li>\n<li id=\"\u201cLieferung\u201c\">Kostenlose Lieferung ab 40 Euro<\/li>\n<\/ol>\n<\/li>\n<li><a href=\"#Login\">Einloggen \/ Registrieren<\/a><\/li>\n<li><a href=\"#Kasse\">Bestellvorgang<\/a>\n<ol>\n<li>Rechnungsadresse<\/li>\n<li>Lieferadresse<\/li>\n<li>Zahlungsart<\/li>\n<\/ol>\n<\/li>\n<li id=\"\u201cAGB\u201c\"><a href=\"#Bestellung\">Bestellung abschicken<\/a><\/li>\n<\/ol>\n<hr \/>\n<h4 id=\"\u201cArtikel\u201c\">1. Schritt\u00a0\u2013\u00a0Artikel ausw\u00e4hlen<\/h4>\n<p>W\u00e4hlen Sie einen Artikel aus. Durch einen Klick auf das Artikelbild gelangen Sie in die Detailansicht des gew\u00fcnschten Produktes.\u00a0Legen Sie diesen durch einen Klick auf &#8220;In den Warenkorb&#8221; unverbindlich in den Warenkorb.<\/p>\n<hr \/>\n<h4 id=\"\u201cWarenkorb\u201c\">2. Schritt \u2013 Warenkorb<\/h4>\n<p>Alle durch Sie in den Warenkorb gelegten Artikel k\u00f6nnen Sie einsehen, wenn Sie auf das Warenkorb-Symbol oben rechts klicken. Hier k\u00f6nnen Sie Artikel l\u00f6schen oder die Anzahl \u00e4ndern.<\/p>\n<\/div>\n<p><strong>Gutscheine:<\/strong> Wenn Sie einen g\u00fcltigen Gutscheincode besitzen, k\u00f6nnen Sie diesen in das entsprechende Feld eintragen und danach auf &#8220;Gutschein anwenden&#8221; klicken. Der entsprechende Rabatt wird Ihnen dann in der Bestell\u00fcbersicht angezeigt.<\/p>\n<p><strong>Kostenlose Lieferung ab 40 Euro:\u00a0<\/strong>Zus\u00e4tzlich zu den angegebenen Preisen berechnen wir f\u00fcr die Lieferung innerhalb Deutschlands pauschal 3,90 \u20ac pro Bestellung. Um Ihre versandkostenfreie Lieferung in Anspruch zu nehmen, klicken\u00a0Sie an entsprechender Stelle die Option &#8220;ab 40\u20ac Warenkorbwert kostenlose Lieferung DPD&#8221;. Diese Option steht Ihnen ab einem Warenkorbwert von 40 \u20ac zur Verf\u00fcgung.<\/p>\n<div>\n<hr \/>\n<h4 id=\"\u201cKasse\u201c\">3. Schritt \u2013 Einloggen oder Registrieren<\/h4>\n<p>Wenn Sie alle Artikel aus Ihrem Warenkorb kaufen m\u00f6chten, klicken Sie auf\u00a0&#8220;Weiter zur Kasse&#8221;. Damit gelangen Sie zum Bestellvorgang.<br \/>\nSollten Sie bereits ein Kundenkonto in unserem Online-Shop besitzen, melden Sie sich bitte mit den entsprechenden Daten an. Falls nicht k\u00f6nnen Sie problemlos ein eigenes Kundenkonto anlegen.<\/p>\n<hr \/>\n<h4 id=\"\u201cLogin\u201c\">4. Schritt \u2013 Bestellvorgang<\/h4>\n<p>Kontrollieren Sie die eingetragene Rechnungsadresse und korrigieren Sie diese gegebenenfalls.<\/p>\n<p>Wenn Sie eine Lieferung an eine abweichende Lieferadresse w\u00fcnschen, w\u00e4hlen Sie daf\u00fcr auf der rechten Seite die Option &#8220;Lieferung an eine andere Adresse senden&#8221; und tragen dort die entsprechenden Daten ein.<\/p>\n<p>W\u00e4hlen Sie die gew\u00fcnschte Zahlungsweise aus.\u00a0Bitte beachten Sie bei Zahlungsarten wie Vorauskasse, dass Ihre Bestellung erst nach Zahlungseingang weiter bearbeitet wird. Nach erfolgreichem Absenden der Bestellung erhalten Sie eine E-Mail mit den Zahlungsinformationen.<\/p>\n<hr \/>\n<h4 id=\"\u201cRechnung\u201c\">5. Schritt \u2013 Bestellung verbindlich abschicken<\/h4>\n<p>Bevor Sie Ihre Bestellung absenden, kontrollieren Sie noch einmal sorgf\u00e4ltig Ihre Angaben (insbesondere Rechnungs- und Lieferanschrift, Produkt, Preis, Menge, Zahlungsart). Best\u00e4tigen Sie, dass Sie mit den <a href=\"http:\/\/www.dreimeister.de\/agb\/\">AGB<\/a> und dem <a href=\"http:\/\/www.dreimeister.de\/impressum\/widerrufsbelehrung\/\">Widerruftsrecht<\/a> einverstanden sind. Klicken Sie dann, wenn alle Angaben korrekt sind, auf\u00a0&#8220;Jetzt kaufen&#8221;. Hierdurch senden Sie Ihre Bestellung an uns und bieten uns verbindlich den Abschluss eines Kaufvertrages an. Im Anschluss erhalten Sie von uns per E-Mail eine Bestellbest\u00e4tigung in der Ihre Bestellung noch einmal detailliert aufgef\u00fchrt ist.<\/p>\n<\/div>\n<p>&nbsp;<\/p>\n<div><\/div>\n<p>&nbsp;<\/p>\n","protected":false},"excerpt":{"rendered":"<p>Wie lege ich ein neues Kundenkonto an? Falls Sie ein pers\u00f6nliches Kundenkonto f\u00fcr den Online-Shop anlegen m\u00f6chten, klicken Sie oben rechts das &#8220;Shop-Login&#8221;-Symbol. Geben Sie eine E-Mail-Adresse und ein selbst gew\u00e4hltes Passwort ein. Best\u00e4tigen Sie, dass Sie die Datenschutzerkl\u00e4rung akzeptieren und klicken Sie auf &#8220;Neues Kundenkonto anlegen&#8221;. Im Anschluss erhalten Sie eine Best\u00e4tigungsmail an die [&hellip;]<\/p>\n","protected":false},"author":2,"featured_media":0,"parent":0,"menu_order":4,"comment_status":"closed","ping_status":"closed","template":"static.php","meta":{"_acf_changed":false,"footnotes":""},"class_list":["post-3132","page","type-page","status-publish","hentry"],"acf":[],"yoast_head":"<!-- This site is optimized with the Yoast SEO plugin v24.1 - https:\/\/yoast.com\/wordpress\/plugins\/seo\/ -->\n<title>Hilfe - DreiMeister<\/title>\n<meta name=\"robots\" content=\"index, follow, max-snippet:-1, max-image-preview:large, max-video-preview:-1\" \/>\n<link rel=\"canonical\" href=\"https:\/\/www.dreimeister.de\/en\/faq\/\" \/>\n<meta property=\"og:locale\" content=\"en_GB\" \/>\n<meta property=\"og:locale:alternate\" content=\"de_DE_formal\" \/>\n<meta property=\"og:type\" content=\"article\" \/>\n<meta property=\"og:title\" content=\"Hilfe\" \/>\n<meta property=\"og:description\" content=\"Wie lege ich ein neues Kundenkonto an? Falls Sie ein pers\u00f6nliches Kundenkonto f\u00fcr den Online-Shop anlegen m\u00f6chten, klicken Sie oben rechts das &#8220;Shop-Login&#8221;-Symbol. Geben Sie eine E-Mail-Adresse und ein selbst gew\u00e4hltes Passwort ein. Best\u00e4tigen Sie, dass Sie die Datenschutzerkl\u00e4rung akzeptieren und klicken Sie auf &#8220;Neues Kundenkonto anlegen&#8221;. Im Anschluss erhalten Sie eine Best\u00e4tigungsmail an die [&hellip;]\" \/>\n<meta property=\"og:url\" content=\"https:\/\/www.dreimeister.de\/en\/faq\/\" \/>\n<meta property=\"og:site_name\" content=\"DreiMeister\" \/>\n<meta property=\"article:publisher\" content=\"https:\/\/www.facebook.com\/dreimeister.spezialitaeten\" \/>\n<meta property=\"article:modified_time\" content=\"2019-09-17T14:49:52+00:00\" \/>\n<meta name=\"twitter:label1\" content=\"Estimated reading time\" \/>\n\t<meta name=\"twitter:data1\" content=\"3 minutes\" \/>\n<script type=\"application\/ld+json\" class=\"yoast-schema-graph\">{\"@context\":\"https:\/\/schema.org\",\"@graph\":[{\"@type\":\"WebPage\",\"@id\":\"https:\/\/www.dreimeister.de\/faq\/\",\"url\":\"https:\/\/www.dreimeister.de\/faq\/\",\"name\":\"Hilfe\",\"isPartOf\":{\"@id\":\"https:\/\/www.dreimeister.de\/#website\"},\"datePublished\":\"2017-11-22T14:10:00+00:00\",\"dateModified\":\"2019-09-17T14:49:52+00:00\",\"breadcrumb\":{\"@id\":\"https:\/\/www.dreimeister.de\/faq\/#breadcrumb\"},\"inLanguage\":\"en-GB\",\"potentialAction\":[{\"@type\":\"ReadAction\",\"target\":[\"https:\/\/www.dreimeister.de\/faq\/\"]}]},{\"@type\":\"BreadcrumbList\",\"@id\":\"https:\/\/www.dreimeister.de\/faq\/#breadcrumb\",\"itemListElement\":[{\"@type\":\"ListItem\",\"position\":1,\"name\":\"Home\",\"item\":\"https:\/\/www.dreimeister.de\/\"},{\"@type\":\"ListItem\",\"position\":2,\"name\":\"Hilfe\"}]},{\"@type\":\"WebSite\",\"@id\":\"https:\/\/www.dreimeister.de\/#website\",\"url\":\"https:\/\/www.dreimeister.de\/\",\"name\":\"DreiMeister\",\"description\":\"Finest chocolate\",\"potentialAction\":[{\"@type\":\"SearchAction\",\"target\":{\"@type\":\"EntryPoint\",\"urlTemplate\":\"https:\/\/www.dreimeister.de\/?s={search_term_string}\"},\"query-input\":{\"@type\":\"PropertyValueSpecification\",\"valueRequired\":true,\"valueName\":\"search_term_string\"}}],\"inLanguage\":\"en-GB\"}]}<\/script>\n<!-- \/ Yoast SEO plugin. -->","yoast_head_json":{"title":"Hilfe - DreiMeister","robots":{"index":"index","follow":"follow","max-snippet":"max-snippet:-1","max-image-preview":"max-image-preview:large","max-video-preview":"max-video-preview:-1"},"canonical":"https:\/\/www.dreimeister.de\/en\/faq\/","og_locale":"en_GB","og_type":"article","og_title":"[:de]Hilfe[:] - DreiMeister","og_description":"Wie lege ich ein neues Kundenkonto an? Falls Sie ein pers\u00f6nliches Kundenkonto f\u00fcr den Online-Shop anlegen m\u00f6chten, klicken Sie oben rechts das &#8220;Shop-Login&#8221;-Symbol. Geben Sie eine E-Mail-Adresse und ein selbst gew\u00e4hltes Passwort ein. Best\u00e4tigen Sie, dass Sie die Datenschutzerkl\u00e4rung akzeptieren und klicken Sie auf &#8220;Neues Kundenkonto anlegen&#8221;. Im Anschluss erhalten Sie eine Best\u00e4tigungsmail an die [&hellip;]","og_url":"https:\/\/www.dreimeister.de\/en\/faq\/","og_site_name":"DreiMeister","article_publisher":"https:\/\/www.facebook.com\/dreimeister.spezialitaeten","article_modified_time":"2019-09-17T14:49:52+00:00","twitter_misc":{"Estimated reading time":"3 minutes"},"schema":{"@context":"https:\/\/schema.org","@graph":[{"@type":"WebPage","@id":"https:\/\/www.dreimeister.de\/faq\/","url":"https:\/\/www.dreimeister.de\/faq\/","name":"Hilfe","isPartOf":{"@id":"https:\/\/www.dreimeister.de\/#website"},"datePublished":"2017-11-22T14:10:00+00:00","dateModified":"2019-09-17T14:49:52+00:00","breadcrumb":{"@id":"https:\/\/www.dreimeister.de\/faq\/#breadcrumb"},"inLanguage":"en-GB","potentialAction":[{"@type":"ReadAction","target":["https:\/\/www.dreimeister.de\/faq\/"]}]},{"@type":"BreadcrumbList","@id":"https:\/\/www.dreimeister.de\/faq\/#breadcrumb","itemListElement":[{"@type":"ListItem","position":1,"name":"Home","item":"https:\/\/www.dreimeister.de\/"},{"@type":"ListItem","position":2,"name":"Hilfe"}]},{"@type":"WebSite","@id":"https:\/\/www.dreimeister.de\/#website","url":"https:\/\/www.dreimeister.de\/","name":"DreiMeister","description":"Finest chocolate","potentialAction":[{"@type":"SearchAction","target":{"@type":"EntryPoint","urlTemplate":"https:\/\/www.dreimeister.de\/?s={search_term_string}"},"query-input":{"@type":"PropertyValueSpecification","valueRequired":true,"valueName":"search_term_string"}}],"inLanguage":"en-GB"}]}},"_links":{"self":[{"href":"https:\/\/www.dreimeister.de\/en\/wp-json\/wp\/v2\/pages\/3132"}],"collection":[{"href":"https:\/\/www.dreimeister.de\/en\/wp-json\/wp\/v2\/pages"}],"about":[{"href":"https:\/\/www.dreimeister.de\/en\/wp-json\/wp\/v2\/types\/page"}],"author":[{"embeddable":true,"href":"https:\/\/www.dreimeister.de\/en\/wp-json\/wp\/v2\/users\/2"}],"replies":[{"embeddable":true,"href":"https:\/\/www.dreimeister.de\/en\/wp-json\/wp\/v2\/comments?post=3132"}],"version-history":[{"count":19,"href":"https:\/\/www.dreimeister.de\/en\/wp-json\/wp\/v2\/pages\/3132\/revisions"}],"predecessor-version":[{"id":26588,"href":"https:\/\/www.dreimeister.de\/en\/wp-json\/wp\/v2\/pages\/3132\/revisions\/26588"}],"wp:attachment":[{"href":"https:\/\/www.dreimeister.de\/en\/wp-json\/wp\/v2\/media?parent=3132"}],"curies":[{"name":"wp","href":"https:\/\/api.w.org\/{rel}","templated":true}]}}