{"id":32,"date":"2015-04-16T11:48:25","date_gmt":"2015-04-16T09:48:25","guid":{"rendered":"http:\/\/dreimeister.de\/?page_id=32"},"modified":"2026-04-07T15:11:55","modified_gmt":"2026-04-07T13:11:55","slug":"startseite","status":"publish","type":"page","link":"https:\/\/www.dreimeister.de\/en\/","title":{"rendered":"Startseite"},"content":{"rendered":"<p>For over four decades the traditional family enterprise DreiMeister from the German town Werl in Westfalia has been involved in the making of exclusive confectionery specialties. Since the year of inception in 1973 the highest confectionery craftsmanship and entrepreneurial spirit characterize the Schr\u00f6der family. Finest truffles and chocolates, first quality tea biscuits and chocolate bars with individual imprint \u2013 the sweet seducers from DreiMeister are produced according to traditional recipes mainly by hand and only with fresh ingredients. Hans Wilhelm Schr\u00f6der says &#8220;Handmade fresh confectionery differs from industrial products like fresh fruit from tinned fruit&#8221;.<br \/>\nWith their motto: &#8220;Sweet Things that make you happy&#8221; there is almost no limit to customer requirements. They can choose among more than 60 different varieties of chocolates and truffles in a multitude of tasty variations: from classical truffles and chocolates to fruity compositions and even to hot, spicy creations.<\/p>\n","protected":false},"excerpt":{"rendered":"<p>For over four decades the traditional family enterprise DreiMeister from the German town Werl in Westfalia has been involved in the making of exclusive confectionery specialties. Since the year of inception in 1973 the highest confectionery craftsmanship and entrepreneurial spirit characterize the Schr\u00f6der family. Finest truffles and chocolates, first quality tea biscuits and chocolate bars [&hellip;]<\/p>\n","protected":false},"author":1,"featured_media":0,"parent":0,"menu_order":0,"comment_status":"open","ping_status":"open","template":"","meta":{"_acf_changed":false,"footnotes":""},"class_list":["post-32","page","type-page","status-publish","hentry"],"acf":[],"yoast_head":"<!-- This site is optimized with the Yoast SEO plugin v24.1 - https:\/\/yoast.com\/wordpress\/plugins\/seo\/ -->\n<title>Feinste Schokoladen-Spezialit\u00e4ten kaufen | DreiMeister<\/title>\n<meta name=\"description\" content=\"Tr\u00fcffel, Pralinen, Geb\u00e4ck, Schokolade, Golddublonen von DreiMeister als Geschenk oder zum selber naschen. Angebot anfordern oder bequem online bestellen!\" \/>\n<meta name=\"robots\" content=\"index, follow, max-snippet:-1, max-image-preview:large, max-video-preview:-1\" \/>\n<link rel=\"canonical\" href=\"https:\/\/www.dreimeister.de\/en\/\" \/>\n<meta property=\"og:locale\" content=\"en_GB\" \/>\n<meta property=\"og:locale:alternate\" content=\"de_DE_formal\" \/>\n<meta property=\"og:type\" content=\"article\" \/>\n<meta property=\"og:title\" content=\"Feinste Schokoladen-Spezialit\u00e4ten kaufen | DreiMeister\" \/>\n<meta property=\"og:description\" content=\"Tr\u00fcffel, Pralinen, Geb\u00e4ck, Schokolade, Golddublonen von DreiMeister als Geschenk oder zum selber naschen. Angebot anfordern oder bequem online bestellen!\" \/>\n<meta property=\"og:url\" content=\"https:\/\/www.dreimeister.de\/en\/\" \/>\n<meta property=\"og:site_name\" content=\"DreiMeister\" \/>\n<meta property=\"article:publisher\" content=\"https:\/\/www.facebook.com\/dreimeister.spezialitaeten\" \/>\n<meta property=\"article:modified_time\" content=\"2026-04-07T13:11:55+00:00\" \/>\n<meta name=\"twitter:label1\" content=\"Estimated reading time\" \/>\n\t<meta name=\"twitter:data1\" content=\"1 minute\" \/>\n<script type=\"application\/ld+json\" class=\"yoast-schema-graph\">{\"@context\":\"https:\/\/schema.org\",\"@graph\":[{\"@type\":\"WebPage\",\"@id\":\"https:\/\/www.dreimeister.de\/\",\"url\":\"https:\/\/www.dreimeister.de\/\",\"name\":\"Feinste Schokoladen-Spezialit\u00e4ten kaufen | DreiMeister\",\"isPartOf\":{\"@id\":\"https:\/\/www.dreimeister.de\/#website\"},\"datePublished\":\"2015-04-16T09:48:25+00:00\",\"dateModified\":\"2026-04-07T13:11:55+00:00\",\"description\":\"Tr\u00fcffel, Pralinen, Geb\u00e4ck, Schokolade, Golddublonen von DreiMeister als Geschenk oder zum selber naschen. Angebot anfordern oder bequem online bestellen!\",\"breadcrumb\":{\"@id\":\"https:\/\/www.dreimeister.de\/#breadcrumb\"},\"inLanguage\":\"en-GB\",\"potentialAction\":[{\"@type\":\"ReadAction\",\"target\":[\"https:\/\/www.dreimeister.de\/\"]}]},{\"@type\":\"BreadcrumbList\",\"@id\":\"https:\/\/www.dreimeister.de\/#breadcrumb\",\"itemListElement\":[{\"@type\":\"ListItem\",\"position\":1,\"name\":\"Home\",\"item\":\"https:\/\/www.dreimeister.de\/\"},{\"@type\":\"ListItem\",\"position\":2,\"name\":\"Startseite\"}]},{\"@type\":\"WebSite\",\"@id\":\"https:\/\/www.dreimeister.de\/#website\",\"url\":\"https:\/\/www.dreimeister.de\/\",\"name\":\"DreiMeister\",\"description\":\"Finest chocolate\",\"potentialAction\":[{\"@type\":\"SearchAction\",\"target\":{\"@type\":\"EntryPoint\",\"urlTemplate\":\"https:\/\/www.dreimeister.de\/?s={search_term_string}\"},\"query-input\":{\"@type\":\"PropertyValueSpecification\",\"valueRequired\":true,\"valueName\":\"search_term_string\"}}],\"inLanguage\":\"en-GB\"}]}<\/script>\n<!-- \/ Yoast SEO plugin. -->","yoast_head_json":{"title":"Feinste Schokoladen-Spezialit\u00e4ten kaufen | DreiMeister","description":"Tr\u00fcffel, Pralinen, Geb\u00e4ck, Schokolade, Golddublonen von DreiMeister als Geschenk oder zum selber naschen. Angebot anfordern oder bequem online bestellen!","robots":{"index":"index","follow":"follow","max-snippet":"max-snippet:-1","max-image-preview":"max-image-preview:large","max-video-preview":"max-video-preview:-1"},"canonical":"https:\/\/www.dreimeister.de\/en\/","og_locale":"en_GB","og_type":"article","og_title":"Feinste Schokoladen-Spezialit\u00e4ten kaufen | DreiMeister","og_description":"[:de]Tr\u00fcffel, Pralinen, Geb\u00e4ck, Schokolade, Golddublonen von DreiMeister als Geschenk oder zum selber naschen. Angebot anfordern oder bequem online bestellen![:]","og_url":"https:\/\/www.dreimeister.de\/en\/","og_site_name":"DreiMeister","article_publisher":"https:\/\/www.facebook.com\/dreimeister.spezialitaeten","article_modified_time":"2026-04-07T13:11:55+00:00","twitter_misc":{"Estimated reading time":"1 minute"},"schema":{"@context":"https:\/\/schema.org","@graph":[{"@type":"WebPage","@id":"https:\/\/www.dreimeister.de\/","url":"https:\/\/www.dreimeister.de\/","name":"Feinste Schokoladen-Spezialit\u00e4ten kaufen | DreiMeister","isPartOf":{"@id":"https:\/\/www.dreimeister.de\/#website"},"datePublished":"2015-04-16T09:48:25+00:00","dateModified":"2026-04-07T13:11:55+00:00","description":"Tr\u00fcffel, Pralinen, Geb\u00e4ck, Schokolade, Golddublonen von DreiMeister als Geschenk oder zum selber naschen. Angebot anfordern oder bequem online bestellen!","breadcrumb":{"@id":"https:\/\/www.dreimeister.de\/#breadcrumb"},"inLanguage":"en-GB","potentialAction":[{"@type":"ReadAction","target":["https:\/\/www.dreimeister.de\/"]}]},{"@type":"BreadcrumbList","@id":"https:\/\/www.dreimeister.de\/#breadcrumb","itemListElement":[{"@type":"ListItem","position":1,"name":"Home","item":"https:\/\/www.dreimeister.de\/"},{"@type":"ListItem","position":2,"name":"Startseite"}]},{"@type":"WebSite","@id":"https:\/\/www.dreimeister.de\/#website","url":"https:\/\/www.dreimeister.de\/","name":"DreiMeister","description":"Finest chocolate","potentialAction":[{"@type":"SearchAction","target":{"@type":"EntryPoint","urlTemplate":"https:\/\/www.dreimeister.de\/?s={search_term_string}"},"query-input":{"@type":"PropertyValueSpecification","valueRequired":true,"valueName":"search_term_string"}}],"inLanguage":"en-GB"}]}},"_links":{"self":[{"href":"https:\/\/www.dreimeister.de\/en\/wp-json\/wp\/v2\/pages\/32"}],"collection":[{"href":"https:\/\/www.dreimeister.de\/en\/wp-json\/wp\/v2\/pages"}],"about":[{"href":"https:\/\/www.dreimeister.de\/en\/wp-json\/wp\/v2\/types\/page"}],"author":[{"embeddable":true,"href":"https:\/\/www.dreimeister.de\/en\/wp-json\/wp\/v2\/users\/1"}],"replies":[{"embeddable":true,"href":"https:\/\/www.dreimeister.de\/en\/wp-json\/wp\/v2\/comments?post=32"}],"version-history":[{"count":208,"href":"https:\/\/www.dreimeister.de\/en\/wp-json\/wp\/v2\/pages\/32\/revisions"}],"predecessor-version":[{"id":131000,"href":"https:\/\/www.dreimeister.de\/en\/wp-json\/wp\/v2\/pages\/32\/revisions\/131000"}],"wp:attachment":[{"href":"https:\/\/www.dreimeister.de\/en\/wp-json\/wp\/v2\/media?parent=32"}],"curies":[{"name":"wp","href":"https:\/\/api.w.org\/{rel}","templated":true}]}}