{"id":6,"date":"2015-04-15T10:11:40","date_gmt":"2015-04-15T08:11:40","guid":{"rendered":"http:\/\/dreimeister.de\/?page_id=6"},"modified":"2019-09-18T10:04:02","modified_gmt":"2019-09-18T08:04:02","slug":"unternehmen","status":"publish","type":"page","link":"https:\/\/www.dreimeister.de\/en\/unternehmen\/","title":{"rendered":"Company"},"content":{"rendered":"<p>Das traditionelle Familienunternehmen DreiMeister aus dem westf\u00e4lischen Werl besch\u00e4ftigt sich seit mittlerweile \u00fcber drei Jahrzehnten mit der Herstellung exklusivster Confiserie-Spezialit\u00e4ten. Bereits seit dem Gr\u00fcndungsjahr 1973 zeichnen h\u00f6chste Konditorenkunst und Unternehmergeist die Familie Schr\u00f6der aus. Feinste Tr\u00fcffel und Pralinen, hochwertiges Teegeb\u00e4ck oder Schokoladentafeln mit Eigendruck &#8211; die s\u00fc\u00dfen &#8220;Verf\u00fchrer&#8221; von DreiMeister werden nach altbew\u00e4hrten Rezepten gr\u00f6\u00dftenteils von Hand und ausschlie\u00dflich mit frischen Zutaten hergestellt. Denn nach den Worten unserer Konditoren &#8220;unterscheidet sich handgemachtes Frischkonfekt von Industrieware so deutlich wie Frischobst von Konserven&#8221;. Ganz nach dem Motto: &#8220;S\u00fc\u00dfe Sachen, die Freude machen&#8221; sind Kundenw\u00fcnschen fast keine Grenzen gesetzt. Mehr als 120 verschiedene Pralinen- und Tr\u00fcffelsorten in einer Vielzahl geschmacklicher Variationen stehen zur Auswahl: von klassischen Pralinen \u00fcber fruchtige Tr\u00fcffel bis hin zu scharfen Chili-Kreationen.<\/p>\n<p>Das Geheimnis unserer Confiserie-Spezialit\u00e4ten liegt in der sorgf\u00e4ltigen Auswahl nat\u00fcrlicher und frischer Zutaten. Nat\u00fcrlichkeit bedeutet dabei, dass wir vollst\u00e4ndig ohne Konservierungsstoffe arbeiten. Hochwertige Kuvert\u00fcre und Schokolade unterstreichen unsere Kompositionen. So entstehen Kreationen von einzigartigem Geschmack.<br \/>\nBekannte Airlines, Kreuzfahrtschiffe und Hotels der 4- bis 5-Sterne Kategorien aus aller Welt geh\u00f6ren mittlerweile zu den DreiMeister-Stammkunden. Aber auch kleine und feine Fachgesch\u00e4fte aus den Bereichen Delikatessen, Wein, S\u00fc\u00dfwaren, sowie Caf\u00e9s und Konditoreien f\u00fchlen sich aufgrund des individuellen Services und der prompten Bearbeitung der Auftr\u00e4ge als Kunden des Unternehmens sehr wohl.<\/p>\n","protected":false},"excerpt":{"rendered":"<p>Das traditionelle Familienunternehmen DreiMeister aus dem westf\u00e4lischen Werl besch\u00e4ftigt sich seit mittlerweile \u00fcber drei Jahrzehnten mit der Herstellung exklusivster Confiserie-Spezialit\u00e4ten. Bereits seit dem Gr\u00fcndungsjahr 1973 zeichnen h\u00f6chste Konditorenkunst und Unternehmergeist die Familie Schr\u00f6der aus. Feinste Tr\u00fcffel und Pralinen, hochwertiges Teegeb\u00e4ck oder Schokoladentafeln mit Eigendruck &#8211; die s\u00fc\u00dfen &#8220;Verf\u00fchrer&#8221; von DreiMeister werden nach altbew\u00e4hrten Rezepten gr\u00f6\u00dftenteils [&hellip;]<\/p>\n","protected":false},"author":1,"featured_media":0,"parent":0,"menu_order":1,"comment_status":"open","ping_status":"closed","template":"unternehmen.php","meta":{"_acf_changed":false,"footnotes":""},"class_list":["post-6","page","type-page","status-publish","hentry"],"acf":[],"yoast_head":"<!-- This site is optimized with the Yoast SEO plugin v24.1 - https:\/\/yoast.com\/wordpress\/plugins\/seo\/ -->\n<title>Company - DreiMeister<\/title>\n<meta name=\"robots\" content=\"index, follow, max-snippet:-1, max-image-preview:large, max-video-preview:-1\" \/>\n<link rel=\"canonical\" href=\"https:\/\/www.dreimeister.de\/en\/unternehmen\/\" \/>\n<meta property=\"og:locale\" content=\"en_GB\" \/>\n<meta property=\"og:locale:alternate\" content=\"de_DE_formal\" \/>\n<meta property=\"og:type\" content=\"article\" \/>\n<meta property=\"og:title\" content=\"Company\" \/>\n<meta property=\"og:description\" content=\"Das traditionelle Familienunternehmen DreiMeister aus dem westf\u00e4lischen Werl besch\u00e4ftigt sich seit mittlerweile \u00fcber drei Jahrzehnten mit der Herstellung exklusivster Confiserie-Spezialit\u00e4ten. Bereits seit dem Gr\u00fcndungsjahr 1973 zeichnen h\u00f6chste Konditorenkunst und Unternehmergeist die Familie Schr\u00f6der aus. Feinste Tr\u00fcffel und Pralinen, hochwertiges Teegeb\u00e4ck oder Schokoladentafeln mit Eigendruck &#8211; die s\u00fc\u00dfen &#8220;Verf\u00fchrer&#8221; von DreiMeister werden nach altbew\u00e4hrten Rezepten gr\u00f6\u00dftenteils [&hellip;]\" \/>\n<meta property=\"og:url\" content=\"https:\/\/www.dreimeister.de\/en\/unternehmen\/\" \/>\n<meta property=\"og:site_name\" content=\"DreiMeister\" \/>\n<meta property=\"article:publisher\" content=\"https:\/\/www.facebook.com\/dreimeister.spezialitaeten\" \/>\n<meta property=\"article:modified_time\" content=\"2019-09-18T08:04:02+00:00\" \/>\n<meta name=\"twitter:label1\" content=\"Estimated reading time\" \/>\n\t<meta name=\"twitter:data1\" content=\"1 minute\" \/>\n<script type=\"application\/ld+json\" class=\"yoast-schema-graph\">{\"@context\":\"https:\/\/schema.org\",\"@graph\":[{\"@type\":\"WebPage\",\"@id\":\"https:\/\/www.dreimeister.de\/unternehmen\/\",\"url\":\"https:\/\/www.dreimeister.de\/unternehmen\/\",\"name\":\"Company\",\"isPartOf\":{\"@id\":\"https:\/\/www.dreimeister.de\/#website\"},\"datePublished\":\"2015-04-15T08:11:40+00:00\",\"dateModified\":\"2019-09-18T08:04:02+00:00\",\"breadcrumb\":{\"@id\":\"https:\/\/www.dreimeister.de\/unternehmen\/#breadcrumb\"},\"inLanguage\":\"en-GB\",\"potentialAction\":[{\"@type\":\"ReadAction\",\"target\":[\"https:\/\/www.dreimeister.de\/unternehmen\/\"]}]},{\"@type\":\"BreadcrumbList\",\"@id\":\"https:\/\/www.dreimeister.de\/unternehmen\/#breadcrumb\",\"itemListElement\":[{\"@type\":\"ListItem\",\"position\":1,\"name\":\"Home\",\"item\":\"https:\/\/www.dreimeister.de\/\"},{\"@type\":\"ListItem\",\"position\":2,\"name\":\"Unternehmen\"}]},{\"@type\":\"WebSite\",\"@id\":\"https:\/\/www.dreimeister.de\/#website\",\"url\":\"https:\/\/www.dreimeister.de\/\",\"name\":\"DreiMeister\",\"description\":\"Finest chocolate\",\"potentialAction\":[{\"@type\":\"SearchAction\",\"target\":{\"@type\":\"EntryPoint\",\"urlTemplate\":\"https:\/\/www.dreimeister.de\/?s={search_term_string}\"},\"query-input\":{\"@type\":\"PropertyValueSpecification\",\"valueRequired\":true,\"valueName\":\"search_term_string\"}}],\"inLanguage\":\"en-GB\"}]}<\/script>\n<!-- \/ Yoast SEO plugin. -->","yoast_head_json":{"title":"Company - DreiMeister","robots":{"index":"index","follow":"follow","max-snippet":"max-snippet:-1","max-image-preview":"max-image-preview:large","max-video-preview":"max-video-preview:-1"},"canonical":"https:\/\/www.dreimeister.de\/en\/unternehmen\/","og_locale":"en_GB","og_type":"article","og_title":"[:de]Unternehmen[:en]Company[:] - DreiMeister","og_description":"Das traditionelle Familienunternehmen DreiMeister aus dem westf\u00e4lischen Werl besch\u00e4ftigt sich seit mittlerweile \u00fcber drei Jahrzehnten mit der Herstellung exklusivster Confiserie-Spezialit\u00e4ten. Bereits seit dem Gr\u00fcndungsjahr 1973 zeichnen h\u00f6chste Konditorenkunst und Unternehmergeist die Familie Schr\u00f6der aus. Feinste Tr\u00fcffel und Pralinen, hochwertiges Teegeb\u00e4ck oder Schokoladentafeln mit Eigendruck &#8211; die s\u00fc\u00dfen &#8220;Verf\u00fchrer&#8221; von DreiMeister werden nach altbew\u00e4hrten Rezepten gr\u00f6\u00dftenteils [&hellip;]","og_url":"https:\/\/www.dreimeister.de\/en\/unternehmen\/","og_site_name":"DreiMeister","article_publisher":"https:\/\/www.facebook.com\/dreimeister.spezialitaeten","article_modified_time":"2019-09-18T08:04:02+00:00","twitter_misc":{"Estimated reading time":"1 minute"},"schema":{"@context":"https:\/\/schema.org","@graph":[{"@type":"WebPage","@id":"https:\/\/www.dreimeister.de\/unternehmen\/","url":"https:\/\/www.dreimeister.de\/unternehmen\/","name":"Company","isPartOf":{"@id":"https:\/\/www.dreimeister.de\/#website"},"datePublished":"2015-04-15T08:11:40+00:00","dateModified":"2019-09-18T08:04:02+00:00","breadcrumb":{"@id":"https:\/\/www.dreimeister.de\/unternehmen\/#breadcrumb"},"inLanguage":"en-GB","potentialAction":[{"@type":"ReadAction","target":["https:\/\/www.dreimeister.de\/unternehmen\/"]}]},{"@type":"BreadcrumbList","@id":"https:\/\/www.dreimeister.de\/unternehmen\/#breadcrumb","itemListElement":[{"@type":"ListItem","position":1,"name":"Home","item":"https:\/\/www.dreimeister.de\/"},{"@type":"ListItem","position":2,"name":"Unternehmen"}]},{"@type":"WebSite","@id":"https:\/\/www.dreimeister.de\/#website","url":"https:\/\/www.dreimeister.de\/","name":"DreiMeister","description":"Finest chocolate","potentialAction":[{"@type":"SearchAction","target":{"@type":"EntryPoint","urlTemplate":"https:\/\/www.dreimeister.de\/?s={search_term_string}"},"query-input":{"@type":"PropertyValueSpecification","valueRequired":true,"valueName":"search_term_string"}}],"inLanguage":"en-GB"}]}},"_links":{"self":[{"href":"https:\/\/www.dreimeister.de\/en\/wp-json\/wp\/v2\/pages\/6"}],"collection":[{"href":"https:\/\/www.dreimeister.de\/en\/wp-json\/wp\/v2\/pages"}],"about":[{"href":"https:\/\/www.dreimeister.de\/en\/wp-json\/wp\/v2\/types\/page"}],"author":[{"embeddable":true,"href":"https:\/\/www.dreimeister.de\/en\/wp-json\/wp\/v2\/users\/1"}],"replies":[{"embeddable":true,"href":"https:\/\/www.dreimeister.de\/en\/wp-json\/wp\/v2\/comments?post=6"}],"version-history":[{"count":12,"href":"https:\/\/www.dreimeister.de\/en\/wp-json\/wp\/v2\/pages\/6\/revisions"}],"predecessor-version":[{"id":26594,"href":"https:\/\/www.dreimeister.de\/en\/wp-json\/wp\/v2\/pages\/6\/revisions\/26594"}],"wp:attachment":[{"href":"https:\/\/www.dreimeister.de\/en\/wp-json\/wp\/v2\/media?parent=6"}],"curies":[{"name":"wp","href":"https:\/\/api.w.org\/{rel}","templated":true}]}}