{"id":76440,"date":"2022-09-07T18:15:09","date_gmt":"2022-09-07T16:15:09","guid":{"rendered":"https:\/\/www.dreimeister.de\/?page_id=76440"},"modified":"2022-09-08T08:59:58","modified_gmt":"2022-09-08T06:59:58","slug":"anonyme-nachricht","status":"publish","type":"page","link":"https:\/\/www.dreimeister.de\/en\/kontakt\/anonyme-nachricht\/","title":{"rendered":"Anonymer Meldekanal f\u00fcr externe Interessengruppen und Mitarbeiter von DreiMeister"},"content":{"rendered":"<h2>Anonymer Meldekanal f\u00fcr externe Interessengruppen und Mitarbeiter von DreiMeister<\/h2><p><\/p><p>Wir als DreiMeister Spezialit\u00e4ten gehen stets fair, respektvoll und professionell mit unseren Kunden, Mitarbeitern und Lieferanten um. Unser Ziel ist es, eine Kette der Zufriedenheit und Sicherheit zu schaffen, vom Hersteller \u00fcber den Handelspartner bis zum Endverbraucher.<\/p><p>Dazu geh\u00f6ren auch ein transparentes Gesch\u00e4ftsklima und die Einhaltung ethischer Werte. Wir bieten daher die M\u00f6glichkeit an, anonyme Nachrichten an uns zu versenden, um etwaiges Fehlverhalten unsererseits beziehungsweise Aktivit\u00e4ten, die nicht mit unseren Werten, ethischen Grunds\u00e4tzen oder unserem Verhaltenskodex f\u00fcr Lieferanten \u00fcbereinstimmen, zu melden.<\/p><h4 class=\"wp-block-heading\" id=\"cc-m-header-19515095325\">Wann und wie kann ich die anonymen Nachrichten nutzen?<\/h4><p>Unser Hinweisgeber-Service ist als ein <strong>Fr\u00fchwarnsystem zur Reduzierung von Risiken<\/strong> zu verstehen. Es ist ein wichtiges Instrument, auch um ethische Grunds\u00e4tze zu f\u00f6rdern und das Vertrauen von Kunden und Endverbrauchern in uns aufrechtzuerhalten und zu f\u00f6rdern. Im Falle einer Risikoerkennung empfehlen wir, als ersten Schritt Ihren gewohnten Ansprechpartner oder aber direkt die Gesch\u00e4ftsleitung der DreiMeister Spezialit\u00e4ten zu informieren.<\/p><p>Wenn Sie der Meinung sind, dass Sie mit Ihren Informationen nicht offen umgehen k\u00f6nnen, bieten wir Ihnen die M\u00f6glichkeit, Ihr Anliegen anonym zu melden. Sie brauchen keine konkreten Beweise f\u00fcr Ihren Verdacht, aber alle Nachrichten sollten in gutem Glauben und mit Bedacht gesendet werden. Zum Versenden <strong>anonymer Nachrichten<\/strong> an uns nutzen Sie bitte unser <strong><a href=\"https:\/\/www.dreimeister.de\/kontakt\/\">Kontaktformular<\/a><\/strong>, ohne die Angabe Ihres Namens oder Ihrer E-Mail-Adresse.<\/p><p><strong>Bitte beachten Sie, dass dieser Service nicht f\u00fcr Kunden- und Verbraucherfeedback zu Produkten und Dienstleistungen bestimmt ist.<\/strong><\/p><h4 class=\"wp-block-heading\" id=\"cc-m-header-19515095625\">Ihre Nachricht wird sicher behandelt.<\/h4><p>Alle Nachrichten werden vertraulich behandelt und als anonyme Nachricht an uns weitergeleitet, sofern Sie nicht Ihren Namen oder Ihre E-Mail-Adresse angeben.<\/p><p>Bitte beachten Sie auch unsere <a href=\"https:\/\/www.dreimeister.de\/datenschutz\/\">Datenschutzerkl\u00e4rung<\/a> f\u00fcr den Besuch unserer Webseite.<\/p><p>Sie erreichen unseren betrieblichen Datenschutzbeauftragten unter:<br>DreiMeister Spezialit\u00e4ten GmbH &#038; Co. KG<br>Stefan Kenter<br>Weststr. 47, 59457 Werl<\/p><p><br>Tel.: 02922-877369<br>E-Mail: info@dreimeister.de<\/p>","protected":false},"excerpt":{"rendered":"<p>Anonymer Meldekanal f\u00fcr externe Interessengruppen und Mitarbeiter von DreiMeister Wir als DreiMeister Spezialit\u00e4ten gehen stets fair, respektvoll und professionell mit unseren Kunden, Mitarbeitern und Lieferanten um. Unser Ziel ist es, eine Kette der Zufriedenheit und Sicherheit zu schaffen, vom Hersteller \u00fcber den Handelspartner bis zum Endverbraucher. Dazu geh\u00f6ren auch ein transparentes Gesch\u00e4ftsklima und die Einhaltung [&hellip;]<\/p>\n","protected":false},"author":6211,"featured_media":0,"parent":13,"menu_order":0,"comment_status":"closed","ping_status":"closed","template":"kontakt.php","meta":{"_acf_changed":false,"footnotes":""},"class_list":["post-76440","page","type-page","status-publish","hentry"],"acf":[],"yoast_head":"<!-- This site is optimized with the Yoast SEO plugin v24.1 - https:\/\/yoast.com\/wordpress\/plugins\/seo\/ -->\n<title>Anonymer Meldekanal f\u00fcr externe Interessengruppen und Mitarbeiter von DreiMeister - DreiMeister<\/title>\n<meta name=\"description\" content=\"Anonymer Meldekanal f\u00fcr externe Interessengruppen und Mitarbeiter von DreiMeister\" \/>\n<meta name=\"robots\" content=\"index, follow, max-snippet:-1, max-image-preview:large, max-video-preview:-1\" \/>\n<link rel=\"canonical\" href=\"https:\/\/www.dreimeister.de\/en\/kontakt\/anonyme-nachricht\/\" \/>\n<meta property=\"og:locale\" content=\"en_GB\" \/>\n<meta property=\"og:locale:alternate\" content=\"de_DE_formal\" \/>\n<meta property=\"og:type\" content=\"article\" \/>\n<meta property=\"og:title\" content=\"Anonymer Meldekanal f\u00fcr externe Interessengruppen und Mitarbeiter von DreiMeister\" \/>\n<meta property=\"og:description\" content=\"Anonymer Meldekanal f\u00fcr externe Interessengruppen und Mitarbeiter von DreiMeister\" \/>\n<meta property=\"og:url\" content=\"https:\/\/www.dreimeister.de\/en\/kontakt\/anonyme-nachricht\/\" \/>\n<meta property=\"og:site_name\" content=\"DreiMeister\" \/>\n<meta property=\"article:publisher\" content=\"https:\/\/www.facebook.com\/dreimeister.spezialitaeten\" \/>\n<meta property=\"article:modified_time\" content=\"2022-09-08T06:59:58+00:00\" \/>\n<meta name=\"twitter:label1\" content=\"Estimated reading time\" \/>\n\t<meta name=\"twitter:data1\" content=\"2 minutes\" \/>\n<script type=\"application\/ld+json\" class=\"yoast-schema-graph\">{\"@context\":\"https:\/\/schema.org\",\"@graph\":[{\"@type\":\"WebPage\",\"@id\":\"https:\/\/www.dreimeister.de\/kontakt\/anonyme-nachricht\/\",\"url\":\"https:\/\/www.dreimeister.de\/kontakt\/anonyme-nachricht\/\",\"name\":\"Anonymer Meldekanal f\u00fcr externe Interessengruppen und Mitarbeiter von DreiMeister\",\"isPartOf\":{\"@id\":\"https:\/\/www.dreimeister.de\/#website\"},\"datePublished\":\"2022-09-07T16:15:09+00:00\",\"dateModified\":\"2022-09-08T06:59:58+00:00\",\"description\":\"Anonymer Meldekanal f\u00fcr externe Interessengruppen und Mitarbeiter von DreiMeister\",\"breadcrumb\":{\"@id\":\"https:\/\/www.dreimeister.de\/kontakt\/anonyme-nachricht\/#breadcrumb\"},\"inLanguage\":\"en-GB\",\"potentialAction\":[{\"@type\":\"ReadAction\",\"target\":[\"https:\/\/www.dreimeister.de\/kontakt\/anonyme-nachricht\/\"]}]},{\"@type\":\"BreadcrumbList\",\"@id\":\"https:\/\/www.dreimeister.de\/kontakt\/anonyme-nachricht\/#breadcrumb\",\"itemListElement\":[{\"@type\":\"ListItem\",\"position\":1,\"name\":\"Home\",\"item\":\"https:\/\/www.dreimeister.de\/\"},{\"@type\":\"ListItem\",\"position\":2,\"name\":\"Kontakt\",\"item\":\"https:\/\/www.dreimeister.de\/kontakt\/\"},{\"@type\":\"ListItem\",\"position\":3,\"name\":\"Anonymer Meldekanal f\u00fcr externe Interessengruppen und Mitarbeiter von DreiMeister\"}]},{\"@type\":\"WebSite\",\"@id\":\"https:\/\/www.dreimeister.de\/#website\",\"url\":\"https:\/\/www.dreimeister.de\/\",\"name\":\"DreiMeister\",\"description\":\"Finest chocolate\",\"potentialAction\":[{\"@type\":\"SearchAction\",\"target\":{\"@type\":\"EntryPoint\",\"urlTemplate\":\"https:\/\/www.dreimeister.de\/?s={search_term_string}\"},\"query-input\":{\"@type\":\"PropertyValueSpecification\",\"valueRequired\":true,\"valueName\":\"search_term_string\"}}],\"inLanguage\":\"en-GB\"}]}<\/script>\n<!-- \/ Yoast SEO plugin. -->","yoast_head_json":{"title":"Anonymer Meldekanal f\u00fcr externe Interessengruppen und Mitarbeiter von DreiMeister - DreiMeister","description":"Anonymer Meldekanal f\u00fcr externe Interessengruppen und Mitarbeiter von DreiMeister","robots":{"index":"index","follow":"follow","max-snippet":"max-snippet:-1","max-image-preview":"max-image-preview:large","max-video-preview":"max-video-preview:-1"},"canonical":"https:\/\/www.dreimeister.de\/en\/kontakt\/anonyme-nachricht\/","og_locale":"en_GB","og_type":"article","og_title":"[:de]Anonymer Meldekanal f\u00fcr externe Interessengruppen und Mitarbeiter von DreiMeister[:] - DreiMeister","og_description":"Anonymer Meldekanal f\u00fcr externe Interessengruppen und Mitarbeiter von DreiMeister","og_url":"https:\/\/www.dreimeister.de\/en\/kontakt\/anonyme-nachricht\/","og_site_name":"DreiMeister","article_publisher":"https:\/\/www.facebook.com\/dreimeister.spezialitaeten","article_modified_time":"2022-09-08T06:59:58+00:00","twitter_misc":{"Estimated reading time":"2 minutes"},"schema":{"@context":"https:\/\/schema.org","@graph":[{"@type":"WebPage","@id":"https:\/\/www.dreimeister.de\/kontakt\/anonyme-nachricht\/","url":"https:\/\/www.dreimeister.de\/kontakt\/anonyme-nachricht\/","name":"Anonymer Meldekanal f\u00fcr externe Interessengruppen und Mitarbeiter von DreiMeister","isPartOf":{"@id":"https:\/\/www.dreimeister.de\/#website"},"datePublished":"2022-09-07T16:15:09+00:00","dateModified":"2022-09-08T06:59:58+00:00","description":"Anonymer Meldekanal f\u00fcr externe Interessengruppen und Mitarbeiter von DreiMeister","breadcrumb":{"@id":"https:\/\/www.dreimeister.de\/kontakt\/anonyme-nachricht\/#breadcrumb"},"inLanguage":"en-GB","potentialAction":[{"@type":"ReadAction","target":["https:\/\/www.dreimeister.de\/kontakt\/anonyme-nachricht\/"]}]},{"@type":"BreadcrumbList","@id":"https:\/\/www.dreimeister.de\/kontakt\/anonyme-nachricht\/#breadcrumb","itemListElement":[{"@type":"ListItem","position":1,"name":"Home","item":"https:\/\/www.dreimeister.de\/"},{"@type":"ListItem","position":2,"name":"Kontakt","item":"https:\/\/www.dreimeister.de\/kontakt\/"},{"@type":"ListItem","position":3,"name":"Anonymer Meldekanal f\u00fcr externe Interessengruppen und Mitarbeiter von DreiMeister"}]},{"@type":"WebSite","@id":"https:\/\/www.dreimeister.de\/#website","url":"https:\/\/www.dreimeister.de\/","name":"DreiMeister","description":"Finest chocolate","potentialAction":[{"@type":"SearchAction","target":{"@type":"EntryPoint","urlTemplate":"https:\/\/www.dreimeister.de\/?s={search_term_string}"},"query-input":{"@type":"PropertyValueSpecification","valueRequired":true,"valueName":"search_term_string"}}],"inLanguage":"en-GB"}]}},"_links":{"self":[{"href":"https:\/\/www.dreimeister.de\/en\/wp-json\/wp\/v2\/pages\/76440"}],"collection":[{"href":"https:\/\/www.dreimeister.de\/en\/wp-json\/wp\/v2\/pages"}],"about":[{"href":"https:\/\/www.dreimeister.de\/en\/wp-json\/wp\/v2\/types\/page"}],"author":[{"embeddable":true,"href":"https:\/\/www.dreimeister.de\/en\/wp-json\/wp\/v2\/users\/6211"}],"replies":[{"embeddable":true,"href":"https:\/\/www.dreimeister.de\/en\/wp-json\/wp\/v2\/comments?post=76440"}],"version-history":[{"count":4,"href":"https:\/\/www.dreimeister.de\/en\/wp-json\/wp\/v2\/pages\/76440\/revisions"}],"predecessor-version":[{"id":76449,"href":"https:\/\/www.dreimeister.de\/en\/wp-json\/wp\/v2\/pages\/76440\/revisions\/76449"}],"up":[{"embeddable":true,"href":"https:\/\/www.dreimeister.de\/en\/wp-json\/wp\/v2\/pages\/13"}],"wp:attachment":[{"href":"https:\/\/www.dreimeister.de\/en\/wp-json\/wp\/v2\/media?parent=76440"}],"curies":[{"name":"wp","href":"https:\/\/api.w.org\/{rel}","templated":true}]}}