{"id":8,"date":"2015-04-15T10:11:55","date_gmt":"2015-04-15T08:11:55","guid":{"rendered":"http:\/\/dreimeister.de\/?page_id=8"},"modified":"2023-11-16T10:44:17","modified_gmt":"2023-11-16T09:44:17","slug":"firmenkunden","status":"publish","type":"page","link":"https:\/\/www.dreimeister.de\/en\/firmenkunden\/","title":{"rendered":"Private Label"},"content":{"rendered":"<p lang=\"en-US\" style=\"text-align: center;\">We lay great importance on individuality! Many of our packages already have their special design,<br \/>\nbut for all items marked we offer the possibility to integrate your Logo or to take your own motive for illustration.<\/p>\n<p style=\"text-align: center;\">\u2013<\/p>\n<p style=\"text-align: center;\">Get in touch with us and attract your customers with indulgence.<\/p>\n","protected":false},"excerpt":{"rendered":"<p>We lay great importance on individuality! Many of our packages already have their special design, but for all items marked we offer the possibility to integrate your Logo or to take your own motive for illustration. \u2013 Get in touch with us and attract your customers with indulgence.<\/p>\n","protected":false},"author":1,"featured_media":0,"parent":0,"menu_order":3,"comment_status":"open","ping_status":"closed","template":"meisterwerke.php","meta":{"_acf_changed":false,"footnotes":""},"class_list":["post-8","page","type-page","status-publish","hentry"],"acf":[],"yoast_head":"<!-- This site is optimized with the Yoast SEO plugin v24.1 - https:\/\/yoast.com\/wordpress\/plugins\/seo\/ -->\n<title>Firmenkunden - DreiMeister Spezialit\u00e4ten - Schokoladengeschenke<\/title>\n<meta name=\"description\" content=\"Das perfekte Firmengeschenk - Ihr Symbol f\u00fcr Wertsch\u00e4tzung: Handveredelte Pralinen- und Schokoladenspezialit\u00e4ten von DreiMeister - in Ihrem Corporate Design\" \/>\n<meta name=\"robots\" content=\"index, follow, max-snippet:-1, max-image-preview:large, max-video-preview:-1\" \/>\n<link rel=\"canonical\" href=\"https:\/\/www.dreimeister.de\/en\/firmenkunden\/\" \/>\n<meta property=\"og:locale\" content=\"en_GB\" \/>\n<meta property=\"og:locale:alternate\" content=\"de_DE_formal\" \/>\n<meta property=\"og:type\" content=\"article\" \/>\n<meta property=\"og:title\" content=\"Firmenkunden - DreiMeister Spezialit\u00e4ten - Schokoladengeschenke\" \/>\n<meta property=\"og:description\" content=\"Das perfekte Firmengeschenk - Ihr Symbol f\u00fcr Wertsch\u00e4tzung: Handveredelte Pralinen- und Schokoladenspezialit\u00e4ten von DreiMeister - in Ihrem Corporate Design\" \/>\n<meta property=\"og:url\" content=\"https:\/\/www.dreimeister.de\/en\/firmenkunden\/\" \/>\n<meta property=\"og:site_name\" content=\"DreiMeister\" \/>\n<meta property=\"article:publisher\" content=\"https:\/\/www.facebook.com\/dreimeister.spezialitaeten\" \/>\n<meta property=\"article:modified_time\" content=\"2023-11-16T09:44:17+00:00\" \/>\n<meta name=\"twitter:label1\" content=\"Estimated reading time\" \/>\n\t<meta name=\"twitter:data1\" content=\"1 minute\" \/>\n<script type=\"application\/ld+json\" class=\"yoast-schema-graph\">{\"@context\":\"https:\/\/schema.org\",\"@graph\":[{\"@type\":\"WebPage\",\"@id\":\"https:\/\/www.dreimeister.de\/firmenkunden\/\",\"url\":\"https:\/\/www.dreimeister.de\/firmenkunden\/\",\"name\":\"Firmenkunden - DreiMeister Spezialit\u00e4ten - Schokoladengeschenke\",\"isPartOf\":{\"@id\":\"https:\/\/www.dreimeister.de\/#website\"},\"datePublished\":\"2015-04-15T08:11:55+00:00\",\"dateModified\":\"2023-11-16T09:44:17+00:00\",\"description\":\"Das perfekte Firmengeschenk - Ihr Symbol f\u00fcr Wertsch\u00e4tzung: Handveredelte Pralinen- und Schokoladenspezialit\u00e4ten von DreiMeister - in Ihrem Corporate Design\",\"breadcrumb\":{\"@id\":\"https:\/\/www.dreimeister.de\/firmenkunden\/#breadcrumb\"},\"inLanguage\":\"en-GB\",\"potentialAction\":[{\"@type\":\"ReadAction\",\"target\":[\"https:\/\/www.dreimeister.de\/firmenkunden\/\"]}]},{\"@type\":\"BreadcrumbList\",\"@id\":\"https:\/\/www.dreimeister.de\/firmenkunden\/#breadcrumb\",\"itemListElement\":[{\"@type\":\"ListItem\",\"position\":1,\"name\":\"Home\",\"item\":\"https:\/\/www.dreimeister.de\/\"},{\"@type\":\"ListItem\",\"position\":2,\"name\":\"Firmenkunden\"}]},{\"@type\":\"WebSite\",\"@id\":\"https:\/\/www.dreimeister.de\/#website\",\"url\":\"https:\/\/www.dreimeister.de\/\",\"name\":\"DreiMeister\",\"description\":\"Finest chocolate\",\"potentialAction\":[{\"@type\":\"SearchAction\",\"target\":{\"@type\":\"EntryPoint\",\"urlTemplate\":\"https:\/\/www.dreimeister.de\/?s={search_term_string}\"},\"query-input\":{\"@type\":\"PropertyValueSpecification\",\"valueRequired\":true,\"valueName\":\"search_term_string\"}}],\"inLanguage\":\"en-GB\"}]}<\/script>\n<!-- \/ Yoast SEO plugin. -->","yoast_head_json":{"title":"Firmenkunden - DreiMeister Spezialit\u00e4ten - Schokoladengeschenke","description":"Das perfekte Firmengeschenk - Ihr Symbol f\u00fcr Wertsch\u00e4tzung: Handveredelte Pralinen- und Schokoladenspezialit\u00e4ten von DreiMeister - in Ihrem Corporate Design","robots":{"index":"index","follow":"follow","max-snippet":"max-snippet:-1","max-image-preview":"max-image-preview:large","max-video-preview":"max-video-preview:-1"},"canonical":"https:\/\/www.dreimeister.de\/en\/firmenkunden\/","og_locale":"en_GB","og_type":"article","og_title":"Firmenkunden - DreiMeister Spezialit\u00e4ten - Schokoladengeschenke","og_description":"Das perfekte Firmengeschenk - Ihr Symbol f\u00fcr Wertsch\u00e4tzung: Handveredelte Pralinen- und Schokoladenspezialit\u00e4ten von DreiMeister - in Ihrem Corporate Design","og_url":"https:\/\/www.dreimeister.de\/en\/firmenkunden\/","og_site_name":"DreiMeister","article_publisher":"https:\/\/www.facebook.com\/dreimeister.spezialitaeten","article_modified_time":"2023-11-16T09:44:17+00:00","twitter_misc":{"Estimated reading time":"1 minute"},"schema":{"@context":"https:\/\/schema.org","@graph":[{"@type":"WebPage","@id":"https:\/\/www.dreimeister.de\/firmenkunden\/","url":"https:\/\/www.dreimeister.de\/firmenkunden\/","name":"Firmenkunden - DreiMeister Spezialit\u00e4ten - Schokoladengeschenke","isPartOf":{"@id":"https:\/\/www.dreimeister.de\/#website"},"datePublished":"2015-04-15T08:11:55+00:00","dateModified":"2023-11-16T09:44:17+00:00","description":"Das perfekte Firmengeschenk - Ihr Symbol f\u00fcr Wertsch\u00e4tzung: Handveredelte Pralinen- und Schokoladenspezialit\u00e4ten von DreiMeister - in Ihrem Corporate Design","breadcrumb":{"@id":"https:\/\/www.dreimeister.de\/firmenkunden\/#breadcrumb"},"inLanguage":"en-GB","potentialAction":[{"@type":"ReadAction","target":["https:\/\/www.dreimeister.de\/firmenkunden\/"]}]},{"@type":"BreadcrumbList","@id":"https:\/\/www.dreimeister.de\/firmenkunden\/#breadcrumb","itemListElement":[{"@type":"ListItem","position":1,"name":"Home","item":"https:\/\/www.dreimeister.de\/"},{"@type":"ListItem","position":2,"name":"Firmenkunden"}]},{"@type":"WebSite","@id":"https:\/\/www.dreimeister.de\/#website","url":"https:\/\/www.dreimeister.de\/","name":"DreiMeister","description":"Finest chocolate","potentialAction":[{"@type":"SearchAction","target":{"@type":"EntryPoint","urlTemplate":"https:\/\/www.dreimeister.de\/?s={search_term_string}"},"query-input":{"@type":"PropertyValueSpecification","valueRequired":true,"valueName":"search_term_string"}}],"inLanguage":"en-GB"}]}},"_links":{"self":[{"href":"https:\/\/www.dreimeister.de\/en\/wp-json\/wp\/v2\/pages\/8"}],"collection":[{"href":"https:\/\/www.dreimeister.de\/en\/wp-json\/wp\/v2\/pages"}],"about":[{"href":"https:\/\/www.dreimeister.de\/en\/wp-json\/wp\/v2\/types\/page"}],"author":[{"embeddable":true,"href":"https:\/\/www.dreimeister.de\/en\/wp-json\/wp\/v2\/users\/1"}],"replies":[{"embeddable":true,"href":"https:\/\/www.dreimeister.de\/en\/wp-json\/wp\/v2\/comments?post=8"}],"version-history":[{"count":52,"href":"https:\/\/www.dreimeister.de\/en\/wp-json\/wp\/v2\/pages\/8\/revisions"}],"predecessor-version":[{"id":61655,"href":"https:\/\/www.dreimeister.de\/en\/wp-json\/wp\/v2\/pages\/8\/revisions\/61655"}],"wp:attachment":[{"href":"https:\/\/www.dreimeister.de\/en\/wp-json\/wp\/v2\/media?parent=8"}],"curies":[{"name":"wp","href":"https:\/\/api.w.org\/{rel}","templated":true}]}}