{"id":85,"date":"2015-04-27T08:50:44","date_gmt":"2015-04-27T06:50:44","guid":{"rendered":"http:\/\/dreimeister.de\/?page_id=85"},"modified":"2018-03-08T12:14:08","modified_gmt":"2018-03-08T11:14:08","slug":"historie","status":"publish","type":"page","link":"https:\/\/www.dreimeister.de\/en\/unternehmen\/historie\/","title":{"rendered":"History"},"content":{"rendered":"<p style=\"text-align: center;\"><span lang=\"en-US\">Those who have once breathed the tempting scent of fresh handmade truffles and chocolates and tasted them will not easily manage to resist these small delicacies.\u00a0\u2018Caf\u00e8 Schr\u00f6der\u2019 was just the beginning of a family tradition founded in the Fifties by Hans Schr\u00f6der in Werl. In 1973, he established the company DreiMeister Spezialit\u00e4ten. The son of the founder, Hans-Wilhelm Schr\u00f6der, led the company successfully from 1988 to 2016 and strengthened it to one of the Leading Manufacturers for Chocolates. In the middle of 2016 he handed it over to Markus Luckey, who continues the longlasting family tradition at the production location in Werl-West\u00f6nnen. With over 150 employees we now produce a large variety of different chocolate and truffle compositions. Our traditional family enterprise looks back on decades of experience in the creation and manufacture of finest chocolates and truffles. The chocolate varieties we use are processed according to traditional recipes. We at DreiMeister put our heart and soul into the handmade manufacture of our delicacies in order to more and more perfect our philosophy of quality, indulgence and individuality.<\/span><\/p>\n","protected":false},"excerpt":{"rendered":"<p>Those who have once breathed the tempting scent of fresh handmade truffles and chocolates and tasted them will not easily manage to resist these small delicacies.\u00a0\u2018Caf\u00e8 Schr\u00f6der\u2019 was just the beginning of a family tradition founded in the Fifties by Hans Schr\u00f6der in Werl. In 1973, he established the company DreiMeister Spezialit\u00e4ten. The son of [&hellip;]<\/p>\n","protected":false},"author":1,"featured_media":0,"parent":6,"menu_order":0,"comment_status":"open","ping_status":"closed","template":"unternehmen.php","meta":{"_acf_changed":false,"footnotes":""},"class_list":["post-85","page","type-page","status-publish","hentry"],"acf":[],"yoast_head":"<!-- This site is optimized with the Yoast SEO plugin v24.1 - https:\/\/yoast.com\/wordpress\/plugins\/seo\/ -->\n<title>Historie - DreiMeister Spezialit\u00e4ten<\/title>\n<meta name=\"description\" content=\"Das traditionelle Familienunternehmen DreiMeister besch\u00e4ftigt sich seit \u00fcber drei Jahrzehnten mit der Herstellung exklusivster Confiserie-Spezialit\u00e4ten.\" \/>\n<meta name=\"robots\" content=\"index, follow, max-snippet:-1, max-image-preview:large, max-video-preview:-1\" \/>\n<link rel=\"canonical\" href=\"https:\/\/www.dreimeister.de\/en\/unternehmen\/historie\/\" \/>\n<meta property=\"og:locale\" content=\"en_GB\" \/>\n<meta property=\"og:locale:alternate\" content=\"de_DE_formal\" \/>\n<meta property=\"og:type\" content=\"article\" \/>\n<meta property=\"og:title\" content=\"Historie - DreiMeister Spezialit\u00e4ten\" \/>\n<meta property=\"og:description\" content=\"Das traditionelle Familienunternehmen DreiMeister besch\u00e4ftigt sich seit \u00fcber drei Jahrzehnten mit der Herstellung exklusivster Confiserie-Spezialit\u00e4ten.\" \/>\n<meta property=\"og:url\" content=\"https:\/\/www.dreimeister.de\/en\/unternehmen\/historie\/\" \/>\n<meta property=\"og:site_name\" content=\"DreiMeister\" \/>\n<meta property=\"article:publisher\" content=\"https:\/\/www.facebook.com\/dreimeister.spezialitaeten\" \/>\n<meta property=\"article:modified_time\" content=\"2018-03-08T11:14:08+00:00\" \/>\n<meta name=\"twitter:label1\" content=\"Estimated reading time\" \/>\n\t<meta name=\"twitter:data1\" content=\"2 minutes\" \/>\n<script type=\"application\/ld+json\" class=\"yoast-schema-graph\">{\"@context\":\"https:\/\/schema.org\",\"@graph\":[{\"@type\":\"WebPage\",\"@id\":\"https:\/\/www.dreimeister.de\/unternehmen\/historie\/\",\"url\":\"https:\/\/www.dreimeister.de\/unternehmen\/historie\/\",\"name\":\"Historie - DreiMeister Spezialit\u00e4ten\",\"isPartOf\":{\"@id\":\"https:\/\/www.dreimeister.de\/#website\"},\"datePublished\":\"2015-04-27T06:50:44+00:00\",\"dateModified\":\"2018-03-08T11:14:08+00:00\",\"description\":\"Das traditionelle Familienunternehmen DreiMeister besch\u00e4ftigt sich seit \u00fcber drei Jahrzehnten mit der Herstellung exklusivster Confiserie-Spezialit\u00e4ten.\",\"breadcrumb\":{\"@id\":\"https:\/\/www.dreimeister.de\/unternehmen\/historie\/#breadcrumb\"},\"inLanguage\":\"en-GB\",\"potentialAction\":[{\"@type\":\"ReadAction\",\"target\":[\"https:\/\/www.dreimeister.de\/unternehmen\/historie\/\"]}]},{\"@type\":\"BreadcrumbList\",\"@id\":\"https:\/\/www.dreimeister.de\/unternehmen\/historie\/#breadcrumb\",\"itemListElement\":[{\"@type\":\"ListItem\",\"position\":1,\"name\":\"Home\",\"item\":\"https:\/\/www.dreimeister.de\/\"},{\"@type\":\"ListItem\",\"position\":2,\"name\":\"Unternehmen\",\"item\":\"https:\/\/www.dreimeister.de\/unternehmen\/\"},{\"@type\":\"ListItem\",\"position\":3,\"name\":\"Historie\"}]},{\"@type\":\"WebSite\",\"@id\":\"https:\/\/www.dreimeister.de\/#website\",\"url\":\"https:\/\/www.dreimeister.de\/\",\"name\":\"DreiMeister\",\"description\":\"Finest chocolate\",\"potentialAction\":[{\"@type\":\"SearchAction\",\"target\":{\"@type\":\"EntryPoint\",\"urlTemplate\":\"https:\/\/www.dreimeister.de\/?s={search_term_string}\"},\"query-input\":{\"@type\":\"PropertyValueSpecification\",\"valueRequired\":true,\"valueName\":\"search_term_string\"}}],\"inLanguage\":\"en-GB\"}]}<\/script>\n<!-- \/ Yoast SEO plugin. -->","yoast_head_json":{"title":"Historie - DreiMeister Spezialit\u00e4ten","description":"Das traditionelle Familienunternehmen DreiMeister besch\u00e4ftigt sich seit \u00fcber drei Jahrzehnten mit der Herstellung exklusivster Confiserie-Spezialit\u00e4ten.","robots":{"index":"index","follow":"follow","max-snippet":"max-snippet:-1","max-image-preview":"max-image-preview:large","max-video-preview":"max-video-preview:-1"},"canonical":"https:\/\/www.dreimeister.de\/en\/unternehmen\/historie\/","og_locale":"en_GB","og_type":"article","og_title":"Historie - DreiMeister Spezialit\u00e4ten","og_description":"Das traditionelle Familienunternehmen DreiMeister besch\u00e4ftigt sich seit \u00fcber drei Jahrzehnten mit der Herstellung exklusivster Confiserie-Spezialit\u00e4ten.","og_url":"https:\/\/www.dreimeister.de\/en\/unternehmen\/historie\/","og_site_name":"DreiMeister","article_publisher":"https:\/\/www.facebook.com\/dreimeister.spezialitaeten","article_modified_time":"2018-03-08T11:14:08+00:00","twitter_misc":{"Estimated reading time":"2 minutes"},"schema":{"@context":"https:\/\/schema.org","@graph":[{"@type":"WebPage","@id":"https:\/\/www.dreimeister.de\/unternehmen\/historie\/","url":"https:\/\/www.dreimeister.de\/unternehmen\/historie\/","name":"Historie - DreiMeister Spezialit\u00e4ten","isPartOf":{"@id":"https:\/\/www.dreimeister.de\/#website"},"datePublished":"2015-04-27T06:50:44+00:00","dateModified":"2018-03-08T11:14:08+00:00","description":"Das traditionelle Familienunternehmen DreiMeister besch\u00e4ftigt sich seit \u00fcber drei Jahrzehnten mit der Herstellung exklusivster Confiserie-Spezialit\u00e4ten.","breadcrumb":{"@id":"https:\/\/www.dreimeister.de\/unternehmen\/historie\/#breadcrumb"},"inLanguage":"en-GB","potentialAction":[{"@type":"ReadAction","target":["https:\/\/www.dreimeister.de\/unternehmen\/historie\/"]}]},{"@type":"BreadcrumbList","@id":"https:\/\/www.dreimeister.de\/unternehmen\/historie\/#breadcrumb","itemListElement":[{"@type":"ListItem","position":1,"name":"Home","item":"https:\/\/www.dreimeister.de\/"},{"@type":"ListItem","position":2,"name":"Unternehmen","item":"https:\/\/www.dreimeister.de\/unternehmen\/"},{"@type":"ListItem","position":3,"name":"Historie"}]},{"@type":"WebSite","@id":"https:\/\/www.dreimeister.de\/#website","url":"https:\/\/www.dreimeister.de\/","name":"DreiMeister","description":"Finest chocolate","potentialAction":[{"@type":"SearchAction","target":{"@type":"EntryPoint","urlTemplate":"https:\/\/www.dreimeister.de\/?s={search_term_string}"},"query-input":{"@type":"PropertyValueSpecification","valueRequired":true,"valueName":"search_term_string"}}],"inLanguage":"en-GB"}]}},"_links":{"self":[{"href":"https:\/\/www.dreimeister.de\/en\/wp-json\/wp\/v2\/pages\/85"}],"collection":[{"href":"https:\/\/www.dreimeister.de\/en\/wp-json\/wp\/v2\/pages"}],"about":[{"href":"https:\/\/www.dreimeister.de\/en\/wp-json\/wp\/v2\/types\/page"}],"author":[{"embeddable":true,"href":"https:\/\/www.dreimeister.de\/en\/wp-json\/wp\/v2\/users\/1"}],"replies":[{"embeddable":true,"href":"https:\/\/www.dreimeister.de\/en\/wp-json\/wp\/v2\/comments?post=85"}],"version-history":[{"count":47,"href":"https:\/\/www.dreimeister.de\/en\/wp-json\/wp\/v2\/pages\/85\/revisions"}],"predecessor-version":[{"id":76445,"href":"https:\/\/www.dreimeister.de\/en\/wp-json\/wp\/v2\/pages\/85\/revisions\/76445"}],"up":[{"embeddable":true,"href":"https:\/\/www.dreimeister.de\/en\/wp-json\/wp\/v2\/pages\/6"}],"wp:attachment":[{"href":"https:\/\/www.dreimeister.de\/en\/wp-json\/wp\/v2\/media?parent=85"}],"curies":[{"name":"wp","href":"https:\/\/api.w.org\/{rel}","templated":true}]}}