{"id":87,"date":"2015-04-27T08:51:01","date_gmt":"2015-04-27T06:51:01","guid":{"rendered":"http:\/\/dreimeister.de\/?page_id=87"},"modified":"2015-12-01T15:48:18","modified_gmt":"2015-12-01T14:48:18","slug":"qualitaet","status":"publish","type":"page","link":"https:\/\/www.dreimeister.de\/en\/unternehmen\/qualitaet\/","title":{"rendered":"Quality"},"content":{"rendered":"<p lang=\"en-US\" style=\"text-align: center;\"><strong>Highest Quality based on Well Chosen Ingredients<\/strong><br \/>\nWe only choose the best quality for our confectionery specialties and lay great importance on naturalness. Yesterday and today natural ingredients make our compositions round and balanced. High class couverture and chocolate underline our compositions and guarantee the unique tasting experience for our customers.<\/p>\n<p style=\"text-align: center;\"><strong><span lang=\"en-US\">The Secret of our Quality: Freshness<\/span><\/strong><br \/>\n<span lang=\"en-US\">We only use fresh ingredients in our production and therefore our products only have a limited shelf life. But this is what makes the difference between our confectionery specialties and industrially produced goods. By applying a careful production process and special refining we create top quality with highest standard.<\/span><\/p>\n<p lang=\"en-US\" style=\"text-align: center;\"><strong>Traditional Recipes<\/strong><br \/>\nWe insist in safeguarding our traditional recipes. They are totally without preservatives and flavour enhancers. Our creations are being produced by master confectioners with great care and attention and finally are packed by hand.<\/p>\n","protected":false},"excerpt":{"rendered":"<p>Highest Quality based on Well Chosen Ingredients We only choose the best quality for our confectionery specialties and lay great importance on naturalness. Yesterday and today natural ingredients make our compositions round and balanced. High class couverture and chocolate underline our compositions and guarantee the unique tasting experience for our customers. The Secret of our [&hellip;]<\/p>\n","protected":false},"author":1,"featured_media":0,"parent":6,"menu_order":0,"comment_status":"open","ping_status":"closed","template":"unternehmen.php","meta":{"_acf_changed":false,"footnotes":""},"class_list":["post-87","page","type-page","status-publish","hentry"],"acf":[],"yoast_head":"<!-- This site is optimized with the Yoast SEO plugin v24.1 - https:\/\/yoast.com\/wordpress\/plugins\/seo\/ -->\n<title>Qualit\u00e4t - DreiMeister Spezialit\u00e4ten<\/title>\n<meta name=\"description\" content=\"H\u00f6chste Qualit\u00e4t auf der Basis von ausgew\u00e4hlten Zutaten - nach diesem Grundprinzip w\u00e4hlen wir nur die besten Rohstoffe f\u00fcr unsere Kreationen.\" \/>\n<meta name=\"robots\" content=\"index, follow, max-snippet:-1, max-image-preview:large, max-video-preview:-1\" \/>\n<link rel=\"canonical\" href=\"https:\/\/www.dreimeister.de\/en\/unternehmen\/qualitaet\/\" \/>\n<meta property=\"og:locale\" content=\"en_GB\" \/>\n<meta property=\"og:locale:alternate\" content=\"de_DE_formal\" \/>\n<meta property=\"og:type\" content=\"article\" \/>\n<meta property=\"og:title\" content=\"Qualit\u00e4t - DreiMeister Spezialit\u00e4ten\" \/>\n<meta property=\"og:description\" content=\"H\u00f6chste Qualit\u00e4t auf der Basis von ausgew\u00e4hlten Zutaten - nach diesem Grundprinzip w\u00e4hlen wir nur die besten Rohstoffe f\u00fcr unsere Kreationen.\" \/>\n<meta property=\"og:url\" content=\"https:\/\/www.dreimeister.de\/en\/unternehmen\/qualitaet\/\" \/>\n<meta property=\"og:site_name\" content=\"DreiMeister\" \/>\n<meta property=\"article:publisher\" content=\"https:\/\/www.facebook.com\/dreimeister.spezialitaeten\" \/>\n<meta property=\"article:modified_time\" content=\"2015-12-01T14:48:18+00:00\" \/>\n<meta name=\"twitter:label1\" content=\"Estimated reading time\" \/>\n\t<meta name=\"twitter:data1\" content=\"2 minutes\" \/>\n<script type=\"application\/ld+json\" class=\"yoast-schema-graph\">{\"@context\":\"https:\/\/schema.org\",\"@graph\":[{\"@type\":\"WebPage\",\"@id\":\"https:\/\/www.dreimeister.de\/unternehmen\/qualitaet\/\",\"url\":\"https:\/\/www.dreimeister.de\/unternehmen\/qualitaet\/\",\"name\":\"Qualit\u00e4t - DreiMeister Spezialit\u00e4ten\",\"isPartOf\":{\"@id\":\"https:\/\/www.dreimeister.de\/#website\"},\"datePublished\":\"2015-04-27T06:51:01+00:00\",\"dateModified\":\"2015-12-01T14:48:18+00:00\",\"description\":\"H\u00f6chste Qualit\u00e4t auf der Basis von ausgew\u00e4hlten Zutaten - nach diesem Grundprinzip w\u00e4hlen wir nur die besten Rohstoffe f\u00fcr unsere Kreationen.\",\"breadcrumb\":{\"@id\":\"https:\/\/www.dreimeister.de\/unternehmen\/qualitaet\/#breadcrumb\"},\"inLanguage\":\"en-GB\",\"potentialAction\":[{\"@type\":\"ReadAction\",\"target\":[\"https:\/\/www.dreimeister.de\/unternehmen\/qualitaet\/\"]}]},{\"@type\":\"BreadcrumbList\",\"@id\":\"https:\/\/www.dreimeister.de\/unternehmen\/qualitaet\/#breadcrumb\",\"itemListElement\":[{\"@type\":\"ListItem\",\"position\":1,\"name\":\"Home\",\"item\":\"https:\/\/www.dreimeister.de\/\"},{\"@type\":\"ListItem\",\"position\":2,\"name\":\"Unternehmen\",\"item\":\"https:\/\/www.dreimeister.de\/unternehmen\/\"},{\"@type\":\"ListItem\",\"position\":3,\"name\":\"Qualit\u00e4t\"}]},{\"@type\":\"WebSite\",\"@id\":\"https:\/\/www.dreimeister.de\/#website\",\"url\":\"https:\/\/www.dreimeister.de\/\",\"name\":\"DreiMeister\",\"description\":\"Finest chocolate\",\"potentialAction\":[{\"@type\":\"SearchAction\",\"target\":{\"@type\":\"EntryPoint\",\"urlTemplate\":\"https:\/\/www.dreimeister.de\/?s={search_term_string}\"},\"query-input\":{\"@type\":\"PropertyValueSpecification\",\"valueRequired\":true,\"valueName\":\"search_term_string\"}}],\"inLanguage\":\"en-GB\"}]}<\/script>\n<!-- \/ Yoast SEO plugin. -->","yoast_head_json":{"title":"Qualit\u00e4t - DreiMeister Spezialit\u00e4ten","description":"H\u00f6chste Qualit\u00e4t auf der Basis von ausgew\u00e4hlten Zutaten - nach diesem Grundprinzip w\u00e4hlen wir nur die besten Rohstoffe f\u00fcr unsere Kreationen.","robots":{"index":"index","follow":"follow","max-snippet":"max-snippet:-1","max-image-preview":"max-image-preview:large","max-video-preview":"max-video-preview:-1"},"canonical":"https:\/\/www.dreimeister.de\/en\/unternehmen\/qualitaet\/","og_locale":"en_GB","og_type":"article","og_title":"Qualit\u00e4t - DreiMeister Spezialit\u00e4ten","og_description":"H\u00f6chste Qualit\u00e4t auf der Basis von ausgew\u00e4hlten Zutaten - nach diesem Grundprinzip w\u00e4hlen wir nur die besten Rohstoffe f\u00fcr unsere Kreationen.","og_url":"https:\/\/www.dreimeister.de\/en\/unternehmen\/qualitaet\/","og_site_name":"DreiMeister","article_publisher":"https:\/\/www.facebook.com\/dreimeister.spezialitaeten","article_modified_time":"2015-12-01T14:48:18+00:00","twitter_misc":{"Estimated reading time":"2 minutes"},"schema":{"@context":"https:\/\/schema.org","@graph":[{"@type":"WebPage","@id":"https:\/\/www.dreimeister.de\/unternehmen\/qualitaet\/","url":"https:\/\/www.dreimeister.de\/unternehmen\/qualitaet\/","name":"Qualit\u00e4t - DreiMeister Spezialit\u00e4ten","isPartOf":{"@id":"https:\/\/www.dreimeister.de\/#website"},"datePublished":"2015-04-27T06:51:01+00:00","dateModified":"2015-12-01T14:48:18+00:00","description":"H\u00f6chste Qualit\u00e4t auf der Basis von ausgew\u00e4hlten Zutaten - nach diesem Grundprinzip w\u00e4hlen wir nur die besten Rohstoffe f\u00fcr unsere Kreationen.","breadcrumb":{"@id":"https:\/\/www.dreimeister.de\/unternehmen\/qualitaet\/#breadcrumb"},"inLanguage":"en-GB","potentialAction":[{"@type":"ReadAction","target":["https:\/\/www.dreimeister.de\/unternehmen\/qualitaet\/"]}]},{"@type":"BreadcrumbList","@id":"https:\/\/www.dreimeister.de\/unternehmen\/qualitaet\/#breadcrumb","itemListElement":[{"@type":"ListItem","position":1,"name":"Home","item":"https:\/\/www.dreimeister.de\/"},{"@type":"ListItem","position":2,"name":"Unternehmen","item":"https:\/\/www.dreimeister.de\/unternehmen\/"},{"@type":"ListItem","position":3,"name":"Qualit\u00e4t"}]},{"@type":"WebSite","@id":"https:\/\/www.dreimeister.de\/#website","url":"https:\/\/www.dreimeister.de\/","name":"DreiMeister","description":"Finest chocolate","potentialAction":[{"@type":"SearchAction","target":{"@type":"EntryPoint","urlTemplate":"https:\/\/www.dreimeister.de\/?s={search_term_string}"},"query-input":{"@type":"PropertyValueSpecification","valueRequired":true,"valueName":"search_term_string"}}],"inLanguage":"en-GB"}]}},"_links":{"self":[{"href":"https:\/\/www.dreimeister.de\/en\/wp-json\/wp\/v2\/pages\/87"}],"collection":[{"href":"https:\/\/www.dreimeister.de\/en\/wp-json\/wp\/v2\/pages"}],"about":[{"href":"https:\/\/www.dreimeister.de\/en\/wp-json\/wp\/v2\/types\/page"}],"author":[{"embeddable":true,"href":"https:\/\/www.dreimeister.de\/en\/wp-json\/wp\/v2\/users\/1"}],"replies":[{"embeddable":true,"href":"https:\/\/www.dreimeister.de\/en\/wp-json\/wp\/v2\/comments?post=87"}],"version-history":[{"count":12,"href":"https:\/\/www.dreimeister.de\/en\/wp-json\/wp\/v2\/pages\/87\/revisions"}],"predecessor-version":[{"id":1323,"href":"https:\/\/www.dreimeister.de\/en\/wp-json\/wp\/v2\/pages\/87\/revisions\/1323"}],"up":[{"embeddable":true,"href":"https:\/\/www.dreimeister.de\/en\/wp-json\/wp\/v2\/pages\/6"}],"wp:attachment":[{"href":"https:\/\/www.dreimeister.de\/en\/wp-json\/wp\/v2\/media?parent=87"}],"curies":[{"name":"wp","href":"https:\/\/api.w.org\/{rel}","templated":true}]}}