{"id":123303,"date":"2024-09-03T12:11:05","date_gmt":"2024-09-03T10:11:05","guid":{"rendered":"https:\/\/www.dreimeister.de\/?post_type=product&#038;p=123303"},"modified":"2026-02-23T10:34:03","modified_gmt":"2026-02-23T09:34:03","slug":"baumwollsaeckchen-suesse-auszeit","status":"publish","type":"product","link":"https:\/\/www.dreimeister.de\/en\/shop\/schokoladentaler\/baumwollsaeckchen-suesse-auszeit\/","title":{"rendered":"Baumwolls\u00e4ckchen \u201eS\u00fc\u00dfe Auszeit\u201d, 5 Herztaler"},"content":{"rendered":"<h4>Produktinformation &#8220;Kleines Baumwolls\u00e4ckchen \u201eS\u00fc\u00dfe Auszeit\u201d, 5 Herztaler&#8221;<\/h4>\n<p>Inhalt: 40 g (5 Taler je 8g)<\/p>\n","protected":false},"excerpt":{"rendered":"<p>Niedliches Baumwolls\u00e4ckchen &#8220;S\u00fcsse Auszeit&#8221; mit zwei feinen Vollmilchschokoladen-Talern, liebevoll mit einem Herzmotiv versehen. Perfekt f\u00fcr kleine Genussmomente zwischendurch oder als s\u00fc\u00dfes Geschenk f\u00fcr besondere Menschen.<\/p>\n","protected":false},"featured_media":128219,"comment_status":"closed","ping_status":"closed","template":"","meta":{"_acf_changed":false},"product_cat":[26,89],"product_tag":[32,30],"class_list":{"0":"post-123303","1":"product","2":"type-product","3":"status-publish","4":"has-post-thumbnail","6":"product_cat-schokoladentaler","7":"product_cat-alles-aus-liebe","8":"product_tag-ohne-alkohol","9":"product_tag-vollmilch","11":"first","12":"instock","13":"taxable","14":"shipping-taxable","15":"purchasable","16":"product-type-simple"},"acf":[],"yoast_head":"<!-- This site is optimized with the Yoast SEO plugin v24.1 - https:\/\/yoast.com\/wordpress\/plugins\/seo\/ -->\n<title>Baumwolls\u00e4ckchen \u201eS\u00fc\u00dfe Auszeit\u201d, 5 Herztaler - DreiMeister Spezialit\u00e4ten<\/title>\n<meta name=\"description\" content=\"Entfliehen Sie dem Alltag mit dem Baumwolls\u00e4ckchen &quot;S\u00fcsse Auszeit&quot;, gef\u00fcllt mit zwei k\u00f6stlichen Vollmilchschokoladen-Talern mit Herzmotiv.\" \/>\n<meta name=\"robots\" content=\"index, follow, max-snippet:-1, max-image-preview:large, max-video-preview:-1\" \/>\n<link rel=\"canonical\" href=\"https:\/\/www.dreimeister.de\/en\/shop\/schokoladentaler\/baumwollsaeckchen-suesse-auszeit\/\" \/>\n<meta property=\"og:locale\" content=\"en_GB\" \/>\n<meta property=\"og:locale:alternate\" content=\"de_DE_formal\" \/>\n<meta property=\"og:type\" content=\"article\" \/>\n<meta property=\"og:title\" content=\"Baumwolls\u00e4ckchen \u201eS\u00fc\u00dfe Auszeit\u201d, 5 Herztaler\" \/>\n<meta property=\"og:description\" content=\"Entfliehen Sie dem Alltag mit dem Baumwolls\u00e4ckchen &quot;S\u00fcsse Auszeit&quot;, gef\u00fcllt mit zwei k\u00f6stlichen Vollmilchschokoladen-Talern mit Herzmotiv.\" \/>\n<meta property=\"og:url\" content=\"https:\/\/www.dreimeister.de\/en\/shop\/schokoladentaler\/baumwollsaeckchen-suesse-auszeit\/\" \/>\n<meta property=\"og:site_name\" content=\"DreiMeister\" \/>\n<meta property=\"article:publisher\" content=\"https:\/\/www.facebook.com\/dreimeister.spezialitaeten\" \/>\n<meta property=\"article:modified_time\" content=\"2026-02-23T09:34:03+00:00\" \/>\n<meta property=\"og:image\" content=\"http:\/\/www.dreimeister.de\/wp-content\/uploads\/2024\/09\/12586_Baumwollsaeckchen.jpg\" \/>\n\t<meta property=\"og:image:width\" content=\"1200\" \/>\n\t<meta property=\"og:image:height\" content=\"1200\" \/>\n\t<meta property=\"og:image:type\" content=\"image\/jpeg\" \/>\n<meta name=\"twitter:label1\" content=\"Estimated reading time\" \/>\n\t<meta name=\"twitter:data1\" content=\"1 minute\" \/>\n<script type=\"application\/ld+json\" class=\"yoast-schema-graph\">{\"@context\":\"https:\/\/schema.org\",\"@graph\":[{\"@type\":\"WebPage\",\"@id\":\"https:\/\/www.dreimeister.de\/shop\/schokoladentaler\/baumwollsaeckchen-suesse-auszeit\/\",\"url\":\"https:\/\/www.dreimeister.de\/shop\/schokoladentaler\/baumwollsaeckchen-suesse-auszeit\/\",\"name\":\"Baumwolls\u00e4ckchen \u201eS\u00fc\u00dfe Auszeit\u201d, 5 Herztaler\",\"isPartOf\":{\"@id\":\"https:\/\/www.dreimeister.de\/#website\"},\"primaryImageOfPage\":{\"@id\":\"https:\/\/www.dreimeister.de\/shop\/schokoladentaler\/baumwollsaeckchen-suesse-auszeit\/#primaryimage\"},\"image\":{\"@id\":\"https:\/\/www.dreimeister.de\/shop\/schokoladentaler\/baumwollsaeckchen-suesse-auszeit\/#primaryimage\"},\"thumbnailUrl\":\"https:\/\/www.dreimeister.de\/wp-content\/uploads\/2024\/09\/12586_Baumwollsaeckchen.jpg\",\"datePublished\":\"2024-09-03T10:11:05+00:00\",\"dateModified\":\"2026-02-23T09:34:03+00:00\",\"description\":\"Entfliehen Sie dem Alltag mit dem Baumwolls\u00e4ckchen \\\"S\u00fcsse Auszeit\\\", gef\u00fcllt mit zwei k\u00f6stlichen Vollmilchschokoladen-Talern mit Herzmotiv.\",\"breadcrumb\":{\"@id\":\"https:\/\/www.dreimeister.de\/shop\/schokoladentaler\/baumwollsaeckchen-suesse-auszeit\/#breadcrumb\"},\"inLanguage\":\"en-GB\",\"potentialAction\":[{\"@type\":\"ReadAction\",\"target\":[\"https:\/\/www.dreimeister.de\/shop\/schokoladentaler\/baumwollsaeckchen-suesse-auszeit\/\"]}]},{\"@type\":\"ImageObject\",\"inLanguage\":\"en-GB\",\"@id\":\"https:\/\/www.dreimeister.de\/shop\/schokoladentaler\/baumwollsaeckchen-suesse-auszeit\/#primaryimage\",\"url\":\"https:\/\/www.dreimeister.de\/wp-content\/uploads\/2024\/09\/12586_Baumwollsaeckchen.jpg\",\"contentUrl\":\"https:\/\/www.dreimeister.de\/wp-content\/uploads\/2024\/09\/12586_Baumwollsaeckchen.jpg\",\"width\":1200,\"height\":1200},{\"@type\":\"BreadcrumbList\",\"@id\":\"https:\/\/www.dreimeister.de\/shop\/schokoladentaler\/baumwollsaeckchen-suesse-auszeit\/#breadcrumb\",\"itemListElement\":[{\"@type\":\"ListItem\",\"position\":1,\"name\":\"Home\",\"item\":\"https:\/\/www.dreimeister.de\/\"},{\"@type\":\"ListItem\",\"position\":2,\"name\":\"Shop\",\"item\":\"https:\/\/www.dreimeister.de\/shop\/\"},{\"@type\":\"ListItem\",\"position\":3,\"name\":\"Baumwolls\u00e4ckchen \u201eS\u00fc\u00dfe Auszeit\u201d, 5 Herztaler\"}]},{\"@type\":\"WebSite\",\"@id\":\"https:\/\/www.dreimeister.de\/#website\",\"url\":\"https:\/\/www.dreimeister.de\/\",\"name\":\"DreiMeister\",\"description\":\"Finest chocolate\",\"potentialAction\":[{\"@type\":\"SearchAction\",\"target\":{\"@type\":\"EntryPoint\",\"urlTemplate\":\"https:\/\/www.dreimeister.de\/?s={search_term_string}\"},\"query-input\":{\"@type\":\"PropertyValueSpecification\",\"valueRequired\":true,\"valueName\":\"search_term_string\"}}],\"inLanguage\":\"en-GB\"}]}<\/script>\n<!-- \/ Yoast SEO plugin. -->","yoast_head_json":{"title":"Baumwolls\u00e4ckchen \u201eS\u00fc\u00dfe Auszeit\u201d, 5 Herztaler - DreiMeister Spezialit\u00e4ten","description":"Entfliehen Sie dem Alltag mit dem Baumwolls\u00e4ckchen \"S\u00fcsse Auszeit\", gef\u00fcllt mit zwei k\u00f6stlichen Vollmilchschokoladen-Talern mit Herzmotiv.","robots":{"index":"index","follow":"follow","max-snippet":"max-snippet:-1","max-image-preview":"max-image-preview:large","max-video-preview":"max-video-preview:-1"},"canonical":"https:\/\/www.dreimeister.de\/en\/shop\/schokoladentaler\/baumwollsaeckchen-suesse-auszeit\/","og_locale":"en_GB","og_type":"article","og_title":"[:de]Baumwolls\u00e4ckchen \u201eS\u00fc\u00dfe Auszeit\u201d, 5 Herztaler[:] - DreiMeister Spezialit\u00e4ten","og_description":"Entfliehen Sie dem Alltag mit dem Baumwolls\u00e4ckchen \"S\u00fcsse Auszeit\", gef\u00fcllt mit zwei k\u00f6stlichen Vollmilchschokoladen-Talern mit Herzmotiv.","og_url":"https:\/\/www.dreimeister.de\/en\/shop\/schokoladentaler\/baumwollsaeckchen-suesse-auszeit\/","og_site_name":"DreiMeister","article_publisher":"https:\/\/www.facebook.com\/dreimeister.spezialitaeten","article_modified_time":"2026-02-23T09:34:03+00:00","og_image":[{"width":1200,"height":1200,"url":"http:\/\/www.dreimeister.de\/wp-content\/uploads\/2024\/09\/12586_Baumwollsaeckchen.jpg","type":"image\/jpeg"}],"twitter_misc":{"Estimated reading time":"1 minute"},"schema":{"@context":"https:\/\/schema.org","@graph":[{"@type":"WebPage","@id":"https:\/\/www.dreimeister.de\/shop\/schokoladentaler\/baumwollsaeckchen-suesse-auszeit\/","url":"https:\/\/www.dreimeister.de\/shop\/schokoladentaler\/baumwollsaeckchen-suesse-auszeit\/","name":"Baumwolls\u00e4ckchen \u201eS\u00fc\u00dfe Auszeit\u201d, 5 Herztaler","isPartOf":{"@id":"https:\/\/www.dreimeister.de\/#website"},"primaryImageOfPage":{"@id":"https:\/\/www.dreimeister.de\/shop\/schokoladentaler\/baumwollsaeckchen-suesse-auszeit\/#primaryimage"},"image":{"@id":"https:\/\/www.dreimeister.de\/shop\/schokoladentaler\/baumwollsaeckchen-suesse-auszeit\/#primaryimage"},"thumbnailUrl":"https:\/\/www.dreimeister.de\/wp-content\/uploads\/2024\/09\/12586_Baumwollsaeckchen.jpg","datePublished":"2024-09-03T10:11:05+00:00","dateModified":"2026-02-23T09:34:03+00:00","description":"Entfliehen Sie dem Alltag mit dem Baumwolls\u00e4ckchen \"S\u00fcsse Auszeit\", gef\u00fcllt mit zwei k\u00f6stlichen Vollmilchschokoladen-Talern mit Herzmotiv.","breadcrumb":{"@id":"https:\/\/www.dreimeister.de\/shop\/schokoladentaler\/baumwollsaeckchen-suesse-auszeit\/#breadcrumb"},"inLanguage":"en-GB","potentialAction":[{"@type":"ReadAction","target":["https:\/\/www.dreimeister.de\/shop\/schokoladentaler\/baumwollsaeckchen-suesse-auszeit\/"]}]},{"@type":"ImageObject","inLanguage":"en-GB","@id":"https:\/\/www.dreimeister.de\/shop\/schokoladentaler\/baumwollsaeckchen-suesse-auszeit\/#primaryimage","url":"https:\/\/www.dreimeister.de\/wp-content\/uploads\/2024\/09\/12586_Baumwollsaeckchen.jpg","contentUrl":"https:\/\/www.dreimeister.de\/wp-content\/uploads\/2024\/09\/12586_Baumwollsaeckchen.jpg","width":1200,"height":1200},{"@type":"BreadcrumbList","@id":"https:\/\/www.dreimeister.de\/shop\/schokoladentaler\/baumwollsaeckchen-suesse-auszeit\/#breadcrumb","itemListElement":[{"@type":"ListItem","position":1,"name":"Home","item":"https:\/\/www.dreimeister.de\/"},{"@type":"ListItem","position":2,"name":"Shop","item":"https:\/\/www.dreimeister.de\/shop\/"},{"@type":"ListItem","position":3,"name":"Baumwolls\u00e4ckchen \u201eS\u00fc\u00dfe Auszeit\u201d, 5 Herztaler"}]},{"@type":"WebSite","@id":"https:\/\/www.dreimeister.de\/#website","url":"https:\/\/www.dreimeister.de\/","name":"DreiMeister","description":"Finest chocolate","potentialAction":[{"@type":"SearchAction","target":{"@type":"EntryPoint","urlTemplate":"https:\/\/www.dreimeister.de\/?s={search_term_string}"},"query-input":{"@type":"PropertyValueSpecification","valueRequired":true,"valueName":"search_term_string"}}],"inLanguage":"en-GB"}]}},"_links":{"self":[{"href":"https:\/\/www.dreimeister.de\/en\/wp-json\/wp\/v2\/product\/123303"}],"collection":[{"href":"https:\/\/www.dreimeister.de\/en\/wp-json\/wp\/v2\/product"}],"about":[{"href":"https:\/\/www.dreimeister.de\/en\/wp-json\/wp\/v2\/types\/product"}],"replies":[{"embeddable":true,"href":"https:\/\/www.dreimeister.de\/en\/wp-json\/wp\/v2\/comments?post=123303"}],"wp:featuredmedia":[{"embeddable":true,"href":"https:\/\/www.dreimeister.de\/en\/wp-json\/wp\/v2\/media\/128219"}],"wp:attachment":[{"href":"https:\/\/www.dreimeister.de\/en\/wp-json\/wp\/v2\/media?parent=123303"}],"wp:term":[{"taxonomy":"product_cat","embeddable":true,"href":"https:\/\/www.dreimeister.de\/en\/wp-json\/wp\/v2\/product_cat?post=123303"},{"taxonomy":"product_tag","embeddable":true,"href":"https:\/\/www.dreimeister.de\/en\/wp-json\/wp\/v2\/product_tag?post=123303"}],"curies":[{"name":"wp","href":"https:\/\/api.w.org\/{rel}","templated":true}]}}