{"id":123323,"date":"2024-09-03T14:45:04","date_gmt":"2024-09-03T12:45:04","guid":{"rendered":"https:\/\/www.dreimeister.de\/?post_type=product&#038;p=123323"},"modified":"2026-03-09T12:12:31","modified_gmt":"2026-03-09T11:12:31","slug":"mittlere-praesentschatulle-mit-schleife-2","status":"publish","type":"product","link":"https:\/\/www.dreimeister.de\/en\/shop\/pralinen-und-trueffel\/mittlere-praesentschatulle-mit-schleife-2\/","title":{"rendered":"Wei\u00dfe Pr\u00e4sentschatulle &#8220;Alles Liebe&#8221;"},"content":{"rendered":"<h4>PRODUKTINFORMATION \u201eMittlere Pr\u00e4sentschatulle &#8220;Alles Liebe&#8221;\u201c<\/h4>\n<p>Inhalt: 300g<\/p>\n<p>Folgende Tr\u00fcffelsorten sind in der Packung enthalten:<\/p>\n","protected":false},"excerpt":{"rendered":"<div class=\"woocommerce-product-details__short-description\">\n<p>Wei\u00dfe Pr\u00e4sentschatulle mit s\u00fc\u00dfem Inhalt. Ideal zum Verschenken!<\/p>\n<\/div>\n","protected":false},"featured_media":130686,"comment_status":"closed","ping_status":"closed","template":"","meta":{"_acf_changed":false},"product_cat":[25,89],"product_tag":[75,30,31,29],"class_list":{"0":"post-123323","1":"product","2":"type-product","3":"status-publish","4":"has-post-thumbnail","6":"product_cat-pralinen-und-trueffel","7":"product_cat-alles-aus-liebe","8":"product_tag-mit-alkohol","9":"product_tag-vollmilch","10":"product_tag-weiss","11":"product_tag-zartbitter","13":"first","14":"instock","15":"taxable","16":"shipping-taxable","17":"purchasable","18":"product-type-simple"},"acf":[],"yoast_head":"<!-- This site is optimized with the Yoast SEO plugin v24.1 - https:\/\/yoast.com\/wordpress\/plugins\/seo\/ -->\n<title>Wei\u00dfe Pr\u00e4sentschatulle &quot;Alles Liebe&quot; - DreiMeister Spezialit\u00e4ten<\/title>\n<meta name=\"description\" content=\"Wei\u00dfe Pr\u00e4sentschatulle mit s\u00fc\u00dfem Inhalt. Ideal zum Verschenken!\" \/>\n<meta name=\"robots\" content=\"index, follow, max-snippet:-1, max-image-preview:large, max-video-preview:-1\" \/>\n<link rel=\"canonical\" href=\"https:\/\/www.dreimeister.de\/en\/shop\/pralinen-und-trueffel\/mittlere-praesentschatulle-mit-schleife-2\/\" \/>\n<meta property=\"og:locale\" content=\"en_GB\" \/>\n<meta property=\"og:locale:alternate\" content=\"de_DE_formal\" \/>\n<meta property=\"og:type\" content=\"article\" \/>\n<meta property=\"og:title\" content=\"Wei\u00dfe Pr\u00e4sentschatulle &quot;Alles Liebe&quot;\" \/>\n<meta property=\"og:description\" content=\"Wei\u00dfe Pr\u00e4sentschatulle mit s\u00fc\u00dfem Inhalt. Ideal zum Verschenken!\" \/>\n<meta property=\"og:url\" content=\"https:\/\/www.dreimeister.de\/en\/shop\/pralinen-und-trueffel\/mittlere-praesentschatulle-mit-schleife-2\/\" \/>\n<meta property=\"og:site_name\" content=\"DreiMeister\" \/>\n<meta property=\"article:publisher\" content=\"https:\/\/www.facebook.com\/dreimeister.spezialitaeten\" \/>\n<meta property=\"article:modified_time\" content=\"2026-03-09T11:12:31+00:00\" \/>\n<meta property=\"og:image\" content=\"http:\/\/www.dreimeister.de\/wp-content\/uploads\/2024\/09\/11612_Weisse-Praesentschatulle-mit-Banderole.jpg\" \/>\n\t<meta property=\"og:image:width\" content=\"1200\" \/>\n\t<meta property=\"og:image:height\" content=\"1200\" \/>\n\t<meta property=\"og:image:type\" content=\"image\/jpeg\" \/>\n<meta name=\"twitter:label1\" content=\"Estimated reading time\" \/>\n\t<meta name=\"twitter:data1\" content=\"1 minute\" \/>\n<script type=\"application\/ld+json\" class=\"yoast-schema-graph\">{\"@context\":\"https:\/\/schema.org\",\"@graph\":[{\"@type\":\"WebPage\",\"@id\":\"https:\/\/www.dreimeister.de\/shop\/pralinen-und-trueffel\/mittlere-praesentschatulle-mit-schleife-2\/\",\"url\":\"https:\/\/www.dreimeister.de\/shop\/pralinen-und-trueffel\/mittlere-praesentschatulle-mit-schleife-2\/\",\"name\":\"Wei\u00dfe Pr\u00e4sentschatulle \\\"Alles Liebe\\\"\",\"isPartOf\":{\"@id\":\"https:\/\/www.dreimeister.de\/#website\"},\"primaryImageOfPage\":{\"@id\":\"https:\/\/www.dreimeister.de\/shop\/pralinen-und-trueffel\/mittlere-praesentschatulle-mit-schleife-2\/#primaryimage\"},\"image\":{\"@id\":\"https:\/\/www.dreimeister.de\/shop\/pralinen-und-trueffel\/mittlere-praesentschatulle-mit-schleife-2\/#primaryimage\"},\"thumbnailUrl\":\"https:\/\/www.dreimeister.de\/wp-content\/uploads\/2024\/09\/11612_Weisse-Praesentschatulle-mit-Banderole.jpg\",\"datePublished\":\"2024-09-03T12:45:04+00:00\",\"dateModified\":\"2026-03-09T11:12:31+00:00\",\"description\":\"Wei\u00dfe Pr\u00e4sentschatulle mit s\u00fc\u00dfem Inhalt. Ideal zum Verschenken!\",\"breadcrumb\":{\"@id\":\"https:\/\/www.dreimeister.de\/shop\/pralinen-und-trueffel\/mittlere-praesentschatulle-mit-schleife-2\/#breadcrumb\"},\"inLanguage\":\"en-GB\",\"potentialAction\":[{\"@type\":\"ReadAction\",\"target\":[\"https:\/\/www.dreimeister.de\/shop\/pralinen-und-trueffel\/mittlere-praesentschatulle-mit-schleife-2\/\"]}]},{\"@type\":\"ImageObject\",\"inLanguage\":\"en-GB\",\"@id\":\"https:\/\/www.dreimeister.de\/shop\/pralinen-und-trueffel\/mittlere-praesentschatulle-mit-schleife-2\/#primaryimage\",\"url\":\"https:\/\/www.dreimeister.de\/wp-content\/uploads\/2024\/09\/11612_Weisse-Praesentschatulle-mit-Banderole.jpg\",\"contentUrl\":\"https:\/\/www.dreimeister.de\/wp-content\/uploads\/2024\/09\/11612_Weisse-Praesentschatulle-mit-Banderole.jpg\",\"width\":1200,\"height\":1200},{\"@type\":\"BreadcrumbList\",\"@id\":\"https:\/\/www.dreimeister.de\/shop\/pralinen-und-trueffel\/mittlere-praesentschatulle-mit-schleife-2\/#breadcrumb\",\"itemListElement\":[{\"@type\":\"ListItem\",\"position\":1,\"name\":\"Home\",\"item\":\"https:\/\/www.dreimeister.de\/\"},{\"@type\":\"ListItem\",\"position\":2,\"name\":\"Shop\",\"item\":\"https:\/\/www.dreimeister.de\/shop\/\"},{\"@type\":\"ListItem\",\"position\":3,\"name\":\"Wei\u00dfe Pr\u00e4sentschatulle &#8222;Alles Liebe&#8220;\"}]},{\"@type\":\"WebSite\",\"@id\":\"https:\/\/www.dreimeister.de\/#website\",\"url\":\"https:\/\/www.dreimeister.de\/\",\"name\":\"DreiMeister\",\"description\":\"Finest chocolate\",\"potentialAction\":[{\"@type\":\"SearchAction\",\"target\":{\"@type\":\"EntryPoint\",\"urlTemplate\":\"https:\/\/www.dreimeister.de\/?s={search_term_string}\"},\"query-input\":{\"@type\":\"PropertyValueSpecification\",\"valueRequired\":true,\"valueName\":\"search_term_string\"}}],\"inLanguage\":\"en-GB\"}]}<\/script>\n<!-- \/ Yoast SEO plugin. -->","yoast_head_json":{"title":"Wei\u00dfe Pr\u00e4sentschatulle \"Alles Liebe\" - DreiMeister Spezialit\u00e4ten","description":"Wei\u00dfe Pr\u00e4sentschatulle mit s\u00fc\u00dfem Inhalt. Ideal zum Verschenken!","robots":{"index":"index","follow":"follow","max-snippet":"max-snippet:-1","max-image-preview":"max-image-preview:large","max-video-preview":"max-video-preview:-1"},"canonical":"https:\/\/www.dreimeister.de\/en\/shop\/pralinen-und-trueffel\/mittlere-praesentschatulle-mit-schleife-2\/","og_locale":"en_GB","og_type":"article","og_title":"[:de]Wei\u00dfe Pr\u00e4sentschatulle \"Alles Liebe\"[:] - DreiMeister Spezialit\u00e4ten","og_description":"Wei\u00dfe Pr\u00e4sentschatulle mit s\u00fc\u00dfem Inhalt. Ideal zum Verschenken!","og_url":"https:\/\/www.dreimeister.de\/en\/shop\/pralinen-und-trueffel\/mittlere-praesentschatulle-mit-schleife-2\/","og_site_name":"DreiMeister","article_publisher":"https:\/\/www.facebook.com\/dreimeister.spezialitaeten","article_modified_time":"2026-03-09T11:12:31+00:00","og_image":[{"width":1200,"height":1200,"url":"http:\/\/www.dreimeister.de\/wp-content\/uploads\/2024\/09\/11612_Weisse-Praesentschatulle-mit-Banderole.jpg","type":"image\/jpeg"}],"twitter_misc":{"Estimated reading time":"1 minute"},"schema":{"@context":"https:\/\/schema.org","@graph":[{"@type":"WebPage","@id":"https:\/\/www.dreimeister.de\/shop\/pralinen-und-trueffel\/mittlere-praesentschatulle-mit-schleife-2\/","url":"https:\/\/www.dreimeister.de\/shop\/pralinen-und-trueffel\/mittlere-praesentschatulle-mit-schleife-2\/","name":"Wei\u00dfe Pr\u00e4sentschatulle \"Alles Liebe\"","isPartOf":{"@id":"https:\/\/www.dreimeister.de\/#website"},"primaryImageOfPage":{"@id":"https:\/\/www.dreimeister.de\/shop\/pralinen-und-trueffel\/mittlere-praesentschatulle-mit-schleife-2\/#primaryimage"},"image":{"@id":"https:\/\/www.dreimeister.de\/shop\/pralinen-und-trueffel\/mittlere-praesentschatulle-mit-schleife-2\/#primaryimage"},"thumbnailUrl":"https:\/\/www.dreimeister.de\/wp-content\/uploads\/2024\/09\/11612_Weisse-Praesentschatulle-mit-Banderole.jpg","datePublished":"2024-09-03T12:45:04+00:00","dateModified":"2026-03-09T11:12:31+00:00","description":"Wei\u00dfe Pr\u00e4sentschatulle mit s\u00fc\u00dfem Inhalt. Ideal zum Verschenken!","breadcrumb":{"@id":"https:\/\/www.dreimeister.de\/shop\/pralinen-und-trueffel\/mittlere-praesentschatulle-mit-schleife-2\/#breadcrumb"},"inLanguage":"en-GB","potentialAction":[{"@type":"ReadAction","target":["https:\/\/www.dreimeister.de\/shop\/pralinen-und-trueffel\/mittlere-praesentschatulle-mit-schleife-2\/"]}]},{"@type":"ImageObject","inLanguage":"en-GB","@id":"https:\/\/www.dreimeister.de\/shop\/pralinen-und-trueffel\/mittlere-praesentschatulle-mit-schleife-2\/#primaryimage","url":"https:\/\/www.dreimeister.de\/wp-content\/uploads\/2024\/09\/11612_Weisse-Praesentschatulle-mit-Banderole.jpg","contentUrl":"https:\/\/www.dreimeister.de\/wp-content\/uploads\/2024\/09\/11612_Weisse-Praesentschatulle-mit-Banderole.jpg","width":1200,"height":1200},{"@type":"BreadcrumbList","@id":"https:\/\/www.dreimeister.de\/shop\/pralinen-und-trueffel\/mittlere-praesentschatulle-mit-schleife-2\/#breadcrumb","itemListElement":[{"@type":"ListItem","position":1,"name":"Home","item":"https:\/\/www.dreimeister.de\/"},{"@type":"ListItem","position":2,"name":"Shop","item":"https:\/\/www.dreimeister.de\/shop\/"},{"@type":"ListItem","position":3,"name":"Wei\u00dfe Pr\u00e4sentschatulle &#8222;Alles Liebe&#8220;"}]},{"@type":"WebSite","@id":"https:\/\/www.dreimeister.de\/#website","url":"https:\/\/www.dreimeister.de\/","name":"DreiMeister","description":"Finest chocolate","potentialAction":[{"@type":"SearchAction","target":{"@type":"EntryPoint","urlTemplate":"https:\/\/www.dreimeister.de\/?s={search_term_string}"},"query-input":{"@type":"PropertyValueSpecification","valueRequired":true,"valueName":"search_term_string"}}],"inLanguage":"en-GB"}]}},"_links":{"self":[{"href":"https:\/\/www.dreimeister.de\/en\/wp-json\/wp\/v2\/product\/123323"}],"collection":[{"href":"https:\/\/www.dreimeister.de\/en\/wp-json\/wp\/v2\/product"}],"about":[{"href":"https:\/\/www.dreimeister.de\/en\/wp-json\/wp\/v2\/types\/product"}],"replies":[{"embeddable":true,"href":"https:\/\/www.dreimeister.de\/en\/wp-json\/wp\/v2\/comments?post=123323"}],"wp:featuredmedia":[{"embeddable":true,"href":"https:\/\/www.dreimeister.de\/en\/wp-json\/wp\/v2\/media\/130686"}],"wp:attachment":[{"href":"https:\/\/www.dreimeister.de\/en\/wp-json\/wp\/v2\/media?parent=123323"}],"wp:term":[{"taxonomy":"product_cat","embeddable":true,"href":"https:\/\/www.dreimeister.de\/en\/wp-json\/wp\/v2\/product_cat?post=123323"},{"taxonomy":"product_tag","embeddable":true,"href":"https:\/\/www.dreimeister.de\/en\/wp-json\/wp\/v2\/product_tag?post=123323"}],"curies":[{"name":"wp","href":"https:\/\/api.w.org\/{rel}","templated":true}]}}