{"id":123675,"date":"2024-09-11T10:23:50","date_gmt":"2024-09-11T08:23:50","guid":{"rendered":"https:\/\/www.dreimeister.de\/?post_type=product&#038;p=123675"},"modified":"2026-02-20T10:14:53","modified_gmt":"2026-02-20T09:14:53","slug":"offizielle-hsv-100g-tafelschokolade","status":"publish","type":"product","link":"https:\/\/www.dreimeister.de\/en\/shop\/schokolade\/offizielle-hsv-100g-tafelschokolade\/","title":{"rendered":"HSV 100g Tafelschokolade, Vollmilch"},"content":{"rendered":"<h4>Produktinformation \u201eHSV 100g Tafelschokolade, Vollmilch\u201c<\/h4>\n<p>Inhalt: 100g<\/p>\n<p><strong>FEINSTE VOLLMILCHSCHOKOLADE:<\/strong> Unsere Schokolade wird aus hochwertiger Vollmilchschokolade hergestellt, die f\u00fcr ihren besonders cremigen und vollmundigen Geschmack bekannt ist.<\/p>\n<p><strong>OFFIZIELLES HSV DESIGN:<\/strong> Die Tafel ist in einer attraktiven Kartonage im exklusiven HSV-Design verpackt, die stolz das Vereinslogo zeigt. Ideal, um Ihre Treue zum Hamburger SV zu zeigen oder um sie als besonderes Geschenk zu \u00fcberreichen.<\/p>\n<p><strong>IDEALES GESCHENK F\u00dcR FANS:<\/strong> Ob als s\u00fc\u00dfe Belohnung nach einem spannenden Spiel oder als durchdachtes Pr\u00e4sent f\u00fcr Freunde und Familie \u2013 diese Tafelschokolade ist das perfekte Mitbringsel f\u00fcr jeden Anh\u00e4nger des Hamburger SV.<\/p>\n<p>&nbsp;<\/p>\n","protected":false},"excerpt":{"rendered":"<p>HALBZEITSNACK &#8211; ideal zum Vernaschen f\u00fcr zwischendurch oder zum \u00dcberbr\u00fccken der Halbzeit.<\/p>\n","protected":false},"featured_media":124042,"comment_status":"closed","ping_status":"closed","template":"","meta":{"_acf_changed":false},"product_cat":[111,28],"product_tag":[32,30],"class_list":{"0":"post-123675","1":"product","2":"type-product","3":"status-publish","4":"has-post-thumbnail","6":"product_cat-hsv","7":"product_cat-schokolade","8":"product_tag-ohne-alkohol","9":"product_tag-vollmilch","11":"first","12":"outofstock","13":"taxable","14":"shipping-taxable","15":"purchasable","16":"product-type-simple"},"acf":[],"yoast_head":"<!-- This site is optimized with the Yoast SEO plugin v24.1 - https:\/\/yoast.com\/wordpress\/plugins\/seo\/ -->\n<title>HSV 100g Tafelschokolade, Vollmilch - DreiMeister Spezialit\u00e4ten<\/title>\n<meta name=\"description\" content=\"S\u00dcSSE VEREINSLIEBE - Schokoladige Freude f\u00fcr Fans vom HSV. Das ideale Mitbringsel oder Geschenk.\" \/>\n<meta name=\"robots\" content=\"index, follow, max-snippet:-1, max-image-preview:large, max-video-preview:-1\" \/>\n<link rel=\"canonical\" href=\"https:\/\/www.dreimeister.de\/en\/shop\/schokolade\/offizielle-hsv-100g-tafelschokolade\/\" \/>\n<meta property=\"og:locale\" content=\"en_GB\" \/>\n<meta property=\"og:locale:alternate\" content=\"de_DE_formal\" \/>\n<meta property=\"og:type\" content=\"article\" \/>\n<meta property=\"og:title\" content=\"HSV 100g Tafelschokolade, Vollmilch\" \/>\n<meta property=\"og:description\" content=\"S\u00dcSSE VEREINSLIEBE - Schokoladige Freude f\u00fcr Fans vom HSV. Das ideale Mitbringsel oder Geschenk.\" \/>\n<meta property=\"og:url\" content=\"https:\/\/www.dreimeister.de\/en\/shop\/schokolade\/offizielle-hsv-100g-tafelschokolade\/\" \/>\n<meta property=\"og:site_name\" content=\"DreiMeister\" \/>\n<meta property=\"article:publisher\" content=\"https:\/\/www.facebook.com\/dreimeister.spezialitaeten\" \/>\n<meta property=\"article:modified_time\" content=\"2026-02-20T09:14:53+00:00\" \/>\n<meta property=\"og:image\" content=\"http:\/\/www.dreimeister.de\/wp-content\/uploads\/2024\/09\/HSV_Tafelschokolade.jpg\" \/>\n\t<meta property=\"og:image:width\" content=\"750\" \/>\n\t<meta property=\"og:image:height\" content=\"750\" \/>\n\t<meta property=\"og:image:type\" content=\"image\/jpeg\" \/>\n<meta name=\"twitter:label1\" content=\"Estimated reading time\" \/>\n\t<meta name=\"twitter:data1\" content=\"1 minute\" \/>\n<script type=\"application\/ld+json\" class=\"yoast-schema-graph\">{\"@context\":\"https:\/\/schema.org\",\"@graph\":[{\"@type\":\"WebPage\",\"@id\":\"https:\/\/www.dreimeister.de\/shop\/schokolade\/offizielle-hsv-100g-tafelschokolade\/\",\"url\":\"https:\/\/www.dreimeister.de\/shop\/schokolade\/offizielle-hsv-100g-tafelschokolade\/\",\"name\":\"HSV 100g Tafelschokolade, Vollmilch\",\"isPartOf\":{\"@id\":\"https:\/\/www.dreimeister.de\/#website\"},\"primaryImageOfPage\":{\"@id\":\"https:\/\/www.dreimeister.de\/shop\/schokolade\/offizielle-hsv-100g-tafelschokolade\/#primaryimage\"},\"image\":{\"@id\":\"https:\/\/www.dreimeister.de\/shop\/schokolade\/offizielle-hsv-100g-tafelschokolade\/#primaryimage\"},\"thumbnailUrl\":\"https:\/\/www.dreimeister.de\/wp-content\/uploads\/2024\/09\/HSV_Tafelschokolade.jpg\",\"datePublished\":\"2024-09-11T08:23:50+00:00\",\"dateModified\":\"2026-02-20T09:14:53+00:00\",\"description\":\"S\u00dcSSE VEREINSLIEBE - Schokoladige Freude f\u00fcr Fans vom HSV. Das ideale Mitbringsel oder Geschenk.\",\"breadcrumb\":{\"@id\":\"https:\/\/www.dreimeister.de\/shop\/schokolade\/offizielle-hsv-100g-tafelschokolade\/#breadcrumb\"},\"inLanguage\":\"en-GB\",\"potentialAction\":[{\"@type\":\"ReadAction\",\"target\":[\"https:\/\/www.dreimeister.de\/shop\/schokolade\/offizielle-hsv-100g-tafelschokolade\/\"]}]},{\"@type\":\"ImageObject\",\"inLanguage\":\"en-GB\",\"@id\":\"https:\/\/www.dreimeister.de\/shop\/schokolade\/offizielle-hsv-100g-tafelschokolade\/#primaryimage\",\"url\":\"https:\/\/www.dreimeister.de\/wp-content\/uploads\/2024\/09\/HSV_Tafelschokolade.jpg\",\"contentUrl\":\"https:\/\/www.dreimeister.de\/wp-content\/uploads\/2024\/09\/HSV_Tafelschokolade.jpg\",\"width\":750,\"height\":750},{\"@type\":\"BreadcrumbList\",\"@id\":\"https:\/\/www.dreimeister.de\/shop\/schokolade\/offizielle-hsv-100g-tafelschokolade\/#breadcrumb\",\"itemListElement\":[{\"@type\":\"ListItem\",\"position\":1,\"name\":\"Home\",\"item\":\"https:\/\/www.dreimeister.de\/\"},{\"@type\":\"ListItem\",\"position\":2,\"name\":\"Shop\",\"item\":\"https:\/\/www.dreimeister.de\/shop\/\"},{\"@type\":\"ListItem\",\"position\":3,\"name\":\"HSV 100g Tafelschokolade, Vollmilch\"}]},{\"@type\":\"WebSite\",\"@id\":\"https:\/\/www.dreimeister.de\/#website\",\"url\":\"https:\/\/www.dreimeister.de\/\",\"name\":\"DreiMeister\",\"description\":\"Finest chocolate\",\"potentialAction\":[{\"@type\":\"SearchAction\",\"target\":{\"@type\":\"EntryPoint\",\"urlTemplate\":\"https:\/\/www.dreimeister.de\/?s={search_term_string}\"},\"query-input\":{\"@type\":\"PropertyValueSpecification\",\"valueRequired\":true,\"valueName\":\"search_term_string\"}}],\"inLanguage\":\"en-GB\"}]}<\/script>\n<!-- \/ Yoast SEO plugin. -->","yoast_head_json":{"title":"HSV 100g Tafelschokolade, Vollmilch - DreiMeister Spezialit\u00e4ten","description":"S\u00dcSSE VEREINSLIEBE - Schokoladige Freude f\u00fcr Fans vom HSV. Das ideale Mitbringsel oder Geschenk.","robots":{"index":"index","follow":"follow","max-snippet":"max-snippet:-1","max-image-preview":"max-image-preview:large","max-video-preview":"max-video-preview:-1"},"canonical":"https:\/\/www.dreimeister.de\/en\/shop\/schokolade\/offizielle-hsv-100g-tafelschokolade\/","og_locale":"en_GB","og_type":"article","og_title":"[:de]HSV 100g Tafelschokolade, Vollmilch[:] - DreiMeister Spezialit\u00e4ten","og_description":"S\u00dcSSE VEREINSLIEBE - Schokoladige Freude f\u00fcr Fans vom HSV. Das ideale Mitbringsel oder Geschenk.","og_url":"https:\/\/www.dreimeister.de\/en\/shop\/schokolade\/offizielle-hsv-100g-tafelschokolade\/","og_site_name":"DreiMeister","article_publisher":"https:\/\/www.facebook.com\/dreimeister.spezialitaeten","article_modified_time":"2026-02-20T09:14:53+00:00","og_image":[{"width":750,"height":750,"url":"http:\/\/www.dreimeister.de\/wp-content\/uploads\/2024\/09\/HSV_Tafelschokolade.jpg","type":"image\/jpeg"}],"twitter_misc":{"Estimated reading time":"1 minute"},"schema":{"@context":"https:\/\/schema.org","@graph":[{"@type":"WebPage","@id":"https:\/\/www.dreimeister.de\/shop\/schokolade\/offizielle-hsv-100g-tafelschokolade\/","url":"https:\/\/www.dreimeister.de\/shop\/schokolade\/offizielle-hsv-100g-tafelschokolade\/","name":"HSV 100g Tafelschokolade, Vollmilch","isPartOf":{"@id":"https:\/\/www.dreimeister.de\/#website"},"primaryImageOfPage":{"@id":"https:\/\/www.dreimeister.de\/shop\/schokolade\/offizielle-hsv-100g-tafelschokolade\/#primaryimage"},"image":{"@id":"https:\/\/www.dreimeister.de\/shop\/schokolade\/offizielle-hsv-100g-tafelschokolade\/#primaryimage"},"thumbnailUrl":"https:\/\/www.dreimeister.de\/wp-content\/uploads\/2024\/09\/HSV_Tafelschokolade.jpg","datePublished":"2024-09-11T08:23:50+00:00","dateModified":"2026-02-20T09:14:53+00:00","description":"S\u00dcSSE VEREINSLIEBE - Schokoladige Freude f\u00fcr Fans vom HSV. Das ideale Mitbringsel oder Geschenk.","breadcrumb":{"@id":"https:\/\/www.dreimeister.de\/shop\/schokolade\/offizielle-hsv-100g-tafelschokolade\/#breadcrumb"},"inLanguage":"en-GB","potentialAction":[{"@type":"ReadAction","target":["https:\/\/www.dreimeister.de\/shop\/schokolade\/offizielle-hsv-100g-tafelschokolade\/"]}]},{"@type":"ImageObject","inLanguage":"en-GB","@id":"https:\/\/www.dreimeister.de\/shop\/schokolade\/offizielle-hsv-100g-tafelschokolade\/#primaryimage","url":"https:\/\/www.dreimeister.de\/wp-content\/uploads\/2024\/09\/HSV_Tafelschokolade.jpg","contentUrl":"https:\/\/www.dreimeister.de\/wp-content\/uploads\/2024\/09\/HSV_Tafelschokolade.jpg","width":750,"height":750},{"@type":"BreadcrumbList","@id":"https:\/\/www.dreimeister.de\/shop\/schokolade\/offizielle-hsv-100g-tafelschokolade\/#breadcrumb","itemListElement":[{"@type":"ListItem","position":1,"name":"Home","item":"https:\/\/www.dreimeister.de\/"},{"@type":"ListItem","position":2,"name":"Shop","item":"https:\/\/www.dreimeister.de\/shop\/"},{"@type":"ListItem","position":3,"name":"HSV 100g Tafelschokolade, Vollmilch"}]},{"@type":"WebSite","@id":"https:\/\/www.dreimeister.de\/#website","url":"https:\/\/www.dreimeister.de\/","name":"DreiMeister","description":"Finest chocolate","potentialAction":[{"@type":"SearchAction","target":{"@type":"EntryPoint","urlTemplate":"https:\/\/www.dreimeister.de\/?s={search_term_string}"},"query-input":{"@type":"PropertyValueSpecification","valueRequired":true,"valueName":"search_term_string"}}],"inLanguage":"en-GB"}]}},"_links":{"self":[{"href":"https:\/\/www.dreimeister.de\/en\/wp-json\/wp\/v2\/product\/123675"}],"collection":[{"href":"https:\/\/www.dreimeister.de\/en\/wp-json\/wp\/v2\/product"}],"about":[{"href":"https:\/\/www.dreimeister.de\/en\/wp-json\/wp\/v2\/types\/product"}],"replies":[{"embeddable":true,"href":"https:\/\/www.dreimeister.de\/en\/wp-json\/wp\/v2\/comments?post=123675"}],"wp:featuredmedia":[{"embeddable":true,"href":"https:\/\/www.dreimeister.de\/en\/wp-json\/wp\/v2\/media\/124042"}],"wp:attachment":[{"href":"https:\/\/www.dreimeister.de\/en\/wp-json\/wp\/v2\/media?parent=123675"}],"wp:term":[{"taxonomy":"product_cat","embeddable":true,"href":"https:\/\/www.dreimeister.de\/en\/wp-json\/wp\/v2\/product_cat?post=123675"},{"taxonomy":"product_tag","embeddable":true,"href":"https:\/\/www.dreimeister.de\/en\/wp-json\/wp\/v2\/product_tag?post=123675"}],"curies":[{"name":"wp","href":"https:\/\/api.w.org\/{rel}","templated":true}]}}