{"id":123694,"date":"2024-09-11T11:28:29","date_gmt":"2024-09-11T09:28:29","guid":{"rendered":"https:\/\/www.dreimeister.de\/?post_type=product&#038;p=123694"},"modified":"2026-02-25T11:55:35","modified_gmt":"2026-02-25T10:55:35","slug":"offizielle-hsv-hafen-12er-holzkiste","status":"publish","type":"product","link":"https:\/\/www.dreimeister.de\/en\/shop\/schokoladentaler\/offizielle-hsv-hafen-12er-holzkiste\/","title":{"rendered":"Offizielle HSV Holzkiste &#8220;HSV &#8211; Hafen&#8221;"},"content":{"rendered":"<h4>Produktinformation \u201eOffizielle HSV Holzkiste &#8220;HSV &#8211; Hafen&#8221;<\/h4>\n<p>Inhalt: 96g (12 Vollmilchtaler, 3 Sorten: Kakao, Karamell, Cappuccino)<\/p>\n<p><span class=\"a-list-item\"><strong>NASCHSPASS F\u00dcR FANS<\/strong> &#8211; 12 kleine Schokoladensch\u00e4tze in einer besonderen Holzkiste f\u00fcr HSV-Fans verpackt.<\/span><\/p>\n<p><span class=\"a-list-item\"><strong>DREI GESCHMACKSRICHTUNGEN<\/strong> &#8211; Genie\u00dfe eine Vielfalt von Geschmacksvariationen: Cappuccino, Karamell und Kakao. Da ist f\u00fcr jeden Genie\u00dfer etwas dabei.<\/span><\/p>\n<p><span class=\"a-list-item\"><strong>PERFEKT ZUM TEILEN UND VERSCHENKEN<\/strong> &#8211; die Holzkisten &#8220;HSV-Hafen&#8221; ist ein Must-have f\u00fcr jeden HSV-Fan und eine wunderbare Geschenkidee jeden Schokoliebhaber und Vereinsanh\u00e4nger. <\/span><\/p>\n<p>&nbsp;<\/p>\n","protected":false},"excerpt":{"rendered":"<p>HALBZEITSNACK &#8211; ideal zum Vernaschen f\u00fcr zwischendurch oder zum \u00dcberbr\u00fccken der Halbzeit.<\/p>\n","protected":false},"featured_media":124046,"comment_status":"closed","ping_status":"closed","template":"","meta":{"_acf_changed":false},"product_cat":[111,26],"product_tag":[32,30,29],"class_list":{"0":"post-123694","1":"product","2":"type-product","3":"status-publish","4":"has-post-thumbnail","6":"product_cat-hsv","7":"product_cat-schokoladentaler","8":"product_tag-ohne-alkohol","9":"product_tag-vollmilch","10":"product_tag-zartbitter","12":"first","13":"outofstock","14":"taxable","15":"shipping-taxable","16":"purchasable","17":"product-type-simple"},"acf":[],"yoast_head":"<!-- This site is optimized with the Yoast SEO plugin v24.1 - https:\/\/yoast.com\/wordpress\/plugins\/seo\/ -->\n<title>Offizielle HSV Holzkiste &quot;HSV - Hafen&quot;[:] - DreiMeister Spezialit\u00e4ten<\/title>\n<meta name=\"description\" content=\"S\u00dcSSE VEREINSLIEBE - Schokoladige Freude f\u00fcr Fans vom HSV. Das ideale Mitbringsel oder Geschenk.\" \/>\n<meta name=\"robots\" content=\"index, follow, max-snippet:-1, max-image-preview:large, max-video-preview:-1\" \/>\n<link rel=\"canonical\" href=\"https:\/\/www.dreimeister.de\/en\/shop\/schokoladentaler\/offizielle-hsv-hafen-12er-holzkiste\/\" \/>\n<meta property=\"og:locale\" content=\"en_GB\" \/>\n<meta property=\"og:locale:alternate\" content=\"de_DE_formal\" \/>\n<meta property=\"og:type\" content=\"article\" \/>\n<meta property=\"og:title\" content=\"Offizielle HSV Holzkiste &quot;HSV - Hafen&quot;\" \/>\n<meta property=\"og:description\" content=\"S\u00dcSSE VEREINSLIEBE - Schokoladige Freude f\u00fcr Fans vom HSV. Das ideale Mitbringsel oder Geschenk.\" \/>\n<meta property=\"og:url\" content=\"https:\/\/www.dreimeister.de\/en\/shop\/schokoladentaler\/offizielle-hsv-hafen-12er-holzkiste\/\" \/>\n<meta property=\"og:site_name\" content=\"DreiMeister\" \/>\n<meta property=\"article:publisher\" content=\"https:\/\/www.facebook.com\/dreimeister.spezialitaeten\" \/>\n<meta property=\"article:modified_time\" content=\"2026-02-25T10:55:35+00:00\" \/>\n<meta property=\"og:image\" content=\"http:\/\/www.dreimeister.de\/wp-content\/uploads\/2024\/09\/HSV_12er-Holzkiste_Branding_Kaffeetaler.jpg\" \/>\n\t<meta property=\"og:image:width\" content=\"750\" \/>\n\t<meta property=\"og:image:height\" content=\"750\" \/>\n\t<meta property=\"og:image:type\" content=\"image\/jpeg\" \/>\n<meta name=\"twitter:label1\" content=\"Estimated reading time\" \/>\n\t<meta name=\"twitter:data1\" content=\"1 minute\" \/>\n<script type=\"application\/ld+json\" class=\"yoast-schema-graph\">{\"@context\":\"https:\/\/schema.org\",\"@graph\":[{\"@type\":\"WebPage\",\"@id\":\"https:\/\/www.dreimeister.de\/shop\/schokoladentaler\/offizielle-hsv-hafen-12er-holzkiste\/\",\"url\":\"https:\/\/www.dreimeister.de\/shop\/schokoladentaler\/offizielle-hsv-hafen-12er-holzkiste\/\",\"name\":\"Offizielle HSV Holzkiste \\\"HSV - Hafen\\\"\",\"isPartOf\":{\"@id\":\"https:\/\/www.dreimeister.de\/#website\"},\"primaryImageOfPage\":{\"@id\":\"https:\/\/www.dreimeister.de\/shop\/schokoladentaler\/offizielle-hsv-hafen-12er-holzkiste\/#primaryimage\"},\"image\":{\"@id\":\"https:\/\/www.dreimeister.de\/shop\/schokoladentaler\/offizielle-hsv-hafen-12er-holzkiste\/#primaryimage\"},\"thumbnailUrl\":\"https:\/\/www.dreimeister.de\/wp-content\/uploads\/2024\/09\/HSV_12er-Holzkiste_Branding_Kaffeetaler.jpg\",\"datePublished\":\"2024-09-11T09:28:29+00:00\",\"dateModified\":\"2026-02-25T10:55:35+00:00\",\"description\":\"S\u00dcSSE VEREINSLIEBE - Schokoladige Freude f\u00fcr Fans vom HSV. Das ideale Mitbringsel oder Geschenk.\",\"breadcrumb\":{\"@id\":\"https:\/\/www.dreimeister.de\/shop\/schokoladentaler\/offizielle-hsv-hafen-12er-holzkiste\/#breadcrumb\"},\"inLanguage\":\"en-GB\",\"potentialAction\":[{\"@type\":\"ReadAction\",\"target\":[\"https:\/\/www.dreimeister.de\/shop\/schokoladentaler\/offizielle-hsv-hafen-12er-holzkiste\/\"]}]},{\"@type\":\"ImageObject\",\"inLanguage\":\"en-GB\",\"@id\":\"https:\/\/www.dreimeister.de\/shop\/schokoladentaler\/offizielle-hsv-hafen-12er-holzkiste\/#primaryimage\",\"url\":\"https:\/\/www.dreimeister.de\/wp-content\/uploads\/2024\/09\/HSV_12er-Holzkiste_Branding_Kaffeetaler.jpg\",\"contentUrl\":\"https:\/\/www.dreimeister.de\/wp-content\/uploads\/2024\/09\/HSV_12er-Holzkiste_Branding_Kaffeetaler.jpg\",\"width\":750,\"height\":750},{\"@type\":\"BreadcrumbList\",\"@id\":\"https:\/\/www.dreimeister.de\/shop\/schokoladentaler\/offizielle-hsv-hafen-12er-holzkiste\/#breadcrumb\",\"itemListElement\":[{\"@type\":\"ListItem\",\"position\":1,\"name\":\"Home\",\"item\":\"https:\/\/www.dreimeister.de\/\"},{\"@type\":\"ListItem\",\"position\":2,\"name\":\"Shop\",\"item\":\"https:\/\/www.dreimeister.de\/shop\/\"},{\"@type\":\"ListItem\",\"position\":3,\"name\":\"Offizielle HSV Holzkiste &#8222;HSV &#8211; Hafen&#8220;\"}]},{\"@type\":\"WebSite\",\"@id\":\"https:\/\/www.dreimeister.de\/#website\",\"url\":\"https:\/\/www.dreimeister.de\/\",\"name\":\"DreiMeister\",\"description\":\"Finest chocolate\",\"potentialAction\":[{\"@type\":\"SearchAction\",\"target\":{\"@type\":\"EntryPoint\",\"urlTemplate\":\"https:\/\/www.dreimeister.de\/?s={search_term_string}\"},\"query-input\":{\"@type\":\"PropertyValueSpecification\",\"valueRequired\":true,\"valueName\":\"search_term_string\"}}],\"inLanguage\":\"en-GB\"}]}<\/script>\n<!-- \/ Yoast SEO plugin. -->","yoast_head_json":{"title":"Offizielle HSV Holzkiste \"HSV - Hafen\"[:] - DreiMeister Spezialit\u00e4ten","description":"S\u00dcSSE VEREINSLIEBE - Schokoladige Freude f\u00fcr Fans vom HSV. Das ideale Mitbringsel oder Geschenk.","robots":{"index":"index","follow":"follow","max-snippet":"max-snippet:-1","max-image-preview":"max-image-preview:large","max-video-preview":"max-video-preview:-1"},"canonical":"https:\/\/www.dreimeister.de\/en\/shop\/schokoladentaler\/offizielle-hsv-hafen-12er-holzkiste\/","og_locale":"en_GB","og_type":"article","og_title":"[:de]Offizielle HSV Holzkiste \"HSV - Hafen\"[:] - DreiMeister Spezialit\u00e4ten","og_description":"S\u00dcSSE VEREINSLIEBE - Schokoladige Freude f\u00fcr Fans vom HSV. Das ideale Mitbringsel oder Geschenk.","og_url":"https:\/\/www.dreimeister.de\/en\/shop\/schokoladentaler\/offizielle-hsv-hafen-12er-holzkiste\/","og_site_name":"DreiMeister","article_publisher":"https:\/\/www.facebook.com\/dreimeister.spezialitaeten","article_modified_time":"2026-02-25T10:55:35+00:00","og_image":[{"width":750,"height":750,"url":"http:\/\/www.dreimeister.de\/wp-content\/uploads\/2024\/09\/HSV_12er-Holzkiste_Branding_Kaffeetaler.jpg","type":"image\/jpeg"}],"twitter_misc":{"Estimated reading time":"1 minute"},"schema":{"@context":"https:\/\/schema.org","@graph":[{"@type":"WebPage","@id":"https:\/\/www.dreimeister.de\/shop\/schokoladentaler\/offizielle-hsv-hafen-12er-holzkiste\/","url":"https:\/\/www.dreimeister.de\/shop\/schokoladentaler\/offizielle-hsv-hafen-12er-holzkiste\/","name":"Offizielle HSV Holzkiste \"HSV - Hafen\"","isPartOf":{"@id":"https:\/\/www.dreimeister.de\/#website"},"primaryImageOfPage":{"@id":"https:\/\/www.dreimeister.de\/shop\/schokoladentaler\/offizielle-hsv-hafen-12er-holzkiste\/#primaryimage"},"image":{"@id":"https:\/\/www.dreimeister.de\/shop\/schokoladentaler\/offizielle-hsv-hafen-12er-holzkiste\/#primaryimage"},"thumbnailUrl":"https:\/\/www.dreimeister.de\/wp-content\/uploads\/2024\/09\/HSV_12er-Holzkiste_Branding_Kaffeetaler.jpg","datePublished":"2024-09-11T09:28:29+00:00","dateModified":"2026-02-25T10:55:35+00:00","description":"S\u00dcSSE VEREINSLIEBE - Schokoladige Freude f\u00fcr Fans vom HSV. Das ideale Mitbringsel oder Geschenk.","breadcrumb":{"@id":"https:\/\/www.dreimeister.de\/shop\/schokoladentaler\/offizielle-hsv-hafen-12er-holzkiste\/#breadcrumb"},"inLanguage":"en-GB","potentialAction":[{"@type":"ReadAction","target":["https:\/\/www.dreimeister.de\/shop\/schokoladentaler\/offizielle-hsv-hafen-12er-holzkiste\/"]}]},{"@type":"ImageObject","inLanguage":"en-GB","@id":"https:\/\/www.dreimeister.de\/shop\/schokoladentaler\/offizielle-hsv-hafen-12er-holzkiste\/#primaryimage","url":"https:\/\/www.dreimeister.de\/wp-content\/uploads\/2024\/09\/HSV_12er-Holzkiste_Branding_Kaffeetaler.jpg","contentUrl":"https:\/\/www.dreimeister.de\/wp-content\/uploads\/2024\/09\/HSV_12er-Holzkiste_Branding_Kaffeetaler.jpg","width":750,"height":750},{"@type":"BreadcrumbList","@id":"https:\/\/www.dreimeister.de\/shop\/schokoladentaler\/offizielle-hsv-hafen-12er-holzkiste\/#breadcrumb","itemListElement":[{"@type":"ListItem","position":1,"name":"Home","item":"https:\/\/www.dreimeister.de\/"},{"@type":"ListItem","position":2,"name":"Shop","item":"https:\/\/www.dreimeister.de\/shop\/"},{"@type":"ListItem","position":3,"name":"Offizielle HSV Holzkiste &#8222;HSV &#8211; Hafen&#8220;"}]},{"@type":"WebSite","@id":"https:\/\/www.dreimeister.de\/#website","url":"https:\/\/www.dreimeister.de\/","name":"DreiMeister","description":"Finest chocolate","potentialAction":[{"@type":"SearchAction","target":{"@type":"EntryPoint","urlTemplate":"https:\/\/www.dreimeister.de\/?s={search_term_string}"},"query-input":{"@type":"PropertyValueSpecification","valueRequired":true,"valueName":"search_term_string"}}],"inLanguage":"en-GB"}]}},"_links":{"self":[{"href":"https:\/\/www.dreimeister.de\/en\/wp-json\/wp\/v2\/product\/123694"}],"collection":[{"href":"https:\/\/www.dreimeister.de\/en\/wp-json\/wp\/v2\/product"}],"about":[{"href":"https:\/\/www.dreimeister.de\/en\/wp-json\/wp\/v2\/types\/product"}],"replies":[{"embeddable":true,"href":"https:\/\/www.dreimeister.de\/en\/wp-json\/wp\/v2\/comments?post=123694"}],"wp:featuredmedia":[{"embeddable":true,"href":"https:\/\/www.dreimeister.de\/en\/wp-json\/wp\/v2\/media\/124046"}],"wp:attachment":[{"href":"https:\/\/www.dreimeister.de\/en\/wp-json\/wp\/v2\/media?parent=123694"}],"wp:term":[{"taxonomy":"product_cat","embeddable":true,"href":"https:\/\/www.dreimeister.de\/en\/wp-json\/wp\/v2\/product_cat?post=123694"},{"taxonomy":"product_tag","embeddable":true,"href":"https:\/\/www.dreimeister.de\/en\/wp-json\/wp\/v2\/product_tag?post=123694"}],"curies":[{"name":"wp","href":"https:\/\/api.w.org\/{rel}","templated":true}]}}