{"id":127098,"date":"2025-02-20T11:24:05","date_gmt":"2025-02-20T10:24:05","guid":{"rendered":"https:\/\/www.dreimeister.de\/?post_type=product&#038;p=127098"},"modified":"2026-03-05T13:01:35","modified_gmt":"2026-03-05T12:01:35","slug":"talerbox-nostalgie-osterhase","status":"publish","type":"product","link":"https:\/\/www.dreimeister.de\/en\/shop\/schokoladentaler\/talerbox-nostalgie-osterhase\/","title":{"rendered":"TalerBox &#8220;Nostalgie Osterhase&#8221;"},"content":{"rendered":"<h4>Produktinformation &#8220;TalerBox &#8220;Nostalgie Osterhase&#8221;&#8221;<\/h4>\n<p>Inhalt: 384 g (48 Taler je 8g)<\/p>\n","protected":false},"excerpt":{"rendered":"<p>Entdecke unsere Herz Taler aus feinster Vollmilchschokolade! Perfekt zum Teilen oder selber genie\u00dfen!<\/p>\n","protected":false},"featured_media":127096,"comment_status":"closed","ping_status":"closed","template":"","meta":{"_acf_changed":false},"product_cat":[26,90],"product_tag":[32,30],"class_list":{"0":"post-127098","1":"product","2":"type-product","3":"status-publish","4":"has-post-thumbnail","6":"product_cat-schokoladentaler","7":"product_cat-ostern","8":"product_tag-ohne-alkohol","9":"product_tag-vollmilch","11":"first","12":"instock","13":"taxable","14":"shipping-taxable","15":"purchasable","16":"product-type-simple"},"acf":[],"yoast_head":"<!-- This site is optimized with the Yoast SEO plugin v24.1 - https:\/\/yoast.com\/wordpress\/plugins\/seo\/ -->\n<title>TalerBox &quot;Nostalgie Osterhase&quot; - DreiMeister Spezialit\u00e4ten<\/title>\n<meta name=\"description\" content=\"Unsere TalerBox gef\u00fcllt mit 48 Talern aus Vollmilch. Perfekt zum Teilen oder selber genie\u00dfen!\" \/>\n<meta name=\"robots\" content=\"index, follow, max-snippet:-1, max-image-preview:large, max-video-preview:-1\" \/>\n<link rel=\"canonical\" href=\"https:\/\/www.dreimeister.de\/en\/shop\/schokoladentaler\/talerbox-nostalgie-osterhase\/\" \/>\n<meta property=\"og:locale\" content=\"en_GB\" \/>\n<meta property=\"og:locale:alternate\" content=\"de_DE_formal\" \/>\n<meta property=\"og:type\" content=\"article\" \/>\n<meta property=\"og:title\" content=\"TalerBox &quot;Nostalgie Osterhase&quot;\" \/>\n<meta property=\"og:description\" content=\"Unsere TalerBox gef\u00fcllt mit 48 Talern aus Vollmilch. Perfekt zum Teilen oder selber genie\u00dfen!\" \/>\n<meta property=\"og:url\" content=\"https:\/\/www.dreimeister.de\/en\/shop\/schokoladentaler\/talerbox-nostalgie-osterhase\/\" \/>\n<meta property=\"og:site_name\" content=\"DreiMeister\" \/>\n<meta property=\"article:publisher\" content=\"https:\/\/www.facebook.com\/dreimeister.spezialitaeten\" \/>\n<meta property=\"article:modified_time\" content=\"2026-03-05T12:01:35+00:00\" \/>\n<meta property=\"og:image\" content=\"http:\/\/www.dreimeister.de\/wp-content\/uploads\/2025\/02\/12973_TalerBox_Nostalgie_Osterhase_25_Mockup.jpg\" \/>\n\t<meta property=\"og:image:width\" content=\"1200\" \/>\n\t<meta property=\"og:image:height\" content=\"1200\" \/>\n\t<meta property=\"og:image:type\" content=\"image\/jpeg\" \/>\n<meta name=\"twitter:label1\" content=\"Estimated reading time\" \/>\n\t<meta name=\"twitter:data1\" content=\"1 minute\" \/>\n<script type=\"application\/ld+json\" class=\"yoast-schema-graph\">{\"@context\":\"https:\/\/schema.org\",\"@graph\":[{\"@type\":\"WebPage\",\"@id\":\"https:\/\/www.dreimeister.de\/shop\/schokoladentaler\/talerbox-nostalgie-osterhase\/\",\"url\":\"https:\/\/www.dreimeister.de\/shop\/schokoladentaler\/talerbox-nostalgie-osterhase\/\",\"name\":\"TalerBox \\\"Nostalgie Osterhase\\\"\",\"isPartOf\":{\"@id\":\"https:\/\/www.dreimeister.de\/#website\"},\"primaryImageOfPage\":{\"@id\":\"https:\/\/www.dreimeister.de\/shop\/schokoladentaler\/talerbox-nostalgie-osterhase\/#primaryimage\"},\"image\":{\"@id\":\"https:\/\/www.dreimeister.de\/shop\/schokoladentaler\/talerbox-nostalgie-osterhase\/#primaryimage\"},\"thumbnailUrl\":\"https:\/\/www.dreimeister.de\/wp-content\/uploads\/2025\/02\/12973_TalerBox_Nostalgie_Osterhase_25_Mockup.jpg\",\"datePublished\":\"2025-02-20T10:24:05+00:00\",\"dateModified\":\"2026-03-05T12:01:35+00:00\",\"description\":\"Unsere TalerBox gef\u00fcllt mit 48 Talern aus Vollmilch. Perfekt zum Teilen oder selber genie\u00dfen!\",\"breadcrumb\":{\"@id\":\"https:\/\/www.dreimeister.de\/shop\/schokoladentaler\/talerbox-nostalgie-osterhase\/#breadcrumb\"},\"inLanguage\":\"en-GB\",\"potentialAction\":[{\"@type\":\"ReadAction\",\"target\":[\"https:\/\/www.dreimeister.de\/shop\/schokoladentaler\/talerbox-nostalgie-osterhase\/\"]}]},{\"@type\":\"ImageObject\",\"inLanguage\":\"en-GB\",\"@id\":\"https:\/\/www.dreimeister.de\/shop\/schokoladentaler\/talerbox-nostalgie-osterhase\/#primaryimage\",\"url\":\"https:\/\/www.dreimeister.de\/wp-content\/uploads\/2025\/02\/12973_TalerBox_Nostalgie_Osterhase_25_Mockup.jpg\",\"contentUrl\":\"https:\/\/www.dreimeister.de\/wp-content\/uploads\/2025\/02\/12973_TalerBox_Nostalgie_Osterhase_25_Mockup.jpg\",\"width\":1200,\"height\":1200},{\"@type\":\"BreadcrumbList\",\"@id\":\"https:\/\/www.dreimeister.de\/shop\/schokoladentaler\/talerbox-nostalgie-osterhase\/#breadcrumb\",\"itemListElement\":[{\"@type\":\"ListItem\",\"position\":1,\"name\":\"Home\",\"item\":\"https:\/\/www.dreimeister.de\/\"},{\"@type\":\"ListItem\",\"position\":2,\"name\":\"Shop\",\"item\":\"https:\/\/www.dreimeister.de\/shop\/\"},{\"@type\":\"ListItem\",\"position\":3,\"name\":\"TalerBox &#8222;Nostalgie Osterhase&#8220;\"}]},{\"@type\":\"WebSite\",\"@id\":\"https:\/\/www.dreimeister.de\/#website\",\"url\":\"https:\/\/www.dreimeister.de\/\",\"name\":\"DreiMeister\",\"description\":\"Finest chocolate\",\"potentialAction\":[{\"@type\":\"SearchAction\",\"target\":{\"@type\":\"EntryPoint\",\"urlTemplate\":\"https:\/\/www.dreimeister.de\/?s={search_term_string}\"},\"query-input\":{\"@type\":\"PropertyValueSpecification\",\"valueRequired\":true,\"valueName\":\"search_term_string\"}}],\"inLanguage\":\"en-GB\"}]}<\/script>\n<!-- \/ Yoast SEO plugin. -->","yoast_head_json":{"title":"TalerBox \"Nostalgie Osterhase\" - DreiMeister Spezialit\u00e4ten","description":"Unsere TalerBox gef\u00fcllt mit 48 Talern aus Vollmilch. Perfekt zum Teilen oder selber genie\u00dfen!","robots":{"index":"index","follow":"follow","max-snippet":"max-snippet:-1","max-image-preview":"max-image-preview:large","max-video-preview":"max-video-preview:-1"},"canonical":"https:\/\/www.dreimeister.de\/en\/shop\/schokoladentaler\/talerbox-nostalgie-osterhase\/","og_locale":"en_GB","og_type":"article","og_title":"[:de]TalerBox \"Nostalgie Osterhase\"[:] - DreiMeister Spezialit\u00e4ten","og_description":"Unsere TalerBox gef\u00fcllt mit 48 Talern aus Vollmilch. Perfekt zum Teilen oder selber genie\u00dfen!","og_url":"https:\/\/www.dreimeister.de\/en\/shop\/schokoladentaler\/talerbox-nostalgie-osterhase\/","og_site_name":"DreiMeister","article_publisher":"https:\/\/www.facebook.com\/dreimeister.spezialitaeten","article_modified_time":"2026-03-05T12:01:35+00:00","og_image":[{"width":1200,"height":1200,"url":"http:\/\/www.dreimeister.de\/wp-content\/uploads\/2025\/02\/12973_TalerBox_Nostalgie_Osterhase_25_Mockup.jpg","type":"image\/jpeg"}],"twitter_misc":{"Estimated reading time":"1 minute"},"schema":{"@context":"https:\/\/schema.org","@graph":[{"@type":"WebPage","@id":"https:\/\/www.dreimeister.de\/shop\/schokoladentaler\/talerbox-nostalgie-osterhase\/","url":"https:\/\/www.dreimeister.de\/shop\/schokoladentaler\/talerbox-nostalgie-osterhase\/","name":"TalerBox \"Nostalgie Osterhase\"","isPartOf":{"@id":"https:\/\/www.dreimeister.de\/#website"},"primaryImageOfPage":{"@id":"https:\/\/www.dreimeister.de\/shop\/schokoladentaler\/talerbox-nostalgie-osterhase\/#primaryimage"},"image":{"@id":"https:\/\/www.dreimeister.de\/shop\/schokoladentaler\/talerbox-nostalgie-osterhase\/#primaryimage"},"thumbnailUrl":"https:\/\/www.dreimeister.de\/wp-content\/uploads\/2025\/02\/12973_TalerBox_Nostalgie_Osterhase_25_Mockup.jpg","datePublished":"2025-02-20T10:24:05+00:00","dateModified":"2026-03-05T12:01:35+00:00","description":"Unsere TalerBox gef\u00fcllt mit 48 Talern aus Vollmilch. Perfekt zum Teilen oder selber genie\u00dfen!","breadcrumb":{"@id":"https:\/\/www.dreimeister.de\/shop\/schokoladentaler\/talerbox-nostalgie-osterhase\/#breadcrumb"},"inLanguage":"en-GB","potentialAction":[{"@type":"ReadAction","target":["https:\/\/www.dreimeister.de\/shop\/schokoladentaler\/talerbox-nostalgie-osterhase\/"]}]},{"@type":"ImageObject","inLanguage":"en-GB","@id":"https:\/\/www.dreimeister.de\/shop\/schokoladentaler\/talerbox-nostalgie-osterhase\/#primaryimage","url":"https:\/\/www.dreimeister.de\/wp-content\/uploads\/2025\/02\/12973_TalerBox_Nostalgie_Osterhase_25_Mockup.jpg","contentUrl":"https:\/\/www.dreimeister.de\/wp-content\/uploads\/2025\/02\/12973_TalerBox_Nostalgie_Osterhase_25_Mockup.jpg","width":1200,"height":1200},{"@type":"BreadcrumbList","@id":"https:\/\/www.dreimeister.de\/shop\/schokoladentaler\/talerbox-nostalgie-osterhase\/#breadcrumb","itemListElement":[{"@type":"ListItem","position":1,"name":"Home","item":"https:\/\/www.dreimeister.de\/"},{"@type":"ListItem","position":2,"name":"Shop","item":"https:\/\/www.dreimeister.de\/shop\/"},{"@type":"ListItem","position":3,"name":"TalerBox &#8222;Nostalgie Osterhase&#8220;"}]},{"@type":"WebSite","@id":"https:\/\/www.dreimeister.de\/#website","url":"https:\/\/www.dreimeister.de\/","name":"DreiMeister","description":"Finest chocolate","potentialAction":[{"@type":"SearchAction","target":{"@type":"EntryPoint","urlTemplate":"https:\/\/www.dreimeister.de\/?s={search_term_string}"},"query-input":{"@type":"PropertyValueSpecification","valueRequired":true,"valueName":"search_term_string"}}],"inLanguage":"en-GB"}]}},"_links":{"self":[{"href":"https:\/\/www.dreimeister.de\/en\/wp-json\/wp\/v2\/product\/127098"}],"collection":[{"href":"https:\/\/www.dreimeister.de\/en\/wp-json\/wp\/v2\/product"}],"about":[{"href":"https:\/\/www.dreimeister.de\/en\/wp-json\/wp\/v2\/types\/product"}],"replies":[{"embeddable":true,"href":"https:\/\/www.dreimeister.de\/en\/wp-json\/wp\/v2\/comments?post=127098"}],"wp:featuredmedia":[{"embeddable":true,"href":"https:\/\/www.dreimeister.de\/en\/wp-json\/wp\/v2\/media\/127096"}],"wp:attachment":[{"href":"https:\/\/www.dreimeister.de\/en\/wp-json\/wp\/v2\/media?parent=127098"}],"wp:term":[{"taxonomy":"product_cat","embeddable":true,"href":"https:\/\/www.dreimeister.de\/en\/wp-json\/wp\/v2\/product_cat?post=127098"},{"taxonomy":"product_tag","embeddable":true,"href":"https:\/\/www.dreimeister.de\/en\/wp-json\/wp\/v2\/product_tag?post=127098"}],"curies":[{"name":"wp","href":"https:\/\/api.w.org\/{rel}","templated":true}]}}