{"id":130754,"date":"2026-02-23T12:42:58","date_gmt":"2026-02-23T11:42:58","guid":{"rendered":"https:\/\/www.dreimeister.de\/?post_type=product&#038;p=130754"},"modified":"2026-04-01T12:15:34","modified_gmt":"2026-04-01T10:15:34","slug":"bonbon-trueffel-im-display-alkoholfrei","status":"publish","type":"product","link":"https:\/\/www.dreimeister.de\/en\/shop\/pralinen-und-trueffel\/bonbon-trueffel-im-display-alkoholfrei\/","title":{"rendered":"Bonbon-Tr\u00fcffel im Display"},"content":{"rendered":"<h4>Produktinformation \u201eBonbon-Tr\u00fcffel im Display \u201c<\/h4>\n<p>Inhalt: 50 St\u00fcck im Display (ca. 650g)<\/p>\n<p>Die folgenden Bonbon-Tr\u00fcffel sind in dem Display enthalten:<\/p>\n","protected":false},"excerpt":{"rendered":"<p>Wie Bonbons im Osternest &#8211; so pr\u00e4sentiert das Display die DreiMeister Bonbon-Tr\u00fcffel. Gleich zugreifen und mit besonderen Menschen besondere Momente genie\u00dfen.<\/p>\n","protected":false},"featured_media":130755,"comment_status":"closed","ping_status":"closed","template":"","meta":{"_acf_changed":false},"product_cat":[25,90],"product_tag":[75,30,31,29],"class_list":{"0":"post-130754","1":"product","2":"type-product","3":"status-publish","4":"has-post-thumbnail","6":"product_cat-pralinen-und-trueffel","7":"product_cat-ostern","8":"product_tag-mit-alkohol","9":"product_tag-vollmilch","10":"product_tag-weiss","11":"product_tag-zartbitter","13":"first","14":"instock","15":"taxable","16":"shipping-taxable","17":"purchasable","18":"product-type-simple"},"acf":[],"yoast_head":"<!-- This site is optimized with the Yoast SEO plugin v24.1 - https:\/\/yoast.com\/wordpress\/plugins\/seo\/ -->\n<title>Bonbon-Tr\u00fcffel Mischung (mit Alkohol) - DreiMeister Spezialit\u00e4ten<\/title>\n<meta name=\"description\" content=\"Die Bonbon-Tr\u00fcffel Mischung von DreiMeister. Wie Bonbons im Osternest \u2013 gleich zugreifen und mit besonderen Menschen genie\u00dfen.\" \/>\n<meta name=\"robots\" content=\"index, follow, max-snippet:-1, max-image-preview:large, max-video-preview:-1\" \/>\n<link rel=\"canonical\" href=\"https:\/\/www.dreimeister.de\/en\/shop\/pralinen-und-trueffel\/bonbon-trueffel-im-display-alkoholfrei\/\" \/>\n<meta property=\"og:locale\" content=\"en_GB\" \/>\n<meta property=\"og:locale:alternate\" content=\"de_DE_formal\" \/>\n<meta property=\"og:type\" content=\"article\" \/>\n<meta property=\"og:title\" content=\"Bonbon-Tr\u00fcffel Mischung (mit Alkohol) - DreiMeister Spezialit\u00e4ten\" \/>\n<meta property=\"og:description\" content=\"Die Bonbon-Tr\u00fcffel Mischung von DreiMeister. Wie Bonbons im Osternest \u2013 gleich zugreifen und mit besonderen Menschen genie\u00dfen.\" \/>\n<meta property=\"og:url\" content=\"https:\/\/www.dreimeister.de\/en\/shop\/pralinen-und-trueffel\/bonbon-trueffel-im-display-alkoholfrei\/\" \/>\n<meta property=\"og:site_name\" content=\"DreiMeister\" \/>\n<meta property=\"article:publisher\" content=\"https:\/\/www.facebook.com\/dreimeister.spezialitaeten\" \/>\n<meta property=\"article:modified_time\" content=\"2026-04-01T10:15:34+00:00\" \/>\n<meta property=\"og:image\" content=\"http:\/\/www.dreimeister.de\/wp-content\/uploads\/2026\/02\/13388_Bonbon-Trueffel-im-Display.jpg\" \/>\n\t<meta property=\"og:image:width\" content=\"1200\" \/>\n\t<meta property=\"og:image:height\" content=\"1200\" \/>\n\t<meta property=\"og:image:type\" content=\"image\/jpeg\" \/>\n<meta name=\"twitter:label1\" content=\"Estimated reading time\" \/>\n\t<meta name=\"twitter:data1\" content=\"1 minute\" \/>\n<script type=\"application\/ld+json\" class=\"yoast-schema-graph\">{\"@context\":\"https:\/\/schema.org\",\"@graph\":[{\"@type\":\"WebPage\",\"@id\":\"https:\/\/www.dreimeister.de\/shop\/pralinen-und-trueffel\/bonbon-trueffel-im-display-alkoholfrei\/\",\"url\":\"https:\/\/www.dreimeister.de\/shop\/pralinen-und-trueffel\/bonbon-trueffel-im-display-alkoholfrei\/\",\"name\":\"Bonbon-Tr\u00fcffel Mischung (mit Alkohol) - DreiMeister Spezialit\u00e4ten\",\"isPartOf\":{\"@id\":\"https:\/\/www.dreimeister.de\/#website\"},\"primaryImageOfPage\":{\"@id\":\"https:\/\/www.dreimeister.de\/shop\/pralinen-und-trueffel\/bonbon-trueffel-im-display-alkoholfrei\/#primaryimage\"},\"image\":{\"@id\":\"https:\/\/www.dreimeister.de\/shop\/pralinen-und-trueffel\/bonbon-trueffel-im-display-alkoholfrei\/#primaryimage\"},\"thumbnailUrl\":\"https:\/\/www.dreimeister.de\/wp-content\/uploads\/2026\/02\/13388_Bonbon-Trueffel-im-Display.jpg\",\"datePublished\":\"2026-02-23T11:42:58+00:00\",\"dateModified\":\"2026-04-01T10:15:34+00:00\",\"description\":\"Die Bonbon-Tr\u00fcffel Mischung von DreiMeister. Wie Bonbons im Osternest \u2013 gleich zugreifen und mit besonderen Menschen genie\u00dfen.\",\"breadcrumb\":{\"@id\":\"https:\/\/www.dreimeister.de\/shop\/pralinen-und-trueffel\/bonbon-trueffel-im-display-alkoholfrei\/#breadcrumb\"},\"inLanguage\":\"en-GB\",\"potentialAction\":[{\"@type\":\"ReadAction\",\"target\":[\"https:\/\/www.dreimeister.de\/shop\/pralinen-und-trueffel\/bonbon-trueffel-im-display-alkoholfrei\/\"]}]},{\"@type\":\"ImageObject\",\"inLanguage\":\"en-GB\",\"@id\":\"https:\/\/www.dreimeister.de\/shop\/pralinen-und-trueffel\/bonbon-trueffel-im-display-alkoholfrei\/#primaryimage\",\"url\":\"https:\/\/www.dreimeister.de\/wp-content\/uploads\/2026\/02\/13388_Bonbon-Trueffel-im-Display.jpg\",\"contentUrl\":\"https:\/\/www.dreimeister.de\/wp-content\/uploads\/2026\/02\/13388_Bonbon-Trueffel-im-Display.jpg\",\"width\":1200,\"height\":1200},{\"@type\":\"BreadcrumbList\",\"@id\":\"https:\/\/www.dreimeister.de\/shop\/pralinen-und-trueffel\/bonbon-trueffel-im-display-alkoholfrei\/#breadcrumb\",\"itemListElement\":[{\"@type\":\"ListItem\",\"position\":1,\"name\":\"Home\",\"item\":\"https:\/\/www.dreimeister.de\/\"},{\"@type\":\"ListItem\",\"position\":2,\"name\":\"Shop\",\"item\":\"https:\/\/www.dreimeister.de\/shop\/\"},{\"@type\":\"ListItem\",\"position\":3,\"name\":\"Bonbon-Tr\u00fcffel im Display\"}]},{\"@type\":\"WebSite\",\"@id\":\"https:\/\/www.dreimeister.de\/#website\",\"url\":\"https:\/\/www.dreimeister.de\/\",\"name\":\"DreiMeister\",\"description\":\"Finest chocolate\",\"potentialAction\":[{\"@type\":\"SearchAction\",\"target\":{\"@type\":\"EntryPoint\",\"urlTemplate\":\"https:\/\/www.dreimeister.de\/?s={search_term_string}\"},\"query-input\":{\"@type\":\"PropertyValueSpecification\",\"valueRequired\":true,\"valueName\":\"search_term_string\"}}],\"inLanguage\":\"en-GB\"}]}<\/script>\n<!-- \/ Yoast SEO plugin. -->","yoast_head_json":{"title":"Bonbon-Tr\u00fcffel Mischung (mit Alkohol) - DreiMeister Spezialit\u00e4ten","description":"Die Bonbon-Tr\u00fcffel Mischung von DreiMeister. Wie Bonbons im Osternest \u2013 gleich zugreifen und mit besonderen Menschen genie\u00dfen.","robots":{"index":"index","follow":"follow","max-snippet":"max-snippet:-1","max-image-preview":"max-image-preview:large","max-video-preview":"max-video-preview:-1"},"canonical":"https:\/\/www.dreimeister.de\/en\/shop\/pralinen-und-trueffel\/bonbon-trueffel-im-display-alkoholfrei\/","og_locale":"en_GB","og_type":"article","og_title":"Bonbon-Tr\u00fcffel Mischung (mit Alkohol) - DreiMeister Spezialit\u00e4ten","og_description":"Die Bonbon-Tr\u00fcffel Mischung von DreiMeister. Wie Bonbons im Osternest \u2013 gleich zugreifen und mit besonderen Menschen genie\u00dfen.","og_url":"https:\/\/www.dreimeister.de\/en\/shop\/pralinen-und-trueffel\/bonbon-trueffel-im-display-alkoholfrei\/","og_site_name":"DreiMeister","article_publisher":"https:\/\/www.facebook.com\/dreimeister.spezialitaeten","article_modified_time":"2026-04-01T10:15:34+00:00","og_image":[{"width":1200,"height":1200,"url":"http:\/\/www.dreimeister.de\/wp-content\/uploads\/2026\/02\/13388_Bonbon-Trueffel-im-Display.jpg","type":"image\/jpeg"}],"twitter_misc":{"Estimated reading time":"1 minute"},"schema":{"@context":"https:\/\/schema.org","@graph":[{"@type":"WebPage","@id":"https:\/\/www.dreimeister.de\/shop\/pralinen-und-trueffel\/bonbon-trueffel-im-display-alkoholfrei\/","url":"https:\/\/www.dreimeister.de\/shop\/pralinen-und-trueffel\/bonbon-trueffel-im-display-alkoholfrei\/","name":"Bonbon-Tr\u00fcffel Mischung (mit Alkohol) - DreiMeister Spezialit\u00e4ten","isPartOf":{"@id":"https:\/\/www.dreimeister.de\/#website"},"primaryImageOfPage":{"@id":"https:\/\/www.dreimeister.de\/shop\/pralinen-und-trueffel\/bonbon-trueffel-im-display-alkoholfrei\/#primaryimage"},"image":{"@id":"https:\/\/www.dreimeister.de\/shop\/pralinen-und-trueffel\/bonbon-trueffel-im-display-alkoholfrei\/#primaryimage"},"thumbnailUrl":"https:\/\/www.dreimeister.de\/wp-content\/uploads\/2026\/02\/13388_Bonbon-Trueffel-im-Display.jpg","datePublished":"2026-02-23T11:42:58+00:00","dateModified":"2026-04-01T10:15:34+00:00","description":"Die Bonbon-Tr\u00fcffel Mischung von DreiMeister. Wie Bonbons im Osternest \u2013 gleich zugreifen und mit besonderen Menschen genie\u00dfen.","breadcrumb":{"@id":"https:\/\/www.dreimeister.de\/shop\/pralinen-und-trueffel\/bonbon-trueffel-im-display-alkoholfrei\/#breadcrumb"},"inLanguage":"en-GB","potentialAction":[{"@type":"ReadAction","target":["https:\/\/www.dreimeister.de\/shop\/pralinen-und-trueffel\/bonbon-trueffel-im-display-alkoholfrei\/"]}]},{"@type":"ImageObject","inLanguage":"en-GB","@id":"https:\/\/www.dreimeister.de\/shop\/pralinen-und-trueffel\/bonbon-trueffel-im-display-alkoholfrei\/#primaryimage","url":"https:\/\/www.dreimeister.de\/wp-content\/uploads\/2026\/02\/13388_Bonbon-Trueffel-im-Display.jpg","contentUrl":"https:\/\/www.dreimeister.de\/wp-content\/uploads\/2026\/02\/13388_Bonbon-Trueffel-im-Display.jpg","width":1200,"height":1200},{"@type":"BreadcrumbList","@id":"https:\/\/www.dreimeister.de\/shop\/pralinen-und-trueffel\/bonbon-trueffel-im-display-alkoholfrei\/#breadcrumb","itemListElement":[{"@type":"ListItem","position":1,"name":"Home","item":"https:\/\/www.dreimeister.de\/"},{"@type":"ListItem","position":2,"name":"Shop","item":"https:\/\/www.dreimeister.de\/shop\/"},{"@type":"ListItem","position":3,"name":"Bonbon-Tr\u00fcffel im Display"}]},{"@type":"WebSite","@id":"https:\/\/www.dreimeister.de\/#website","url":"https:\/\/www.dreimeister.de\/","name":"DreiMeister","description":"Finest chocolate","potentialAction":[{"@type":"SearchAction","target":{"@type":"EntryPoint","urlTemplate":"https:\/\/www.dreimeister.de\/?s={search_term_string}"},"query-input":{"@type":"PropertyValueSpecification","valueRequired":true,"valueName":"search_term_string"}}],"inLanguage":"en-GB"}]}},"_links":{"self":[{"href":"https:\/\/www.dreimeister.de\/en\/wp-json\/wp\/v2\/product\/130754"}],"collection":[{"href":"https:\/\/www.dreimeister.de\/en\/wp-json\/wp\/v2\/product"}],"about":[{"href":"https:\/\/www.dreimeister.de\/en\/wp-json\/wp\/v2\/types\/product"}],"replies":[{"embeddable":true,"href":"https:\/\/www.dreimeister.de\/en\/wp-json\/wp\/v2\/comments?post=130754"}],"wp:featuredmedia":[{"embeddable":true,"href":"https:\/\/www.dreimeister.de\/en\/wp-json\/wp\/v2\/media\/130755"}],"wp:attachment":[{"href":"https:\/\/www.dreimeister.de\/en\/wp-json\/wp\/v2\/media?parent=130754"}],"wp:term":[{"taxonomy":"product_cat","embeddable":true,"href":"https:\/\/www.dreimeister.de\/en\/wp-json\/wp\/v2\/product_cat?post=130754"},{"taxonomy":"product_tag","embeddable":true,"href":"https:\/\/www.dreimeister.de\/en\/wp-json\/wp\/v2\/product_tag?post=130754"}],"curies":[{"name":"wp","href":"https:\/\/api.w.org\/{rel}","templated":true}]}}