{"id":130793,"date":"2026-02-27T08:24:38","date_gmt":"2026-02-27T07:24:38","guid":{"rendered":"https:\/\/www.dreimeister.de\/?post_type=product&#038;p=130793"},"modified":"2026-03-10T10:25:16","modified_gmt":"2026-03-10T09:25:16","slug":"genussinsel-mischung-sinnesreise","status":"publish","type":"product","link":"https:\/\/www.dreimeister.de\/en\/shop\/pralinen-und-trueffel\/genussinsel-mischung-sinnesreise\/","title":{"rendered":"Genussinsel-Mischung Sinnesreise"},"content":{"rendered":"<h4>PRODUKTINFORMATION\u201eGenussinsel-Mischung Sinnesreise\u201c<\/h4>\n<p>Inhalt: 1,8 kg<\/p>\n<p>Die folgende Tr\u00fcffel ist enthalten:<\/p>\n","protected":false},"excerpt":{"rendered":"<p>Die Sinnesreise entf\u00fchrt zu faszinierenden Geschmackserlebnissen, die immer neue Eindr\u00fccke und Emotionen wecken. Von der frischen Meeresbrise \u00fcber exotische Inseltr\u00e4ume bis hin zu sonnigen Orangenhainen \u2013 jede Praline \u00f6ffnet ein Fenster zu besonderen Momenten voller Lebendigkeit, Eleganz und aufregender Kontraste. Diese Kollektion l\u00e4dt ein, den Alltag mit kleinen Reisen voller Genuss und Inspiration zu bereichern.<\/p>\n","protected":false},"featured_media":130794,"comment_status":"closed","ping_status":"closed","template":"","meta":{"_acf_changed":false},"product_cat":[25],"product_tag":[75,30,31,29],"class_list":{"0":"post-130793","1":"product","2":"type-product","3":"status-publish","4":"has-post-thumbnail","6":"product_cat-pralinen-und-trueffel","7":"product_tag-mit-alkohol","8":"product_tag-vollmilch","9":"product_tag-weiss","10":"product_tag-zartbitter","12":"first","13":"instock","14":"taxable","15":"shipping-taxable","16":"purchasable","17":"product-type-simple"},"acf":[],"yoast_head":"<!-- This site is optimized with the Yoast SEO plugin v24.1 - https:\/\/yoast.com\/wordpress\/plugins\/seo\/ -->\n<title>Genussinsel-Mischung Sinnesreise - DreiMeister<\/title>\n<meta name=\"description\" content=\"Genussinsel-Mischung Sinnesreise\u2013 edle Tr\u00fcffelmischung mit fein abgestimmten Pralinenspezialit\u00e4ten. Perfekt zum Teilen oder f\u00fcr besondere Genussmomente\" \/>\n<meta name=\"robots\" content=\"index, follow, max-snippet:-1, max-image-preview:large, max-video-preview:-1\" \/>\n<link rel=\"canonical\" href=\"https:\/\/www.dreimeister.de\/en\/shop\/pralinen-und-trueffel\/genussinsel-mischung-sinnesreise\/\" \/>\n<meta property=\"og:locale\" content=\"en_GB\" \/>\n<meta property=\"og:locale:alternate\" content=\"de_DE_formal\" \/>\n<meta property=\"og:type\" content=\"article\" \/>\n<meta property=\"og:title\" content=\"Genussinsel-Mischung Sinnesreise\" \/>\n<meta property=\"og:description\" content=\"Genussinsel-Mischung Sinnesreise\u2013 edle Tr\u00fcffelmischung mit fein abgestimmten Pralinenspezialit\u00e4ten. Perfekt zum Teilen oder f\u00fcr besondere Genussmomente\" \/>\n<meta property=\"og:url\" content=\"https:\/\/www.dreimeister.de\/en\/shop\/pralinen-und-trueffel\/genussinsel-mischung-sinnesreise\/\" \/>\n<meta property=\"og:site_name\" content=\"DreiMeister\" \/>\n<meta property=\"article:publisher\" content=\"https:\/\/www.facebook.com\/dreimeister.spezialitaeten\" \/>\n<meta property=\"article:modified_time\" content=\"2026-03-10T09:25:16+00:00\" \/>\n<meta property=\"og:image\" content=\"http:\/\/www.dreimeister.de\/wp-content\/uploads\/2026\/02\/13286_Genussinsel-Mischung-Sinnesreise.jpg\" \/>\n\t<meta property=\"og:image:width\" content=\"1200\" \/>\n\t<meta property=\"og:image:height\" content=\"1200\" \/>\n\t<meta property=\"og:image:type\" content=\"image\/jpeg\" \/>\n<meta name=\"twitter:label1\" content=\"Estimated reading time\" \/>\n\t<meta name=\"twitter:data1\" content=\"1 minute\" \/>\n<script type=\"application\/ld+json\" class=\"yoast-schema-graph\">{\"@context\":\"https:\/\/schema.org\",\"@graph\":[{\"@type\":\"WebPage\",\"@id\":\"https:\/\/www.dreimeister.de\/shop\/pralinen-und-trueffel\/genussinsel-mischung-sinnesreise\/\",\"url\":\"https:\/\/www.dreimeister.de\/shop\/pralinen-und-trueffel\/genussinsel-mischung-sinnesreise\/\",\"name\":\"Genussinsel-Mischung Sinnesreise\",\"isPartOf\":{\"@id\":\"https:\/\/www.dreimeister.de\/#website\"},\"primaryImageOfPage\":{\"@id\":\"https:\/\/www.dreimeister.de\/shop\/pralinen-und-trueffel\/genussinsel-mischung-sinnesreise\/#primaryimage\"},\"image\":{\"@id\":\"https:\/\/www.dreimeister.de\/shop\/pralinen-und-trueffel\/genussinsel-mischung-sinnesreise\/#primaryimage\"},\"thumbnailUrl\":\"https:\/\/www.dreimeister.de\/wp-content\/uploads\/2026\/02\/13286_Genussinsel-Mischung-Sinnesreise.jpg\",\"datePublished\":\"2026-02-27T07:24:38+00:00\",\"dateModified\":\"2026-03-10T09:25:16+00:00\",\"description\":\"Genussinsel-Mischung Sinnesreise\u2013 edle Tr\u00fcffelmischung mit fein abgestimmten Pralinenspezialit\u00e4ten. Perfekt zum Teilen oder f\u00fcr besondere Genussmomente\",\"breadcrumb\":{\"@id\":\"https:\/\/www.dreimeister.de\/shop\/pralinen-und-trueffel\/genussinsel-mischung-sinnesreise\/#breadcrumb\"},\"inLanguage\":\"en-GB\",\"potentialAction\":[{\"@type\":\"ReadAction\",\"target\":[\"https:\/\/www.dreimeister.de\/shop\/pralinen-und-trueffel\/genussinsel-mischung-sinnesreise\/\"]}]},{\"@type\":\"ImageObject\",\"inLanguage\":\"en-GB\",\"@id\":\"https:\/\/www.dreimeister.de\/shop\/pralinen-und-trueffel\/genussinsel-mischung-sinnesreise\/#primaryimage\",\"url\":\"https:\/\/www.dreimeister.de\/wp-content\/uploads\/2026\/02\/13286_Genussinsel-Mischung-Sinnesreise.jpg\",\"contentUrl\":\"https:\/\/www.dreimeister.de\/wp-content\/uploads\/2026\/02\/13286_Genussinsel-Mischung-Sinnesreise.jpg\",\"width\":1200,\"height\":1200},{\"@type\":\"BreadcrumbList\",\"@id\":\"https:\/\/www.dreimeister.de\/shop\/pralinen-und-trueffel\/genussinsel-mischung-sinnesreise\/#breadcrumb\",\"itemListElement\":[{\"@type\":\"ListItem\",\"position\":1,\"name\":\"Home\",\"item\":\"https:\/\/www.dreimeister.de\/\"},{\"@type\":\"ListItem\",\"position\":2,\"name\":\"Shop\",\"item\":\"https:\/\/www.dreimeister.de\/shop\/\"},{\"@type\":\"ListItem\",\"position\":3,\"name\":\"Genussinsel-Mischung Sinnesreise\"}]},{\"@type\":\"WebSite\",\"@id\":\"https:\/\/www.dreimeister.de\/#website\",\"url\":\"https:\/\/www.dreimeister.de\/\",\"name\":\"DreiMeister\",\"description\":\"Finest chocolate\",\"potentialAction\":[{\"@type\":\"SearchAction\",\"target\":{\"@type\":\"EntryPoint\",\"urlTemplate\":\"https:\/\/www.dreimeister.de\/?s={search_term_string}\"},\"query-input\":{\"@type\":\"PropertyValueSpecification\",\"valueRequired\":true,\"valueName\":\"search_term_string\"}}],\"inLanguage\":\"en-GB\"}]}<\/script>\n<!-- \/ Yoast SEO plugin. -->","yoast_head_json":{"title":"Genussinsel-Mischung Sinnesreise - DreiMeister","description":"Genussinsel-Mischung Sinnesreise\u2013 edle Tr\u00fcffelmischung mit fein abgestimmten Pralinenspezialit\u00e4ten. Perfekt zum Teilen oder f\u00fcr besondere Genussmomente","robots":{"index":"index","follow":"follow","max-snippet":"max-snippet:-1","max-image-preview":"max-image-preview:large","max-video-preview":"max-video-preview:-1"},"canonical":"https:\/\/www.dreimeister.de\/en\/shop\/pralinen-und-trueffel\/genussinsel-mischung-sinnesreise\/","og_locale":"en_GB","og_type":"article","og_title":"[:de]Genussinsel-Mischung Sinnesreise[:] - DreiMeister","og_description":"Genussinsel-Mischung Sinnesreise\u2013 edle Tr\u00fcffelmischung mit fein abgestimmten Pralinenspezialit\u00e4ten. Perfekt zum Teilen oder f\u00fcr besondere Genussmomente","og_url":"https:\/\/www.dreimeister.de\/en\/shop\/pralinen-und-trueffel\/genussinsel-mischung-sinnesreise\/","og_site_name":"DreiMeister","article_publisher":"https:\/\/www.facebook.com\/dreimeister.spezialitaeten","article_modified_time":"2026-03-10T09:25:16+00:00","og_image":[{"width":1200,"height":1200,"url":"http:\/\/www.dreimeister.de\/wp-content\/uploads\/2026\/02\/13286_Genussinsel-Mischung-Sinnesreise.jpg","type":"image\/jpeg"}],"twitter_misc":{"Estimated reading time":"1 minute"},"schema":{"@context":"https:\/\/schema.org","@graph":[{"@type":"WebPage","@id":"https:\/\/www.dreimeister.de\/shop\/pralinen-und-trueffel\/genussinsel-mischung-sinnesreise\/","url":"https:\/\/www.dreimeister.de\/shop\/pralinen-und-trueffel\/genussinsel-mischung-sinnesreise\/","name":"Genussinsel-Mischung Sinnesreise","isPartOf":{"@id":"https:\/\/www.dreimeister.de\/#website"},"primaryImageOfPage":{"@id":"https:\/\/www.dreimeister.de\/shop\/pralinen-und-trueffel\/genussinsel-mischung-sinnesreise\/#primaryimage"},"image":{"@id":"https:\/\/www.dreimeister.de\/shop\/pralinen-und-trueffel\/genussinsel-mischung-sinnesreise\/#primaryimage"},"thumbnailUrl":"https:\/\/www.dreimeister.de\/wp-content\/uploads\/2026\/02\/13286_Genussinsel-Mischung-Sinnesreise.jpg","datePublished":"2026-02-27T07:24:38+00:00","dateModified":"2026-03-10T09:25:16+00:00","description":"Genussinsel-Mischung Sinnesreise\u2013 edle Tr\u00fcffelmischung mit fein abgestimmten Pralinenspezialit\u00e4ten. Perfekt zum Teilen oder f\u00fcr besondere Genussmomente","breadcrumb":{"@id":"https:\/\/www.dreimeister.de\/shop\/pralinen-und-trueffel\/genussinsel-mischung-sinnesreise\/#breadcrumb"},"inLanguage":"en-GB","potentialAction":[{"@type":"ReadAction","target":["https:\/\/www.dreimeister.de\/shop\/pralinen-und-trueffel\/genussinsel-mischung-sinnesreise\/"]}]},{"@type":"ImageObject","inLanguage":"en-GB","@id":"https:\/\/www.dreimeister.de\/shop\/pralinen-und-trueffel\/genussinsel-mischung-sinnesreise\/#primaryimage","url":"https:\/\/www.dreimeister.de\/wp-content\/uploads\/2026\/02\/13286_Genussinsel-Mischung-Sinnesreise.jpg","contentUrl":"https:\/\/www.dreimeister.de\/wp-content\/uploads\/2026\/02\/13286_Genussinsel-Mischung-Sinnesreise.jpg","width":1200,"height":1200},{"@type":"BreadcrumbList","@id":"https:\/\/www.dreimeister.de\/shop\/pralinen-und-trueffel\/genussinsel-mischung-sinnesreise\/#breadcrumb","itemListElement":[{"@type":"ListItem","position":1,"name":"Home","item":"https:\/\/www.dreimeister.de\/"},{"@type":"ListItem","position":2,"name":"Shop","item":"https:\/\/www.dreimeister.de\/shop\/"},{"@type":"ListItem","position":3,"name":"Genussinsel-Mischung Sinnesreise"}]},{"@type":"WebSite","@id":"https:\/\/www.dreimeister.de\/#website","url":"https:\/\/www.dreimeister.de\/","name":"DreiMeister","description":"Finest chocolate","potentialAction":[{"@type":"SearchAction","target":{"@type":"EntryPoint","urlTemplate":"https:\/\/www.dreimeister.de\/?s={search_term_string}"},"query-input":{"@type":"PropertyValueSpecification","valueRequired":true,"valueName":"search_term_string"}}],"inLanguage":"en-GB"}]}},"_links":{"self":[{"href":"https:\/\/www.dreimeister.de\/en\/wp-json\/wp\/v2\/product\/130793"}],"collection":[{"href":"https:\/\/www.dreimeister.de\/en\/wp-json\/wp\/v2\/product"}],"about":[{"href":"https:\/\/www.dreimeister.de\/en\/wp-json\/wp\/v2\/types\/product"}],"replies":[{"embeddable":true,"href":"https:\/\/www.dreimeister.de\/en\/wp-json\/wp\/v2\/comments?post=130793"}],"wp:featuredmedia":[{"embeddable":true,"href":"https:\/\/www.dreimeister.de\/en\/wp-json\/wp\/v2\/media\/130794"}],"wp:attachment":[{"href":"https:\/\/www.dreimeister.de\/en\/wp-json\/wp\/v2\/media?parent=130793"}],"wp:term":[{"taxonomy":"product_cat","embeddable":true,"href":"https:\/\/www.dreimeister.de\/en\/wp-json\/wp\/v2\/product_cat?post=130793"},{"taxonomy":"product_tag","embeddable":true,"href":"https:\/\/www.dreimeister.de\/en\/wp-json\/wp\/v2\/product_tag?post=130793"}],"curies":[{"name":"wp","href":"https:\/\/api.w.org\/{rel}","templated":true}]}}