{"id":130795,"date":"2026-02-27T08:30:50","date_gmt":"2026-02-27T07:30:50","guid":{"rendered":"https:\/\/www.dreimeister.de\/?post_type=product&#038;p=130795"},"modified":"2026-03-10T11:22:35","modified_gmt":"2026-03-10T10:22:35","slug":"alkoholfreie-mischung-pralinenmischung","status":"publish","type":"product","link":"https:\/\/www.dreimeister.de\/en\/shop\/pralinen-und-trueffel\/alkoholfreie-mischung-pralinenmischung\/","title":{"rendered":"Alkoholfreie-Mischung &#8211; Pralinenmischung"},"content":{"rendered":"<h4>PRODUKTINFORMATION \u201eAlkoholfreie-Mischung &#8211; Pralinenmischung\u201c<\/h4>\n<p>Inhalt: 1,8 kg<\/p>\n<p>Die folgende Tr\u00fcffel ist enthalten:<\/p>\n","protected":false},"excerpt":{"rendered":"<p data-start=\"0\" data-end=\"288\">Diese alkoholfreie Pralinenkollektion vereint eine harmonische Vielfalt feiner Aromen zu besonderen Genussmomenten. Zart schmelzender Nougat trifft auf nussige Nuancen, fruchtige Orangenakzente und elegante Kaffeenoten, erg\u00e4nzt durch cremige und luftig-leichte Schokoladenkompositionen. Jede Praline entfaltet ihren eigenen Charakter \u2013 mal sanft und samtig, mal aromatisch und intensiv \u2013 und l\u00e4dt dazu ein, den Alltag mit kleinen, unbeschwerten Momenten voller Genuss und Eleganz zu bereichern.<\/p>\n","protected":false},"featured_media":130796,"comment_status":"closed","ping_status":"closed","template":"","meta":{"_acf_changed":false},"product_cat":[25],"product_tag":[32,30,31,29],"class_list":{"0":"post-130795","1":"product","2":"type-product","3":"status-publish","4":"has-post-thumbnail","6":"product_cat-pralinen-und-trueffel","7":"product_tag-ohne-alkohol","8":"product_tag-vollmilch","9":"product_tag-weiss","10":"product_tag-zartbitter","12":"first","13":"instock","14":"taxable","15":"shipping-taxable","16":"purchasable","17":"product-type-simple"},"acf":[],"yoast_head":"<!-- This site is optimized with the Yoast SEO plugin v24.1 - https:\/\/yoast.com\/wordpress\/plugins\/seo\/ -->\n<title>Alkoholfreie-Mischung - Pralinenmischung[:] - DreiMeister<\/title>\n<meta name=\"description\" content=\"Alkoholfreie-Mischung \u2013 edle Tr\u00fcffelmischung mit fein abgestimmten Pralinenspezialit\u00e4ten. Perfekt zum Teilen oder f\u00fcr besondere Genussmomente\" \/>\n<meta name=\"robots\" content=\"index, follow, max-snippet:-1, max-image-preview:large, max-video-preview:-1\" \/>\n<link rel=\"canonical\" href=\"https:\/\/www.dreimeister.de\/en\/shop\/pralinen-und-trueffel\/alkoholfreie-mischung-pralinenmischung\/\" \/>\n<meta property=\"og:locale\" content=\"en_GB\" \/>\n<meta property=\"og:locale:alternate\" content=\"de_DE_formal\" \/>\n<meta property=\"og:type\" content=\"article\" \/>\n<meta property=\"og:title\" content=\"Alkoholfreie-Mischung - Pralinenmischung\" \/>\n<meta property=\"og:description\" content=\"Alkoholfreie-Mischung \u2013 edle Tr\u00fcffelmischung mit fein abgestimmten Pralinenspezialit\u00e4ten. Perfekt zum Teilen oder f\u00fcr besondere Genussmomente\" \/>\n<meta property=\"og:url\" content=\"https:\/\/www.dreimeister.de\/en\/shop\/pralinen-und-trueffel\/alkoholfreie-mischung-pralinenmischung\/\" \/>\n<meta property=\"og:site_name\" content=\"DreiMeister\" \/>\n<meta property=\"article:publisher\" content=\"https:\/\/www.facebook.com\/dreimeister.spezialitaeten\" \/>\n<meta property=\"article:modified_time\" content=\"2026-03-10T10:22:35+00:00\" \/>\n<meta property=\"og:image\" content=\"http:\/\/www.dreimeister.de\/wp-content\/uploads\/2026\/02\/167_Alkoholfreie-Mischung.jpg\" \/>\n\t<meta property=\"og:image:width\" content=\"1200\" \/>\n\t<meta property=\"og:image:height\" content=\"1200\" \/>\n\t<meta property=\"og:image:type\" content=\"image\/jpeg\" \/>\n<meta name=\"twitter:label1\" content=\"Estimated reading time\" \/>\n\t<meta name=\"twitter:data1\" content=\"1 minute\" \/>\n<script type=\"application\/ld+json\" class=\"yoast-schema-graph\">{\"@context\":\"https:\/\/schema.org\",\"@graph\":[{\"@type\":\"WebPage\",\"@id\":\"https:\/\/www.dreimeister.de\/shop\/pralinen-und-trueffel\/alkoholfreie-mischung-pralinenmischung\/\",\"url\":\"https:\/\/www.dreimeister.de\/shop\/pralinen-und-trueffel\/alkoholfreie-mischung-pralinenmischung\/\",\"name\":\"Alkoholfreie-Mischung - Pralinenmischung\",\"isPartOf\":{\"@id\":\"https:\/\/www.dreimeister.de\/#website\"},\"primaryImageOfPage\":{\"@id\":\"https:\/\/www.dreimeister.de\/shop\/pralinen-und-trueffel\/alkoholfreie-mischung-pralinenmischung\/#primaryimage\"},\"image\":{\"@id\":\"https:\/\/www.dreimeister.de\/shop\/pralinen-und-trueffel\/alkoholfreie-mischung-pralinenmischung\/#primaryimage\"},\"thumbnailUrl\":\"https:\/\/www.dreimeister.de\/wp-content\/uploads\/2026\/02\/167_Alkoholfreie-Mischung.jpg\",\"datePublished\":\"2026-02-27T07:30:50+00:00\",\"dateModified\":\"2026-03-10T10:22:35+00:00\",\"description\":\"Alkoholfreie-Mischung \u2013 edle Tr\u00fcffelmischung mit fein abgestimmten Pralinenspezialit\u00e4ten. Perfekt zum Teilen oder f\u00fcr besondere Genussmomente\",\"breadcrumb\":{\"@id\":\"https:\/\/www.dreimeister.de\/shop\/pralinen-und-trueffel\/alkoholfreie-mischung-pralinenmischung\/#breadcrumb\"},\"inLanguage\":\"en-GB\",\"potentialAction\":[{\"@type\":\"ReadAction\",\"target\":[\"https:\/\/www.dreimeister.de\/shop\/pralinen-und-trueffel\/alkoholfreie-mischung-pralinenmischung\/\"]}]},{\"@type\":\"ImageObject\",\"inLanguage\":\"en-GB\",\"@id\":\"https:\/\/www.dreimeister.de\/shop\/pralinen-und-trueffel\/alkoholfreie-mischung-pralinenmischung\/#primaryimage\",\"url\":\"https:\/\/www.dreimeister.de\/wp-content\/uploads\/2026\/02\/167_Alkoholfreie-Mischung.jpg\",\"contentUrl\":\"https:\/\/www.dreimeister.de\/wp-content\/uploads\/2026\/02\/167_Alkoholfreie-Mischung.jpg\",\"width\":1200,\"height\":1200},{\"@type\":\"BreadcrumbList\",\"@id\":\"https:\/\/www.dreimeister.de\/shop\/pralinen-und-trueffel\/alkoholfreie-mischung-pralinenmischung\/#breadcrumb\",\"itemListElement\":[{\"@type\":\"ListItem\",\"position\":1,\"name\":\"Home\",\"item\":\"https:\/\/www.dreimeister.de\/\"},{\"@type\":\"ListItem\",\"position\":2,\"name\":\"Shop\",\"item\":\"https:\/\/www.dreimeister.de\/shop\/\"},{\"@type\":\"ListItem\",\"position\":3,\"name\":\"Alkoholfreie-Mischung &#8211; Pralinenmischung\"}]},{\"@type\":\"WebSite\",\"@id\":\"https:\/\/www.dreimeister.de\/#website\",\"url\":\"https:\/\/www.dreimeister.de\/\",\"name\":\"DreiMeister\",\"description\":\"Finest chocolate\",\"potentialAction\":[{\"@type\":\"SearchAction\",\"target\":{\"@type\":\"EntryPoint\",\"urlTemplate\":\"https:\/\/www.dreimeister.de\/?s={search_term_string}\"},\"query-input\":{\"@type\":\"PropertyValueSpecification\",\"valueRequired\":true,\"valueName\":\"search_term_string\"}}],\"inLanguage\":\"en-GB\"}]}<\/script>\n<!-- \/ Yoast SEO plugin. -->","yoast_head_json":{"title":"Alkoholfreie-Mischung - Pralinenmischung[:] - DreiMeister","description":"Alkoholfreie-Mischung \u2013 edle Tr\u00fcffelmischung mit fein abgestimmten Pralinenspezialit\u00e4ten. Perfekt zum Teilen oder f\u00fcr besondere Genussmomente","robots":{"index":"index","follow":"follow","max-snippet":"max-snippet:-1","max-image-preview":"max-image-preview:large","max-video-preview":"max-video-preview:-1"},"canonical":"https:\/\/www.dreimeister.de\/en\/shop\/pralinen-und-trueffel\/alkoholfreie-mischung-pralinenmischung\/","og_locale":"en_GB","og_type":"article","og_title":"[:de]Alkoholfreie-Mischung - Pralinenmischung[:] - DreiMeister","og_description":"Alkoholfreie-Mischung \u2013 edle Tr\u00fcffelmischung mit fein abgestimmten Pralinenspezialit\u00e4ten. Perfekt zum Teilen oder f\u00fcr besondere Genussmomente","og_url":"https:\/\/www.dreimeister.de\/en\/shop\/pralinen-und-trueffel\/alkoholfreie-mischung-pralinenmischung\/","og_site_name":"DreiMeister","article_publisher":"https:\/\/www.facebook.com\/dreimeister.spezialitaeten","article_modified_time":"2026-03-10T10:22:35+00:00","og_image":[{"width":1200,"height":1200,"url":"http:\/\/www.dreimeister.de\/wp-content\/uploads\/2026\/02\/167_Alkoholfreie-Mischung.jpg","type":"image\/jpeg"}],"twitter_misc":{"Estimated reading time":"1 minute"},"schema":{"@context":"https:\/\/schema.org","@graph":[{"@type":"WebPage","@id":"https:\/\/www.dreimeister.de\/shop\/pralinen-und-trueffel\/alkoholfreie-mischung-pralinenmischung\/","url":"https:\/\/www.dreimeister.de\/shop\/pralinen-und-trueffel\/alkoholfreie-mischung-pralinenmischung\/","name":"Alkoholfreie-Mischung - Pralinenmischung","isPartOf":{"@id":"https:\/\/www.dreimeister.de\/#website"},"primaryImageOfPage":{"@id":"https:\/\/www.dreimeister.de\/shop\/pralinen-und-trueffel\/alkoholfreie-mischung-pralinenmischung\/#primaryimage"},"image":{"@id":"https:\/\/www.dreimeister.de\/shop\/pralinen-und-trueffel\/alkoholfreie-mischung-pralinenmischung\/#primaryimage"},"thumbnailUrl":"https:\/\/www.dreimeister.de\/wp-content\/uploads\/2026\/02\/167_Alkoholfreie-Mischung.jpg","datePublished":"2026-02-27T07:30:50+00:00","dateModified":"2026-03-10T10:22:35+00:00","description":"Alkoholfreie-Mischung \u2013 edle Tr\u00fcffelmischung mit fein abgestimmten Pralinenspezialit\u00e4ten. Perfekt zum Teilen oder f\u00fcr besondere Genussmomente","breadcrumb":{"@id":"https:\/\/www.dreimeister.de\/shop\/pralinen-und-trueffel\/alkoholfreie-mischung-pralinenmischung\/#breadcrumb"},"inLanguage":"en-GB","potentialAction":[{"@type":"ReadAction","target":["https:\/\/www.dreimeister.de\/shop\/pralinen-und-trueffel\/alkoholfreie-mischung-pralinenmischung\/"]}]},{"@type":"ImageObject","inLanguage":"en-GB","@id":"https:\/\/www.dreimeister.de\/shop\/pralinen-und-trueffel\/alkoholfreie-mischung-pralinenmischung\/#primaryimage","url":"https:\/\/www.dreimeister.de\/wp-content\/uploads\/2026\/02\/167_Alkoholfreie-Mischung.jpg","contentUrl":"https:\/\/www.dreimeister.de\/wp-content\/uploads\/2026\/02\/167_Alkoholfreie-Mischung.jpg","width":1200,"height":1200},{"@type":"BreadcrumbList","@id":"https:\/\/www.dreimeister.de\/shop\/pralinen-und-trueffel\/alkoholfreie-mischung-pralinenmischung\/#breadcrumb","itemListElement":[{"@type":"ListItem","position":1,"name":"Home","item":"https:\/\/www.dreimeister.de\/"},{"@type":"ListItem","position":2,"name":"Shop","item":"https:\/\/www.dreimeister.de\/shop\/"},{"@type":"ListItem","position":3,"name":"Alkoholfreie-Mischung &#8211; Pralinenmischung"}]},{"@type":"WebSite","@id":"https:\/\/www.dreimeister.de\/#website","url":"https:\/\/www.dreimeister.de\/","name":"DreiMeister","description":"Finest chocolate","potentialAction":[{"@type":"SearchAction","target":{"@type":"EntryPoint","urlTemplate":"https:\/\/www.dreimeister.de\/?s={search_term_string}"},"query-input":{"@type":"PropertyValueSpecification","valueRequired":true,"valueName":"search_term_string"}}],"inLanguage":"en-GB"}]}},"_links":{"self":[{"href":"https:\/\/www.dreimeister.de\/en\/wp-json\/wp\/v2\/product\/130795"}],"collection":[{"href":"https:\/\/www.dreimeister.de\/en\/wp-json\/wp\/v2\/product"}],"about":[{"href":"https:\/\/www.dreimeister.de\/en\/wp-json\/wp\/v2\/types\/product"}],"replies":[{"embeddable":true,"href":"https:\/\/www.dreimeister.de\/en\/wp-json\/wp\/v2\/comments?post=130795"}],"wp:featuredmedia":[{"embeddable":true,"href":"https:\/\/www.dreimeister.de\/en\/wp-json\/wp\/v2\/media\/130796"}],"wp:attachment":[{"href":"https:\/\/www.dreimeister.de\/en\/wp-json\/wp\/v2\/media?parent=130795"}],"wp:term":[{"taxonomy":"product_cat","embeddable":true,"href":"https:\/\/www.dreimeister.de\/en\/wp-json\/wp\/v2\/product_cat?post=130795"},{"taxonomy":"product_tag","embeddable":true,"href":"https:\/\/www.dreimeister.de\/en\/wp-json\/wp\/v2\/product_tag?post=130795"}],"curies":[{"name":"wp","href":"https:\/\/api.w.org\/{rel}","templated":true}]}}