{"id":130873,"date":"2026-03-03T09:28:21","date_gmt":"2026-03-03T08:28:21","guid":{"rendered":"https:\/\/www.dreimeister.de\/?post_type=product&#038;p=130873"},"modified":"2026-04-17T09:29:29","modified_gmt":"2026-04-17T07:29:29","slug":"8er-geschenkpackung-fruehling-alkoholfrei","status":"publish","type":"product","link":"https:\/\/www.dreimeister.de\/en\/shop\/pralinen-und-trueffel\/8er-geschenkpackung-fruehling-alkoholfrei\/","title":{"rendered":"8er-Geschenkpackung Fr\u00fchling &#8211; alkoholfrei"},"content":{"rendered":"<h4>Produktinformation &#8220;8er-Geschenkpackung Fr\u00fchling &#8211; alkoholfreie&#8221;<\/h4>\n<p>Inhalt: 100g<\/p>\n<p>Diese Geschenkpackung enth\u00e4lt folgende alkoholfreie Tr\u00fcffelsorten:<\/p>\n<p>&nbsp;<\/p>\n","protected":false},"excerpt":{"rendered":"<p>Diese elegante Geschenkverpackung mit 8 alkoholfreien Tr\u00fcffeln vereint feine Schokoladenkunst mit fr\u00fchlingshafter Leichtigkeit. Harmonisch abgestimmte F\u00fcllungen und zart schmelzende Kreationen sorgen f\u00fcr vielseitige Genussmomente \u2013 ganz ohne Alkohol. Die dekorative Fr\u00fchlingsbanderole verleiht der Verpackung eine frische, saisonale Note und macht sie zur idealen Aufmerksamkeit f\u00fcr Familie, Freunde oder Gesch\u00e4ftspartner.<\/p>\n","protected":false},"featured_media":130871,"comment_status":"closed","ping_status":"closed","template":"","meta":{"_acf_changed":false},"product_cat":[25],"product_tag":[32,30,31,29],"class_list":{"0":"post-130873","1":"product","2":"type-product","3":"status-publish","4":"has-post-thumbnail","6":"product_cat-pralinen-und-trueffel","7":"product_tag-ohne-alkohol","8":"product_tag-vollmilch","9":"product_tag-weiss","10":"product_tag-zartbitter","12":"first","13":"instock","14":"taxable","15":"shipping-taxable","16":"purchasable","17":"product-type-simple"},"acf":[],"yoast_head":"<!-- This site is optimized with the Yoast SEO plugin v24.1 - https:\/\/yoast.com\/wordpress\/plugins\/seo\/ -->\n<title>8er-Geschenkpackung Fr\u00fchling - alkoholfrei[:] - DreiMeister Spezialit\u00e4ten<\/title>\n<meta name=\"description\" content=\"Geschenkverpackung mit 8 alkoholfreien Tr\u00fcffeln und fr\u00fchlingshafter Banderole \u2013 stilvolle Aufmerksamkeit f\u00fcr genussvolle Momente ohne Alkohol.\" \/>\n<meta name=\"robots\" content=\"index, follow, max-snippet:-1, max-image-preview:large, max-video-preview:-1\" \/>\n<link rel=\"canonical\" href=\"https:\/\/www.dreimeister.de\/en\/shop\/pralinen-und-trueffel\/8er-geschenkpackung-fruehling-alkoholfrei\/\" \/>\n<meta property=\"og:locale\" content=\"en_GB\" \/>\n<meta property=\"og:locale:alternate\" content=\"de_DE_formal\" \/>\n<meta property=\"og:type\" content=\"article\" \/>\n<meta property=\"og:title\" content=\"8er-Geschenkpackung Fr\u00fchling - alkoholfrei\" \/>\n<meta property=\"og:description\" content=\"Geschenkverpackung mit 8 alkoholfreien Tr\u00fcffeln und fr\u00fchlingshafter Banderole \u2013 stilvolle Aufmerksamkeit f\u00fcr genussvolle Momente ohne Alkohol.\" \/>\n<meta property=\"og:url\" content=\"https:\/\/www.dreimeister.de\/en\/shop\/pralinen-und-trueffel\/8er-geschenkpackung-fruehling-alkoholfrei\/\" \/>\n<meta property=\"og:site_name\" content=\"DreiMeister\" \/>\n<meta property=\"article:publisher\" content=\"https:\/\/www.facebook.com\/dreimeister.spezialitaeten\" \/>\n<meta property=\"article:modified_time\" content=\"2026-04-17T07:29:29+00:00\" \/>\n<meta property=\"og:image\" content=\"http:\/\/www.dreimeister.de\/wp-content\/uploads\/2026\/03\/5013_8er-Fruehling-ohne-alkohol.jpg\" \/>\n\t<meta property=\"og:image:width\" content=\"1200\" \/>\n\t<meta property=\"og:image:height\" content=\"1200\" \/>\n\t<meta property=\"og:image:type\" content=\"image\/jpeg\" \/>\n<meta name=\"twitter:label1\" content=\"Estimated reading time\" \/>\n\t<meta name=\"twitter:data1\" content=\"1 minute\" \/>\n<script type=\"application\/ld+json\" class=\"yoast-schema-graph\">{\"@context\":\"https:\/\/schema.org\",\"@graph\":[{\"@type\":\"WebPage\",\"@id\":\"https:\/\/www.dreimeister.de\/shop\/pralinen-und-trueffel\/8er-geschenkpackung-fruehling-alkoholfrei\/\",\"url\":\"https:\/\/www.dreimeister.de\/shop\/pralinen-und-trueffel\/8er-geschenkpackung-fruehling-alkoholfrei\/\",\"name\":\"8er-Geschenkpackung Fr\u00fchling - alkoholfrei\",\"isPartOf\":{\"@id\":\"https:\/\/www.dreimeister.de\/#website\"},\"primaryImageOfPage\":{\"@id\":\"https:\/\/www.dreimeister.de\/shop\/pralinen-und-trueffel\/8er-geschenkpackung-fruehling-alkoholfrei\/#primaryimage\"},\"image\":{\"@id\":\"https:\/\/www.dreimeister.de\/shop\/pralinen-und-trueffel\/8er-geschenkpackung-fruehling-alkoholfrei\/#primaryimage\"},\"thumbnailUrl\":\"https:\/\/www.dreimeister.de\/wp-content\/uploads\/2026\/03\/5013_8er-Fruehling-ohne-alkohol.jpg\",\"datePublished\":\"2026-03-03T08:28:21+00:00\",\"dateModified\":\"2026-04-17T07:29:29+00:00\",\"description\":\"Geschenkverpackung mit 8 alkoholfreien Tr\u00fcffeln und fr\u00fchlingshafter Banderole \u2013 stilvolle Aufmerksamkeit f\u00fcr genussvolle Momente ohne Alkohol.\",\"breadcrumb\":{\"@id\":\"https:\/\/www.dreimeister.de\/shop\/pralinen-und-trueffel\/8er-geschenkpackung-fruehling-alkoholfrei\/#breadcrumb\"},\"inLanguage\":\"en-GB\",\"potentialAction\":[{\"@type\":\"ReadAction\",\"target\":[\"https:\/\/www.dreimeister.de\/shop\/pralinen-und-trueffel\/8er-geschenkpackung-fruehling-alkoholfrei\/\"]}]},{\"@type\":\"ImageObject\",\"inLanguage\":\"en-GB\",\"@id\":\"https:\/\/www.dreimeister.de\/shop\/pralinen-und-trueffel\/8er-geschenkpackung-fruehling-alkoholfrei\/#primaryimage\",\"url\":\"https:\/\/www.dreimeister.de\/wp-content\/uploads\/2026\/03\/5013_8er-Fruehling-ohne-alkohol.jpg\",\"contentUrl\":\"https:\/\/www.dreimeister.de\/wp-content\/uploads\/2026\/03\/5013_8er-Fruehling-ohne-alkohol.jpg\",\"width\":1200,\"height\":1200},{\"@type\":\"BreadcrumbList\",\"@id\":\"https:\/\/www.dreimeister.de\/shop\/pralinen-und-trueffel\/8er-geschenkpackung-fruehling-alkoholfrei\/#breadcrumb\",\"itemListElement\":[{\"@type\":\"ListItem\",\"position\":1,\"name\":\"Home\",\"item\":\"https:\/\/www.dreimeister.de\/\"},{\"@type\":\"ListItem\",\"position\":2,\"name\":\"Shop\",\"item\":\"https:\/\/www.dreimeister.de\/shop\/\"},{\"@type\":\"ListItem\",\"position\":3,\"name\":\"8er-Geschenkpackung Fr\u00fchling &#8211; alkoholfrei\"}]},{\"@type\":\"WebSite\",\"@id\":\"https:\/\/www.dreimeister.de\/#website\",\"url\":\"https:\/\/www.dreimeister.de\/\",\"name\":\"DreiMeister\",\"description\":\"Finest chocolate\",\"potentialAction\":[{\"@type\":\"SearchAction\",\"target\":{\"@type\":\"EntryPoint\",\"urlTemplate\":\"https:\/\/www.dreimeister.de\/?s={search_term_string}\"},\"query-input\":{\"@type\":\"PropertyValueSpecification\",\"valueRequired\":true,\"valueName\":\"search_term_string\"}}],\"inLanguage\":\"en-GB\"}]}<\/script>\n<!-- \/ Yoast SEO plugin. -->","yoast_head_json":{"title":"8er-Geschenkpackung Fr\u00fchling - alkoholfrei[:] - DreiMeister Spezialit\u00e4ten","description":"Geschenkverpackung mit 8 alkoholfreien Tr\u00fcffeln und fr\u00fchlingshafter Banderole \u2013 stilvolle Aufmerksamkeit f\u00fcr genussvolle Momente ohne Alkohol.","robots":{"index":"index","follow":"follow","max-snippet":"max-snippet:-1","max-image-preview":"max-image-preview:large","max-video-preview":"max-video-preview:-1"},"canonical":"https:\/\/www.dreimeister.de\/en\/shop\/pralinen-und-trueffel\/8er-geschenkpackung-fruehling-alkoholfrei\/","og_locale":"en_GB","og_type":"article","og_title":"[:de]8er-Geschenkpackung Fr\u00fchling - alkoholfrei[:] - DreiMeister Spezialit\u00e4ten","og_description":"Geschenkverpackung mit 8 alkoholfreien Tr\u00fcffeln und fr\u00fchlingshafter Banderole \u2013 stilvolle Aufmerksamkeit f\u00fcr genussvolle Momente ohne Alkohol.","og_url":"https:\/\/www.dreimeister.de\/en\/shop\/pralinen-und-trueffel\/8er-geschenkpackung-fruehling-alkoholfrei\/","og_site_name":"DreiMeister","article_publisher":"https:\/\/www.facebook.com\/dreimeister.spezialitaeten","article_modified_time":"2026-04-17T07:29:29+00:00","og_image":[{"width":1200,"height":1200,"url":"http:\/\/www.dreimeister.de\/wp-content\/uploads\/2026\/03\/5013_8er-Fruehling-ohne-alkohol.jpg","type":"image\/jpeg"}],"twitter_misc":{"Estimated reading time":"1 minute"},"schema":{"@context":"https:\/\/schema.org","@graph":[{"@type":"WebPage","@id":"https:\/\/www.dreimeister.de\/shop\/pralinen-und-trueffel\/8er-geschenkpackung-fruehling-alkoholfrei\/","url":"https:\/\/www.dreimeister.de\/shop\/pralinen-und-trueffel\/8er-geschenkpackung-fruehling-alkoholfrei\/","name":"8er-Geschenkpackung Fr\u00fchling - alkoholfrei","isPartOf":{"@id":"https:\/\/www.dreimeister.de\/#website"},"primaryImageOfPage":{"@id":"https:\/\/www.dreimeister.de\/shop\/pralinen-und-trueffel\/8er-geschenkpackung-fruehling-alkoholfrei\/#primaryimage"},"image":{"@id":"https:\/\/www.dreimeister.de\/shop\/pralinen-und-trueffel\/8er-geschenkpackung-fruehling-alkoholfrei\/#primaryimage"},"thumbnailUrl":"https:\/\/www.dreimeister.de\/wp-content\/uploads\/2026\/03\/5013_8er-Fruehling-ohne-alkohol.jpg","datePublished":"2026-03-03T08:28:21+00:00","dateModified":"2026-04-17T07:29:29+00:00","description":"Geschenkverpackung mit 8 alkoholfreien Tr\u00fcffeln und fr\u00fchlingshafter Banderole \u2013 stilvolle Aufmerksamkeit f\u00fcr genussvolle Momente ohne Alkohol.","breadcrumb":{"@id":"https:\/\/www.dreimeister.de\/shop\/pralinen-und-trueffel\/8er-geschenkpackung-fruehling-alkoholfrei\/#breadcrumb"},"inLanguage":"en-GB","potentialAction":[{"@type":"ReadAction","target":["https:\/\/www.dreimeister.de\/shop\/pralinen-und-trueffel\/8er-geschenkpackung-fruehling-alkoholfrei\/"]}]},{"@type":"ImageObject","inLanguage":"en-GB","@id":"https:\/\/www.dreimeister.de\/shop\/pralinen-und-trueffel\/8er-geschenkpackung-fruehling-alkoholfrei\/#primaryimage","url":"https:\/\/www.dreimeister.de\/wp-content\/uploads\/2026\/03\/5013_8er-Fruehling-ohne-alkohol.jpg","contentUrl":"https:\/\/www.dreimeister.de\/wp-content\/uploads\/2026\/03\/5013_8er-Fruehling-ohne-alkohol.jpg","width":1200,"height":1200},{"@type":"BreadcrumbList","@id":"https:\/\/www.dreimeister.de\/shop\/pralinen-und-trueffel\/8er-geschenkpackung-fruehling-alkoholfrei\/#breadcrumb","itemListElement":[{"@type":"ListItem","position":1,"name":"Home","item":"https:\/\/www.dreimeister.de\/"},{"@type":"ListItem","position":2,"name":"Shop","item":"https:\/\/www.dreimeister.de\/shop\/"},{"@type":"ListItem","position":3,"name":"8er-Geschenkpackung Fr\u00fchling &#8211; alkoholfrei"}]},{"@type":"WebSite","@id":"https:\/\/www.dreimeister.de\/#website","url":"https:\/\/www.dreimeister.de\/","name":"DreiMeister","description":"Finest chocolate","potentialAction":[{"@type":"SearchAction","target":{"@type":"EntryPoint","urlTemplate":"https:\/\/www.dreimeister.de\/?s={search_term_string}"},"query-input":{"@type":"PropertyValueSpecification","valueRequired":true,"valueName":"search_term_string"}}],"inLanguage":"en-GB"}]}},"_links":{"self":[{"href":"https:\/\/www.dreimeister.de\/en\/wp-json\/wp\/v2\/product\/130873"}],"collection":[{"href":"https:\/\/www.dreimeister.de\/en\/wp-json\/wp\/v2\/product"}],"about":[{"href":"https:\/\/www.dreimeister.de\/en\/wp-json\/wp\/v2\/types\/product"}],"replies":[{"embeddable":true,"href":"https:\/\/www.dreimeister.de\/en\/wp-json\/wp\/v2\/comments?post=130873"}],"wp:featuredmedia":[{"embeddable":true,"href":"https:\/\/www.dreimeister.de\/en\/wp-json\/wp\/v2\/media\/130871"}],"wp:attachment":[{"href":"https:\/\/www.dreimeister.de\/en\/wp-json\/wp\/v2\/media?parent=130873"}],"wp:term":[{"taxonomy":"product_cat","embeddable":true,"href":"https:\/\/www.dreimeister.de\/en\/wp-json\/wp\/v2\/product_cat?post=130873"},{"taxonomy":"product_tag","embeddable":true,"href":"https:\/\/www.dreimeister.de\/en\/wp-json\/wp\/v2\/product_tag?post=130873"}],"curies":[{"name":"wp","href":"https:\/\/api.w.org\/{rel}","templated":true}]}}