{"id":130880,"date":"2026-03-03T11:26:54","date_gmt":"2026-03-03T10:26:54","guid":{"rendered":"https:\/\/www.dreimeister.de\/?post_type=product&#038;p=130880"},"modified":"2026-03-09T12:43:17","modified_gmt":"2026-03-09T11:43:17","slug":"vollmilchtaler-herz-2","status":"publish","type":"product","link":"https:\/\/www.dreimeister.de\/en\/shop\/schokoladentaler\/vollmilchtaler-herz-2\/","title":{"rendered":"Vollmilchtaler &#8220;Herz&#8221;"},"content":{"rendered":"<h4>Vollmilchtaler &#8220;Herz&#8221;<\/h4>\n<p>Inhalt: 300 St\u00fcck | je 8g<\/p>\n","protected":false},"excerpt":{"rendered":"<p>Die runden Vollmilchtaler aus feinster Vollmilchschokolade tragen ein liebevolles Herz-Motiv und schenken kleine Genussmomente voller Harmonie und S\u00fc\u00dfe. Ob als Aufmerksamkeit f\u00fcr besondere Menschen, f\u00fcr G\u00e4ste oder zum Selbstverw\u00f6hnen \u2013 diese Taler machen jeden Moment besonders und bringen charmante Freude auf den Tisch.<\/p>\n","protected":false},"featured_media":130883,"comment_status":"closed","ping_status":"closed","template":"","meta":{"_acf_changed":false},"product_cat":[26],"product_tag":[32,30],"class_list":{"0":"post-130880","1":"product","2":"type-product","3":"status-publish","4":"has-post-thumbnail","6":"product_cat-schokoladentaler","7":"product_tag-ohne-alkohol","8":"product_tag-vollmilch","10":"first","11":"instock","12":"taxable","13":"shipping-taxable","14":"purchasable","15":"product-type-simple"},"acf":[],"yoast_head":"<!-- This site is optimized with the Yoast SEO plugin v24.1 - https:\/\/yoast.com\/wordpress\/plugins\/seo\/ -->\n<title>Vollmilchtaler &quot;Herz&quot; - DreiMeister Spezialit\u00e4ten<\/title>\n<meta name=\"description\" content=\"Runde Vollmilchtaler mit Herz-Motiv \u2013 zarte Vollmilchschokolade, perfekt als Geschenk oder f\u00fcr kleine, genussvolle Momente.\" \/>\n<meta name=\"robots\" content=\"index, follow, max-snippet:-1, max-image-preview:large, max-video-preview:-1\" \/>\n<link rel=\"canonical\" href=\"https:\/\/www.dreimeister.de\/en\/shop\/schokoladentaler\/vollmilchtaler-herz-2\/\" \/>\n<meta property=\"og:locale\" content=\"en_GB\" \/>\n<meta property=\"og:locale:alternate\" content=\"de_DE_formal\" \/>\n<meta property=\"og:type\" content=\"article\" \/>\n<meta property=\"og:title\" content=\"Vollmilchtaler &quot;Herz&quot;\" \/>\n<meta property=\"og:description\" content=\"Runde Vollmilchtaler mit Herz-Motiv \u2013 zarte Vollmilchschokolade, perfekt als Geschenk oder f\u00fcr kleine, genussvolle Momente.\" \/>\n<meta property=\"og:url\" content=\"https:\/\/www.dreimeister.de\/en\/shop\/schokoladentaler\/vollmilchtaler-herz-2\/\" \/>\n<meta property=\"og:site_name\" content=\"DreiMeister\" \/>\n<meta property=\"article:publisher\" content=\"https:\/\/www.facebook.com\/dreimeister.spezialitaeten\" \/>\n<meta property=\"article:modified_time\" content=\"2026-03-09T11:43:17+00:00\" \/>\n<meta property=\"og:image\" content=\"http:\/\/www.dreimeister.de\/wp-content\/uploads\/2026\/03\/11603_Vollmilchtaler_Herz.jpg\" \/>\n\t<meta property=\"og:image:width\" content=\"1200\" \/>\n\t<meta property=\"og:image:height\" content=\"1200\" \/>\n\t<meta property=\"og:image:type\" content=\"image\/jpeg\" \/>\n<meta name=\"twitter:label1\" content=\"Estimated reading time\" \/>\n\t<meta name=\"twitter:data1\" content=\"1 minute\" \/>\n<script type=\"application\/ld+json\" class=\"yoast-schema-graph\">{\"@context\":\"https:\/\/schema.org\",\"@graph\":[{\"@type\":\"WebPage\",\"@id\":\"https:\/\/www.dreimeister.de\/shop\/schokoladentaler\/vollmilchtaler-herz-2\/\",\"url\":\"https:\/\/www.dreimeister.de\/shop\/schokoladentaler\/vollmilchtaler-herz-2\/\",\"name\":\"Vollmilchtaler \\\"Herz\\\"\",\"isPartOf\":{\"@id\":\"https:\/\/www.dreimeister.de\/#website\"},\"primaryImageOfPage\":{\"@id\":\"https:\/\/www.dreimeister.de\/shop\/schokoladentaler\/vollmilchtaler-herz-2\/#primaryimage\"},\"image\":{\"@id\":\"https:\/\/www.dreimeister.de\/shop\/schokoladentaler\/vollmilchtaler-herz-2\/#primaryimage\"},\"thumbnailUrl\":\"https:\/\/www.dreimeister.de\/wp-content\/uploads\/2026\/03\/11603_Vollmilchtaler_Herz.jpg\",\"datePublished\":\"2026-03-03T10:26:54+00:00\",\"dateModified\":\"2026-03-09T11:43:17+00:00\",\"description\":\"Runde Vollmilchtaler mit Herz-Motiv \u2013 zarte Vollmilchschokolade, perfekt als Geschenk oder f\u00fcr kleine, genussvolle Momente.\",\"breadcrumb\":{\"@id\":\"https:\/\/www.dreimeister.de\/shop\/schokoladentaler\/vollmilchtaler-herz-2\/#breadcrumb\"},\"inLanguage\":\"en-GB\",\"potentialAction\":[{\"@type\":\"ReadAction\",\"target\":[\"https:\/\/www.dreimeister.de\/shop\/schokoladentaler\/vollmilchtaler-herz-2\/\"]}]},{\"@type\":\"ImageObject\",\"inLanguage\":\"en-GB\",\"@id\":\"https:\/\/www.dreimeister.de\/shop\/schokoladentaler\/vollmilchtaler-herz-2\/#primaryimage\",\"url\":\"https:\/\/www.dreimeister.de\/wp-content\/uploads\/2026\/03\/11603_Vollmilchtaler_Herz.jpg\",\"contentUrl\":\"https:\/\/www.dreimeister.de\/wp-content\/uploads\/2026\/03\/11603_Vollmilchtaler_Herz.jpg\",\"width\":1200,\"height\":1200},{\"@type\":\"BreadcrumbList\",\"@id\":\"https:\/\/www.dreimeister.de\/shop\/schokoladentaler\/vollmilchtaler-herz-2\/#breadcrumb\",\"itemListElement\":[{\"@type\":\"ListItem\",\"position\":1,\"name\":\"Home\",\"item\":\"https:\/\/www.dreimeister.de\/\"},{\"@type\":\"ListItem\",\"position\":2,\"name\":\"Shop\",\"item\":\"https:\/\/www.dreimeister.de\/shop\/\"},{\"@type\":\"ListItem\",\"position\":3,\"name\":\"Vollmilchtaler &#8222;Herz&#8220;\"}]},{\"@type\":\"WebSite\",\"@id\":\"https:\/\/www.dreimeister.de\/#website\",\"url\":\"https:\/\/www.dreimeister.de\/\",\"name\":\"DreiMeister\",\"description\":\"Finest chocolate\",\"potentialAction\":[{\"@type\":\"SearchAction\",\"target\":{\"@type\":\"EntryPoint\",\"urlTemplate\":\"https:\/\/www.dreimeister.de\/?s={search_term_string}\"},\"query-input\":{\"@type\":\"PropertyValueSpecification\",\"valueRequired\":true,\"valueName\":\"search_term_string\"}}],\"inLanguage\":\"en-GB\"}]}<\/script>\n<!-- \/ Yoast SEO plugin. -->","yoast_head_json":{"title":"Vollmilchtaler \"Herz\" - DreiMeister Spezialit\u00e4ten","description":"Runde Vollmilchtaler mit Herz-Motiv \u2013 zarte Vollmilchschokolade, perfekt als Geschenk oder f\u00fcr kleine, genussvolle Momente.","robots":{"index":"index","follow":"follow","max-snippet":"max-snippet:-1","max-image-preview":"max-image-preview:large","max-video-preview":"max-video-preview:-1"},"canonical":"https:\/\/www.dreimeister.de\/en\/shop\/schokoladentaler\/vollmilchtaler-herz-2\/","og_locale":"en_GB","og_type":"article","og_title":"[:de]Vollmilchtaler \"Herz\"[:] - DreiMeister Spezialit\u00e4ten","og_description":"Runde Vollmilchtaler mit Herz-Motiv \u2013 zarte Vollmilchschokolade, perfekt als Geschenk oder f\u00fcr kleine, genussvolle Momente.","og_url":"https:\/\/www.dreimeister.de\/en\/shop\/schokoladentaler\/vollmilchtaler-herz-2\/","og_site_name":"DreiMeister","article_publisher":"https:\/\/www.facebook.com\/dreimeister.spezialitaeten","article_modified_time":"2026-03-09T11:43:17+00:00","og_image":[{"width":1200,"height":1200,"url":"http:\/\/www.dreimeister.de\/wp-content\/uploads\/2026\/03\/11603_Vollmilchtaler_Herz.jpg","type":"image\/jpeg"}],"twitter_misc":{"Estimated reading time":"1 minute"},"schema":{"@context":"https:\/\/schema.org","@graph":[{"@type":"WebPage","@id":"https:\/\/www.dreimeister.de\/shop\/schokoladentaler\/vollmilchtaler-herz-2\/","url":"https:\/\/www.dreimeister.de\/shop\/schokoladentaler\/vollmilchtaler-herz-2\/","name":"Vollmilchtaler \"Herz\"","isPartOf":{"@id":"https:\/\/www.dreimeister.de\/#website"},"primaryImageOfPage":{"@id":"https:\/\/www.dreimeister.de\/shop\/schokoladentaler\/vollmilchtaler-herz-2\/#primaryimage"},"image":{"@id":"https:\/\/www.dreimeister.de\/shop\/schokoladentaler\/vollmilchtaler-herz-2\/#primaryimage"},"thumbnailUrl":"https:\/\/www.dreimeister.de\/wp-content\/uploads\/2026\/03\/11603_Vollmilchtaler_Herz.jpg","datePublished":"2026-03-03T10:26:54+00:00","dateModified":"2026-03-09T11:43:17+00:00","description":"Runde Vollmilchtaler mit Herz-Motiv \u2013 zarte Vollmilchschokolade, perfekt als Geschenk oder f\u00fcr kleine, genussvolle Momente.","breadcrumb":{"@id":"https:\/\/www.dreimeister.de\/shop\/schokoladentaler\/vollmilchtaler-herz-2\/#breadcrumb"},"inLanguage":"en-GB","potentialAction":[{"@type":"ReadAction","target":["https:\/\/www.dreimeister.de\/shop\/schokoladentaler\/vollmilchtaler-herz-2\/"]}]},{"@type":"ImageObject","inLanguage":"en-GB","@id":"https:\/\/www.dreimeister.de\/shop\/schokoladentaler\/vollmilchtaler-herz-2\/#primaryimage","url":"https:\/\/www.dreimeister.de\/wp-content\/uploads\/2026\/03\/11603_Vollmilchtaler_Herz.jpg","contentUrl":"https:\/\/www.dreimeister.de\/wp-content\/uploads\/2026\/03\/11603_Vollmilchtaler_Herz.jpg","width":1200,"height":1200},{"@type":"BreadcrumbList","@id":"https:\/\/www.dreimeister.de\/shop\/schokoladentaler\/vollmilchtaler-herz-2\/#breadcrumb","itemListElement":[{"@type":"ListItem","position":1,"name":"Home","item":"https:\/\/www.dreimeister.de\/"},{"@type":"ListItem","position":2,"name":"Shop","item":"https:\/\/www.dreimeister.de\/shop\/"},{"@type":"ListItem","position":3,"name":"Vollmilchtaler &#8222;Herz&#8220;"}]},{"@type":"WebSite","@id":"https:\/\/www.dreimeister.de\/#website","url":"https:\/\/www.dreimeister.de\/","name":"DreiMeister","description":"Finest chocolate","potentialAction":[{"@type":"SearchAction","target":{"@type":"EntryPoint","urlTemplate":"https:\/\/www.dreimeister.de\/?s={search_term_string}"},"query-input":{"@type":"PropertyValueSpecification","valueRequired":true,"valueName":"search_term_string"}}],"inLanguage":"en-GB"}]}},"_links":{"self":[{"href":"https:\/\/www.dreimeister.de\/en\/wp-json\/wp\/v2\/product\/130880"}],"collection":[{"href":"https:\/\/www.dreimeister.de\/en\/wp-json\/wp\/v2\/product"}],"about":[{"href":"https:\/\/www.dreimeister.de\/en\/wp-json\/wp\/v2\/types\/product"}],"replies":[{"embeddable":true,"href":"https:\/\/www.dreimeister.de\/en\/wp-json\/wp\/v2\/comments?post=130880"}],"wp:featuredmedia":[{"embeddable":true,"href":"https:\/\/www.dreimeister.de\/en\/wp-json\/wp\/v2\/media\/130883"}],"wp:attachment":[{"href":"https:\/\/www.dreimeister.de\/en\/wp-json\/wp\/v2\/media?parent=130880"}],"wp:term":[{"taxonomy":"product_cat","embeddable":true,"href":"https:\/\/www.dreimeister.de\/en\/wp-json\/wp\/v2\/product_cat?post=130880"},{"taxonomy":"product_tag","embeddable":true,"href":"https:\/\/www.dreimeister.de\/en\/wp-json\/wp\/v2\/product_tag?post=130880"}],"curies":[{"name":"wp","href":"https:\/\/api.w.org\/{rel}","templated":true}]}}