{"id":130888,"date":"2026-03-03T14:18:56","date_gmt":"2026-03-03T13:18:56","guid":{"rendered":"https:\/\/www.dreimeister.de\/?post_type=product&#038;p=130888"},"modified":"2026-03-27T11:50:01","modified_gmt":"2026-03-27T10:50:01","slug":"geschenkanhaenger-blumen","status":"publish","type":"product","link":"https:\/\/www.dreimeister.de\/en\/shop\/schokoladentaler\/geschenkanhaenger-blumen\/","title":{"rendered":"Geschenkanh\u00e4nger &#8220;Alles Gute&#8221;"},"content":{"rendered":"<h4>Geschenkanh\u00e4nger &#8220;Alles Gute&#8221;<\/h4>\n<p>Inhalt: 8g &#8211; 1 Taler &#8220;Blumen&#8221; gemischt (Sortierung kann abweichen)<\/p>\n","protected":false},"excerpt":{"rendered":"<p data-start=\"289\" data-end=\"582\">Der liebevoll gestaltete Geschenkanh\u00e4nger kombiniert einen feinen Vollmilchtaler mit einem dekorativen Blumenmotiv und dem Schriftzug \u201eAlles Gute\u201c. Eine charmante Kleinigkeit, die Geschenke auf besondere Weise erg\u00e4nzt und herzliche W\u00fcnsche k\u00f6stlich \u00fcberbringt.\u00a0Ideal als s\u00fc\u00dfes Extra f\u00fcr Geburtstage, Jubil\u00e4en oder kleine Aufmerksamkeiten \u2013 ein dekoratives Detail, das Freude schenkt und Genuss vereint.<\/p>\n","protected":false},"featured_media":127134,"comment_status":"closed","ping_status":"closed","template":"","meta":{"_acf_changed":false},"product_cat":[26,89],"product_tag":[32,29],"class_list":{"0":"post-130888","1":"product","2":"type-product","3":"status-publish","4":"has-post-thumbnail","6":"product_cat-schokoladentaler","7":"product_cat-alles-aus-liebe","8":"product_tag-ohne-alkohol","9":"product_tag-zartbitter","11":"first","12":"instock","13":"taxable","14":"shipping-taxable","15":"purchasable","16":"product-type-simple"},"acf":[],"yoast_head":"<!-- This site is optimized with the Yoast SEO plugin v24.1 - https:\/\/yoast.com\/wordpress\/plugins\/seo\/ -->\n<title>Geschenkanh\u00e4nger &quot;Alles Gute&quot; - DreiMeister Spezialit\u00e4ten<\/title>\n<meta name=\"description\" content=\"Geschenkanh\u00e4nger \u201eAlles Gute\u201c mit Vollmilchtaler und Blumenmotiv \u2013 s\u00fc\u00dfe Aufmerksamkeit, die Gl\u00fcckw\u00fcnsche stilvoll und genussvoll \u00fcberbringt.\" \/>\n<meta name=\"robots\" content=\"index, follow, max-snippet:-1, max-image-preview:large, max-video-preview:-1\" \/>\n<link rel=\"canonical\" href=\"https:\/\/www.dreimeister.de\/en\/shop\/schokoladentaler\/geschenkanhaenger-blumen\/\" \/>\n<meta property=\"og:locale\" content=\"en_GB\" \/>\n<meta property=\"og:locale:alternate\" content=\"de_DE_formal\" \/>\n<meta property=\"og:type\" content=\"article\" \/>\n<meta property=\"og:title\" content=\"Geschenkanh\u00e4nger &quot;Alles Gute&quot;\" \/>\n<meta property=\"og:description\" content=\"Geschenkanh\u00e4nger \u201eAlles Gute\u201c mit Vollmilchtaler und Blumenmotiv \u2013 s\u00fc\u00dfe Aufmerksamkeit, die Gl\u00fcckw\u00fcnsche stilvoll und genussvoll \u00fcberbringt.\" \/>\n<meta property=\"og:url\" content=\"https:\/\/www.dreimeister.de\/en\/shop\/schokoladentaler\/geschenkanhaenger-blumen\/\" \/>\n<meta property=\"og:site_name\" content=\"DreiMeister\" \/>\n<meta property=\"article:publisher\" content=\"https:\/\/www.facebook.com\/dreimeister.spezialitaeten\" \/>\n<meta property=\"article:modified_time\" content=\"2026-03-27T10:50:01+00:00\" \/>\n<meta property=\"og:image\" content=\"http:\/\/www.dreimeister.de\/wp-content\/uploads\/2020\/02\/12965_Talerkaertchen_Blumen_Mockup.jpg\" \/>\n\t<meta property=\"og:image:width\" content=\"1200\" \/>\n\t<meta property=\"og:image:height\" content=\"1200\" \/>\n\t<meta property=\"og:image:type\" content=\"image\/jpeg\" \/>\n<meta name=\"twitter:label1\" content=\"Estimated reading time\" \/>\n\t<meta name=\"twitter:data1\" content=\"1 minute\" \/>\n<script type=\"application\/ld+json\" class=\"yoast-schema-graph\">{\"@context\":\"https:\/\/schema.org\",\"@graph\":[{\"@type\":\"WebPage\",\"@id\":\"https:\/\/www.dreimeister.de\/shop\/schokoladentaler\/geschenkanhaenger-blumen\/\",\"url\":\"https:\/\/www.dreimeister.de\/shop\/schokoladentaler\/geschenkanhaenger-blumen\/\",\"name\":\"Geschenkanh\u00e4nger \\\"Alles Gute\\\"\",\"isPartOf\":{\"@id\":\"https:\/\/www.dreimeister.de\/#website\"},\"primaryImageOfPage\":{\"@id\":\"https:\/\/www.dreimeister.de\/shop\/schokoladentaler\/geschenkanhaenger-blumen\/#primaryimage\"},\"image\":{\"@id\":\"https:\/\/www.dreimeister.de\/shop\/schokoladentaler\/geschenkanhaenger-blumen\/#primaryimage\"},\"thumbnailUrl\":\"https:\/\/www.dreimeister.de\/wp-content\/uploads\/2020\/02\/12965_Talerkaertchen_Blumen_Mockup.jpg\",\"datePublished\":\"2026-03-03T13:18:56+00:00\",\"dateModified\":\"2026-03-27T10:50:01+00:00\",\"description\":\"Geschenkanh\u00e4nger \u201eAlles Gute\u201c mit Vollmilchtaler und Blumenmotiv \u2013 s\u00fc\u00dfe Aufmerksamkeit, die Gl\u00fcckw\u00fcnsche stilvoll und genussvoll \u00fcberbringt.\",\"breadcrumb\":{\"@id\":\"https:\/\/www.dreimeister.de\/shop\/schokoladentaler\/geschenkanhaenger-blumen\/#breadcrumb\"},\"inLanguage\":\"en-GB\",\"potentialAction\":[{\"@type\":\"ReadAction\",\"target\":[\"https:\/\/www.dreimeister.de\/shop\/schokoladentaler\/geschenkanhaenger-blumen\/\"]}]},{\"@type\":\"ImageObject\",\"inLanguage\":\"en-GB\",\"@id\":\"https:\/\/www.dreimeister.de\/shop\/schokoladentaler\/geschenkanhaenger-blumen\/#primaryimage\",\"url\":\"https:\/\/www.dreimeister.de\/wp-content\/uploads\/2020\/02\/12965_Talerkaertchen_Blumen_Mockup.jpg\",\"contentUrl\":\"https:\/\/www.dreimeister.de\/wp-content\/uploads\/2020\/02\/12965_Talerkaertchen_Blumen_Mockup.jpg\",\"width\":1200,\"height\":1200},{\"@type\":\"BreadcrumbList\",\"@id\":\"https:\/\/www.dreimeister.de\/shop\/schokoladentaler\/geschenkanhaenger-blumen\/#breadcrumb\",\"itemListElement\":[{\"@type\":\"ListItem\",\"position\":1,\"name\":\"Home\",\"item\":\"https:\/\/www.dreimeister.de\/\"},{\"@type\":\"ListItem\",\"position\":2,\"name\":\"Shop\",\"item\":\"https:\/\/www.dreimeister.de\/shop\/\"},{\"@type\":\"ListItem\",\"position\":3,\"name\":\"Geschenkanh\u00e4nger &#8222;Alles Gute&#8220;\"}]},{\"@type\":\"WebSite\",\"@id\":\"https:\/\/www.dreimeister.de\/#website\",\"url\":\"https:\/\/www.dreimeister.de\/\",\"name\":\"DreiMeister\",\"description\":\"Finest chocolate\",\"potentialAction\":[{\"@type\":\"SearchAction\",\"target\":{\"@type\":\"EntryPoint\",\"urlTemplate\":\"https:\/\/www.dreimeister.de\/?s={search_term_string}\"},\"query-input\":{\"@type\":\"PropertyValueSpecification\",\"valueRequired\":true,\"valueName\":\"search_term_string\"}}],\"inLanguage\":\"en-GB\"}]}<\/script>\n<!-- \/ Yoast SEO plugin. -->","yoast_head_json":{"title":"Geschenkanh\u00e4nger \"Alles Gute\" - DreiMeister Spezialit\u00e4ten","description":"Geschenkanh\u00e4nger \u201eAlles Gute\u201c mit Vollmilchtaler und Blumenmotiv \u2013 s\u00fc\u00dfe Aufmerksamkeit, die Gl\u00fcckw\u00fcnsche stilvoll und genussvoll \u00fcberbringt.","robots":{"index":"index","follow":"follow","max-snippet":"max-snippet:-1","max-image-preview":"max-image-preview:large","max-video-preview":"max-video-preview:-1"},"canonical":"https:\/\/www.dreimeister.de\/en\/shop\/schokoladentaler\/geschenkanhaenger-blumen\/","og_locale":"en_GB","og_type":"article","og_title":"[:de]Geschenkanh\u00e4nger \"Alles Gute\"[:] - DreiMeister Spezialit\u00e4ten","og_description":"Geschenkanh\u00e4nger \u201eAlles Gute\u201c mit Vollmilchtaler und Blumenmotiv \u2013 s\u00fc\u00dfe Aufmerksamkeit, die Gl\u00fcckw\u00fcnsche stilvoll und genussvoll \u00fcberbringt.","og_url":"https:\/\/www.dreimeister.de\/en\/shop\/schokoladentaler\/geschenkanhaenger-blumen\/","og_site_name":"DreiMeister","article_publisher":"https:\/\/www.facebook.com\/dreimeister.spezialitaeten","article_modified_time":"2026-03-27T10:50:01+00:00","og_image":[{"width":1200,"height":1200,"url":"http:\/\/www.dreimeister.de\/wp-content\/uploads\/2020\/02\/12965_Talerkaertchen_Blumen_Mockup.jpg","type":"image\/jpeg"}],"twitter_misc":{"Estimated reading time":"1 minute"},"schema":{"@context":"https:\/\/schema.org","@graph":[{"@type":"WebPage","@id":"https:\/\/www.dreimeister.de\/shop\/schokoladentaler\/geschenkanhaenger-blumen\/","url":"https:\/\/www.dreimeister.de\/shop\/schokoladentaler\/geschenkanhaenger-blumen\/","name":"Geschenkanh\u00e4nger \"Alles Gute\"","isPartOf":{"@id":"https:\/\/www.dreimeister.de\/#website"},"primaryImageOfPage":{"@id":"https:\/\/www.dreimeister.de\/shop\/schokoladentaler\/geschenkanhaenger-blumen\/#primaryimage"},"image":{"@id":"https:\/\/www.dreimeister.de\/shop\/schokoladentaler\/geschenkanhaenger-blumen\/#primaryimage"},"thumbnailUrl":"https:\/\/www.dreimeister.de\/wp-content\/uploads\/2020\/02\/12965_Talerkaertchen_Blumen_Mockup.jpg","datePublished":"2026-03-03T13:18:56+00:00","dateModified":"2026-03-27T10:50:01+00:00","description":"Geschenkanh\u00e4nger \u201eAlles Gute\u201c mit Vollmilchtaler und Blumenmotiv \u2013 s\u00fc\u00dfe Aufmerksamkeit, die Gl\u00fcckw\u00fcnsche stilvoll und genussvoll \u00fcberbringt.","breadcrumb":{"@id":"https:\/\/www.dreimeister.de\/shop\/schokoladentaler\/geschenkanhaenger-blumen\/#breadcrumb"},"inLanguage":"en-GB","potentialAction":[{"@type":"ReadAction","target":["https:\/\/www.dreimeister.de\/shop\/schokoladentaler\/geschenkanhaenger-blumen\/"]}]},{"@type":"ImageObject","inLanguage":"en-GB","@id":"https:\/\/www.dreimeister.de\/shop\/schokoladentaler\/geschenkanhaenger-blumen\/#primaryimage","url":"https:\/\/www.dreimeister.de\/wp-content\/uploads\/2020\/02\/12965_Talerkaertchen_Blumen_Mockup.jpg","contentUrl":"https:\/\/www.dreimeister.de\/wp-content\/uploads\/2020\/02\/12965_Talerkaertchen_Blumen_Mockup.jpg","width":1200,"height":1200},{"@type":"BreadcrumbList","@id":"https:\/\/www.dreimeister.de\/shop\/schokoladentaler\/geschenkanhaenger-blumen\/#breadcrumb","itemListElement":[{"@type":"ListItem","position":1,"name":"Home","item":"https:\/\/www.dreimeister.de\/"},{"@type":"ListItem","position":2,"name":"Shop","item":"https:\/\/www.dreimeister.de\/shop\/"},{"@type":"ListItem","position":3,"name":"Geschenkanh\u00e4nger &#8222;Alles Gute&#8220;"}]},{"@type":"WebSite","@id":"https:\/\/www.dreimeister.de\/#website","url":"https:\/\/www.dreimeister.de\/","name":"DreiMeister","description":"Finest chocolate","potentialAction":[{"@type":"SearchAction","target":{"@type":"EntryPoint","urlTemplate":"https:\/\/www.dreimeister.de\/?s={search_term_string}"},"query-input":{"@type":"PropertyValueSpecification","valueRequired":true,"valueName":"search_term_string"}}],"inLanguage":"en-GB"}]}},"_links":{"self":[{"href":"https:\/\/www.dreimeister.de\/en\/wp-json\/wp\/v2\/product\/130888"}],"collection":[{"href":"https:\/\/www.dreimeister.de\/en\/wp-json\/wp\/v2\/product"}],"about":[{"href":"https:\/\/www.dreimeister.de\/en\/wp-json\/wp\/v2\/types\/product"}],"replies":[{"embeddable":true,"href":"https:\/\/www.dreimeister.de\/en\/wp-json\/wp\/v2\/comments?post=130888"}],"wp:featuredmedia":[{"embeddable":true,"href":"https:\/\/www.dreimeister.de\/en\/wp-json\/wp\/v2\/media\/127134"}],"wp:attachment":[{"href":"https:\/\/www.dreimeister.de\/en\/wp-json\/wp\/v2\/media?parent=130888"}],"wp:term":[{"taxonomy":"product_cat","embeddable":true,"href":"https:\/\/www.dreimeister.de\/en\/wp-json\/wp\/v2\/product_cat?post=130888"},{"taxonomy":"product_tag","embeddable":true,"href":"https:\/\/www.dreimeister.de\/en\/wp-json\/wp\/v2\/product_tag?post=130888"}],"curies":[{"name":"wp","href":"https:\/\/api.w.org\/{rel}","templated":true}]}}