{"id":130889,"date":"2026-03-03T14:35:46","date_gmt":"2026-03-03T13:35:46","guid":{"rendered":"https:\/\/www.dreimeister.de\/?post_type=product&#038;p=130889"},"modified":"2026-03-03T14:43:35","modified_gmt":"2026-03-03T13:43:35","slug":"30-pistazien-happen-im-display","status":"publish","type":"product","link":"https:\/\/www.dreimeister.de\/en\/shop\/happen\/30-pistazien-happen-im-display\/","title":{"rendered":"30 Pistazien Happen im Display"},"content":{"rendered":"<p><strong>Produktinformation \u201e30 Pistazien Happen im Display\u201c<\/strong><\/p>\n<p>Inhalt: 30 einzeln verpackte Happen je 25g<\/p>\n<p>30 Pistazien Happen. Eine tolle Geschenkidee: Bei diesen in Goldfolie verpackten kleinen St\u00fcckchen freut sich jeder dar\u00fcber. Dieses schicke Display mit 30 St\u00fcck Pistazien Happen l\u00e4sst sich gut auf jedem Tisch platzieren.<\/p>\n","protected":false},"excerpt":{"rendered":"<p data-start=\"107\" data-end=\"393\">Die Pistazien Happen im praktischen 30er Display verbinden zarte Schokolade mit dem feinen, aromatischen Geschmack ger\u00f6steter Pistazien. Jede einzelne Praline ist ein kleiner Genussmoment, perfekt f\u00fcr zwischendurch, zum Teilen mit Freunden oder als s\u00fc\u00dfe Belohnung f\u00fcr sich selbst. Das Display eignet sich ideal f\u00fcr den unkomplizierten Genuss zu Hause oder unterwegs und macht das Naschen besonders einfach \u2013 aromatisch, handlich und unwiderstehlich lecker.<\/p>\n","protected":false},"featured_media":130705,"comment_status":"closed","ping_status":"closed","template":"","meta":{"_acf_changed":false},"product_cat":[88],"product_tag":[32,29],"class_list":{"0":"post-130889","1":"product","2":"type-product","3":"status-publish","4":"has-post-thumbnail","6":"product_cat-happen","7":"product_tag-ohne-alkohol","8":"product_tag-zartbitter","10":"first","11":"instock","12":"taxable","13":"shipping-taxable","14":"purchasable","15":"product-type-simple"},"acf":[],"yoast_head":"<!-- This site is optimized with the Yoast SEO plugin v24.1 - https:\/\/yoast.com\/wordpress\/plugins\/seo\/ -->\n<title>30 Pistazien Happen im Display - DreiMeister Spezialit\u00e4ten[:]<\/title>\n<meta name=\"description\" content=\"Pistazien Happen im 30er Display \u2013 feine Schokolade trifft auf aromatische Pistazie. Jetzt online bestellen und besondere Genussmomente erleben.\" \/>\n<meta name=\"robots\" content=\"index, follow, max-snippet:-1, max-image-preview:large, max-video-preview:-1\" \/>\n<link rel=\"canonical\" href=\"https:\/\/www.dreimeister.de\/en\/shop\/happen\/30-pistazien-happen-im-display\/\" \/>\n<meta property=\"og:locale\" content=\"en_GB\" \/>\n<meta property=\"og:locale:alternate\" content=\"de_DE_formal\" \/>\n<meta property=\"og:type\" content=\"article\" \/>\n<meta property=\"og:title\" content=\"30 Pistazien Happen im Display\" \/>\n<meta property=\"og:description\" content=\"Pistazien Happen im 30er Display \u2013 feine Schokolade trifft auf aromatische Pistazie. Jetzt online bestellen und besondere Genussmomente erleben.\" \/>\n<meta property=\"og:url\" content=\"https:\/\/www.dreimeister.de\/en\/shop\/happen\/30-pistazien-happen-im-display\/\" \/>\n<meta property=\"og:site_name\" content=\"DreiMeister\" \/>\n<meta property=\"article:publisher\" content=\"https:\/\/www.facebook.com\/dreimeister.spezialitaeten\" \/>\n<meta property=\"article:modified_time\" content=\"2026-03-03T13:43:35+00:00\" \/>\n<meta property=\"og:image\" content=\"http:\/\/www.dreimeister.de\/wp-content\/uploads\/2024\/07\/12972_Display-Pistazien-Happen.jpg\" \/>\n\t<meta property=\"og:image:width\" content=\"1200\" \/>\n\t<meta property=\"og:image:height\" content=\"1200\" \/>\n\t<meta property=\"og:image:type\" content=\"image\/jpeg\" \/>\n<meta name=\"twitter:label1\" content=\"Estimated reading time\" \/>\n\t<meta name=\"twitter:data1\" content=\"1 minute\" \/>\n<script type=\"application\/ld+json\" class=\"yoast-schema-graph\">{\"@context\":\"https:\/\/schema.org\",\"@graph\":[{\"@type\":\"WebPage\",\"@id\":\"https:\/\/www.dreimeister.de\/shop\/happen\/30-pistazien-happen-im-display\/\",\"url\":\"https:\/\/www.dreimeister.de\/shop\/happen\/30-pistazien-happen-im-display\/\",\"name\":\"30 Pistazien Happen im Display\",\"isPartOf\":{\"@id\":\"https:\/\/www.dreimeister.de\/#website\"},\"primaryImageOfPage\":{\"@id\":\"https:\/\/www.dreimeister.de\/shop\/happen\/30-pistazien-happen-im-display\/#primaryimage\"},\"image\":{\"@id\":\"https:\/\/www.dreimeister.de\/shop\/happen\/30-pistazien-happen-im-display\/#primaryimage\"},\"thumbnailUrl\":\"https:\/\/www.dreimeister.de\/wp-content\/uploads\/2024\/07\/12972_Display-Pistazien-Happen.jpg\",\"datePublished\":\"2026-03-03T13:35:46+00:00\",\"dateModified\":\"2026-03-03T13:43:35+00:00\",\"description\":\"Pistazien Happen im 30er Display \u2013 feine Schokolade trifft auf aromatische Pistazie. Jetzt online bestellen und besondere Genussmomente erleben.\",\"breadcrumb\":{\"@id\":\"https:\/\/www.dreimeister.de\/shop\/happen\/30-pistazien-happen-im-display\/#breadcrumb\"},\"inLanguage\":\"en-GB\",\"potentialAction\":[{\"@type\":\"ReadAction\",\"target\":[\"https:\/\/www.dreimeister.de\/shop\/happen\/30-pistazien-happen-im-display\/\"]}]},{\"@type\":\"ImageObject\",\"inLanguage\":\"en-GB\",\"@id\":\"https:\/\/www.dreimeister.de\/shop\/happen\/30-pistazien-happen-im-display\/#primaryimage\",\"url\":\"https:\/\/www.dreimeister.de\/wp-content\/uploads\/2024\/07\/12972_Display-Pistazien-Happen.jpg\",\"contentUrl\":\"https:\/\/www.dreimeister.de\/wp-content\/uploads\/2024\/07\/12972_Display-Pistazien-Happen.jpg\",\"width\":1200,\"height\":1200},{\"@type\":\"BreadcrumbList\",\"@id\":\"https:\/\/www.dreimeister.de\/shop\/happen\/30-pistazien-happen-im-display\/#breadcrumb\",\"itemListElement\":[{\"@type\":\"ListItem\",\"position\":1,\"name\":\"Home\",\"item\":\"https:\/\/www.dreimeister.de\/\"},{\"@type\":\"ListItem\",\"position\":2,\"name\":\"Shop\",\"item\":\"https:\/\/www.dreimeister.de\/shop\/\"},{\"@type\":\"ListItem\",\"position\":3,\"name\":\"30 Pistazien Happen im Display\"}]},{\"@type\":\"WebSite\",\"@id\":\"https:\/\/www.dreimeister.de\/#website\",\"url\":\"https:\/\/www.dreimeister.de\/\",\"name\":\"DreiMeister\",\"description\":\"Finest chocolate\",\"potentialAction\":[{\"@type\":\"SearchAction\",\"target\":{\"@type\":\"EntryPoint\",\"urlTemplate\":\"https:\/\/www.dreimeister.de\/?s={search_term_string}\"},\"query-input\":{\"@type\":\"PropertyValueSpecification\",\"valueRequired\":true,\"valueName\":\"search_term_string\"}}],\"inLanguage\":\"en-GB\"}]}<\/script>\n<!-- \/ Yoast SEO plugin. -->","yoast_head_json":{"title":"30 Pistazien Happen im Display - DreiMeister Spezialit\u00e4ten[:]","description":"Pistazien Happen im 30er Display \u2013 feine Schokolade trifft auf aromatische Pistazie. Jetzt online bestellen und besondere Genussmomente erleben.","robots":{"index":"index","follow":"follow","max-snippet":"max-snippet:-1","max-image-preview":"max-image-preview:large","max-video-preview":"max-video-preview:-1"},"canonical":"https:\/\/www.dreimeister.de\/en\/shop\/happen\/30-pistazien-happen-im-display\/","og_locale":"en_GB","og_type":"article","og_title":"[:de][:de]30 Pistazien Happen im Display[:] - DreiMeister Spezialit\u00e4ten[:]","og_description":"[:de]Pistazien Happen im 30er Display \u2013 feine Schokolade trifft auf aromatische Pistazie. Jetzt online bestellen und besondere Genussmomente erleben.[:]","og_url":"https:\/\/www.dreimeister.de\/en\/shop\/happen\/30-pistazien-happen-im-display\/","og_site_name":"DreiMeister","article_publisher":"https:\/\/www.facebook.com\/dreimeister.spezialitaeten","article_modified_time":"2026-03-03T13:43:35+00:00","og_image":[{"width":1200,"height":1200,"url":"http:\/\/www.dreimeister.de\/wp-content\/uploads\/2024\/07\/12972_Display-Pistazien-Happen.jpg","type":"image\/jpeg"}],"twitter_misc":{"Estimated reading time":"1 minute"},"schema":{"@context":"https:\/\/schema.org","@graph":[{"@type":"WebPage","@id":"https:\/\/www.dreimeister.de\/shop\/happen\/30-pistazien-happen-im-display\/","url":"https:\/\/www.dreimeister.de\/shop\/happen\/30-pistazien-happen-im-display\/","name":"30 Pistazien Happen im Display","isPartOf":{"@id":"https:\/\/www.dreimeister.de\/#website"},"primaryImageOfPage":{"@id":"https:\/\/www.dreimeister.de\/shop\/happen\/30-pistazien-happen-im-display\/#primaryimage"},"image":{"@id":"https:\/\/www.dreimeister.de\/shop\/happen\/30-pistazien-happen-im-display\/#primaryimage"},"thumbnailUrl":"https:\/\/www.dreimeister.de\/wp-content\/uploads\/2024\/07\/12972_Display-Pistazien-Happen.jpg","datePublished":"2026-03-03T13:35:46+00:00","dateModified":"2026-03-03T13:43:35+00:00","description":"Pistazien Happen im 30er Display \u2013 feine Schokolade trifft auf aromatische Pistazie. Jetzt online bestellen und besondere Genussmomente erleben.","breadcrumb":{"@id":"https:\/\/www.dreimeister.de\/shop\/happen\/30-pistazien-happen-im-display\/#breadcrumb"},"inLanguage":"en-GB","potentialAction":[{"@type":"ReadAction","target":["https:\/\/www.dreimeister.de\/shop\/happen\/30-pistazien-happen-im-display\/"]}]},{"@type":"ImageObject","inLanguage":"en-GB","@id":"https:\/\/www.dreimeister.de\/shop\/happen\/30-pistazien-happen-im-display\/#primaryimage","url":"https:\/\/www.dreimeister.de\/wp-content\/uploads\/2024\/07\/12972_Display-Pistazien-Happen.jpg","contentUrl":"https:\/\/www.dreimeister.de\/wp-content\/uploads\/2024\/07\/12972_Display-Pistazien-Happen.jpg","width":1200,"height":1200},{"@type":"BreadcrumbList","@id":"https:\/\/www.dreimeister.de\/shop\/happen\/30-pistazien-happen-im-display\/#breadcrumb","itemListElement":[{"@type":"ListItem","position":1,"name":"Home","item":"https:\/\/www.dreimeister.de\/"},{"@type":"ListItem","position":2,"name":"Shop","item":"https:\/\/www.dreimeister.de\/shop\/"},{"@type":"ListItem","position":3,"name":"30 Pistazien Happen im Display"}]},{"@type":"WebSite","@id":"https:\/\/www.dreimeister.de\/#website","url":"https:\/\/www.dreimeister.de\/","name":"DreiMeister","description":"Finest chocolate","potentialAction":[{"@type":"SearchAction","target":{"@type":"EntryPoint","urlTemplate":"https:\/\/www.dreimeister.de\/?s={search_term_string}"},"query-input":{"@type":"PropertyValueSpecification","valueRequired":true,"valueName":"search_term_string"}}],"inLanguage":"en-GB"}]}},"_links":{"self":[{"href":"https:\/\/www.dreimeister.de\/en\/wp-json\/wp\/v2\/product\/130889"}],"collection":[{"href":"https:\/\/www.dreimeister.de\/en\/wp-json\/wp\/v2\/product"}],"about":[{"href":"https:\/\/www.dreimeister.de\/en\/wp-json\/wp\/v2\/types\/product"}],"replies":[{"embeddable":true,"href":"https:\/\/www.dreimeister.de\/en\/wp-json\/wp\/v2\/comments?post=130889"}],"wp:featuredmedia":[{"embeddable":true,"href":"https:\/\/www.dreimeister.de\/en\/wp-json\/wp\/v2\/media\/130705"}],"wp:attachment":[{"href":"https:\/\/www.dreimeister.de\/en\/wp-json\/wp\/v2\/media?parent=130889"}],"wp:term":[{"taxonomy":"product_cat","embeddable":true,"href":"https:\/\/www.dreimeister.de\/en\/wp-json\/wp\/v2\/product_cat?post=130889"},{"taxonomy":"product_tag","embeddable":true,"href":"https:\/\/www.dreimeister.de\/en\/wp-json\/wp\/v2\/product_tag?post=130889"}],"curies":[{"name":"wp","href":"https:\/\/api.w.org\/{rel}","templated":true}]}}