{"id":28301,"date":"2020-02-21T14:41:10","date_gmt":"2020-02-21T13:41:10","guid":{"rendered":"http:\/\/www.dreimeister.de\/?post_type=product&#038;p=28301"},"modified":"2026-03-04T10:07:51","modified_gmt":"2026-03-04T09:07:51","slug":"eidose-osterueberraschung","status":"publish","type":"product","link":"https:\/\/www.dreimeister.de\/en\/shop\/pralinen-und-trueffel\/eidose-osterueberraschung\/","title":{"rendered":"Eidose Oster\u00fcberraschung | alkoholfrei"},"content":{"rendered":"<h4>Produktinformation \u201eEidose Oster\u00fcberraschung | alkoholfrei\u201c<\/h4>\n<p>Inhalt: 300g<\/p>\n<p>Folgende Tr\u00fcffelsorten sind in der Dose enthalten:<\/p>\n","protected":false},"excerpt":{"rendered":"<p>Diese \u00f6sterliche Eidose zaubert garantiert ein L\u00e4cheln auf&#8217;s Gesicht. Verziehrt mit einer wei\u00dfen Textilschleife verstecken sich im Inneren verschiedene alkoholfreie Tr\u00fcffel.<\/p>\n","protected":false},"featured_media":127124,"comment_status":"closed","ping_status":"closed","template":"","meta":{"_acf_changed":false},"product_cat":[25,90],"product_tag":[32,30,31,29],"class_list":{"0":"post-28301","1":"product","2":"type-product","3":"status-publish","4":"has-post-thumbnail","6":"product_cat-pralinen-und-trueffel","7":"product_cat-ostern","8":"product_tag-ohne-alkohol","9":"product_tag-vollmilch","10":"product_tag-weiss","11":"product_tag-zartbitter","13":"first","14":"instock","15":"taxable","16":"shipping-taxable","17":"purchasable","18":"product-type-simple"},"acf":[],"yoast_head":"<!-- This site is optimized with the Yoast SEO plugin v24.1 - https:\/\/yoast.com\/wordpress\/plugins\/seo\/ -->\n<title>Eidose Oster\u00fcberraschung | alkoholfrei - DreiMeister<\/title>\n<meta name=\"description\" content=\"\u00dcberraschen Sie zu Ostern mit einer eleganten Eidose mit goldener Schleife \u2013 gef\u00fcllt mit zarten, alkoholfreien Tr\u00fcffeln. Das perfekte Geschenk f\u00fcr s\u00fc\u00dfe Genussmomente.\" \/>\n<meta name=\"robots\" content=\"index, follow, max-snippet:-1, max-image-preview:large, max-video-preview:-1\" \/>\n<link rel=\"canonical\" href=\"https:\/\/www.dreimeister.de\/en\/shop\/pralinen-und-trueffel\/eidose-osterueberraschung\/\" \/>\n<meta property=\"og:locale\" content=\"en_GB\" \/>\n<meta property=\"og:locale:alternate\" content=\"de_DE_formal\" \/>\n<meta property=\"og:type\" content=\"article\" \/>\n<meta property=\"og:title\" content=\"Eidose Oster\u00fcberraschung | alkoholfrei\" \/>\n<meta property=\"og:description\" content=\"\u00dcberraschen Sie zu Ostern mit einer eleganten Eidose mit goldener Schleife \u2013 gef\u00fcllt mit zarten, alkoholfreien Tr\u00fcffeln. Das perfekte Geschenk f\u00fcr s\u00fc\u00dfe Genussmomente.\" \/>\n<meta property=\"og:url\" content=\"https:\/\/www.dreimeister.de\/en\/shop\/pralinen-und-trueffel\/eidose-osterueberraschung\/\" \/>\n<meta property=\"og:site_name\" content=\"DreiMeister\" \/>\n<meta property=\"article:publisher\" content=\"https:\/\/www.facebook.com\/dreimeister.spezialitaeten\" \/>\n<meta property=\"article:modified_time\" content=\"2026-03-04T09:07:51+00:00\" \/>\n<meta property=\"og:image\" content=\"http:\/\/www.dreimeister.de\/wp-content\/uploads\/2020\/02\/12982_Eidose_Pink.jpg\" \/>\n\t<meta property=\"og:image:width\" content=\"1200\" \/>\n\t<meta property=\"og:image:height\" content=\"1200\" \/>\n\t<meta property=\"og:image:type\" content=\"image\/jpeg\" \/>\n<meta name=\"twitter:label1\" content=\"Estimated reading time\" \/>\n\t<meta name=\"twitter:data1\" content=\"1 minute\" \/>\n<script type=\"application\/ld+json\" class=\"yoast-schema-graph\">{\"@context\":\"https:\/\/schema.org\",\"@graph\":[{\"@type\":\"WebPage\",\"@id\":\"https:\/\/www.dreimeister.de\/shop\/pralinen-und-trueffel\/eidose-osterueberraschung\/\",\"url\":\"https:\/\/www.dreimeister.de\/shop\/pralinen-und-trueffel\/eidose-osterueberraschung\/\",\"name\":\"Eidose Oster\u00fcberraschung | alkoholfrei\",\"isPartOf\":{\"@id\":\"https:\/\/www.dreimeister.de\/#website\"},\"primaryImageOfPage\":{\"@id\":\"https:\/\/www.dreimeister.de\/shop\/pralinen-und-trueffel\/eidose-osterueberraschung\/#primaryimage\"},\"image\":{\"@id\":\"https:\/\/www.dreimeister.de\/shop\/pralinen-und-trueffel\/eidose-osterueberraschung\/#primaryimage\"},\"thumbnailUrl\":\"https:\/\/www.dreimeister.de\/wp-content\/uploads\/2020\/02\/12982_Eidose_Pink.jpg\",\"datePublished\":\"2020-02-21T13:41:10+00:00\",\"dateModified\":\"2026-03-04T09:07:51+00:00\",\"description\":\"\u00dcberraschen Sie zu Ostern mit einer eleganten Eidose mit goldener Schleife \u2013 gef\u00fcllt mit zarten, alkoholfreien Tr\u00fcffeln. Das perfekte Geschenk f\u00fcr s\u00fc\u00dfe Genussmomente.\",\"breadcrumb\":{\"@id\":\"https:\/\/www.dreimeister.de\/shop\/pralinen-und-trueffel\/eidose-osterueberraschung\/#breadcrumb\"},\"inLanguage\":\"en-GB\",\"potentialAction\":[{\"@type\":\"ReadAction\",\"target\":[\"https:\/\/www.dreimeister.de\/shop\/pralinen-und-trueffel\/eidose-osterueberraschung\/\"]}]},{\"@type\":\"ImageObject\",\"inLanguage\":\"en-GB\",\"@id\":\"https:\/\/www.dreimeister.de\/shop\/pralinen-und-trueffel\/eidose-osterueberraschung\/#primaryimage\",\"url\":\"https:\/\/www.dreimeister.de\/wp-content\/uploads\/2020\/02\/12982_Eidose_Pink.jpg\",\"contentUrl\":\"https:\/\/www.dreimeister.de\/wp-content\/uploads\/2020\/02\/12982_Eidose_Pink.jpg\",\"width\":1200,\"height\":1200},{\"@type\":\"BreadcrumbList\",\"@id\":\"https:\/\/www.dreimeister.de\/shop\/pralinen-und-trueffel\/eidose-osterueberraschung\/#breadcrumb\",\"itemListElement\":[{\"@type\":\"ListItem\",\"position\":1,\"name\":\"Home\",\"item\":\"https:\/\/www.dreimeister.de\/\"},{\"@type\":\"ListItem\",\"position\":2,\"name\":\"Shop\",\"item\":\"https:\/\/www.dreimeister.de\/shop\/\"},{\"@type\":\"ListItem\",\"position\":3,\"name\":\"Eidose Oster\u00fcberraschung | alkoholfrei\"}]},{\"@type\":\"WebSite\",\"@id\":\"https:\/\/www.dreimeister.de\/#website\",\"url\":\"https:\/\/www.dreimeister.de\/\",\"name\":\"DreiMeister\",\"description\":\"Finest chocolate\",\"potentialAction\":[{\"@type\":\"SearchAction\",\"target\":{\"@type\":\"EntryPoint\",\"urlTemplate\":\"https:\/\/www.dreimeister.de\/?s={search_term_string}\"},\"query-input\":{\"@type\":\"PropertyValueSpecification\",\"valueRequired\":true,\"valueName\":\"search_term_string\"}}],\"inLanguage\":\"en-GB\"}]}<\/script>\n<!-- \/ Yoast SEO plugin. -->","yoast_head_json":{"title":"Eidose Oster\u00fcberraschung | alkoholfrei - DreiMeister","description":"\u00dcberraschen Sie zu Ostern mit einer eleganten Eidose mit goldener Schleife \u2013 gef\u00fcllt mit zarten, alkoholfreien Tr\u00fcffeln. Das perfekte Geschenk f\u00fcr s\u00fc\u00dfe Genussmomente.","robots":{"index":"index","follow":"follow","max-snippet":"max-snippet:-1","max-image-preview":"max-image-preview:large","max-video-preview":"max-video-preview:-1"},"canonical":"https:\/\/www.dreimeister.de\/en\/shop\/pralinen-und-trueffel\/eidose-osterueberraschung\/","og_locale":"en_GB","og_type":"article","og_title":"[:de]Eidose Oster\u00fcberraschung | alkoholfrei[:] - DreiMeister","og_description":"\u00dcberraschen Sie zu Ostern mit einer eleganten Eidose mit goldener Schleife \u2013 gef\u00fcllt mit zarten, alkoholfreien Tr\u00fcffeln. Das perfekte Geschenk f\u00fcr s\u00fc\u00dfe Genussmomente.","og_url":"https:\/\/www.dreimeister.de\/en\/shop\/pralinen-und-trueffel\/eidose-osterueberraschung\/","og_site_name":"DreiMeister","article_publisher":"https:\/\/www.facebook.com\/dreimeister.spezialitaeten","article_modified_time":"2026-03-04T09:07:51+00:00","og_image":[{"width":1200,"height":1200,"url":"http:\/\/www.dreimeister.de\/wp-content\/uploads\/2020\/02\/12982_Eidose_Pink.jpg","type":"image\/jpeg"}],"twitter_misc":{"Estimated reading time":"1 minute"},"schema":{"@context":"https:\/\/schema.org","@graph":[{"@type":"WebPage","@id":"https:\/\/www.dreimeister.de\/shop\/pralinen-und-trueffel\/eidose-osterueberraschung\/","url":"https:\/\/www.dreimeister.de\/shop\/pralinen-und-trueffel\/eidose-osterueberraschung\/","name":"Eidose Oster\u00fcberraschung | alkoholfrei","isPartOf":{"@id":"https:\/\/www.dreimeister.de\/#website"},"primaryImageOfPage":{"@id":"https:\/\/www.dreimeister.de\/shop\/pralinen-und-trueffel\/eidose-osterueberraschung\/#primaryimage"},"image":{"@id":"https:\/\/www.dreimeister.de\/shop\/pralinen-und-trueffel\/eidose-osterueberraschung\/#primaryimage"},"thumbnailUrl":"https:\/\/www.dreimeister.de\/wp-content\/uploads\/2020\/02\/12982_Eidose_Pink.jpg","datePublished":"2020-02-21T13:41:10+00:00","dateModified":"2026-03-04T09:07:51+00:00","description":"\u00dcberraschen Sie zu Ostern mit einer eleganten Eidose mit goldener Schleife \u2013 gef\u00fcllt mit zarten, alkoholfreien Tr\u00fcffeln. Das perfekte Geschenk f\u00fcr s\u00fc\u00dfe Genussmomente.","breadcrumb":{"@id":"https:\/\/www.dreimeister.de\/shop\/pralinen-und-trueffel\/eidose-osterueberraschung\/#breadcrumb"},"inLanguage":"en-GB","potentialAction":[{"@type":"ReadAction","target":["https:\/\/www.dreimeister.de\/shop\/pralinen-und-trueffel\/eidose-osterueberraschung\/"]}]},{"@type":"ImageObject","inLanguage":"en-GB","@id":"https:\/\/www.dreimeister.de\/shop\/pralinen-und-trueffel\/eidose-osterueberraschung\/#primaryimage","url":"https:\/\/www.dreimeister.de\/wp-content\/uploads\/2020\/02\/12982_Eidose_Pink.jpg","contentUrl":"https:\/\/www.dreimeister.de\/wp-content\/uploads\/2020\/02\/12982_Eidose_Pink.jpg","width":1200,"height":1200},{"@type":"BreadcrumbList","@id":"https:\/\/www.dreimeister.de\/shop\/pralinen-und-trueffel\/eidose-osterueberraschung\/#breadcrumb","itemListElement":[{"@type":"ListItem","position":1,"name":"Home","item":"https:\/\/www.dreimeister.de\/"},{"@type":"ListItem","position":2,"name":"Shop","item":"https:\/\/www.dreimeister.de\/shop\/"},{"@type":"ListItem","position":3,"name":"Eidose Oster\u00fcberraschung | alkoholfrei"}]},{"@type":"WebSite","@id":"https:\/\/www.dreimeister.de\/#website","url":"https:\/\/www.dreimeister.de\/","name":"DreiMeister","description":"Finest chocolate","potentialAction":[{"@type":"SearchAction","target":{"@type":"EntryPoint","urlTemplate":"https:\/\/www.dreimeister.de\/?s={search_term_string}"},"query-input":{"@type":"PropertyValueSpecification","valueRequired":true,"valueName":"search_term_string"}}],"inLanguage":"en-GB"}]}},"_links":{"self":[{"href":"https:\/\/www.dreimeister.de\/en\/wp-json\/wp\/v2\/product\/28301"}],"collection":[{"href":"https:\/\/www.dreimeister.de\/en\/wp-json\/wp\/v2\/product"}],"about":[{"href":"https:\/\/www.dreimeister.de\/en\/wp-json\/wp\/v2\/types\/product"}],"replies":[{"embeddable":true,"href":"https:\/\/www.dreimeister.de\/en\/wp-json\/wp\/v2\/comments?post=28301"}],"wp:featuredmedia":[{"embeddable":true,"href":"https:\/\/www.dreimeister.de\/en\/wp-json\/wp\/v2\/media\/127124"}],"wp:attachment":[{"href":"https:\/\/www.dreimeister.de\/en\/wp-json\/wp\/v2\/media?parent=28301"}],"wp:term":[{"taxonomy":"product_cat","embeddable":true,"href":"https:\/\/www.dreimeister.de\/en\/wp-json\/wp\/v2\/product_cat?post=28301"},{"taxonomy":"product_tag","embeddable":true,"href":"https:\/\/www.dreimeister.de\/en\/wp-json\/wp\/v2\/product_tag?post=28301"}],"curies":[{"name":"wp","href":"https:\/\/api.w.org\/{rel}","templated":true}]}}