{"id":4448,"date":"2018-09-20T16:37:00","date_gmt":"2018-09-20T14:37:00","guid":{"rendered":"http:\/\/www.dreimeister.de\/?post_type=product&#038;p=4448"},"modified":"2026-02-27T15:37:10","modified_gmt":"2026-02-27T14:37:10","slug":"nougat-happen-display","status":"publish","type":"product","link":"https:\/\/www.dreimeister.de\/en\/shop\/happen\/nougat-happen-display\/","title":{"rendered":"30 Nougat Happen im Display"},"content":{"rendered":"<p><strong>Produktinformation \u201eNougat Happen im Display\u201c<\/strong><\/p>\n<p>Inhalt: 30 einzeln verpackte Happen je 25g<\/p>\n<p>30 Nougat Happen. Mit der Familie, mit Freunden oder mit Kollegen: Bei diesen in Goldfolie verpackten kleinen St\u00fcckchen greift jeder gerne zu. Und wenn die Runde einmal gr\u00f6\u00dfer wird? Kein Problem! Dieses schicke Display mit 30 St\u00fcck Nougat Happen l\u00e4sst sich gut auf jedem Tisch platzieren.<\/p>\n","protected":false},"excerpt":{"rendered":"<p>Feinste Nougat Happen mit gehackten Haseln\u00fcssen in zarter Vollmilchschokolade &#8211; in mundgerechter Gr\u00f6\u00dfe immer eine S\u00fcnde wert.<\/p>\n","protected":false},"featured_media":130710,"comment_status":"closed","ping_status":"closed","template":"","meta":{"_acf_changed":false},"product_cat":[88],"product_tag":[32,30],"class_list":{"0":"post-4448","1":"product","2":"type-product","3":"status-publish","4":"has-post-thumbnail","6":"product_cat-happen","7":"product_tag-ohne-alkohol","8":"product_tag-vollmilch","10":"first","11":"instock","12":"taxable","13":"shipping-taxable","14":"purchasable","15":"product-type-simple"},"acf":[],"yoast_head":"<!-- This site is optimized with the Yoast SEO plugin v24.1 - https:\/\/yoast.com\/wordpress\/plugins\/seo\/ -->\n<title>30 Nougat Happen im Display - DreiMeister Spezialit\u00e4ten<\/title>\n<meta name=\"description\" content=\"Feinstes Nougat mit gehackten Haseln\u00fcssen umh\u00fcllt von zarter Vollmilchschokolade. Bei den kleinen k\u00f6stlichen Nougat-St\u00fcckchen greift jeder gerne zu!\" \/>\n<meta name=\"robots\" content=\"index, follow, max-snippet:-1, max-image-preview:large, max-video-preview:-1\" \/>\n<link rel=\"canonical\" href=\"https:\/\/www.dreimeister.de\/en\/shop\/happen\/nougat-happen-display\/\" \/>\n<meta property=\"og:locale\" content=\"en_GB\" \/>\n<meta property=\"og:locale:alternate\" content=\"de_DE_formal\" \/>\n<meta property=\"og:type\" content=\"article\" \/>\n<meta property=\"og:title\" content=\"30 Nougat Happen im Display\" \/>\n<meta property=\"og:description\" content=\"Feinstes Nougat mit gehackten Haseln\u00fcssen umh\u00fcllt von zarter Vollmilchschokolade. Bei den kleinen k\u00f6stlichen Nougat-St\u00fcckchen greift jeder gerne zu!\" \/>\n<meta property=\"og:url\" content=\"https:\/\/www.dreimeister.de\/en\/shop\/happen\/nougat-happen-display\/\" \/>\n<meta property=\"og:site_name\" content=\"DreiMeister\" \/>\n<meta property=\"article:publisher\" content=\"https:\/\/www.facebook.com\/dreimeister.spezialitaeten\" \/>\n<meta property=\"article:modified_time\" content=\"2026-02-27T14:37:10+00:00\" \/>\n<meta property=\"og:image\" content=\"http:\/\/www.dreimeister.de\/wp-content\/uploads\/2024\/07\/1100_Display-Nougat-Happen.jpg\" \/>\n\t<meta property=\"og:image:width\" content=\"1200\" \/>\n\t<meta property=\"og:image:height\" content=\"1200\" \/>\n\t<meta property=\"og:image:type\" content=\"image\/jpeg\" \/>\n<meta name=\"twitter:label1\" content=\"Estimated reading time\" \/>\n\t<meta name=\"twitter:data1\" content=\"1 minute\" \/>\n<script type=\"application\/ld+json\" class=\"yoast-schema-graph\">{\"@context\":\"https:\/\/schema.org\",\"@graph\":[{\"@type\":\"WebPage\",\"@id\":\"https:\/\/www.dreimeister.de\/shop\/happen\/nougat-happen-display\/\",\"url\":\"https:\/\/www.dreimeister.de\/shop\/happen\/nougat-happen-display\/\",\"name\":\"30 Nougat Happen im Display\",\"isPartOf\":{\"@id\":\"https:\/\/www.dreimeister.de\/#website\"},\"primaryImageOfPage\":{\"@id\":\"https:\/\/www.dreimeister.de\/shop\/happen\/nougat-happen-display\/#primaryimage\"},\"image\":{\"@id\":\"https:\/\/www.dreimeister.de\/shop\/happen\/nougat-happen-display\/#primaryimage\"},\"thumbnailUrl\":\"https:\/\/www.dreimeister.de\/wp-content\/uploads\/2024\/07\/1100_Display-Nougat-Happen.jpg\",\"datePublished\":\"2018-09-20T14:37:00+00:00\",\"dateModified\":\"2026-02-27T14:37:10+00:00\",\"description\":\"Feinstes Nougat mit gehackten Haseln\u00fcssen umh\u00fcllt von zarter Vollmilchschokolade. Bei den kleinen k\u00f6stlichen Nougat-St\u00fcckchen greift jeder gerne zu!\",\"breadcrumb\":{\"@id\":\"https:\/\/www.dreimeister.de\/shop\/happen\/nougat-happen-display\/#breadcrumb\"},\"inLanguage\":\"en-GB\",\"potentialAction\":[{\"@type\":\"ReadAction\",\"target\":[\"https:\/\/www.dreimeister.de\/shop\/happen\/nougat-happen-display\/\"]}]},{\"@type\":\"ImageObject\",\"inLanguage\":\"en-GB\",\"@id\":\"https:\/\/www.dreimeister.de\/shop\/happen\/nougat-happen-display\/#primaryimage\",\"url\":\"https:\/\/www.dreimeister.de\/wp-content\/uploads\/2024\/07\/1100_Display-Nougat-Happen.jpg\",\"contentUrl\":\"https:\/\/www.dreimeister.de\/wp-content\/uploads\/2024\/07\/1100_Display-Nougat-Happen.jpg\",\"width\":1200,\"height\":1200},{\"@type\":\"BreadcrumbList\",\"@id\":\"https:\/\/www.dreimeister.de\/shop\/happen\/nougat-happen-display\/#breadcrumb\",\"itemListElement\":[{\"@type\":\"ListItem\",\"position\":1,\"name\":\"Home\",\"item\":\"https:\/\/www.dreimeister.de\/\"},{\"@type\":\"ListItem\",\"position\":2,\"name\":\"Shop\",\"item\":\"https:\/\/www.dreimeister.de\/shop\/\"},{\"@type\":\"ListItem\",\"position\":3,\"name\":\"30 Nougat Happen im Display\"}]},{\"@type\":\"WebSite\",\"@id\":\"https:\/\/www.dreimeister.de\/#website\",\"url\":\"https:\/\/www.dreimeister.de\/\",\"name\":\"DreiMeister\",\"description\":\"Finest chocolate\",\"potentialAction\":[{\"@type\":\"SearchAction\",\"target\":{\"@type\":\"EntryPoint\",\"urlTemplate\":\"https:\/\/www.dreimeister.de\/?s={search_term_string}\"},\"query-input\":{\"@type\":\"PropertyValueSpecification\",\"valueRequired\":true,\"valueName\":\"search_term_string\"}}],\"inLanguage\":\"en-GB\"}]}<\/script>\n<!-- \/ Yoast SEO plugin. -->","yoast_head_json":{"title":"30 Nougat Happen im Display - DreiMeister Spezialit\u00e4ten","description":"Feinstes Nougat mit gehackten Haseln\u00fcssen umh\u00fcllt von zarter Vollmilchschokolade. Bei den kleinen k\u00f6stlichen Nougat-St\u00fcckchen greift jeder gerne zu!","robots":{"index":"index","follow":"follow","max-snippet":"max-snippet:-1","max-image-preview":"max-image-preview:large","max-video-preview":"max-video-preview:-1"},"canonical":"https:\/\/www.dreimeister.de\/en\/shop\/happen\/nougat-happen-display\/","og_locale":"en_GB","og_type":"article","og_title":"[:de]30 Nougat Happen im Display[:] - DreiMeister Spezialit\u00e4ten","og_description":"Feinstes Nougat mit gehackten Haseln\u00fcssen umh\u00fcllt von zarter Vollmilchschokolade. Bei den kleinen k\u00f6stlichen Nougat-St\u00fcckchen greift jeder gerne zu!","og_url":"https:\/\/www.dreimeister.de\/en\/shop\/happen\/nougat-happen-display\/","og_site_name":"DreiMeister","article_publisher":"https:\/\/www.facebook.com\/dreimeister.spezialitaeten","article_modified_time":"2026-02-27T14:37:10+00:00","og_image":[{"width":1200,"height":1200,"url":"http:\/\/www.dreimeister.de\/wp-content\/uploads\/2024\/07\/1100_Display-Nougat-Happen.jpg","type":"image\/jpeg"}],"twitter_misc":{"Estimated reading time":"1 minute"},"schema":{"@context":"https:\/\/schema.org","@graph":[{"@type":"WebPage","@id":"https:\/\/www.dreimeister.de\/shop\/happen\/nougat-happen-display\/","url":"https:\/\/www.dreimeister.de\/shop\/happen\/nougat-happen-display\/","name":"30 Nougat Happen im Display","isPartOf":{"@id":"https:\/\/www.dreimeister.de\/#website"},"primaryImageOfPage":{"@id":"https:\/\/www.dreimeister.de\/shop\/happen\/nougat-happen-display\/#primaryimage"},"image":{"@id":"https:\/\/www.dreimeister.de\/shop\/happen\/nougat-happen-display\/#primaryimage"},"thumbnailUrl":"https:\/\/www.dreimeister.de\/wp-content\/uploads\/2024\/07\/1100_Display-Nougat-Happen.jpg","datePublished":"2018-09-20T14:37:00+00:00","dateModified":"2026-02-27T14:37:10+00:00","description":"Feinstes Nougat mit gehackten Haseln\u00fcssen umh\u00fcllt von zarter Vollmilchschokolade. Bei den kleinen k\u00f6stlichen Nougat-St\u00fcckchen greift jeder gerne zu!","breadcrumb":{"@id":"https:\/\/www.dreimeister.de\/shop\/happen\/nougat-happen-display\/#breadcrumb"},"inLanguage":"en-GB","potentialAction":[{"@type":"ReadAction","target":["https:\/\/www.dreimeister.de\/shop\/happen\/nougat-happen-display\/"]}]},{"@type":"ImageObject","inLanguage":"en-GB","@id":"https:\/\/www.dreimeister.de\/shop\/happen\/nougat-happen-display\/#primaryimage","url":"https:\/\/www.dreimeister.de\/wp-content\/uploads\/2024\/07\/1100_Display-Nougat-Happen.jpg","contentUrl":"https:\/\/www.dreimeister.de\/wp-content\/uploads\/2024\/07\/1100_Display-Nougat-Happen.jpg","width":1200,"height":1200},{"@type":"BreadcrumbList","@id":"https:\/\/www.dreimeister.de\/shop\/happen\/nougat-happen-display\/#breadcrumb","itemListElement":[{"@type":"ListItem","position":1,"name":"Home","item":"https:\/\/www.dreimeister.de\/"},{"@type":"ListItem","position":2,"name":"Shop","item":"https:\/\/www.dreimeister.de\/shop\/"},{"@type":"ListItem","position":3,"name":"30 Nougat Happen im Display"}]},{"@type":"WebSite","@id":"https:\/\/www.dreimeister.de\/#website","url":"https:\/\/www.dreimeister.de\/","name":"DreiMeister","description":"Finest chocolate","potentialAction":[{"@type":"SearchAction","target":{"@type":"EntryPoint","urlTemplate":"https:\/\/www.dreimeister.de\/?s={search_term_string}"},"query-input":{"@type":"PropertyValueSpecification","valueRequired":true,"valueName":"search_term_string"}}],"inLanguage":"en-GB"}]}},"_links":{"self":[{"href":"https:\/\/www.dreimeister.de\/en\/wp-json\/wp\/v2\/product\/4448"}],"collection":[{"href":"https:\/\/www.dreimeister.de\/en\/wp-json\/wp\/v2\/product"}],"about":[{"href":"https:\/\/www.dreimeister.de\/en\/wp-json\/wp\/v2\/types\/product"}],"replies":[{"embeddable":true,"href":"https:\/\/www.dreimeister.de\/en\/wp-json\/wp\/v2\/comments?post=4448"}],"wp:featuredmedia":[{"embeddable":true,"href":"https:\/\/www.dreimeister.de\/en\/wp-json\/wp\/v2\/media\/130710"}],"wp:attachment":[{"href":"https:\/\/www.dreimeister.de\/en\/wp-json\/wp\/v2\/media?parent=4448"}],"wp:term":[{"taxonomy":"product_cat","embeddable":true,"href":"https:\/\/www.dreimeister.de\/en\/wp-json\/wp\/v2\/product_cat?post=4448"},{"taxonomy":"product_tag","embeddable":true,"href":"https:\/\/www.dreimeister.de\/en\/wp-json\/wp\/v2\/product_tag?post=4448"}],"curies":[{"name":"wp","href":"https:\/\/api.w.org\/{rel}","templated":true}]}}