{"id":5342,"date":"2019-01-18T14:00:26","date_gmt":"2019-01-18T13:00:26","guid":{"rendered":"http:\/\/www.dreimeister.de\/?post_type=product&#038;p=5342"},"modified":"2026-04-08T09:41:57","modified_gmt":"2026-04-08T07:41:57","slug":"meersalz-nougat-happen-display","status":"publish","type":"product","link":"https:\/\/www.dreimeister.de\/en\/shop\/happen\/meersalz-nougat-happen-display\/","title":{"rendered":"30 Meersalz-Nougat Happen im Display"},"content":{"rendered":"<h4>Produktinformation \u201eMeersalz-Nougat Happen im Display\u201c<\/h4>\n<p>Inhalt: 30 einzeln verpackte Happen je 25g<\/p>\n<p>Endlich: Die legend\u00e4ren DreiMeister Meersalz-Nougat Happen bequem online bestellen und zu Hause genie\u00dfen. Mit der Familie, mit Freunden oder mit Kollegen: Das Geschmackserlebnis beim Verkosten dieser s\u00fc\u00df-salzigen Kreation ist unbeschreiblich&#8230; lecker.<\/p>\n","protected":false},"excerpt":{"rendered":"<p>Meersalz-Nougat Happen mit gehackten Haseln\u00fcssen in zarter Vollmilchschokolade und mit grobem Meersalz verfeinert.- in mundgerechter Gr\u00f6\u00dfe immer eine S\u00fcnde wert.<\/p>\n","protected":false},"featured_media":131002,"comment_status":"closed","ping_status":"closed","template":"","meta":{"_acf_changed":false},"product_cat":[88],"product_tag":[32,30],"class_list":{"0":"post-5342","1":"product","2":"type-product","3":"status-publish","4":"has-post-thumbnail","6":"product_cat-happen","7":"product_tag-ohne-alkohol","8":"product_tag-vollmilch","10":"first","11":"instock","12":"taxable","13":"shipping-taxable","14":"purchasable","15":"product-type-simple"},"acf":[],"yoast_head":"<!-- This site is optimized with the Yoast SEO plugin v24.1 - https:\/\/yoast.com\/wordpress\/plugins\/seo\/ -->\n<title>30 Meersalz-Nougat Happen im Display - DreiMeister[:]<\/title>\n<meta name=\"description\" content=\"Endlich: Meersalz-Nougat Happen von DreiMeister bequem online bestellen und genie\u00dfen. Mit Meersalz und feinstem Nougat, umh\u00fcllt von Vollmilchschokolade.\" \/>\n<meta name=\"robots\" content=\"index, follow, max-snippet:-1, max-image-preview:large, max-video-preview:-1\" \/>\n<link rel=\"canonical\" href=\"https:\/\/www.dreimeister.de\/en\/shop\/happen\/meersalz-nougat-happen-display\/\" \/>\n<meta property=\"og:locale\" content=\"en_GB\" \/>\n<meta property=\"og:locale:alternate\" content=\"de_DE_formal\" \/>\n<meta property=\"og:type\" content=\"article\" \/>\n<meta property=\"og:title\" content=\"30 Meersalz-Nougat Happen im Display\" \/>\n<meta property=\"og:description\" content=\"Endlich: Meersalz-Nougat Happen von DreiMeister bequem online bestellen und genie\u00dfen. Mit Meersalz und feinstem Nougat, umh\u00fcllt von Vollmilchschokolade.\" \/>\n<meta property=\"og:url\" content=\"https:\/\/www.dreimeister.de\/en\/shop\/happen\/meersalz-nougat-happen-display\/\" \/>\n<meta property=\"og:site_name\" content=\"DreiMeister\" \/>\n<meta property=\"article:publisher\" content=\"https:\/\/www.facebook.com\/dreimeister.spezialitaeten\" \/>\n<meta property=\"article:modified_time\" content=\"2026-04-08T07:41:57+00:00\" \/>\n<meta property=\"og:image\" content=\"http:\/\/www.dreimeister.de\/wp-content\/uploads\/2019\/01\/1149_Display-Meersalz-Happen_NEU.jpg\" \/>\n\t<meta property=\"og:image:width\" content=\"1200\" \/>\n\t<meta property=\"og:image:height\" content=\"1200\" \/>\n\t<meta property=\"og:image:type\" content=\"image\/jpeg\" \/>\n<meta name=\"twitter:label1\" content=\"Estimated reading time\" \/>\n\t<meta name=\"twitter:data1\" content=\"1 minute\" \/>\n<script type=\"application\/ld+json\" class=\"yoast-schema-graph\">{\"@context\":\"https:\/\/schema.org\",\"@graph\":[{\"@type\":\"WebPage\",\"@id\":\"https:\/\/www.dreimeister.de\/shop\/happen\/meersalz-nougat-happen-display\/\",\"url\":\"https:\/\/www.dreimeister.de\/shop\/happen\/meersalz-nougat-happen-display\/\",\"name\":\"30 Meersalz-Nougat Happen im Display\",\"isPartOf\":{\"@id\":\"https:\/\/www.dreimeister.de\/#website\"},\"primaryImageOfPage\":{\"@id\":\"https:\/\/www.dreimeister.de\/shop\/happen\/meersalz-nougat-happen-display\/#primaryimage\"},\"image\":{\"@id\":\"https:\/\/www.dreimeister.de\/shop\/happen\/meersalz-nougat-happen-display\/#primaryimage\"},\"thumbnailUrl\":\"https:\/\/www.dreimeister.de\/wp-content\/uploads\/2019\/01\/1149_Display-Meersalz-Happen_NEU.jpg\",\"datePublished\":\"2019-01-18T13:00:26+00:00\",\"dateModified\":\"2026-04-08T07:41:57+00:00\",\"description\":\"Endlich: Meersalz-Nougat Happen von DreiMeister bequem online bestellen und genie\u00dfen. Mit Meersalz und feinstem Nougat, umh\u00fcllt von Vollmilchschokolade.\",\"breadcrumb\":{\"@id\":\"https:\/\/www.dreimeister.de\/shop\/happen\/meersalz-nougat-happen-display\/#breadcrumb\"},\"inLanguage\":\"en-GB\",\"potentialAction\":[{\"@type\":\"ReadAction\",\"target\":[\"https:\/\/www.dreimeister.de\/shop\/happen\/meersalz-nougat-happen-display\/\"]}]},{\"@type\":\"ImageObject\",\"inLanguage\":\"en-GB\",\"@id\":\"https:\/\/www.dreimeister.de\/shop\/happen\/meersalz-nougat-happen-display\/#primaryimage\",\"url\":\"https:\/\/www.dreimeister.de\/wp-content\/uploads\/2019\/01\/1149_Display-Meersalz-Happen_NEU.jpg\",\"contentUrl\":\"https:\/\/www.dreimeister.de\/wp-content\/uploads\/2019\/01\/1149_Display-Meersalz-Happen_NEU.jpg\",\"width\":1200,\"height\":1200},{\"@type\":\"BreadcrumbList\",\"@id\":\"https:\/\/www.dreimeister.de\/shop\/happen\/meersalz-nougat-happen-display\/#breadcrumb\",\"itemListElement\":[{\"@type\":\"ListItem\",\"position\":1,\"name\":\"Home\",\"item\":\"https:\/\/www.dreimeister.de\/\"},{\"@type\":\"ListItem\",\"position\":2,\"name\":\"Shop\",\"item\":\"https:\/\/www.dreimeister.de\/shop\/\"},{\"@type\":\"ListItem\",\"position\":3,\"name\":\"30 Meersalz-Nougat Happen im Display\"}]},{\"@type\":\"WebSite\",\"@id\":\"https:\/\/www.dreimeister.de\/#website\",\"url\":\"https:\/\/www.dreimeister.de\/\",\"name\":\"DreiMeister\",\"description\":\"Finest chocolate\",\"potentialAction\":[{\"@type\":\"SearchAction\",\"target\":{\"@type\":\"EntryPoint\",\"urlTemplate\":\"https:\/\/www.dreimeister.de\/?s={search_term_string}\"},\"query-input\":{\"@type\":\"PropertyValueSpecification\",\"valueRequired\":true,\"valueName\":\"search_term_string\"}}],\"inLanguage\":\"en-GB\"}]}<\/script>\n<!-- \/ Yoast SEO plugin. -->","yoast_head_json":{"title":"30 Meersalz-Nougat Happen im Display - DreiMeister[:]","description":"Endlich: Meersalz-Nougat Happen von DreiMeister bequem online bestellen und genie\u00dfen. Mit Meersalz und feinstem Nougat, umh\u00fcllt von Vollmilchschokolade.","robots":{"index":"index","follow":"follow","max-snippet":"max-snippet:-1","max-image-preview":"max-image-preview:large","max-video-preview":"max-video-preview:-1"},"canonical":"https:\/\/www.dreimeister.de\/en\/shop\/happen\/meersalz-nougat-happen-display\/","og_locale":"en_GB","og_type":"article","og_title":"[:de][:de]30 Meersalz-Nougat Happen im Display[:] online kaufen - DreiMeister[:]","og_description":"[:de]Endlich: Meersalz-Nougat Happen von DreiMeister bequem online bestellen und genie\u00dfen. Mit Meersalz und feinstem Nougat, umh\u00fcllt von Vollmilchschokolade.[:]","og_url":"https:\/\/www.dreimeister.de\/en\/shop\/happen\/meersalz-nougat-happen-display\/","og_site_name":"DreiMeister","article_publisher":"https:\/\/www.facebook.com\/dreimeister.spezialitaeten","article_modified_time":"2026-04-08T07:41:57+00:00","og_image":[{"width":1200,"height":1200,"url":"http:\/\/www.dreimeister.de\/wp-content\/uploads\/2019\/01\/1149_Display-Meersalz-Happen_NEU.jpg","type":"image\/jpeg"}],"twitter_misc":{"Estimated reading time":"1 minute"},"schema":{"@context":"https:\/\/schema.org","@graph":[{"@type":"WebPage","@id":"https:\/\/www.dreimeister.de\/shop\/happen\/meersalz-nougat-happen-display\/","url":"https:\/\/www.dreimeister.de\/shop\/happen\/meersalz-nougat-happen-display\/","name":"30 Meersalz-Nougat Happen im Display","isPartOf":{"@id":"https:\/\/www.dreimeister.de\/#website"},"primaryImageOfPage":{"@id":"https:\/\/www.dreimeister.de\/shop\/happen\/meersalz-nougat-happen-display\/#primaryimage"},"image":{"@id":"https:\/\/www.dreimeister.de\/shop\/happen\/meersalz-nougat-happen-display\/#primaryimage"},"thumbnailUrl":"https:\/\/www.dreimeister.de\/wp-content\/uploads\/2019\/01\/1149_Display-Meersalz-Happen_NEU.jpg","datePublished":"2019-01-18T13:00:26+00:00","dateModified":"2026-04-08T07:41:57+00:00","description":"Endlich: Meersalz-Nougat Happen von DreiMeister bequem online bestellen und genie\u00dfen. Mit Meersalz und feinstem Nougat, umh\u00fcllt von Vollmilchschokolade.","breadcrumb":{"@id":"https:\/\/www.dreimeister.de\/shop\/happen\/meersalz-nougat-happen-display\/#breadcrumb"},"inLanguage":"en-GB","potentialAction":[{"@type":"ReadAction","target":["https:\/\/www.dreimeister.de\/shop\/happen\/meersalz-nougat-happen-display\/"]}]},{"@type":"ImageObject","inLanguage":"en-GB","@id":"https:\/\/www.dreimeister.de\/shop\/happen\/meersalz-nougat-happen-display\/#primaryimage","url":"https:\/\/www.dreimeister.de\/wp-content\/uploads\/2019\/01\/1149_Display-Meersalz-Happen_NEU.jpg","contentUrl":"https:\/\/www.dreimeister.de\/wp-content\/uploads\/2019\/01\/1149_Display-Meersalz-Happen_NEU.jpg","width":1200,"height":1200},{"@type":"BreadcrumbList","@id":"https:\/\/www.dreimeister.de\/shop\/happen\/meersalz-nougat-happen-display\/#breadcrumb","itemListElement":[{"@type":"ListItem","position":1,"name":"Home","item":"https:\/\/www.dreimeister.de\/"},{"@type":"ListItem","position":2,"name":"Shop","item":"https:\/\/www.dreimeister.de\/shop\/"},{"@type":"ListItem","position":3,"name":"30 Meersalz-Nougat Happen im Display"}]},{"@type":"WebSite","@id":"https:\/\/www.dreimeister.de\/#website","url":"https:\/\/www.dreimeister.de\/","name":"DreiMeister","description":"Finest chocolate","potentialAction":[{"@type":"SearchAction","target":{"@type":"EntryPoint","urlTemplate":"https:\/\/www.dreimeister.de\/?s={search_term_string}"},"query-input":{"@type":"PropertyValueSpecification","valueRequired":true,"valueName":"search_term_string"}}],"inLanguage":"en-GB"}]}},"_links":{"self":[{"href":"https:\/\/www.dreimeister.de\/en\/wp-json\/wp\/v2\/product\/5342"}],"collection":[{"href":"https:\/\/www.dreimeister.de\/en\/wp-json\/wp\/v2\/product"}],"about":[{"href":"https:\/\/www.dreimeister.de\/en\/wp-json\/wp\/v2\/types\/product"}],"replies":[{"embeddable":true,"href":"https:\/\/www.dreimeister.de\/en\/wp-json\/wp\/v2\/comments?post=5342"}],"wp:featuredmedia":[{"embeddable":true,"href":"https:\/\/www.dreimeister.de\/en\/wp-json\/wp\/v2\/media\/131002"}],"wp:attachment":[{"href":"https:\/\/www.dreimeister.de\/en\/wp-json\/wp\/v2\/media?parent=5342"}],"wp:term":[{"taxonomy":"product_cat","embeddable":true,"href":"https:\/\/www.dreimeister.de\/en\/wp-json\/wp\/v2\/product_cat?post=5342"},{"taxonomy":"product_tag","embeddable":true,"href":"https:\/\/www.dreimeister.de\/en\/wp-json\/wp\/v2\/product_tag?post=5342"}],"curies":[{"name":"wp","href":"https:\/\/api.w.org\/{rel}","templated":true}]}}