{"id":74103,"date":"2021-10-11T10:13:18","date_gmt":"2021-10-11T08:13:18","guid":{"rendered":"https:\/\/www.dreimeister.de\/?post_type=product&#038;p=74103"},"modified":"2026-03-18T13:13:00","modified_gmt":"2026-03-18T12:13:00","slug":"thekenaufsteller-alkoholfreie-trueffelmischung-2","status":"publish","type":"product","link":"https:\/\/www.dreimeister.de\/en\/shop\/pralinen-und-trueffel\/thekenaufsteller-alkoholfreie-trueffelmischung-2\/","title":{"rendered":"Thekenaufsteller Alkoholfreie Tr\u00fcffelmischung"},"content":{"rendered":"<h4>PRODUKTINFORMATION \u201eThekenaufsteller Alkoholfreie Tr\u00fcffelmischung\u201c<\/h4>\n<p>Inhalt: 100g<\/p>\n<p>Folgende 8 Tr\u00fcffelsorten sind in dem Thekenaufsteller enthalten:<\/p>\n","protected":false},"excerpt":{"rendered":"<p>Dieser schlichte Thekenaufsteller enth\u00e4lt nur das Beste aus dem Hause DreiMeister. Diese 6 verschiedene alkoholfreie Tr\u00fcffelsorten lassen keine W\u00fcnsche offen.<\/p>\n","protected":false},"featured_media":130899,"comment_status":"closed","ping_status":"closed","template":"","meta":{"_acf_changed":false},"product_cat":[25],"product_tag":[32,30,31,29],"class_list":{"0":"post-74103","1":"product","2":"type-product","3":"status-publish","4":"has-post-thumbnail","6":"product_cat-pralinen-und-trueffel","7":"product_tag-ohne-alkohol","8":"product_tag-vollmilch","9":"product_tag-weiss","10":"product_tag-zartbitter","12":"first","13":"instock","14":"taxable","15":"shipping-taxable","16":"purchasable","17":"product-type-simple"},"acf":[],"yoast_head":"<!-- This site is optimized with the Yoast SEO plugin v24.1 - https:\/\/yoast.com\/wordpress\/plugins\/seo\/ -->\n<title>Thekenaufsteller Alkoholfreie Tr\u00fcffelmischung - DreiMeister<\/title>\n<meta name=\"description\" content=\"Dieser schlichte Thekenaufsteller enth\u00e4lt nur das Beste aus dem Hause DreiMeister. 8 alkoholfreie Pralinen warten darauf, von Ihnen entdeckt zu werden.\" \/>\n<meta name=\"robots\" content=\"index, follow, max-snippet:-1, max-image-preview:large, max-video-preview:-1\" \/>\n<link rel=\"canonical\" href=\"https:\/\/www.dreimeister.de\/en\/shop\/pralinen-und-trueffel\/thekenaufsteller-alkoholfreie-trueffelmischung-2\/\" \/>\n<meta property=\"og:locale\" content=\"en_GB\" \/>\n<meta property=\"og:locale:alternate\" content=\"de_DE_formal\" \/>\n<meta property=\"og:type\" content=\"article\" \/>\n<meta property=\"og:title\" content=\"Thekenaufsteller Alkoholfreie Tr\u00fcffelmischung\" \/>\n<meta property=\"og:description\" content=\"Dieser schlichte Thekenaufsteller enth\u00e4lt nur das Beste aus dem Hause DreiMeister. 8 alkoholfreie Pralinen warten darauf, von Ihnen entdeckt zu werden.\" \/>\n<meta property=\"og:url\" content=\"https:\/\/www.dreimeister.de\/en\/shop\/pralinen-und-trueffel\/thekenaufsteller-alkoholfreie-trueffelmischung-2\/\" \/>\n<meta property=\"og:site_name\" content=\"DreiMeister\" \/>\n<meta property=\"article:publisher\" content=\"https:\/\/www.facebook.com\/dreimeister.spezialitaeten\" \/>\n<meta property=\"article:modified_time\" content=\"2026-03-18T12:13:00+00:00\" \/>\n<meta property=\"og:image\" content=\"http:\/\/www.dreimeister.de\/wp-content\/uploads\/2021\/10\/11639_Thekenaufsteller_alkoholfrei.jpg\" \/>\n\t<meta property=\"og:image:width\" content=\"1200\" \/>\n\t<meta property=\"og:image:height\" content=\"1200\" \/>\n\t<meta property=\"og:image:type\" content=\"image\/jpeg\" \/>\n<meta name=\"twitter:label1\" content=\"Estimated reading time\" \/>\n\t<meta name=\"twitter:data1\" content=\"1 minute\" \/>\n<script type=\"application\/ld+json\" class=\"yoast-schema-graph\">{\"@context\":\"https:\/\/schema.org\",\"@graph\":[{\"@type\":\"WebPage\",\"@id\":\"https:\/\/www.dreimeister.de\/shop\/pralinen-und-trueffel\/thekenaufsteller-alkoholfreie-trueffelmischung-2\/\",\"url\":\"https:\/\/www.dreimeister.de\/shop\/pralinen-und-trueffel\/thekenaufsteller-alkoholfreie-trueffelmischung-2\/\",\"name\":\"Thekenaufsteller Alkoholfreie Tr\u00fcffelmischung\",\"isPartOf\":{\"@id\":\"https:\/\/www.dreimeister.de\/#website\"},\"primaryImageOfPage\":{\"@id\":\"https:\/\/www.dreimeister.de\/shop\/pralinen-und-trueffel\/thekenaufsteller-alkoholfreie-trueffelmischung-2\/#primaryimage\"},\"image\":{\"@id\":\"https:\/\/www.dreimeister.de\/shop\/pralinen-und-trueffel\/thekenaufsteller-alkoholfreie-trueffelmischung-2\/#primaryimage\"},\"thumbnailUrl\":\"https:\/\/www.dreimeister.de\/wp-content\/uploads\/2021\/10\/11639_Thekenaufsteller_alkoholfrei.jpg\",\"datePublished\":\"2021-10-11T08:13:18+00:00\",\"dateModified\":\"2026-03-18T12:13:00+00:00\",\"description\":\"Dieser schlichte Thekenaufsteller enth\u00e4lt nur das Beste aus dem Hause DreiMeister. 8 alkoholfreie Pralinen warten darauf, von Ihnen entdeckt zu werden.\",\"breadcrumb\":{\"@id\":\"https:\/\/www.dreimeister.de\/shop\/pralinen-und-trueffel\/thekenaufsteller-alkoholfreie-trueffelmischung-2\/#breadcrumb\"},\"inLanguage\":\"en-GB\",\"potentialAction\":[{\"@type\":\"ReadAction\",\"target\":[\"https:\/\/www.dreimeister.de\/shop\/pralinen-und-trueffel\/thekenaufsteller-alkoholfreie-trueffelmischung-2\/\"]}]},{\"@type\":\"ImageObject\",\"inLanguage\":\"en-GB\",\"@id\":\"https:\/\/www.dreimeister.de\/shop\/pralinen-und-trueffel\/thekenaufsteller-alkoholfreie-trueffelmischung-2\/#primaryimage\",\"url\":\"https:\/\/www.dreimeister.de\/wp-content\/uploads\/2021\/10\/11639_Thekenaufsteller_alkoholfrei.jpg\",\"contentUrl\":\"https:\/\/www.dreimeister.de\/wp-content\/uploads\/2021\/10\/11639_Thekenaufsteller_alkoholfrei.jpg\",\"width\":1200,\"height\":1200},{\"@type\":\"BreadcrumbList\",\"@id\":\"https:\/\/www.dreimeister.de\/shop\/pralinen-und-trueffel\/thekenaufsteller-alkoholfreie-trueffelmischung-2\/#breadcrumb\",\"itemListElement\":[{\"@type\":\"ListItem\",\"position\":1,\"name\":\"Home\",\"item\":\"https:\/\/www.dreimeister.de\/\"},{\"@type\":\"ListItem\",\"position\":2,\"name\":\"Shop\",\"item\":\"https:\/\/www.dreimeister.de\/shop\/\"},{\"@type\":\"ListItem\",\"position\":3,\"name\":\"Thekenaufsteller Alkoholfreie Tr\u00fcffelmischung\"}]},{\"@type\":\"WebSite\",\"@id\":\"https:\/\/www.dreimeister.de\/#website\",\"url\":\"https:\/\/www.dreimeister.de\/\",\"name\":\"DreiMeister\",\"description\":\"Finest chocolate\",\"potentialAction\":[{\"@type\":\"SearchAction\",\"target\":{\"@type\":\"EntryPoint\",\"urlTemplate\":\"https:\/\/www.dreimeister.de\/?s={search_term_string}\"},\"query-input\":{\"@type\":\"PropertyValueSpecification\",\"valueRequired\":true,\"valueName\":\"search_term_string\"}}],\"inLanguage\":\"en-GB\"}]}<\/script>\n<!-- \/ Yoast SEO plugin. -->","yoast_head_json":{"title":"Thekenaufsteller Alkoholfreie Tr\u00fcffelmischung - DreiMeister","description":"Dieser schlichte Thekenaufsteller enth\u00e4lt nur das Beste aus dem Hause DreiMeister. 8 alkoholfreie Pralinen warten darauf, von Ihnen entdeckt zu werden.","robots":{"index":"index","follow":"follow","max-snippet":"max-snippet:-1","max-image-preview":"max-image-preview:large","max-video-preview":"max-video-preview:-1"},"canonical":"https:\/\/www.dreimeister.de\/en\/shop\/pralinen-und-trueffel\/thekenaufsteller-alkoholfreie-trueffelmischung-2\/","og_locale":"en_GB","og_type":"article","og_title":"[:de]Thekenaufsteller Alkoholfreie Tr\u00fcffelmischung[:] - DreiMeister","og_description":"Dieser schlichte Thekenaufsteller enth\u00e4lt nur das Beste aus dem Hause DreiMeister. 8 alkoholfreie Pralinen warten darauf, von Ihnen entdeckt zu werden.","og_url":"https:\/\/www.dreimeister.de\/en\/shop\/pralinen-und-trueffel\/thekenaufsteller-alkoholfreie-trueffelmischung-2\/","og_site_name":"DreiMeister","article_publisher":"https:\/\/www.facebook.com\/dreimeister.spezialitaeten","article_modified_time":"2026-03-18T12:13:00+00:00","og_image":[{"width":1200,"height":1200,"url":"http:\/\/www.dreimeister.de\/wp-content\/uploads\/2021\/10\/11639_Thekenaufsteller_alkoholfrei.jpg","type":"image\/jpeg"}],"twitter_misc":{"Estimated reading time":"1 minute"},"schema":{"@context":"https:\/\/schema.org","@graph":[{"@type":"WebPage","@id":"https:\/\/www.dreimeister.de\/shop\/pralinen-und-trueffel\/thekenaufsteller-alkoholfreie-trueffelmischung-2\/","url":"https:\/\/www.dreimeister.de\/shop\/pralinen-und-trueffel\/thekenaufsteller-alkoholfreie-trueffelmischung-2\/","name":"Thekenaufsteller Alkoholfreie Tr\u00fcffelmischung","isPartOf":{"@id":"https:\/\/www.dreimeister.de\/#website"},"primaryImageOfPage":{"@id":"https:\/\/www.dreimeister.de\/shop\/pralinen-und-trueffel\/thekenaufsteller-alkoholfreie-trueffelmischung-2\/#primaryimage"},"image":{"@id":"https:\/\/www.dreimeister.de\/shop\/pralinen-und-trueffel\/thekenaufsteller-alkoholfreie-trueffelmischung-2\/#primaryimage"},"thumbnailUrl":"https:\/\/www.dreimeister.de\/wp-content\/uploads\/2021\/10\/11639_Thekenaufsteller_alkoholfrei.jpg","datePublished":"2021-10-11T08:13:18+00:00","dateModified":"2026-03-18T12:13:00+00:00","description":"Dieser schlichte Thekenaufsteller enth\u00e4lt nur das Beste aus dem Hause DreiMeister. 8 alkoholfreie Pralinen warten darauf, von Ihnen entdeckt zu werden.","breadcrumb":{"@id":"https:\/\/www.dreimeister.de\/shop\/pralinen-und-trueffel\/thekenaufsteller-alkoholfreie-trueffelmischung-2\/#breadcrumb"},"inLanguage":"en-GB","potentialAction":[{"@type":"ReadAction","target":["https:\/\/www.dreimeister.de\/shop\/pralinen-und-trueffel\/thekenaufsteller-alkoholfreie-trueffelmischung-2\/"]}]},{"@type":"ImageObject","inLanguage":"en-GB","@id":"https:\/\/www.dreimeister.de\/shop\/pralinen-und-trueffel\/thekenaufsteller-alkoholfreie-trueffelmischung-2\/#primaryimage","url":"https:\/\/www.dreimeister.de\/wp-content\/uploads\/2021\/10\/11639_Thekenaufsteller_alkoholfrei.jpg","contentUrl":"https:\/\/www.dreimeister.de\/wp-content\/uploads\/2021\/10\/11639_Thekenaufsteller_alkoholfrei.jpg","width":1200,"height":1200},{"@type":"BreadcrumbList","@id":"https:\/\/www.dreimeister.de\/shop\/pralinen-und-trueffel\/thekenaufsteller-alkoholfreie-trueffelmischung-2\/#breadcrumb","itemListElement":[{"@type":"ListItem","position":1,"name":"Home","item":"https:\/\/www.dreimeister.de\/"},{"@type":"ListItem","position":2,"name":"Shop","item":"https:\/\/www.dreimeister.de\/shop\/"},{"@type":"ListItem","position":3,"name":"Thekenaufsteller Alkoholfreie Tr\u00fcffelmischung"}]},{"@type":"WebSite","@id":"https:\/\/www.dreimeister.de\/#website","url":"https:\/\/www.dreimeister.de\/","name":"DreiMeister","description":"Finest chocolate","potentialAction":[{"@type":"SearchAction","target":{"@type":"EntryPoint","urlTemplate":"https:\/\/www.dreimeister.de\/?s={search_term_string}"},"query-input":{"@type":"PropertyValueSpecification","valueRequired":true,"valueName":"search_term_string"}}],"inLanguage":"en-GB"}]}},"_links":{"self":[{"href":"https:\/\/www.dreimeister.de\/en\/wp-json\/wp\/v2\/product\/74103"}],"collection":[{"href":"https:\/\/www.dreimeister.de\/en\/wp-json\/wp\/v2\/product"}],"about":[{"href":"https:\/\/www.dreimeister.de\/en\/wp-json\/wp\/v2\/types\/product"}],"replies":[{"embeddable":true,"href":"https:\/\/www.dreimeister.de\/en\/wp-json\/wp\/v2\/comments?post=74103"}],"wp:featuredmedia":[{"embeddable":true,"href":"https:\/\/www.dreimeister.de\/en\/wp-json\/wp\/v2\/media\/130899"}],"wp:attachment":[{"href":"https:\/\/www.dreimeister.de\/en\/wp-json\/wp\/v2\/media?parent=74103"}],"wp:term":[{"taxonomy":"product_cat","embeddable":true,"href":"https:\/\/www.dreimeister.de\/en\/wp-json\/wp\/v2\/product_cat?post=74103"},{"taxonomy":"product_tag","embeddable":true,"href":"https:\/\/www.dreimeister.de\/en\/wp-json\/wp\/v2\/product_tag?post=74103"}],"curies":[{"name":"wp","href":"https:\/\/api.w.org\/{rel}","templated":true}]}}