{"id":79483,"date":"2023-01-19T11:43:47","date_gmt":"2023-01-19T10:43:47","guid":{"rendered":"https:\/\/www.dreimeister.de\/?post_type=product&#038;p=79483"},"modified":"2025-06-11T15:08:58","modified_gmt":"2025-06-11T13:08:58","slug":"schnuckertuete-schokolade-zu-wein","status":"publish","type":"product","link":"https:\/\/www.dreimeister.de\/en\/shop\/schokoladentaler\/schnuckertuete-schokolade-zu-wein\/","title":{"rendered":"SchnuckerT\u00fcte &#8220;Schokolade zum Wein&#8221;"},"content":{"rendered":"<h4>Produktinformation &#8220;SchnuckerT\u00fcte mit Golddublonen&#8221;<\/h4>\n<p>Inhalt: 96g<\/p>\n<p>12 Golddublonen in folgenden 6 Sorten sind enthalten:<\/p>\n","protected":false},"excerpt":{"rendered":"<p>SchnuckerT\u00fcte gef\u00fcllt mit 12 Schokoladen-Golddublonen aus aller Welt. Von Vollmilch bis Zartbitter das ideale Geschenk f\u00fcr Genie\u00dfer.<\/p>\n","protected":false},"featured_media":79484,"comment_status":"closed","ping_status":"closed","template":"","meta":{"_acf_changed":false},"product_cat":[26,81],"product_tag":[32,30,29],"class_list":{"0":"post-79483","1":"product","2":"type-product","3":"status-publish","4":"has-post-thumbnail","6":"product_cat-schokoladentaler","7":"product_cat-wein-und-kaffee","8":"product_tag-ohne-alkohol","9":"product_tag-vollmilch","10":"product_tag-zartbitter","12":"first","13":"instock","14":"taxable","15":"shipping-taxable","16":"purchasable","17":"product-type-simple"},"acf":[],"yoast_head":"<!-- This site is optimized with the Yoast SEO plugin v24.1 - https:\/\/yoast.com\/wordpress\/plugins\/seo\/ -->\n<title>SchnuckerT\u00fcte &quot;Schokolade zum Wein&quot; - DreiMeister Spezialit\u00e4ten[:]<\/title>\n<meta name=\"description\" content=\"SchnuckerT\u00fcte gef\u00fcllt mit 12 Schokoladen-Golddublonen aus aller Welt. Von Vollmilch bis Zartbitter das ideale Geschenk f\u00fcr Genie\u00dfer.\" \/>\n<meta name=\"robots\" content=\"index, follow, max-snippet:-1, max-image-preview:large, max-video-preview:-1\" \/>\n<link rel=\"canonical\" href=\"https:\/\/www.dreimeister.de\/en\/shop\/schokoladentaler\/schnuckertuete-schokolade-zu-wein\/\" \/>\n<meta property=\"og:locale\" content=\"en_GB\" \/>\n<meta property=\"og:locale:alternate\" content=\"de_DE_formal\" \/>\n<meta property=\"og:type\" content=\"article\" \/>\n<meta property=\"og:title\" content=\"SchnuckerT\u00fcte &quot;Schokolade zum Wein&quot;\" \/>\n<meta property=\"og:description\" content=\"SchnuckerT\u00fcte gef\u00fcllt mit 12 Schokoladen-Golddublonen aus aller Welt. Von Vollmilch bis Zartbitter das ideale Geschenk f\u00fcr Genie\u00dfer.\" \/>\n<meta property=\"og:url\" content=\"https:\/\/www.dreimeister.de\/en\/shop\/schokoladentaler\/schnuckertuete-schokolade-zu-wein\/\" \/>\n<meta property=\"og:site_name\" content=\"DreiMeister\" \/>\n<meta property=\"article:publisher\" content=\"https:\/\/www.facebook.com\/dreimeister.spezialitaeten\" \/>\n<meta property=\"article:modified_time\" content=\"2025-06-11T13:08:58+00:00\" \/>\n<meta property=\"og:image\" content=\"http:\/\/www.dreimeister.de\/wp-content\/uploads\/2023\/01\/12230_SchnuckerTuete_Schokolade-zum-Wein_Golddublonen.jpg\" \/>\n\t<meta property=\"og:image:width\" content=\"750\" \/>\n\t<meta property=\"og:image:height\" content=\"750\" \/>\n\t<meta property=\"og:image:type\" content=\"image\/jpeg\" \/>\n<meta name=\"twitter:label1\" content=\"Estimated reading time\" \/>\n\t<meta name=\"twitter:data1\" content=\"1 minute\" \/>\n<script type=\"application\/ld+json\" class=\"yoast-schema-graph\">{\"@context\":\"https:\/\/schema.org\",\"@graph\":[{\"@type\":\"WebPage\",\"@id\":\"https:\/\/www.dreimeister.de\/shop\/schokoladentaler\/schnuckertuete-schokolade-zu-wein\/\",\"url\":\"https:\/\/www.dreimeister.de\/shop\/schokoladentaler\/schnuckertuete-schokolade-zu-wein\/\",\"name\":\"SchnuckerT\u00fcte \\\"Schokolade zum Wein\\\"\",\"isPartOf\":{\"@id\":\"https:\/\/www.dreimeister.de\/#website\"},\"primaryImageOfPage\":{\"@id\":\"https:\/\/www.dreimeister.de\/shop\/schokoladentaler\/schnuckertuete-schokolade-zu-wein\/#primaryimage\"},\"image\":{\"@id\":\"https:\/\/www.dreimeister.de\/shop\/schokoladentaler\/schnuckertuete-schokolade-zu-wein\/#primaryimage\"},\"thumbnailUrl\":\"https:\/\/www.dreimeister.de\/wp-content\/uploads\/2023\/01\/12230_SchnuckerTuete_Schokolade-zum-Wein_Golddublonen.jpg\",\"datePublished\":\"2023-01-19T10:43:47+00:00\",\"dateModified\":\"2025-06-11T13:08:58+00:00\",\"description\":\"SchnuckerT\u00fcte gef\u00fcllt mit 12 Schokoladen-Golddublonen aus aller Welt. Von Vollmilch bis Zartbitter das ideale Geschenk f\u00fcr Genie\u00dfer.\",\"breadcrumb\":{\"@id\":\"https:\/\/www.dreimeister.de\/shop\/schokoladentaler\/schnuckertuete-schokolade-zu-wein\/#breadcrumb\"},\"inLanguage\":\"en-GB\",\"potentialAction\":[{\"@type\":\"ReadAction\",\"target\":[\"https:\/\/www.dreimeister.de\/shop\/schokoladentaler\/schnuckertuete-schokolade-zu-wein\/\"]}]},{\"@type\":\"ImageObject\",\"inLanguage\":\"en-GB\",\"@id\":\"https:\/\/www.dreimeister.de\/shop\/schokoladentaler\/schnuckertuete-schokolade-zu-wein\/#primaryimage\",\"url\":\"https:\/\/www.dreimeister.de\/wp-content\/uploads\/2023\/01\/12230_SchnuckerTuete_Schokolade-zum-Wein_Golddublonen.jpg\",\"contentUrl\":\"https:\/\/www.dreimeister.de\/wp-content\/uploads\/2023\/01\/12230_SchnuckerTuete_Schokolade-zum-Wein_Golddublonen.jpg\",\"width\":750,\"height\":750},{\"@type\":\"BreadcrumbList\",\"@id\":\"https:\/\/www.dreimeister.de\/shop\/schokoladentaler\/schnuckertuete-schokolade-zu-wein\/#breadcrumb\",\"itemListElement\":[{\"@type\":\"ListItem\",\"position\":1,\"name\":\"Home\",\"item\":\"https:\/\/www.dreimeister.de\/\"},{\"@type\":\"ListItem\",\"position\":2,\"name\":\"Shop\",\"item\":\"https:\/\/www.dreimeister.de\/shop\/\"},{\"@type\":\"ListItem\",\"position\":3,\"name\":\"SchnuckerT\u00fcte &#8222;Schokolade zum Wein&#8220;\"}]},{\"@type\":\"WebSite\",\"@id\":\"https:\/\/www.dreimeister.de\/#website\",\"url\":\"https:\/\/www.dreimeister.de\/\",\"name\":\"DreiMeister\",\"description\":\"Finest chocolate\",\"potentialAction\":[{\"@type\":\"SearchAction\",\"target\":{\"@type\":\"EntryPoint\",\"urlTemplate\":\"https:\/\/www.dreimeister.de\/?s={search_term_string}\"},\"query-input\":{\"@type\":\"PropertyValueSpecification\",\"valueRequired\":true,\"valueName\":\"search_term_string\"}}],\"inLanguage\":\"en-GB\"}]}<\/script>\n<!-- \/ Yoast SEO plugin. -->","yoast_head_json":{"title":"SchnuckerT\u00fcte \"Schokolade zum Wein\" - DreiMeister Spezialit\u00e4ten[:]","description":"SchnuckerT\u00fcte gef\u00fcllt mit 12 Schokoladen-Golddublonen aus aller Welt. Von Vollmilch bis Zartbitter das ideale Geschenk f\u00fcr Genie\u00dfer.","robots":{"index":"index","follow":"follow","max-snippet":"max-snippet:-1","max-image-preview":"max-image-preview:large","max-video-preview":"max-video-preview:-1"},"canonical":"https:\/\/www.dreimeister.de\/en\/shop\/schokoladentaler\/schnuckertuete-schokolade-zu-wein\/","og_locale":"en_GB","og_type":"article","og_title":"[:de][:de]SchnuckerT\u00fcte \"Schokolade zum Wein\"[:] - DreiMeister Spezialit\u00e4ten[:]","og_description":"[:de]SchnuckerT\u00fcte gef\u00fcllt mit 12 Schokoladen-Golddublonen aus aller Welt. Von Vollmilch bis Zartbitter das ideale Geschenk f\u00fcr Genie\u00dfer.[:]","og_url":"https:\/\/www.dreimeister.de\/en\/shop\/schokoladentaler\/schnuckertuete-schokolade-zu-wein\/","og_site_name":"DreiMeister","article_publisher":"https:\/\/www.facebook.com\/dreimeister.spezialitaeten","article_modified_time":"2025-06-11T13:08:58+00:00","og_image":[{"width":750,"height":750,"url":"http:\/\/www.dreimeister.de\/wp-content\/uploads\/2023\/01\/12230_SchnuckerTuete_Schokolade-zum-Wein_Golddublonen.jpg","type":"image\/jpeg"}],"twitter_misc":{"Estimated reading time":"1 minute"},"schema":{"@context":"https:\/\/schema.org","@graph":[{"@type":"WebPage","@id":"https:\/\/www.dreimeister.de\/shop\/schokoladentaler\/schnuckertuete-schokolade-zu-wein\/","url":"https:\/\/www.dreimeister.de\/shop\/schokoladentaler\/schnuckertuete-schokolade-zu-wein\/","name":"SchnuckerT\u00fcte \"Schokolade zum Wein\"","isPartOf":{"@id":"https:\/\/www.dreimeister.de\/#website"},"primaryImageOfPage":{"@id":"https:\/\/www.dreimeister.de\/shop\/schokoladentaler\/schnuckertuete-schokolade-zu-wein\/#primaryimage"},"image":{"@id":"https:\/\/www.dreimeister.de\/shop\/schokoladentaler\/schnuckertuete-schokolade-zu-wein\/#primaryimage"},"thumbnailUrl":"https:\/\/www.dreimeister.de\/wp-content\/uploads\/2023\/01\/12230_SchnuckerTuete_Schokolade-zum-Wein_Golddublonen.jpg","datePublished":"2023-01-19T10:43:47+00:00","dateModified":"2025-06-11T13:08:58+00:00","description":"SchnuckerT\u00fcte gef\u00fcllt mit 12 Schokoladen-Golddublonen aus aller Welt. Von Vollmilch bis Zartbitter das ideale Geschenk f\u00fcr Genie\u00dfer.","breadcrumb":{"@id":"https:\/\/www.dreimeister.de\/shop\/schokoladentaler\/schnuckertuete-schokolade-zu-wein\/#breadcrumb"},"inLanguage":"en-GB","potentialAction":[{"@type":"ReadAction","target":["https:\/\/www.dreimeister.de\/shop\/schokoladentaler\/schnuckertuete-schokolade-zu-wein\/"]}]},{"@type":"ImageObject","inLanguage":"en-GB","@id":"https:\/\/www.dreimeister.de\/shop\/schokoladentaler\/schnuckertuete-schokolade-zu-wein\/#primaryimage","url":"https:\/\/www.dreimeister.de\/wp-content\/uploads\/2023\/01\/12230_SchnuckerTuete_Schokolade-zum-Wein_Golddublonen.jpg","contentUrl":"https:\/\/www.dreimeister.de\/wp-content\/uploads\/2023\/01\/12230_SchnuckerTuete_Schokolade-zum-Wein_Golddublonen.jpg","width":750,"height":750},{"@type":"BreadcrumbList","@id":"https:\/\/www.dreimeister.de\/shop\/schokoladentaler\/schnuckertuete-schokolade-zu-wein\/#breadcrumb","itemListElement":[{"@type":"ListItem","position":1,"name":"Home","item":"https:\/\/www.dreimeister.de\/"},{"@type":"ListItem","position":2,"name":"Shop","item":"https:\/\/www.dreimeister.de\/shop\/"},{"@type":"ListItem","position":3,"name":"SchnuckerT\u00fcte &#8222;Schokolade zum Wein&#8220;"}]},{"@type":"WebSite","@id":"https:\/\/www.dreimeister.de\/#website","url":"https:\/\/www.dreimeister.de\/","name":"DreiMeister","description":"Finest chocolate","potentialAction":[{"@type":"SearchAction","target":{"@type":"EntryPoint","urlTemplate":"https:\/\/www.dreimeister.de\/?s={search_term_string}"},"query-input":{"@type":"PropertyValueSpecification","valueRequired":true,"valueName":"search_term_string"}}],"inLanguage":"en-GB"}]}},"_links":{"self":[{"href":"https:\/\/www.dreimeister.de\/en\/wp-json\/wp\/v2\/product\/79483"}],"collection":[{"href":"https:\/\/www.dreimeister.de\/en\/wp-json\/wp\/v2\/product"}],"about":[{"href":"https:\/\/www.dreimeister.de\/en\/wp-json\/wp\/v2\/types\/product"}],"replies":[{"embeddable":true,"href":"https:\/\/www.dreimeister.de\/en\/wp-json\/wp\/v2\/comments?post=79483"}],"wp:featuredmedia":[{"embeddable":true,"href":"https:\/\/www.dreimeister.de\/en\/wp-json\/wp\/v2\/media\/79484"}],"wp:attachment":[{"href":"https:\/\/www.dreimeister.de\/en\/wp-json\/wp\/v2\/media?parent=79483"}],"wp:term":[{"taxonomy":"product_cat","embeddable":true,"href":"https:\/\/www.dreimeister.de\/en\/wp-json\/wp\/v2\/product_cat?post=79483"},{"taxonomy":"product_tag","embeddable":true,"href":"https:\/\/www.dreimeister.de\/en\/wp-json\/wp\/v2\/product_tag?post=79483"}],"curies":[{"name":"wp","href":"https:\/\/api.w.org\/{rel}","templated":true}]}}