{"id":79547,"date":"2023-01-20T12:57:05","date_gmt":"2023-01-20T11:57:05","guid":{"rendered":"https:\/\/www.dreimeister.de\/?post_type=product&#038;p=79547"},"modified":"2026-02-20T15:47:01","modified_gmt":"2026-02-20T14:47:01","slug":"12er-holzkiste-schokolade-zum-wein-2","status":"publish","type":"product","link":"https:\/\/www.dreimeister.de\/en\/shop\/schokoladentaler\/12er-holzkiste-schokolade-zum-wein-2\/","title":{"rendered":"12er Holzkiste &#8220;Schokolade zum Wein&#8221;"},"content":{"rendered":"<h4>Produktinformation &#8220;12er Holzkiste Schokolade zum Wein&#8221;<\/h4>\n<p>Inhalt: 96g<\/p>\n<p>12 Golddublonen in folgenden 6 Sorten sind enthalten:<\/p>\n","protected":false},"excerpt":{"rendered":"<p>Klassische Holzkiste mit 12 Schokoladensch\u00e4tzen aus ausgew\u00e4hlten Kakaoplantagen der Welt und dekorativem &#8220;Schokolade zum Wein&#8221;-Aufdruck. F\u00fcr alle Weinliebhaber. Die 8 g Golddublonen enthalten unterschiedliche Kakaoanteile. Die Variationen erstrecken sich von zarten Vollmilchsorten bis hin zu herberen Zartbittersorten- so ist f\u00fcr jeden Genie\u00dfer das Richtige dabei.<\/p>\n","protected":false},"featured_media":79549,"comment_status":"closed","ping_status":"closed","template":"","meta":{"_acf_changed":false},"product_cat":[26,81],"product_tag":[32,30,29],"class_list":{"0":"post-79547","1":"product","2":"type-product","3":"status-publish","4":"has-post-thumbnail","6":"product_cat-schokoladentaler","7":"product_cat-wein-und-kaffee","8":"product_tag-ohne-alkohol","9":"product_tag-vollmilch","10":"product_tag-zartbitter","12":"first","13":"instock","14":"taxable","15":"shipping-taxable","16":"purchasable","17":"product-type-simple"},"acf":[],"yoast_head":"<!-- This site is optimized with the Yoast SEO plugin v24.1 - https:\/\/yoast.com\/wordpress\/plugins\/seo\/ -->\n<title>12er Holzkiste &quot;Schokolade zum Wein&quot; mit Golddublonen - DreiMeister<\/title>\n<meta name=\"description\" content=\"Holzkiste mit 12 Schokoladensch\u00e4tzen aus ausgew\u00e4hlten Kakaoplantagen der Welt und dekorativem &quot;Schokolade zum Wein&quot;-Aufdruck. F\u00fcr alle Weinliebhaber\" \/>\n<meta name=\"robots\" content=\"index, follow, max-snippet:-1, max-image-preview:large, max-video-preview:-1\" \/>\n<link rel=\"canonical\" href=\"https:\/\/www.dreimeister.de\/en\/shop\/schokoladentaler\/12er-holzkiste-schokolade-zum-wein-2\/\" \/>\n<meta property=\"og:locale\" content=\"en_GB\" \/>\n<meta property=\"og:locale:alternate\" content=\"de_DE_formal\" \/>\n<meta property=\"og:type\" content=\"article\" \/>\n<meta property=\"og:title\" content=\"12er Holzkiste &quot;Schokolade zum Wein&quot; mit Golddublonen - DreiMeister\" \/>\n<meta property=\"og:description\" content=\"Holzkiste mit 12 Schokoladensch\u00e4tzen aus ausgew\u00e4hlten Kakaoplantagen der Welt und dekorativem &quot;Schokolade zum Wein&quot;-Aufdruck. F\u00fcr alle Weinliebhaber\" \/>\n<meta property=\"og:url\" content=\"https:\/\/www.dreimeister.de\/en\/shop\/schokoladentaler\/12er-holzkiste-schokolade-zum-wein-2\/\" \/>\n<meta property=\"og:site_name\" content=\"DreiMeister\" \/>\n<meta property=\"article:publisher\" content=\"https:\/\/www.facebook.com\/dreimeister.spezialitaeten\" \/>\n<meta property=\"article:modified_time\" content=\"2026-02-20T14:47:01+00:00\" \/>\n<meta property=\"og:image\" content=\"http:\/\/www.dreimeister.de\/wp-content\/uploads\/2023\/01\/12228_Holzkiste_Schokolade-zum-Wein_12-Golddublonen.jpg\" \/>\n\t<meta property=\"og:image:width\" content=\"750\" \/>\n\t<meta property=\"og:image:height\" content=\"750\" \/>\n\t<meta property=\"og:image:type\" content=\"image\/jpeg\" \/>\n<script type=\"application\/ld+json\" class=\"yoast-schema-graph\">{\"@context\":\"https:\/\/schema.org\",\"@graph\":[{\"@type\":\"WebPage\",\"@id\":\"https:\/\/www.dreimeister.de\/shop\/schokoladentaler\/12er-holzkiste-schokolade-zum-wein-2\/\",\"url\":\"https:\/\/www.dreimeister.de\/shop\/schokoladentaler\/12er-holzkiste-schokolade-zum-wein-2\/\",\"name\":\"12er Holzkiste \\\"Schokolade zum Wein\\\" mit Golddublonen - DreiMeister\",\"isPartOf\":{\"@id\":\"https:\/\/www.dreimeister.de\/#website\"},\"primaryImageOfPage\":{\"@id\":\"https:\/\/www.dreimeister.de\/shop\/schokoladentaler\/12er-holzkiste-schokolade-zum-wein-2\/#primaryimage\"},\"image\":{\"@id\":\"https:\/\/www.dreimeister.de\/shop\/schokoladentaler\/12er-holzkiste-schokolade-zum-wein-2\/#primaryimage\"},\"thumbnailUrl\":\"https:\/\/www.dreimeister.de\/wp-content\/uploads\/2023\/01\/12228_Holzkiste_Schokolade-zum-Wein_12-Golddublonen.jpg\",\"datePublished\":\"2023-01-20T11:57:05+00:00\",\"dateModified\":\"2026-02-20T14:47:01+00:00\",\"description\":\"Holzkiste mit 12 Schokoladensch\u00e4tzen aus ausgew\u00e4hlten Kakaoplantagen der Welt und dekorativem \\\"Schokolade zum Wein\\\"-Aufdruck. F\u00fcr alle Weinliebhaber\",\"breadcrumb\":{\"@id\":\"https:\/\/www.dreimeister.de\/shop\/schokoladentaler\/12er-holzkiste-schokolade-zum-wein-2\/#breadcrumb\"},\"inLanguage\":\"en-GB\",\"potentialAction\":[{\"@type\":\"ReadAction\",\"target\":[\"https:\/\/www.dreimeister.de\/shop\/schokoladentaler\/12er-holzkiste-schokolade-zum-wein-2\/\"]}]},{\"@type\":\"ImageObject\",\"inLanguage\":\"en-GB\",\"@id\":\"https:\/\/www.dreimeister.de\/shop\/schokoladentaler\/12er-holzkiste-schokolade-zum-wein-2\/#primaryimage\",\"url\":\"https:\/\/www.dreimeister.de\/wp-content\/uploads\/2023\/01\/12228_Holzkiste_Schokolade-zum-Wein_12-Golddublonen.jpg\",\"contentUrl\":\"https:\/\/www.dreimeister.de\/wp-content\/uploads\/2023\/01\/12228_Holzkiste_Schokolade-zum-Wein_12-Golddublonen.jpg\",\"width\":750,\"height\":750},{\"@type\":\"BreadcrumbList\",\"@id\":\"https:\/\/www.dreimeister.de\/shop\/schokoladentaler\/12er-holzkiste-schokolade-zum-wein-2\/#breadcrumb\",\"itemListElement\":[{\"@type\":\"ListItem\",\"position\":1,\"name\":\"Home\",\"item\":\"https:\/\/www.dreimeister.de\/\"},{\"@type\":\"ListItem\",\"position\":2,\"name\":\"Shop\",\"item\":\"https:\/\/www.dreimeister.de\/shop\/\"},{\"@type\":\"ListItem\",\"position\":3,\"name\":\"12er Holzkiste &#8222;Schokolade zum Wein&#8220;\"}]},{\"@type\":\"WebSite\",\"@id\":\"https:\/\/www.dreimeister.de\/#website\",\"url\":\"https:\/\/www.dreimeister.de\/\",\"name\":\"DreiMeister\",\"description\":\"Finest chocolate\",\"potentialAction\":[{\"@type\":\"SearchAction\",\"target\":{\"@type\":\"EntryPoint\",\"urlTemplate\":\"https:\/\/www.dreimeister.de\/?s={search_term_string}\"},\"query-input\":{\"@type\":\"PropertyValueSpecification\",\"valueRequired\":true,\"valueName\":\"search_term_string\"}}],\"inLanguage\":\"en-GB\"}]}<\/script>\n<!-- \/ Yoast SEO plugin. -->","yoast_head_json":{"title":"12er Holzkiste \"Schokolade zum Wein\" mit Golddublonen - DreiMeister","description":"Holzkiste mit 12 Schokoladensch\u00e4tzen aus ausgew\u00e4hlten Kakaoplantagen der Welt und dekorativem \"Schokolade zum Wein\"-Aufdruck. F\u00fcr alle Weinliebhaber","robots":{"index":"index","follow":"follow","max-snippet":"max-snippet:-1","max-image-preview":"max-image-preview:large","max-video-preview":"max-video-preview:-1"},"canonical":"https:\/\/www.dreimeister.de\/en\/shop\/schokoladentaler\/12er-holzkiste-schokolade-zum-wein-2\/","og_locale":"en_GB","og_type":"article","og_title":"12er Holzkiste \"Schokolade zum Wein\" mit Golddublonen - DreiMeister","og_description":"Holzkiste mit 12 Schokoladensch\u00e4tzen aus ausgew\u00e4hlten Kakaoplantagen der Welt und dekorativem \"Schokolade zum Wein\"-Aufdruck. F\u00fcr alle Weinliebhaber","og_url":"https:\/\/www.dreimeister.de\/en\/shop\/schokoladentaler\/12er-holzkiste-schokolade-zum-wein-2\/","og_site_name":"DreiMeister","article_publisher":"https:\/\/www.facebook.com\/dreimeister.spezialitaeten","article_modified_time":"2026-02-20T14:47:01+00:00","og_image":[{"width":750,"height":750,"url":"http:\/\/www.dreimeister.de\/wp-content\/uploads\/2023\/01\/12228_Holzkiste_Schokolade-zum-Wein_12-Golddublonen.jpg","type":"image\/jpeg"}],"schema":{"@context":"https:\/\/schema.org","@graph":[{"@type":"WebPage","@id":"https:\/\/www.dreimeister.de\/shop\/schokoladentaler\/12er-holzkiste-schokolade-zum-wein-2\/","url":"https:\/\/www.dreimeister.de\/shop\/schokoladentaler\/12er-holzkiste-schokolade-zum-wein-2\/","name":"12er Holzkiste \"Schokolade zum Wein\" mit Golddublonen - DreiMeister","isPartOf":{"@id":"https:\/\/www.dreimeister.de\/#website"},"primaryImageOfPage":{"@id":"https:\/\/www.dreimeister.de\/shop\/schokoladentaler\/12er-holzkiste-schokolade-zum-wein-2\/#primaryimage"},"image":{"@id":"https:\/\/www.dreimeister.de\/shop\/schokoladentaler\/12er-holzkiste-schokolade-zum-wein-2\/#primaryimage"},"thumbnailUrl":"https:\/\/www.dreimeister.de\/wp-content\/uploads\/2023\/01\/12228_Holzkiste_Schokolade-zum-Wein_12-Golddublonen.jpg","datePublished":"2023-01-20T11:57:05+00:00","dateModified":"2026-02-20T14:47:01+00:00","description":"Holzkiste mit 12 Schokoladensch\u00e4tzen aus ausgew\u00e4hlten Kakaoplantagen der Welt und dekorativem \"Schokolade zum Wein\"-Aufdruck. F\u00fcr alle Weinliebhaber","breadcrumb":{"@id":"https:\/\/www.dreimeister.de\/shop\/schokoladentaler\/12er-holzkiste-schokolade-zum-wein-2\/#breadcrumb"},"inLanguage":"en-GB","potentialAction":[{"@type":"ReadAction","target":["https:\/\/www.dreimeister.de\/shop\/schokoladentaler\/12er-holzkiste-schokolade-zum-wein-2\/"]}]},{"@type":"ImageObject","inLanguage":"en-GB","@id":"https:\/\/www.dreimeister.de\/shop\/schokoladentaler\/12er-holzkiste-schokolade-zum-wein-2\/#primaryimage","url":"https:\/\/www.dreimeister.de\/wp-content\/uploads\/2023\/01\/12228_Holzkiste_Schokolade-zum-Wein_12-Golddublonen.jpg","contentUrl":"https:\/\/www.dreimeister.de\/wp-content\/uploads\/2023\/01\/12228_Holzkiste_Schokolade-zum-Wein_12-Golddublonen.jpg","width":750,"height":750},{"@type":"BreadcrumbList","@id":"https:\/\/www.dreimeister.de\/shop\/schokoladentaler\/12er-holzkiste-schokolade-zum-wein-2\/#breadcrumb","itemListElement":[{"@type":"ListItem","position":1,"name":"Home","item":"https:\/\/www.dreimeister.de\/"},{"@type":"ListItem","position":2,"name":"Shop","item":"https:\/\/www.dreimeister.de\/shop\/"},{"@type":"ListItem","position":3,"name":"12er Holzkiste &#8222;Schokolade zum Wein&#8220;"}]},{"@type":"WebSite","@id":"https:\/\/www.dreimeister.de\/#website","url":"https:\/\/www.dreimeister.de\/","name":"DreiMeister","description":"Finest chocolate","potentialAction":[{"@type":"SearchAction","target":{"@type":"EntryPoint","urlTemplate":"https:\/\/www.dreimeister.de\/?s={search_term_string}"},"query-input":{"@type":"PropertyValueSpecification","valueRequired":true,"valueName":"search_term_string"}}],"inLanguage":"en-GB"}]}},"_links":{"self":[{"href":"https:\/\/www.dreimeister.de\/en\/wp-json\/wp\/v2\/product\/79547"}],"collection":[{"href":"https:\/\/www.dreimeister.de\/en\/wp-json\/wp\/v2\/product"}],"about":[{"href":"https:\/\/www.dreimeister.de\/en\/wp-json\/wp\/v2\/types\/product"}],"replies":[{"embeddable":true,"href":"https:\/\/www.dreimeister.de\/en\/wp-json\/wp\/v2\/comments?post=79547"}],"wp:featuredmedia":[{"embeddable":true,"href":"https:\/\/www.dreimeister.de\/en\/wp-json\/wp\/v2\/media\/79549"}],"wp:attachment":[{"href":"https:\/\/www.dreimeister.de\/en\/wp-json\/wp\/v2\/media?parent=79547"}],"wp:term":[{"taxonomy":"product_cat","embeddable":true,"href":"https:\/\/www.dreimeister.de\/en\/wp-json\/wp\/v2\/product_cat?post=79547"},{"taxonomy":"product_tag","embeddable":true,"href":"https:\/\/www.dreimeister.de\/en\/wp-json\/wp\/v2\/product_tag?post=79547"}],"curies":[{"name":"wp","href":"https:\/\/api.w.org\/{rel}","templated":true}]}}