{"id":79567,"date":"2023-01-20T15:05:22","date_gmt":"2023-01-20T14:05:22","guid":{"rendered":"https:\/\/www.dreimeister.de\/?post_type=product&#038;p=79567"},"modified":"2026-03-03T15:04:50","modified_gmt":"2026-03-03T14:04:50","slug":"weinfass-mit-golddublonen","status":"publish","type":"product","link":"https:\/\/www.dreimeister.de\/en\/shop\/schokoladentaler\/weinfass-mit-golddublonen\/","title":{"rendered":"Weinfass mit Golddublonen"},"content":{"rendered":"<h4>Produktinformation &#8220;Weinfass mit Golddublonen&#8221;<\/h4>\n<p>Inhalt: 192g<\/p>\n<p>Die folgenden 6 Sorten sind enthalten:<\/p>\n","protected":false},"excerpt":{"rendered":"<p class=\"p1\"><span class=\"s1\">Kleines Weinfass aus naturbelassenem hellem Kiefern-Holz mit verschlie\u00dfbarem Deckelteil. Durch die zwei Laschen aus braunem Stoff, die am Deckel befestigt sind,\u00a0 kann es problemlos ge\u00f6ffnet werden. Der s\u00fc\u00dfe Inhalt l\u00e4sst keine W\u00fcnsche offen.\u00a0Verschiedene Edelkakaosorten rund um den Globus bilden die Grundlage f\u00fcr unsere einzigartigen Sch\u00e4tze. Begeben Sie sich auf Entdeckungsreise von Java \u00fcber Ecuador bis nach Ghana. Schmecken Sie die einzigartigen Noten der verschiedenen Kakaosorten.\u00a0Von zarter Vollmilch bis bin zur herben Zartbitter-Schokolade ist f\u00fcr jeden Genie\u00dfer das Passende dabei.<br \/>\n<\/span><\/p>\n","protected":false},"featured_media":79566,"comment_status":"closed","ping_status":"closed","template":"","meta":{"_acf_changed":false},"product_cat":[26,81],"product_tag":[32,30,29],"class_list":{"0":"post-79567","1":"product","2":"type-product","3":"status-publish","4":"has-post-thumbnail","6":"product_cat-schokoladentaler","7":"product_cat-wein-und-kaffee","8":"product_tag-ohne-alkohol","9":"product_tag-vollmilch","10":"product_tag-zartbitter","12":"first","13":"instock","14":"taxable","15":"shipping-taxable","16":"purchasable","17":"product-type-simple"},"acf":[],"yoast_head":"<!-- This site is optimized with the Yoast SEO plugin v24.1 - https:\/\/yoast.com\/wordpress\/plugins\/seo\/ -->\n<title>Weinfass gef\u00fcllt mit 6 Sorten Golddublonen - DreiMeister Spezialit\u00e4ten<\/title>\n<meta name=\"description\" content=\"Kleines Weinfass aus Holz, bef\u00fcllt mit 24 gemischten Golddublonen. Die 8 g Schokoladentaler enthalten unterschiedliche Kakaoanteile, welche sich von zarten Vollmilchsorten bis hin zu herberen Zartbittersorten erstrecken. So ist f\u00fcr jeden Genie\u00dfer das Richtige dabei.\" \/>\n<meta name=\"robots\" content=\"index, follow, max-snippet:-1, max-image-preview:large, max-video-preview:-1\" \/>\n<link rel=\"canonical\" href=\"https:\/\/www.dreimeister.de\/en\/shop\/schokoladentaler\/weinfass-mit-golddublonen\/\" \/>\n<meta property=\"og:locale\" content=\"en_GB\" \/>\n<meta property=\"og:locale:alternate\" content=\"de_DE_formal\" \/>\n<meta property=\"og:type\" content=\"article\" \/>\n<meta property=\"og:title\" content=\"Weinfass gef\u00fcllt mit 6 Sorten Golddublonen - DreiMeister Spezialit\u00e4ten\" \/>\n<meta property=\"og:description\" content=\"Kleines Weinfass aus Holz, bef\u00fcllt mit 24 gemischten Golddublonen. Die 8 g Schokoladentaler enthalten unterschiedliche Kakaoanteile, welche sich von zarten Vollmilchsorten bis hin zu herberen Zartbittersorten erstrecken. So ist f\u00fcr jeden Genie\u00dfer das Richtige dabei.\" \/>\n<meta property=\"og:url\" content=\"https:\/\/www.dreimeister.de\/en\/shop\/schokoladentaler\/weinfass-mit-golddublonen\/\" \/>\n<meta property=\"og:site_name\" content=\"DreiMeister\" \/>\n<meta property=\"article:publisher\" content=\"https:\/\/www.facebook.com\/dreimeister.spezialitaeten\" \/>\n<meta property=\"article:modified_time\" content=\"2026-03-03T14:04:50+00:00\" \/>\n<meta property=\"og:image\" content=\"http:\/\/www.dreimeister.de\/wp-content\/uploads\/2018\/04\/12226_Weinfass_Golddublonen.jpg\" \/>\n\t<meta property=\"og:image:width\" content=\"750\" \/>\n\t<meta property=\"og:image:height\" content=\"750\" \/>\n\t<meta property=\"og:image:type\" content=\"image\/jpeg\" \/>\n<meta name=\"twitter:label1\" content=\"Estimated reading time\" \/>\n\t<meta name=\"twitter:data1\" content=\"1 minute\" \/>\n<script type=\"application\/ld+json\" class=\"yoast-schema-graph\">{\"@context\":\"https:\/\/schema.org\",\"@graph\":[{\"@type\":\"WebPage\",\"@id\":\"https:\/\/www.dreimeister.de\/shop\/schokoladentaler\/weinfass-mit-golddublonen\/\",\"url\":\"https:\/\/www.dreimeister.de\/shop\/schokoladentaler\/weinfass-mit-golddublonen\/\",\"name\":\"Weinfass gef\u00fcllt mit 6 Sorten Golddublonen - DreiMeister Spezialit\u00e4ten\",\"isPartOf\":{\"@id\":\"https:\/\/www.dreimeister.de\/#website\"},\"primaryImageOfPage\":{\"@id\":\"https:\/\/www.dreimeister.de\/shop\/schokoladentaler\/weinfass-mit-golddublonen\/#primaryimage\"},\"image\":{\"@id\":\"https:\/\/www.dreimeister.de\/shop\/schokoladentaler\/weinfass-mit-golddublonen\/#primaryimage\"},\"thumbnailUrl\":\"https:\/\/www.dreimeister.de\/wp-content\/uploads\/2018\/04\/12226_Weinfass_Golddublonen.jpg\",\"datePublished\":\"2023-01-20T14:05:22+00:00\",\"dateModified\":\"2026-03-03T14:04:50+00:00\",\"description\":\"Kleines Weinfass aus Holz, bef\u00fcllt mit 24 gemischten Golddublonen. Die 8 g Schokoladentaler enthalten unterschiedliche Kakaoanteile, welche sich von zarten Vollmilchsorten bis hin zu herberen Zartbittersorten erstrecken. So ist f\u00fcr jeden Genie\u00dfer das Richtige dabei.\",\"breadcrumb\":{\"@id\":\"https:\/\/www.dreimeister.de\/shop\/schokoladentaler\/weinfass-mit-golddublonen\/#breadcrumb\"},\"inLanguage\":\"en-GB\",\"potentialAction\":[{\"@type\":\"ReadAction\",\"target\":[\"https:\/\/www.dreimeister.de\/shop\/schokoladentaler\/weinfass-mit-golddublonen\/\"]}]},{\"@type\":\"ImageObject\",\"inLanguage\":\"en-GB\",\"@id\":\"https:\/\/www.dreimeister.de\/shop\/schokoladentaler\/weinfass-mit-golddublonen\/#primaryimage\",\"url\":\"https:\/\/www.dreimeister.de\/wp-content\/uploads\/2018\/04\/12226_Weinfass_Golddublonen.jpg\",\"contentUrl\":\"https:\/\/www.dreimeister.de\/wp-content\/uploads\/2018\/04\/12226_Weinfass_Golddublonen.jpg\",\"width\":750,\"height\":750},{\"@type\":\"BreadcrumbList\",\"@id\":\"https:\/\/www.dreimeister.de\/shop\/schokoladentaler\/weinfass-mit-golddublonen\/#breadcrumb\",\"itemListElement\":[{\"@type\":\"ListItem\",\"position\":1,\"name\":\"Home\",\"item\":\"https:\/\/www.dreimeister.de\/\"},{\"@type\":\"ListItem\",\"position\":2,\"name\":\"Shop\",\"item\":\"https:\/\/www.dreimeister.de\/shop\/\"},{\"@type\":\"ListItem\",\"position\":3,\"name\":\"Weinfass mit Golddublonen\"}]},{\"@type\":\"WebSite\",\"@id\":\"https:\/\/www.dreimeister.de\/#website\",\"url\":\"https:\/\/www.dreimeister.de\/\",\"name\":\"DreiMeister\",\"description\":\"Finest chocolate\",\"potentialAction\":[{\"@type\":\"SearchAction\",\"target\":{\"@type\":\"EntryPoint\",\"urlTemplate\":\"https:\/\/www.dreimeister.de\/?s={search_term_string}\"},\"query-input\":{\"@type\":\"PropertyValueSpecification\",\"valueRequired\":true,\"valueName\":\"search_term_string\"}}],\"inLanguage\":\"en-GB\"}]}<\/script>\n<!-- \/ Yoast SEO plugin. -->","yoast_head_json":{"title":"Weinfass gef\u00fcllt mit 6 Sorten Golddublonen - DreiMeister Spezialit\u00e4ten","description":"Kleines Weinfass aus Holz, bef\u00fcllt mit 24 gemischten Golddublonen. Die 8 g Schokoladentaler enthalten unterschiedliche Kakaoanteile, welche sich von zarten Vollmilchsorten bis hin zu herberen Zartbittersorten erstrecken. So ist f\u00fcr jeden Genie\u00dfer das Richtige dabei.","robots":{"index":"index","follow":"follow","max-snippet":"max-snippet:-1","max-image-preview":"max-image-preview:large","max-video-preview":"max-video-preview:-1"},"canonical":"https:\/\/www.dreimeister.de\/en\/shop\/schokoladentaler\/weinfass-mit-golddublonen\/","og_locale":"en_GB","og_type":"article","og_title":"Weinfass gef\u00fcllt mit 6 Sorten Golddublonen - DreiMeister Spezialit\u00e4ten","og_description":"Kleines Weinfass aus Holz, bef\u00fcllt mit 24 gemischten Golddublonen. Die 8 g Schokoladentaler enthalten unterschiedliche Kakaoanteile, welche sich von zarten Vollmilchsorten bis hin zu herberen Zartbittersorten erstrecken. So ist f\u00fcr jeden Genie\u00dfer das Richtige dabei.","og_url":"https:\/\/www.dreimeister.de\/en\/shop\/schokoladentaler\/weinfass-mit-golddublonen\/","og_site_name":"DreiMeister","article_publisher":"https:\/\/www.facebook.com\/dreimeister.spezialitaeten","article_modified_time":"2026-03-03T14:04:50+00:00","og_image":[{"width":750,"height":750,"url":"http:\/\/www.dreimeister.de\/wp-content\/uploads\/2018\/04\/12226_Weinfass_Golddublonen.jpg","type":"image\/jpeg"}],"twitter_misc":{"Estimated reading time":"1 minute"},"schema":{"@context":"https:\/\/schema.org","@graph":[{"@type":"WebPage","@id":"https:\/\/www.dreimeister.de\/shop\/schokoladentaler\/weinfass-mit-golddublonen\/","url":"https:\/\/www.dreimeister.de\/shop\/schokoladentaler\/weinfass-mit-golddublonen\/","name":"Weinfass gef\u00fcllt mit 6 Sorten Golddublonen - DreiMeister Spezialit\u00e4ten","isPartOf":{"@id":"https:\/\/www.dreimeister.de\/#website"},"primaryImageOfPage":{"@id":"https:\/\/www.dreimeister.de\/shop\/schokoladentaler\/weinfass-mit-golddublonen\/#primaryimage"},"image":{"@id":"https:\/\/www.dreimeister.de\/shop\/schokoladentaler\/weinfass-mit-golddublonen\/#primaryimage"},"thumbnailUrl":"https:\/\/www.dreimeister.de\/wp-content\/uploads\/2018\/04\/12226_Weinfass_Golddublonen.jpg","datePublished":"2023-01-20T14:05:22+00:00","dateModified":"2026-03-03T14:04:50+00:00","description":"Kleines Weinfass aus Holz, bef\u00fcllt mit 24 gemischten Golddublonen. Die 8 g Schokoladentaler enthalten unterschiedliche Kakaoanteile, welche sich von zarten Vollmilchsorten bis hin zu herberen Zartbittersorten erstrecken. So ist f\u00fcr jeden Genie\u00dfer das Richtige dabei.","breadcrumb":{"@id":"https:\/\/www.dreimeister.de\/shop\/schokoladentaler\/weinfass-mit-golddublonen\/#breadcrumb"},"inLanguage":"en-GB","potentialAction":[{"@type":"ReadAction","target":["https:\/\/www.dreimeister.de\/shop\/schokoladentaler\/weinfass-mit-golddublonen\/"]}]},{"@type":"ImageObject","inLanguage":"en-GB","@id":"https:\/\/www.dreimeister.de\/shop\/schokoladentaler\/weinfass-mit-golddublonen\/#primaryimage","url":"https:\/\/www.dreimeister.de\/wp-content\/uploads\/2018\/04\/12226_Weinfass_Golddublonen.jpg","contentUrl":"https:\/\/www.dreimeister.de\/wp-content\/uploads\/2018\/04\/12226_Weinfass_Golddublonen.jpg","width":750,"height":750},{"@type":"BreadcrumbList","@id":"https:\/\/www.dreimeister.de\/shop\/schokoladentaler\/weinfass-mit-golddublonen\/#breadcrumb","itemListElement":[{"@type":"ListItem","position":1,"name":"Home","item":"https:\/\/www.dreimeister.de\/"},{"@type":"ListItem","position":2,"name":"Shop","item":"https:\/\/www.dreimeister.de\/shop\/"},{"@type":"ListItem","position":3,"name":"Weinfass mit Golddublonen"}]},{"@type":"WebSite","@id":"https:\/\/www.dreimeister.de\/#website","url":"https:\/\/www.dreimeister.de\/","name":"DreiMeister","description":"Finest chocolate","potentialAction":[{"@type":"SearchAction","target":{"@type":"EntryPoint","urlTemplate":"https:\/\/www.dreimeister.de\/?s={search_term_string}"},"query-input":{"@type":"PropertyValueSpecification","valueRequired":true,"valueName":"search_term_string"}}],"inLanguage":"en-GB"}]}},"_links":{"self":[{"href":"https:\/\/www.dreimeister.de\/en\/wp-json\/wp\/v2\/product\/79567"}],"collection":[{"href":"https:\/\/www.dreimeister.de\/en\/wp-json\/wp\/v2\/product"}],"about":[{"href":"https:\/\/www.dreimeister.de\/en\/wp-json\/wp\/v2\/types\/product"}],"replies":[{"embeddable":true,"href":"https:\/\/www.dreimeister.de\/en\/wp-json\/wp\/v2\/comments?post=79567"}],"wp:featuredmedia":[{"embeddable":true,"href":"https:\/\/www.dreimeister.de\/en\/wp-json\/wp\/v2\/media\/79566"}],"wp:attachment":[{"href":"https:\/\/www.dreimeister.de\/en\/wp-json\/wp\/v2\/media?parent=79567"}],"wp:term":[{"taxonomy":"product_cat","embeddable":true,"href":"https:\/\/www.dreimeister.de\/en\/wp-json\/wp\/v2\/product_cat?post=79567"},{"taxonomy":"product_tag","embeddable":true,"href":"https:\/\/www.dreimeister.de\/en\/wp-json\/wp\/v2\/product_tag?post=79567"}],"curies":[{"name":"wp","href":"https:\/\/api.w.org\/{rel}","templated":true}]}}