{"id":79618,"date":"2023-01-23T15:17:31","date_gmt":"2023-01-23T14:17:31","guid":{"rendered":"https:\/\/www.dreimeister.de\/?post_type=product&#038;p=79618"},"modified":"2026-03-03T10:18:46","modified_gmt":"2026-03-03T09:18:46","slug":"etagerenwuerfel","status":"publish","type":"product","link":"https:\/\/www.dreimeister.de\/en\/shop\/pralinen-und-trueffel\/etagerenwuerfel\/","title":{"rendered":"Etagerenw\u00fcrfel mit 330g Pralinen- \/ Tr\u00fcffelmischung"},"content":{"rendered":"<p>Inhalt: 330g<\/p>\n<div class=\"row\">\n<div class=\"col-xs-12 col-sm-6 col-md-3\">\n<p class=\"text-center\">je 3 Tr\u00fcffel pro Sorte<\/p>\n<\/div>\n<\/div>\n","protected":false},"excerpt":{"rendered":"<p>Stilvoller Etagerenw\u00fcrfel, bef\u00fcllt mit Pralinen auf drei Etagen. Genie\u00dfen Sie unsere besten Sorten wie zum Beispiel: Mousse au Chocolat, Eierlik\u00f6r, Calvados, Cappuccino, Kirschwasser, Rum und Orange-Karamell. Perfekt als Geschenk oder zum Platzieren auf einem Buffet oder Konferenztisch.<\/p>\n","protected":false},"featured_media":130879,"comment_status":"closed","ping_status":"closed","template":"","meta":{"_acf_changed":false},"product_cat":[25],"product_tag":[32,30,31,29],"class_list":{"0":"post-79618","1":"product","2":"type-product","3":"status-publish","4":"has-post-thumbnail","6":"product_cat-pralinen-und-trueffel","7":"product_tag-ohne-alkohol","8":"product_tag-vollmilch","9":"product_tag-weiss","10":"product_tag-zartbitter","12":"first","13":"outofstock","14":"taxable","15":"shipping-taxable","16":"purchasable","17":"product-type-simple"},"acf":[],"yoast_head":"<!-- This site is optimized with the Yoast SEO plugin v24.1 - https:\/\/yoast.com\/wordpress\/plugins\/seo\/ -->\n<title>Etagerenw\u00fcrfel mit 330g Pralinen- \/ Tr\u00fcffelmischung - DreiMeister Spezialit\u00e4ten[:]<\/title>\n<meta name=\"description\" content=\"Edler Etagerenw\u00fcrfel mit alkoholfreien Pralinen auf 3 Ebenen \u2013 stilvoll pr\u00e4sentiert f\u00fcr besondere Genussmomente oder als elegantes Geschenk.\" \/>\n<meta name=\"robots\" content=\"index, follow, max-snippet:-1, max-image-preview:large, max-video-preview:-1\" \/>\n<link rel=\"canonical\" href=\"https:\/\/www.dreimeister.de\/en\/shop\/pralinen-und-trueffel\/etagerenwuerfel\/\" \/>\n<meta property=\"og:locale\" content=\"en_GB\" \/>\n<meta property=\"og:locale:alternate\" content=\"de_DE_formal\" \/>\n<meta property=\"og:type\" content=\"article\" \/>\n<meta property=\"og:title\" content=\"Etagerenw\u00fcrfel mit 330g Pralinen- \/ Tr\u00fcffelmischung\" \/>\n<meta property=\"og:description\" content=\"Edler Etagerenw\u00fcrfel mit alkoholfreien Pralinen auf 3 Ebenen \u2013 stilvoll pr\u00e4sentiert f\u00fcr besondere Genussmomente oder als elegantes Geschenk.\" \/>\n<meta property=\"og:url\" content=\"https:\/\/www.dreimeister.de\/en\/shop\/pralinen-und-trueffel\/etagerenwuerfel\/\" \/>\n<meta property=\"og:site_name\" content=\"DreiMeister\" \/>\n<meta property=\"article:publisher\" content=\"https:\/\/www.facebook.com\/dreimeister.spezialitaeten\" \/>\n<meta property=\"article:modified_time\" content=\"2026-03-03T09:18:46+00:00\" \/>\n<meta property=\"og:image\" content=\"http:\/\/www.dreimeister.de\/wp-content\/uploads\/2023\/01\/12293_Etagerenwuerfel.jpg\" \/>\n\t<meta property=\"og:image:width\" content=\"1200\" \/>\n\t<meta property=\"og:image:height\" content=\"1200\" \/>\n\t<meta property=\"og:image:type\" content=\"image\/jpeg\" \/>\n<meta name=\"twitter:label1\" content=\"Estimated reading time\" \/>\n\t<meta name=\"twitter:data1\" content=\"1 minute\" \/>\n<script type=\"application\/ld+json\" class=\"yoast-schema-graph\">{\"@context\":\"https:\/\/schema.org\",\"@graph\":[{\"@type\":\"WebPage\",\"@id\":\"https:\/\/www.dreimeister.de\/shop\/pralinen-und-trueffel\/etagerenwuerfel\/\",\"url\":\"https:\/\/www.dreimeister.de\/shop\/pralinen-und-trueffel\/etagerenwuerfel\/\",\"name\":\"Etagerenw\u00fcrfel mit 330g Pralinen- \/ Tr\u00fcffelmischung\",\"isPartOf\":{\"@id\":\"https:\/\/www.dreimeister.de\/#website\"},\"primaryImageOfPage\":{\"@id\":\"https:\/\/www.dreimeister.de\/shop\/pralinen-und-trueffel\/etagerenwuerfel\/#primaryimage\"},\"image\":{\"@id\":\"https:\/\/www.dreimeister.de\/shop\/pralinen-und-trueffel\/etagerenwuerfel\/#primaryimage\"},\"thumbnailUrl\":\"https:\/\/www.dreimeister.de\/wp-content\/uploads\/2023\/01\/12293_Etagerenwuerfel.jpg\",\"datePublished\":\"2023-01-23T14:17:31+00:00\",\"dateModified\":\"2026-03-03T09:18:46+00:00\",\"description\":\"Edler Etagerenw\u00fcrfel mit alkoholfreien Pralinen auf 3 Ebenen \u2013 stilvoll pr\u00e4sentiert f\u00fcr besondere Genussmomente oder als elegantes Geschenk.\",\"breadcrumb\":{\"@id\":\"https:\/\/www.dreimeister.de\/shop\/pralinen-und-trueffel\/etagerenwuerfel\/#breadcrumb\"},\"inLanguage\":\"en-GB\",\"potentialAction\":[{\"@type\":\"ReadAction\",\"target\":[\"https:\/\/www.dreimeister.de\/shop\/pralinen-und-trueffel\/etagerenwuerfel\/\"]}]},{\"@type\":\"ImageObject\",\"inLanguage\":\"en-GB\",\"@id\":\"https:\/\/www.dreimeister.de\/shop\/pralinen-und-trueffel\/etagerenwuerfel\/#primaryimage\",\"url\":\"https:\/\/www.dreimeister.de\/wp-content\/uploads\/2023\/01\/12293_Etagerenwuerfel.jpg\",\"contentUrl\":\"https:\/\/www.dreimeister.de\/wp-content\/uploads\/2023\/01\/12293_Etagerenwuerfel.jpg\",\"width\":1200,\"height\":1200},{\"@type\":\"BreadcrumbList\",\"@id\":\"https:\/\/www.dreimeister.de\/shop\/pralinen-und-trueffel\/etagerenwuerfel\/#breadcrumb\",\"itemListElement\":[{\"@type\":\"ListItem\",\"position\":1,\"name\":\"Home\",\"item\":\"https:\/\/www.dreimeister.de\/\"},{\"@type\":\"ListItem\",\"position\":2,\"name\":\"Shop\",\"item\":\"https:\/\/www.dreimeister.de\/shop\/\"},{\"@type\":\"ListItem\",\"position\":3,\"name\":\"Etagerenw\u00fcrfel (3 Etagen, alkoholfrei)\"}]},{\"@type\":\"WebSite\",\"@id\":\"https:\/\/www.dreimeister.de\/#website\",\"url\":\"https:\/\/www.dreimeister.de\/\",\"name\":\"DreiMeister\",\"description\":\"Finest chocolate\",\"potentialAction\":[{\"@type\":\"SearchAction\",\"target\":{\"@type\":\"EntryPoint\",\"urlTemplate\":\"https:\/\/www.dreimeister.de\/?s={search_term_string}\"},\"query-input\":{\"@type\":\"PropertyValueSpecification\",\"valueRequired\":true,\"valueName\":\"search_term_string\"}}],\"inLanguage\":\"en-GB\"}]}<\/script>\n<!-- \/ Yoast SEO plugin. -->","yoast_head_json":{"title":"Etagerenw\u00fcrfel mit 330g Pralinen- \/ Tr\u00fcffelmischung - DreiMeister Spezialit\u00e4ten[:]","description":"Edler Etagerenw\u00fcrfel mit alkoholfreien Pralinen auf 3 Ebenen \u2013 stilvoll pr\u00e4sentiert f\u00fcr besondere Genussmomente oder als elegantes Geschenk.","robots":{"index":"index","follow":"follow","max-snippet":"max-snippet:-1","max-image-preview":"max-image-preview:large","max-video-preview":"max-video-preview:-1"},"canonical":"https:\/\/www.dreimeister.de\/en\/shop\/pralinen-und-trueffel\/etagerenwuerfel\/","og_locale":"en_GB","og_type":"article","og_title":"[:de][:de]Etagerenw\u00fcrfel (3 Etagen, alkoholfrei)[:en]Etagerenw\u00fcrfel mit 330g Pralinen- \/ Tr\u00fcffelmischung[:] - DreiMeister Spezialit\u00e4ten[:]","og_description":"[:de]Edler Etagerenw\u00fcrfel mit alkoholfreien Pralinen auf 3 Ebenen \u2013 stilvoll pr\u00e4sentiert f\u00fcr besondere Genussmomente oder als elegantes Geschenk.[:]","og_url":"https:\/\/www.dreimeister.de\/en\/shop\/pralinen-und-trueffel\/etagerenwuerfel\/","og_site_name":"DreiMeister","article_publisher":"https:\/\/www.facebook.com\/dreimeister.spezialitaeten","article_modified_time":"2026-03-03T09:18:46+00:00","og_image":[{"width":1200,"height":1200,"url":"http:\/\/www.dreimeister.de\/wp-content\/uploads\/2023\/01\/12293_Etagerenwuerfel.jpg","type":"image\/jpeg"}],"twitter_misc":{"Estimated reading time":"1 minute"},"schema":{"@context":"https:\/\/schema.org","@graph":[{"@type":"WebPage","@id":"https:\/\/www.dreimeister.de\/shop\/pralinen-und-trueffel\/etagerenwuerfel\/","url":"https:\/\/www.dreimeister.de\/shop\/pralinen-und-trueffel\/etagerenwuerfel\/","name":"Etagerenw\u00fcrfel mit 330g Pralinen- \/ Tr\u00fcffelmischung","isPartOf":{"@id":"https:\/\/www.dreimeister.de\/#website"},"primaryImageOfPage":{"@id":"https:\/\/www.dreimeister.de\/shop\/pralinen-und-trueffel\/etagerenwuerfel\/#primaryimage"},"image":{"@id":"https:\/\/www.dreimeister.de\/shop\/pralinen-und-trueffel\/etagerenwuerfel\/#primaryimage"},"thumbnailUrl":"https:\/\/www.dreimeister.de\/wp-content\/uploads\/2023\/01\/12293_Etagerenwuerfel.jpg","datePublished":"2023-01-23T14:17:31+00:00","dateModified":"2026-03-03T09:18:46+00:00","description":"Edler Etagerenw\u00fcrfel mit alkoholfreien Pralinen auf 3 Ebenen \u2013 stilvoll pr\u00e4sentiert f\u00fcr besondere Genussmomente oder als elegantes Geschenk.","breadcrumb":{"@id":"https:\/\/www.dreimeister.de\/shop\/pralinen-und-trueffel\/etagerenwuerfel\/#breadcrumb"},"inLanguage":"en-GB","potentialAction":[{"@type":"ReadAction","target":["https:\/\/www.dreimeister.de\/shop\/pralinen-und-trueffel\/etagerenwuerfel\/"]}]},{"@type":"ImageObject","inLanguage":"en-GB","@id":"https:\/\/www.dreimeister.de\/shop\/pralinen-und-trueffel\/etagerenwuerfel\/#primaryimage","url":"https:\/\/www.dreimeister.de\/wp-content\/uploads\/2023\/01\/12293_Etagerenwuerfel.jpg","contentUrl":"https:\/\/www.dreimeister.de\/wp-content\/uploads\/2023\/01\/12293_Etagerenwuerfel.jpg","width":1200,"height":1200},{"@type":"BreadcrumbList","@id":"https:\/\/www.dreimeister.de\/shop\/pralinen-und-trueffel\/etagerenwuerfel\/#breadcrumb","itemListElement":[{"@type":"ListItem","position":1,"name":"Home","item":"https:\/\/www.dreimeister.de\/"},{"@type":"ListItem","position":2,"name":"Shop","item":"https:\/\/www.dreimeister.de\/shop\/"},{"@type":"ListItem","position":3,"name":"Etagerenw\u00fcrfel (3 Etagen, alkoholfrei)"}]},{"@type":"WebSite","@id":"https:\/\/www.dreimeister.de\/#website","url":"https:\/\/www.dreimeister.de\/","name":"DreiMeister","description":"Finest chocolate","potentialAction":[{"@type":"SearchAction","target":{"@type":"EntryPoint","urlTemplate":"https:\/\/www.dreimeister.de\/?s={search_term_string}"},"query-input":{"@type":"PropertyValueSpecification","valueRequired":true,"valueName":"search_term_string"}}],"inLanguage":"en-GB"}]}},"_links":{"self":[{"href":"https:\/\/www.dreimeister.de\/en\/wp-json\/wp\/v2\/product\/79618"}],"collection":[{"href":"https:\/\/www.dreimeister.de\/en\/wp-json\/wp\/v2\/product"}],"about":[{"href":"https:\/\/www.dreimeister.de\/en\/wp-json\/wp\/v2\/types\/product"}],"replies":[{"embeddable":true,"href":"https:\/\/www.dreimeister.de\/en\/wp-json\/wp\/v2\/comments?post=79618"}],"wp:featuredmedia":[{"embeddable":true,"href":"https:\/\/www.dreimeister.de\/en\/wp-json\/wp\/v2\/media\/130879"}],"wp:attachment":[{"href":"https:\/\/www.dreimeister.de\/en\/wp-json\/wp\/v2\/media?parent=79618"}],"wp:term":[{"taxonomy":"product_cat","embeddable":true,"href":"https:\/\/www.dreimeister.de\/en\/wp-json\/wp\/v2\/product_cat?post=79618"},{"taxonomy":"product_tag","embeddable":true,"href":"https:\/\/www.dreimeister.de\/en\/wp-json\/wp\/v2\/product_tag?post=79618"}],"curies":[{"name":"wp","href":"https:\/\/api.w.org\/{rel}","templated":true}]}}