{"id":79732,"date":"2023-01-30T12:13:03","date_gmt":"2023-01-30T11:13:03","guid":{"rendered":"https:\/\/www.dreimeister.de\/?post_type=product&#038;p=79732"},"modified":"2026-02-26T12:56:35","modified_gmt":"2026-02-26T11:56:35","slug":"trueffelstange-ostern","status":"publish","type":"product","link":"https:\/\/www.dreimeister.de\/en\/shop\/pralinen-und-trueffel\/trueffelstange-ostern\/","title":{"rendered":"Tr\u00fcffelstange Ostern | alkoholfrei"},"content":{"rendered":"<h4>PRODUKTINFORMATION \u201eTr\u00fcffelstange Ostern\u201c<\/h4>\n<p>Inhalt: 60g (5 alkoholfreie Tr\u00fcffel)<\/p>\n<p>Die folgenden Tr\u00fcffelsorten sind in der Stange enthalten:<\/p>\n","protected":false},"excerpt":{"rendered":"<p>Tr\u00fcffelstange gef\u00fcllt mit 10 handgefertigten Wei\u00dfwein Tr\u00fcffeln aus dem Haus DreiMeister im Ostern-Design.<\/p>\n","protected":false},"featured_media":130745,"comment_status":"closed","ping_status":"closed","template":"","meta":{"_acf_changed":false},"product_cat":[25,90],"product_tag":[32,30,31,29],"class_list":{"0":"post-79732","1":"product","2":"type-product","3":"status-publish","4":"has-post-thumbnail","6":"product_cat-pralinen-und-trueffel","7":"product_cat-ostern","8":"product_tag-ohne-alkohol","9":"product_tag-vollmilch","10":"product_tag-weiss","11":"product_tag-zartbitter","13":"first","14":"instock","15":"taxable","16":"shipping-taxable","17":"purchasable","18":"product-type-simple"},"acf":[],"yoast_head":"<!-- This site is optimized with the Yoast SEO plugin v24.1 - https:\/\/yoast.com\/wordpress\/plugins\/seo\/ -->\n<title>Tr\u00fcffelstange Ostern | alkoholfrei - DreiMeister Spezialit\u00e4ten<\/title>\n<meta name=\"description\" content=\"Tr\u00fcffelstange gef\u00fcllt mit 5 handgefertigten Tr\u00fcffeln aus dem Haus DreiMeister im Ostern-Design.\" \/>\n<meta name=\"robots\" content=\"index, follow, max-snippet:-1, max-image-preview:large, max-video-preview:-1\" \/>\n<link rel=\"canonical\" href=\"https:\/\/www.dreimeister.de\/en\/shop\/pralinen-und-trueffel\/trueffelstange-ostern\/\" \/>\n<meta property=\"og:locale\" content=\"en_GB\" \/>\n<meta property=\"og:locale:alternate\" content=\"de_DE_formal\" \/>\n<meta property=\"og:type\" content=\"article\" \/>\n<meta property=\"og:title\" content=\"Tr\u00fcffelstange Ostern | alkoholfrei\" \/>\n<meta property=\"og:description\" content=\"Tr\u00fcffelstange gef\u00fcllt mit 5 handgefertigten Tr\u00fcffeln aus dem Haus DreiMeister im Ostern-Design.\" \/>\n<meta property=\"og:url\" content=\"https:\/\/www.dreimeister.de\/en\/shop\/pralinen-und-trueffel\/trueffelstange-ostern\/\" \/>\n<meta property=\"og:site_name\" content=\"DreiMeister\" \/>\n<meta property=\"article:publisher\" content=\"https:\/\/www.facebook.com\/dreimeister.spezialitaeten\" \/>\n<meta property=\"article:modified_time\" content=\"2026-02-26T11:56:35+00:00\" \/>\n<meta property=\"og:image\" content=\"http:\/\/www.dreimeister.de\/wp-content\/uploads\/2023\/01\/11260_Trueffelstange-Ostern.jpg\" \/>\n\t<meta property=\"og:image:width\" content=\"1200\" \/>\n\t<meta property=\"og:image:height\" content=\"1200\" \/>\n\t<meta property=\"og:image:type\" content=\"image\/jpeg\" \/>\n<meta name=\"twitter:label1\" content=\"Estimated reading time\" \/>\n\t<meta name=\"twitter:data1\" content=\"1 minute\" \/>\n<script type=\"application\/ld+json\" class=\"yoast-schema-graph\">{\"@context\":\"https:\/\/schema.org\",\"@graph\":[{\"@type\":\"WebPage\",\"@id\":\"https:\/\/www.dreimeister.de\/shop\/pralinen-und-trueffel\/trueffelstange-ostern\/\",\"url\":\"https:\/\/www.dreimeister.de\/shop\/pralinen-und-trueffel\/trueffelstange-ostern\/\",\"name\":\"Tr\u00fcffelstange Ostern | alkoholfrei\",\"isPartOf\":{\"@id\":\"https:\/\/www.dreimeister.de\/#website\"},\"primaryImageOfPage\":{\"@id\":\"https:\/\/www.dreimeister.de\/shop\/pralinen-und-trueffel\/trueffelstange-ostern\/#primaryimage\"},\"image\":{\"@id\":\"https:\/\/www.dreimeister.de\/shop\/pralinen-und-trueffel\/trueffelstange-ostern\/#primaryimage\"},\"thumbnailUrl\":\"https:\/\/www.dreimeister.de\/wp-content\/uploads\/2023\/01\/11260_Trueffelstange-Ostern.jpg\",\"datePublished\":\"2023-01-30T11:13:03+00:00\",\"dateModified\":\"2026-02-26T11:56:35+00:00\",\"description\":\"Tr\u00fcffelstange gef\u00fcllt mit 5 handgefertigten Tr\u00fcffeln aus dem Haus DreiMeister im Ostern-Design.\",\"breadcrumb\":{\"@id\":\"https:\/\/www.dreimeister.de\/shop\/pralinen-und-trueffel\/trueffelstange-ostern\/#breadcrumb\"},\"inLanguage\":\"en-GB\",\"potentialAction\":[{\"@type\":\"ReadAction\",\"target\":[\"https:\/\/www.dreimeister.de\/shop\/pralinen-und-trueffel\/trueffelstange-ostern\/\"]}]},{\"@type\":\"ImageObject\",\"inLanguage\":\"en-GB\",\"@id\":\"https:\/\/www.dreimeister.de\/shop\/pralinen-und-trueffel\/trueffelstange-ostern\/#primaryimage\",\"url\":\"https:\/\/www.dreimeister.de\/wp-content\/uploads\/2023\/01\/11260_Trueffelstange-Ostern.jpg\",\"contentUrl\":\"https:\/\/www.dreimeister.de\/wp-content\/uploads\/2023\/01\/11260_Trueffelstange-Ostern.jpg\",\"width\":1200,\"height\":1200},{\"@type\":\"BreadcrumbList\",\"@id\":\"https:\/\/www.dreimeister.de\/shop\/pralinen-und-trueffel\/trueffelstange-ostern\/#breadcrumb\",\"itemListElement\":[{\"@type\":\"ListItem\",\"position\":1,\"name\":\"Home\",\"item\":\"https:\/\/www.dreimeister.de\/\"},{\"@type\":\"ListItem\",\"position\":2,\"name\":\"Shop\",\"item\":\"https:\/\/www.dreimeister.de\/shop\/\"},{\"@type\":\"ListItem\",\"position\":3,\"name\":\"Tr\u00fcffelstange Ostern | alkoholfrei\"}]},{\"@type\":\"WebSite\",\"@id\":\"https:\/\/www.dreimeister.de\/#website\",\"url\":\"https:\/\/www.dreimeister.de\/\",\"name\":\"DreiMeister\",\"description\":\"Finest chocolate\",\"potentialAction\":[{\"@type\":\"SearchAction\",\"target\":{\"@type\":\"EntryPoint\",\"urlTemplate\":\"https:\/\/www.dreimeister.de\/?s={search_term_string}\"},\"query-input\":{\"@type\":\"PropertyValueSpecification\",\"valueRequired\":true,\"valueName\":\"search_term_string\"}}],\"inLanguage\":\"en-GB\"}]}<\/script>\n<!-- \/ Yoast SEO plugin. -->","yoast_head_json":{"title":"Tr\u00fcffelstange Ostern | alkoholfrei - DreiMeister Spezialit\u00e4ten","description":"Tr\u00fcffelstange gef\u00fcllt mit 5 handgefertigten Tr\u00fcffeln aus dem Haus DreiMeister im Ostern-Design.","robots":{"index":"index","follow":"follow","max-snippet":"max-snippet:-1","max-image-preview":"max-image-preview:large","max-video-preview":"max-video-preview:-1"},"canonical":"https:\/\/www.dreimeister.de\/en\/shop\/pralinen-und-trueffel\/trueffelstange-ostern\/","og_locale":"en_GB","og_type":"article","og_title":"[:de]Tr\u00fcffelstange Ostern | alkoholfrei[:] - DreiMeister Spezialit\u00e4ten","og_description":"Tr\u00fcffelstange gef\u00fcllt mit 5 handgefertigten Tr\u00fcffeln aus dem Haus DreiMeister im Ostern-Design.","og_url":"https:\/\/www.dreimeister.de\/en\/shop\/pralinen-und-trueffel\/trueffelstange-ostern\/","og_site_name":"DreiMeister","article_publisher":"https:\/\/www.facebook.com\/dreimeister.spezialitaeten","article_modified_time":"2026-02-26T11:56:35+00:00","og_image":[{"width":1200,"height":1200,"url":"http:\/\/www.dreimeister.de\/wp-content\/uploads\/2023\/01\/11260_Trueffelstange-Ostern.jpg","type":"image\/jpeg"}],"twitter_misc":{"Estimated reading time":"1 minute"},"schema":{"@context":"https:\/\/schema.org","@graph":[{"@type":"WebPage","@id":"https:\/\/www.dreimeister.de\/shop\/pralinen-und-trueffel\/trueffelstange-ostern\/","url":"https:\/\/www.dreimeister.de\/shop\/pralinen-und-trueffel\/trueffelstange-ostern\/","name":"Tr\u00fcffelstange Ostern | alkoholfrei","isPartOf":{"@id":"https:\/\/www.dreimeister.de\/#website"},"primaryImageOfPage":{"@id":"https:\/\/www.dreimeister.de\/shop\/pralinen-und-trueffel\/trueffelstange-ostern\/#primaryimage"},"image":{"@id":"https:\/\/www.dreimeister.de\/shop\/pralinen-und-trueffel\/trueffelstange-ostern\/#primaryimage"},"thumbnailUrl":"https:\/\/www.dreimeister.de\/wp-content\/uploads\/2023\/01\/11260_Trueffelstange-Ostern.jpg","datePublished":"2023-01-30T11:13:03+00:00","dateModified":"2026-02-26T11:56:35+00:00","description":"Tr\u00fcffelstange gef\u00fcllt mit 5 handgefertigten Tr\u00fcffeln aus dem Haus DreiMeister im Ostern-Design.","breadcrumb":{"@id":"https:\/\/www.dreimeister.de\/shop\/pralinen-und-trueffel\/trueffelstange-ostern\/#breadcrumb"},"inLanguage":"en-GB","potentialAction":[{"@type":"ReadAction","target":["https:\/\/www.dreimeister.de\/shop\/pralinen-und-trueffel\/trueffelstange-ostern\/"]}]},{"@type":"ImageObject","inLanguage":"en-GB","@id":"https:\/\/www.dreimeister.de\/shop\/pralinen-und-trueffel\/trueffelstange-ostern\/#primaryimage","url":"https:\/\/www.dreimeister.de\/wp-content\/uploads\/2023\/01\/11260_Trueffelstange-Ostern.jpg","contentUrl":"https:\/\/www.dreimeister.de\/wp-content\/uploads\/2023\/01\/11260_Trueffelstange-Ostern.jpg","width":1200,"height":1200},{"@type":"BreadcrumbList","@id":"https:\/\/www.dreimeister.de\/shop\/pralinen-und-trueffel\/trueffelstange-ostern\/#breadcrumb","itemListElement":[{"@type":"ListItem","position":1,"name":"Home","item":"https:\/\/www.dreimeister.de\/"},{"@type":"ListItem","position":2,"name":"Shop","item":"https:\/\/www.dreimeister.de\/shop\/"},{"@type":"ListItem","position":3,"name":"Tr\u00fcffelstange Ostern | alkoholfrei"}]},{"@type":"WebSite","@id":"https:\/\/www.dreimeister.de\/#website","url":"https:\/\/www.dreimeister.de\/","name":"DreiMeister","description":"Finest chocolate","potentialAction":[{"@type":"SearchAction","target":{"@type":"EntryPoint","urlTemplate":"https:\/\/www.dreimeister.de\/?s={search_term_string}"},"query-input":{"@type":"PropertyValueSpecification","valueRequired":true,"valueName":"search_term_string"}}],"inLanguage":"en-GB"}]}},"_links":{"self":[{"href":"https:\/\/www.dreimeister.de\/en\/wp-json\/wp\/v2\/product\/79732"}],"collection":[{"href":"https:\/\/www.dreimeister.de\/en\/wp-json\/wp\/v2\/product"}],"about":[{"href":"https:\/\/www.dreimeister.de\/en\/wp-json\/wp\/v2\/types\/product"}],"replies":[{"embeddable":true,"href":"https:\/\/www.dreimeister.de\/en\/wp-json\/wp\/v2\/comments?post=79732"}],"wp:featuredmedia":[{"embeddable":true,"href":"https:\/\/www.dreimeister.de\/en\/wp-json\/wp\/v2\/media\/130745"}],"wp:attachment":[{"href":"https:\/\/www.dreimeister.de\/en\/wp-json\/wp\/v2\/media?parent=79732"}],"wp:term":[{"taxonomy":"product_cat","embeddable":true,"href":"https:\/\/www.dreimeister.de\/en\/wp-json\/wp\/v2\/product_cat?post=79732"},{"taxonomy":"product_tag","embeddable":true,"href":"https:\/\/www.dreimeister.de\/en\/wp-json\/wp\/v2\/product_tag?post=79732"}],"curies":[{"name":"wp","href":"https:\/\/api.w.org\/{rel}","templated":true}]}}