{"id":79862,"date":"2023-01-31T11:49:00","date_gmt":"2023-01-31T10:49:00","guid":{"rendered":"https:\/\/www.dreimeister.de\/?post_type=product&#038;p=79862"},"modified":"2026-03-03T12:43:16","modified_gmt":"2026-03-03T11:43:16","slug":"holzkiste-ostern-alkoholfrei","status":"publish","type":"product","link":"https:\/\/www.dreimeister.de\/en\/shop\/pralinen-und-trueffel\/holzkiste-ostern-alkoholfrei\/","title":{"rendered":"Holzkiste &#8220;Frohe Ostern&#8221; | alkoholfrei"},"content":{"rendered":"<h4>Produktinformation \u201eHolzkiste &#8220;Ostern&#8221; (alkoholfrei)&#8221;<\/h4>\n<p>Inhalt: 50g (4 Tr\u00fcffel)<\/p>\n<p>Diese Geschenkpackung enth\u00e4lt folgende alkoholfreie Tr\u00fcffelsorten:<\/p>\n<p>&nbsp;<\/p>\n","protected":false},"excerpt":{"rendered":"<p>Kleine Holzkiste im Ostern-Design, unter der sich 4 k\u00f6stliche Tr\u00fcffel verbergen.<\/p>\n","protected":false},"featured_media":79863,"comment_status":"closed","ping_status":"closed","template":"","meta":{"_acf_changed":false},"product_cat":[25,90],"product_tag":[32,30,31,29],"class_list":{"0":"post-79862","1":"product","2":"type-product","3":"status-publish","4":"has-post-thumbnail","6":"product_cat-pralinen-und-trueffel","7":"product_cat-ostern","8":"product_tag-ohne-alkohol","9":"product_tag-vollmilch","10":"product_tag-weiss","11":"product_tag-zartbitter","13":"first","14":"instock","15":"taxable","16":"shipping-taxable","17":"purchasable","18":"product-type-simple"},"acf":[],"yoast_head":"<!-- This site is optimized with the Yoast SEO plugin v24.1 - https:\/\/yoast.com\/wordpress\/plugins\/seo\/ -->\n<title>Holzkiste &quot;Frohe Ostern&quot; | alkoholfrei - DreiMeister Spezialit\u00e4ten<\/title>\n<meta name=\"description\" content=\"Kleine Holzkiste im Ostern-Design, unter der sich 4 k\u00f6stliche Tr\u00fcffel verbergen.\" \/>\n<meta name=\"robots\" content=\"index, follow, max-snippet:-1, max-image-preview:large, max-video-preview:-1\" \/>\n<link rel=\"canonical\" href=\"https:\/\/www.dreimeister.de\/en\/shop\/pralinen-und-trueffel\/holzkiste-ostern-alkoholfrei\/\" \/>\n<meta property=\"og:locale\" content=\"en_GB\" \/>\n<meta property=\"og:locale:alternate\" content=\"de_DE_formal\" \/>\n<meta property=\"og:type\" content=\"article\" \/>\n<meta property=\"og:title\" content=\"Holzkiste &quot;Frohe Ostern&quot; | alkoholfrei\" \/>\n<meta property=\"og:description\" content=\"Kleine Holzkiste im Ostern-Design, unter der sich 4 k\u00f6stliche Tr\u00fcffel verbergen.\" \/>\n<meta property=\"og:url\" content=\"https:\/\/www.dreimeister.de\/en\/shop\/pralinen-und-trueffel\/holzkiste-ostern-alkoholfrei\/\" \/>\n<meta property=\"og:site_name\" content=\"DreiMeister\" \/>\n<meta property=\"article:publisher\" content=\"https:\/\/www.facebook.com\/dreimeister.spezialitaeten\" \/>\n<meta property=\"article:modified_time\" content=\"2026-03-03T11:43:16+00:00\" \/>\n<meta property=\"og:image\" content=\"http:\/\/www.dreimeister.de\/wp-content\/uploads\/2023\/01\/5086_50g-Holzkiste_Osterhase_Gruen.jpg\" \/>\n\t<meta property=\"og:image:width\" content=\"750\" \/>\n\t<meta property=\"og:image:height\" content=\"750\" \/>\n\t<meta property=\"og:image:type\" content=\"image\/jpeg\" \/>\n<meta name=\"twitter:label1\" content=\"Estimated reading time\" \/>\n\t<meta name=\"twitter:data1\" content=\"1 minute\" \/>\n<script type=\"application\/ld+json\" class=\"yoast-schema-graph\">{\"@context\":\"https:\/\/schema.org\",\"@graph\":[{\"@type\":\"WebPage\",\"@id\":\"https:\/\/www.dreimeister.de\/shop\/pralinen-und-trueffel\/holzkiste-ostern-alkoholfrei\/\",\"url\":\"https:\/\/www.dreimeister.de\/shop\/pralinen-und-trueffel\/holzkiste-ostern-alkoholfrei\/\",\"name\":\"Holzkiste \\\"Frohe Ostern\\\" | alkoholfrei\",\"isPartOf\":{\"@id\":\"https:\/\/www.dreimeister.de\/#website\"},\"primaryImageOfPage\":{\"@id\":\"https:\/\/www.dreimeister.de\/shop\/pralinen-und-trueffel\/holzkiste-ostern-alkoholfrei\/#primaryimage\"},\"image\":{\"@id\":\"https:\/\/www.dreimeister.de\/shop\/pralinen-und-trueffel\/holzkiste-ostern-alkoholfrei\/#primaryimage\"},\"thumbnailUrl\":\"https:\/\/www.dreimeister.de\/wp-content\/uploads\/2023\/01\/5086_50g-Holzkiste_Osterhase_Gruen.jpg\",\"datePublished\":\"2023-01-31T10:49:00+00:00\",\"dateModified\":\"2026-03-03T11:43:16+00:00\",\"description\":\"Kleine Holzkiste im Ostern-Design, unter der sich 4 k\u00f6stliche Tr\u00fcffel verbergen.\",\"breadcrumb\":{\"@id\":\"https:\/\/www.dreimeister.de\/shop\/pralinen-und-trueffel\/holzkiste-ostern-alkoholfrei\/#breadcrumb\"},\"inLanguage\":\"en-GB\",\"potentialAction\":[{\"@type\":\"ReadAction\",\"target\":[\"https:\/\/www.dreimeister.de\/shop\/pralinen-und-trueffel\/holzkiste-ostern-alkoholfrei\/\"]}]},{\"@type\":\"ImageObject\",\"inLanguage\":\"en-GB\",\"@id\":\"https:\/\/www.dreimeister.de\/shop\/pralinen-und-trueffel\/holzkiste-ostern-alkoholfrei\/#primaryimage\",\"url\":\"https:\/\/www.dreimeister.de\/wp-content\/uploads\/2023\/01\/5086_50g-Holzkiste_Osterhase_Gruen.jpg\",\"contentUrl\":\"https:\/\/www.dreimeister.de\/wp-content\/uploads\/2023\/01\/5086_50g-Holzkiste_Osterhase_Gruen.jpg\",\"width\":750,\"height\":750},{\"@type\":\"BreadcrumbList\",\"@id\":\"https:\/\/www.dreimeister.de\/shop\/pralinen-und-trueffel\/holzkiste-ostern-alkoholfrei\/#breadcrumb\",\"itemListElement\":[{\"@type\":\"ListItem\",\"position\":1,\"name\":\"Home\",\"item\":\"https:\/\/www.dreimeister.de\/\"},{\"@type\":\"ListItem\",\"position\":2,\"name\":\"Shop\",\"item\":\"https:\/\/www.dreimeister.de\/shop\/\"},{\"@type\":\"ListItem\",\"position\":3,\"name\":\"Holzkiste &#8222;Frohe Ostern&#8220; | alkoholfrei\"}]},{\"@type\":\"WebSite\",\"@id\":\"https:\/\/www.dreimeister.de\/#website\",\"url\":\"https:\/\/www.dreimeister.de\/\",\"name\":\"DreiMeister\",\"description\":\"Finest chocolate\",\"potentialAction\":[{\"@type\":\"SearchAction\",\"target\":{\"@type\":\"EntryPoint\",\"urlTemplate\":\"https:\/\/www.dreimeister.de\/?s={search_term_string}\"},\"query-input\":{\"@type\":\"PropertyValueSpecification\",\"valueRequired\":true,\"valueName\":\"search_term_string\"}}],\"inLanguage\":\"en-GB\"}]}<\/script>\n<!-- \/ Yoast SEO plugin. -->","yoast_head_json":{"title":"Holzkiste \"Frohe Ostern\" | alkoholfrei - DreiMeister Spezialit\u00e4ten","description":"Kleine Holzkiste im Ostern-Design, unter der sich 4 k\u00f6stliche Tr\u00fcffel verbergen.","robots":{"index":"index","follow":"follow","max-snippet":"max-snippet:-1","max-image-preview":"max-image-preview:large","max-video-preview":"max-video-preview:-1"},"canonical":"https:\/\/www.dreimeister.de\/en\/shop\/pralinen-und-trueffel\/holzkiste-ostern-alkoholfrei\/","og_locale":"en_GB","og_type":"article","og_title":"[:de]Holzkiste \"Frohe Ostern\" | alkoholfrei[:] - DreiMeister Spezialit\u00e4ten","og_description":"Kleine Holzkiste im Ostern-Design, unter der sich 4 k\u00f6stliche Tr\u00fcffel verbergen.","og_url":"https:\/\/www.dreimeister.de\/en\/shop\/pralinen-und-trueffel\/holzkiste-ostern-alkoholfrei\/","og_site_name":"DreiMeister","article_publisher":"https:\/\/www.facebook.com\/dreimeister.spezialitaeten","article_modified_time":"2026-03-03T11:43:16+00:00","og_image":[{"width":750,"height":750,"url":"http:\/\/www.dreimeister.de\/wp-content\/uploads\/2023\/01\/5086_50g-Holzkiste_Osterhase_Gruen.jpg","type":"image\/jpeg"}],"twitter_misc":{"Estimated reading time":"1 minute"},"schema":{"@context":"https:\/\/schema.org","@graph":[{"@type":"WebPage","@id":"https:\/\/www.dreimeister.de\/shop\/pralinen-und-trueffel\/holzkiste-ostern-alkoholfrei\/","url":"https:\/\/www.dreimeister.de\/shop\/pralinen-und-trueffel\/holzkiste-ostern-alkoholfrei\/","name":"Holzkiste \"Frohe Ostern\" | alkoholfrei","isPartOf":{"@id":"https:\/\/www.dreimeister.de\/#website"},"primaryImageOfPage":{"@id":"https:\/\/www.dreimeister.de\/shop\/pralinen-und-trueffel\/holzkiste-ostern-alkoholfrei\/#primaryimage"},"image":{"@id":"https:\/\/www.dreimeister.de\/shop\/pralinen-und-trueffel\/holzkiste-ostern-alkoholfrei\/#primaryimage"},"thumbnailUrl":"https:\/\/www.dreimeister.de\/wp-content\/uploads\/2023\/01\/5086_50g-Holzkiste_Osterhase_Gruen.jpg","datePublished":"2023-01-31T10:49:00+00:00","dateModified":"2026-03-03T11:43:16+00:00","description":"Kleine Holzkiste im Ostern-Design, unter der sich 4 k\u00f6stliche Tr\u00fcffel verbergen.","breadcrumb":{"@id":"https:\/\/www.dreimeister.de\/shop\/pralinen-und-trueffel\/holzkiste-ostern-alkoholfrei\/#breadcrumb"},"inLanguage":"en-GB","potentialAction":[{"@type":"ReadAction","target":["https:\/\/www.dreimeister.de\/shop\/pralinen-und-trueffel\/holzkiste-ostern-alkoholfrei\/"]}]},{"@type":"ImageObject","inLanguage":"en-GB","@id":"https:\/\/www.dreimeister.de\/shop\/pralinen-und-trueffel\/holzkiste-ostern-alkoholfrei\/#primaryimage","url":"https:\/\/www.dreimeister.de\/wp-content\/uploads\/2023\/01\/5086_50g-Holzkiste_Osterhase_Gruen.jpg","contentUrl":"https:\/\/www.dreimeister.de\/wp-content\/uploads\/2023\/01\/5086_50g-Holzkiste_Osterhase_Gruen.jpg","width":750,"height":750},{"@type":"BreadcrumbList","@id":"https:\/\/www.dreimeister.de\/shop\/pralinen-und-trueffel\/holzkiste-ostern-alkoholfrei\/#breadcrumb","itemListElement":[{"@type":"ListItem","position":1,"name":"Home","item":"https:\/\/www.dreimeister.de\/"},{"@type":"ListItem","position":2,"name":"Shop","item":"https:\/\/www.dreimeister.de\/shop\/"},{"@type":"ListItem","position":3,"name":"Holzkiste &#8222;Frohe Ostern&#8220; | alkoholfrei"}]},{"@type":"WebSite","@id":"https:\/\/www.dreimeister.de\/#website","url":"https:\/\/www.dreimeister.de\/","name":"DreiMeister","description":"Finest chocolate","potentialAction":[{"@type":"SearchAction","target":{"@type":"EntryPoint","urlTemplate":"https:\/\/www.dreimeister.de\/?s={search_term_string}"},"query-input":{"@type":"PropertyValueSpecification","valueRequired":true,"valueName":"search_term_string"}}],"inLanguage":"en-GB"}]}},"_links":{"self":[{"href":"https:\/\/www.dreimeister.de\/en\/wp-json\/wp\/v2\/product\/79862"}],"collection":[{"href":"https:\/\/www.dreimeister.de\/en\/wp-json\/wp\/v2\/product"}],"about":[{"href":"https:\/\/www.dreimeister.de\/en\/wp-json\/wp\/v2\/types\/product"}],"replies":[{"embeddable":true,"href":"https:\/\/www.dreimeister.de\/en\/wp-json\/wp\/v2\/comments?post=79862"}],"wp:featuredmedia":[{"embeddable":true,"href":"https:\/\/www.dreimeister.de\/en\/wp-json\/wp\/v2\/media\/79863"}],"wp:attachment":[{"href":"https:\/\/www.dreimeister.de\/en\/wp-json\/wp\/v2\/media?parent=79862"}],"wp:term":[{"taxonomy":"product_cat","embeddable":true,"href":"https:\/\/www.dreimeister.de\/en\/wp-json\/wp\/v2\/product_cat?post=79862"},{"taxonomy":"product_tag","embeddable":true,"href":"https:\/\/www.dreimeister.de\/en\/wp-json\/wp\/v2\/product_tag?post=79862"}],"curies":[{"name":"wp","href":"https:\/\/api.w.org\/{rel}","templated":true}]}}