{"id":80977,"date":"2023-07-25T10:06:13","date_gmt":"2023-07-25T08:06:13","guid":{"rendered":"https:\/\/www.dreimeister.de\/?post_type=product&#038;p=80977"},"modified":"2026-02-27T13:08:17","modified_gmt":"2026-02-27T12:08:17","slug":"praesentkoecher-mit-trueffel-mischung","status":"publish","type":"product","link":"https:\/\/www.dreimeister.de\/en\/shop\/pralinen-und-trueffel\/praesentkoecher-mit-trueffel-mischung\/","title":{"rendered":"Pr\u00e4sentk\u00f6cher mit Sommer-Tr\u00fcffel-Mischung"},"content":{"rendered":"<h4>Produktinformation &#8220;Pr\u00e4sentk\u00f6cher mit Sommer-Tr\u00fcffel-Mischung&#8221;<\/h4>\n<p>Inhalt: Tr\u00fcffelmischung \/ 185 g<\/p>\n","protected":false},"excerpt":{"rendered":"<p>Unser Klassiker im Gro\u00dfformat mit Holzkiste. Riesen 80g Golddublone f\u00fcr alle, die von unseren Golddublonen nicht genug bekommen k\u00f6nnen. Ideal zum verschenken!<\/p>\n","protected":false},"featured_media":130813,"comment_status":"closed","ping_status":"closed","template":"","meta":{"_acf_changed":false},"product_cat":[25],"product_tag":[75,30,31,29],"class_list":{"0":"post-80977","1":"product","2":"type-product","3":"status-publish","4":"has-post-thumbnail","6":"product_cat-pralinen-und-trueffel","7":"product_tag-mit-alkohol","8":"product_tag-vollmilch","9":"product_tag-weiss","10":"product_tag-zartbitter","12":"first","13":"outofstock","14":"taxable","15":"shipping-taxable","16":"purchasable","17":"product-type-simple"},"acf":[],"yoast_head":"<!-- This site is optimized with the Yoast SEO plugin v24.1 - https:\/\/yoast.com\/wordpress\/plugins\/seo\/ -->\n<title>Pr\u00e4sentk\u00f6cher mit Sommer-Tr\u00fcffel-Mischung - DreiMeister Spezialit\u00e4ten[:]<\/title>\n<meta name=\"description\" content=\"Tauchen Sie ein in den k\u00f6stlichen Geschmack von DreiMeister mit unseren herrlichen Tr\u00fcffeln.\" \/>\n<meta name=\"robots\" content=\"index, follow, max-snippet:-1, max-image-preview:large, max-video-preview:-1\" \/>\n<link rel=\"canonical\" href=\"https:\/\/www.dreimeister.de\/en\/shop\/pralinen-und-trueffel\/praesentkoecher-mit-trueffel-mischung\/\" \/>\n<meta property=\"og:locale\" content=\"en_GB\" \/>\n<meta property=\"og:locale:alternate\" content=\"de_DE_formal\" \/>\n<meta property=\"og:type\" content=\"article\" \/>\n<meta property=\"og:title\" content=\"Pr\u00e4sentk\u00f6cher mit Sommer-Tr\u00fcffel-Mischung\" \/>\n<meta property=\"og:description\" content=\"Tauchen Sie ein in den k\u00f6stlichen Geschmack von DreiMeister mit unseren herrlichen Tr\u00fcffeln.\" \/>\n<meta property=\"og:url\" content=\"https:\/\/www.dreimeister.de\/en\/shop\/pralinen-und-trueffel\/praesentkoecher-mit-trueffel-mischung\/\" \/>\n<meta property=\"og:site_name\" content=\"DreiMeister\" \/>\n<meta property=\"article:publisher\" content=\"https:\/\/www.facebook.com\/dreimeister.spezialitaeten\" \/>\n<meta property=\"article:modified_time\" content=\"2026-02-27T12:08:17+00:00\" \/>\n<meta property=\"og:image\" content=\"http:\/\/www.dreimeister.de\/wp-content\/uploads\/2024\/08\/13293_Praesentkoecher-mit-Alkohol.jpg\" \/>\n\t<meta property=\"og:image:width\" content=\"1200\" \/>\n\t<meta property=\"og:image:height\" content=\"1200\" \/>\n\t<meta property=\"og:image:type\" content=\"image\/jpeg\" \/>\n<meta name=\"twitter:label1\" content=\"Estimated reading time\" \/>\n\t<meta name=\"twitter:data1\" content=\"1 minute\" \/>\n<script type=\"application\/ld+json\" class=\"yoast-schema-graph\">{\"@context\":\"https:\/\/schema.org\",\"@graph\":[{\"@type\":\"WebPage\",\"@id\":\"https:\/\/www.dreimeister.de\/shop\/pralinen-und-trueffel\/praesentkoecher-mit-trueffel-mischung\/\",\"url\":\"https:\/\/www.dreimeister.de\/shop\/pralinen-und-trueffel\/praesentkoecher-mit-trueffel-mischung\/\",\"name\":\"Pr\u00e4sentk\u00f6cher mit Sommer-Tr\u00fcffel-Mischung\",\"isPartOf\":{\"@id\":\"https:\/\/www.dreimeister.de\/#website\"},\"primaryImageOfPage\":{\"@id\":\"https:\/\/www.dreimeister.de\/shop\/pralinen-und-trueffel\/praesentkoecher-mit-trueffel-mischung\/#primaryimage\"},\"image\":{\"@id\":\"https:\/\/www.dreimeister.de\/shop\/pralinen-und-trueffel\/praesentkoecher-mit-trueffel-mischung\/#primaryimage\"},\"thumbnailUrl\":\"https:\/\/www.dreimeister.de\/wp-content\/uploads\/2024\/08\/13293_Praesentkoecher-mit-Alkohol.jpg\",\"datePublished\":\"2023-07-25T08:06:13+00:00\",\"dateModified\":\"2026-02-27T12:08:17+00:00\",\"description\":\"Tauchen Sie ein in den k\u00f6stlichen Geschmack von DreiMeister mit unseren herrlichen Tr\u00fcffeln.\",\"breadcrumb\":{\"@id\":\"https:\/\/www.dreimeister.de\/shop\/pralinen-und-trueffel\/praesentkoecher-mit-trueffel-mischung\/#breadcrumb\"},\"inLanguage\":\"en-GB\",\"potentialAction\":[{\"@type\":\"ReadAction\",\"target\":[\"https:\/\/www.dreimeister.de\/shop\/pralinen-und-trueffel\/praesentkoecher-mit-trueffel-mischung\/\"]}]},{\"@type\":\"ImageObject\",\"inLanguage\":\"en-GB\",\"@id\":\"https:\/\/www.dreimeister.de\/shop\/pralinen-und-trueffel\/praesentkoecher-mit-trueffel-mischung\/#primaryimage\",\"url\":\"https:\/\/www.dreimeister.de\/wp-content\/uploads\/2024\/08\/13293_Praesentkoecher-mit-Alkohol.jpg\",\"contentUrl\":\"https:\/\/www.dreimeister.de\/wp-content\/uploads\/2024\/08\/13293_Praesentkoecher-mit-Alkohol.jpg\",\"width\":1200,\"height\":1200},{\"@type\":\"BreadcrumbList\",\"@id\":\"https:\/\/www.dreimeister.de\/shop\/pralinen-und-trueffel\/praesentkoecher-mit-trueffel-mischung\/#breadcrumb\",\"itemListElement\":[{\"@type\":\"ListItem\",\"position\":1,\"name\":\"Home\",\"item\":\"https:\/\/www.dreimeister.de\/\"},{\"@type\":\"ListItem\",\"position\":2,\"name\":\"Shop\",\"item\":\"https:\/\/www.dreimeister.de\/shop\/\"},{\"@type\":\"ListItem\",\"position\":3,\"name\":\"Pr\u00e4sentk\u00f6cher Klassik\"}]},{\"@type\":\"WebSite\",\"@id\":\"https:\/\/www.dreimeister.de\/#website\",\"url\":\"https:\/\/www.dreimeister.de\/\",\"name\":\"DreiMeister\",\"description\":\"Finest chocolate\",\"potentialAction\":[{\"@type\":\"SearchAction\",\"target\":{\"@type\":\"EntryPoint\",\"urlTemplate\":\"https:\/\/www.dreimeister.de\/?s={search_term_string}\"},\"query-input\":{\"@type\":\"PropertyValueSpecification\",\"valueRequired\":true,\"valueName\":\"search_term_string\"}}],\"inLanguage\":\"en-GB\"}]}<\/script>\n<!-- \/ Yoast SEO plugin. -->","yoast_head_json":{"title":"Pr\u00e4sentk\u00f6cher mit Sommer-Tr\u00fcffel-Mischung - DreiMeister Spezialit\u00e4ten[:]","description":"Tauchen Sie ein in den k\u00f6stlichen Geschmack von DreiMeister mit unseren herrlichen Tr\u00fcffeln.","robots":{"index":"index","follow":"follow","max-snippet":"max-snippet:-1","max-image-preview":"max-image-preview:large","max-video-preview":"max-video-preview:-1"},"canonical":"https:\/\/www.dreimeister.de\/en\/shop\/pralinen-und-trueffel\/praesentkoecher-mit-trueffel-mischung\/","og_locale":"en_GB","og_type":"article","og_title":"[:de][:de]Pr\u00e4sentk\u00f6cher Klassik[:en]Pr\u00e4sentk\u00f6cher mit Sommer-Tr\u00fcffel-Mischung[:] - DreiMeister Spezialit\u00e4ten[:]","og_description":"[:de]Tauchen Sie ein in den k\u00f6stlichen Geschmack von DreiMeister mit unseren herrlichen Tr\u00fcffeln.[:]","og_url":"https:\/\/www.dreimeister.de\/en\/shop\/pralinen-und-trueffel\/praesentkoecher-mit-trueffel-mischung\/","og_site_name":"DreiMeister","article_publisher":"https:\/\/www.facebook.com\/dreimeister.spezialitaeten","article_modified_time":"2026-02-27T12:08:17+00:00","og_image":[{"width":1200,"height":1200,"url":"http:\/\/www.dreimeister.de\/wp-content\/uploads\/2024\/08\/13293_Praesentkoecher-mit-Alkohol.jpg","type":"image\/jpeg"}],"twitter_misc":{"Estimated reading time":"1 minute"},"schema":{"@context":"https:\/\/schema.org","@graph":[{"@type":"WebPage","@id":"https:\/\/www.dreimeister.de\/shop\/pralinen-und-trueffel\/praesentkoecher-mit-trueffel-mischung\/","url":"https:\/\/www.dreimeister.de\/shop\/pralinen-und-trueffel\/praesentkoecher-mit-trueffel-mischung\/","name":"Pr\u00e4sentk\u00f6cher mit Sommer-Tr\u00fcffel-Mischung","isPartOf":{"@id":"https:\/\/www.dreimeister.de\/#website"},"primaryImageOfPage":{"@id":"https:\/\/www.dreimeister.de\/shop\/pralinen-und-trueffel\/praesentkoecher-mit-trueffel-mischung\/#primaryimage"},"image":{"@id":"https:\/\/www.dreimeister.de\/shop\/pralinen-und-trueffel\/praesentkoecher-mit-trueffel-mischung\/#primaryimage"},"thumbnailUrl":"https:\/\/www.dreimeister.de\/wp-content\/uploads\/2024\/08\/13293_Praesentkoecher-mit-Alkohol.jpg","datePublished":"2023-07-25T08:06:13+00:00","dateModified":"2026-02-27T12:08:17+00:00","description":"Tauchen Sie ein in den k\u00f6stlichen Geschmack von DreiMeister mit unseren herrlichen Tr\u00fcffeln.","breadcrumb":{"@id":"https:\/\/www.dreimeister.de\/shop\/pralinen-und-trueffel\/praesentkoecher-mit-trueffel-mischung\/#breadcrumb"},"inLanguage":"en-GB","potentialAction":[{"@type":"ReadAction","target":["https:\/\/www.dreimeister.de\/shop\/pralinen-und-trueffel\/praesentkoecher-mit-trueffel-mischung\/"]}]},{"@type":"ImageObject","inLanguage":"en-GB","@id":"https:\/\/www.dreimeister.de\/shop\/pralinen-und-trueffel\/praesentkoecher-mit-trueffel-mischung\/#primaryimage","url":"https:\/\/www.dreimeister.de\/wp-content\/uploads\/2024\/08\/13293_Praesentkoecher-mit-Alkohol.jpg","contentUrl":"https:\/\/www.dreimeister.de\/wp-content\/uploads\/2024\/08\/13293_Praesentkoecher-mit-Alkohol.jpg","width":1200,"height":1200},{"@type":"BreadcrumbList","@id":"https:\/\/www.dreimeister.de\/shop\/pralinen-und-trueffel\/praesentkoecher-mit-trueffel-mischung\/#breadcrumb","itemListElement":[{"@type":"ListItem","position":1,"name":"Home","item":"https:\/\/www.dreimeister.de\/"},{"@type":"ListItem","position":2,"name":"Shop","item":"https:\/\/www.dreimeister.de\/shop\/"},{"@type":"ListItem","position":3,"name":"Pr\u00e4sentk\u00f6cher Klassik"}]},{"@type":"WebSite","@id":"https:\/\/www.dreimeister.de\/#website","url":"https:\/\/www.dreimeister.de\/","name":"DreiMeister","description":"Finest chocolate","potentialAction":[{"@type":"SearchAction","target":{"@type":"EntryPoint","urlTemplate":"https:\/\/www.dreimeister.de\/?s={search_term_string}"},"query-input":{"@type":"PropertyValueSpecification","valueRequired":true,"valueName":"search_term_string"}}],"inLanguage":"en-GB"}]}},"_links":{"self":[{"href":"https:\/\/www.dreimeister.de\/en\/wp-json\/wp\/v2\/product\/80977"}],"collection":[{"href":"https:\/\/www.dreimeister.de\/en\/wp-json\/wp\/v2\/product"}],"about":[{"href":"https:\/\/www.dreimeister.de\/en\/wp-json\/wp\/v2\/types\/product"}],"replies":[{"embeddable":true,"href":"https:\/\/www.dreimeister.de\/en\/wp-json\/wp\/v2\/comments?post=80977"}],"wp:featuredmedia":[{"embeddable":true,"href":"https:\/\/www.dreimeister.de\/en\/wp-json\/wp\/v2\/media\/130813"}],"wp:attachment":[{"href":"https:\/\/www.dreimeister.de\/en\/wp-json\/wp\/v2\/media?parent=80977"}],"wp:term":[{"taxonomy":"product_cat","embeddable":true,"href":"https:\/\/www.dreimeister.de\/en\/wp-json\/wp\/v2\/product_cat?post=80977"},{"taxonomy":"product_tag","embeddable":true,"href":"https:\/\/www.dreimeister.de\/en\/wp-json\/wp\/v2\/product_tag?post=80977"}],"curies":[{"name":"wp","href":"https:\/\/api.w.org\/{rel}","templated":true}]}}