{"id":81739,"date":"2023-12-18T08:42:25","date_gmt":"2023-12-18T07:42:25","guid":{"rendered":"https:\/\/www.dreimeister.de\/?post_type=product&#038;p=81739"},"modified":"2025-10-17T09:17:02","modified_gmt":"2025-10-17T07:17:02","slug":"ef-creabox","status":"publish","type":"product","link":"https:\/\/www.dreimeister.de\/en\/shop\/schokolade\/ef-creabox\/","title":{"rendered":"Offizielle Eintracht Frankfurt CreaBox"},"content":{"rendered":"<h4>Produktinformation \u201eOffizielle Eintracht Frankfurt CreaBox\u201c<\/h4>\n<p>Inhalt: 100g (1 Tafelschokolade &#8220;Kakaonibs&#8221;)<\/p>\n<p>&nbsp;<\/p>\n","protected":false},"excerpt":{"rendered":"<p>HALBZEITSNACK &#8211; ideal zum Vernaschen f\u00fcr zwischendurch oder zum \u00dcberbr\u00fccken der Halbzeit.<\/p>\n","protected":false},"featured_media":128161,"comment_status":"closed","ping_status":"closed","template":"","meta":{"_acf_changed":false},"product_cat":[107,28],"product_tag":[32,29],"class_list":{"0":"post-81739","1":"product","2":"type-product","3":"status-publish","4":"has-post-thumbnail","6":"product_cat-eintracht-frankfurt","7":"product_cat-schokolade","8":"product_tag-ohne-alkohol","9":"product_tag-zartbitter","11":"first","12":"instock","13":"taxable","14":"shipping-taxable","15":"purchasable","16":"product-type-simple"},"acf":[],"yoast_head":"<!-- This site is optimized with the Yoast SEO plugin v24.1 - https:\/\/yoast.com\/wordpress\/plugins\/seo\/ -->\n<title>Offizielle Eintracht Frankfurt CreaBox - DreiMeister Spezialit\u00e4ten[:]<\/title>\n<meta name=\"description\" content=\"S\u00dcSSE VEREINSLIEBE - Schokoladige Freude f\u00fcr Fans von Eintracht Frankfurt. Das ideale Mitbringsel oder Geschenk.\" \/>\n<meta name=\"robots\" content=\"index, follow, max-snippet:-1, max-image-preview:large, max-video-preview:-1\" \/>\n<link rel=\"canonical\" href=\"https:\/\/www.dreimeister.de\/en\/shop\/schokolade\/ef-creabox\/\" \/>\n<meta property=\"og:locale\" content=\"en_GB\" \/>\n<meta property=\"og:locale:alternate\" content=\"de_DE_formal\" \/>\n<meta property=\"og:type\" content=\"article\" \/>\n<meta property=\"og:title\" content=\"Offizielle Eintracht Frankfurt CreaBox\" \/>\n<meta property=\"og:description\" content=\"S\u00dcSSE VEREINSLIEBE - Schokoladige Freude f\u00fcr Fans von Eintracht Frankfurt. Das ideale Mitbringsel oder Geschenk.\" \/>\n<meta property=\"og:url\" content=\"https:\/\/www.dreimeister.de\/en\/shop\/schokolade\/ef-creabox\/\" \/>\n<meta property=\"og:site_name\" content=\"DreiMeister\" \/>\n<meta property=\"article:publisher\" content=\"https:\/\/www.facebook.com\/dreimeister.spezialitaeten\" \/>\n<meta property=\"article:modified_time\" content=\"2025-10-17T07:17:02+00:00\" \/>\n<meta property=\"og:image\" content=\"http:\/\/www.dreimeister.de\/wp-content\/uploads\/2023\/12\/Creabox_Eintracht-Frankfurt_Kakonibs.jpg\" \/>\n\t<meta property=\"og:image:width\" content=\"1200\" \/>\n\t<meta property=\"og:image:height\" content=\"1200\" \/>\n\t<meta property=\"og:image:type\" content=\"image\/jpeg\" \/>\n<meta name=\"twitter:label1\" content=\"Estimated reading time\" \/>\n\t<meta name=\"twitter:data1\" content=\"1 minute\" \/>\n<script type=\"application\/ld+json\" class=\"yoast-schema-graph\">{\"@context\":\"https:\/\/schema.org\",\"@graph\":[{\"@type\":\"WebPage\",\"@id\":\"https:\/\/www.dreimeister.de\/shop\/schokolade\/ef-creabox\/\",\"url\":\"https:\/\/www.dreimeister.de\/shop\/schokolade\/ef-creabox\/\",\"name\":\"Offizielle Eintracht Frankfurt CreaBox\",\"isPartOf\":{\"@id\":\"https:\/\/www.dreimeister.de\/#website\"},\"primaryImageOfPage\":{\"@id\":\"https:\/\/www.dreimeister.de\/shop\/schokolade\/ef-creabox\/#primaryimage\"},\"image\":{\"@id\":\"https:\/\/www.dreimeister.de\/shop\/schokolade\/ef-creabox\/#primaryimage\"},\"thumbnailUrl\":\"https:\/\/www.dreimeister.de\/wp-content\/uploads\/2023\/12\/Creabox_Eintracht-Frankfurt_Kakonibs.jpg\",\"datePublished\":\"2023-12-18T07:42:25+00:00\",\"dateModified\":\"2025-10-17T07:17:02+00:00\",\"description\":\"S\u00dcSSE VEREINSLIEBE - Schokoladige Freude f\u00fcr Fans von Eintracht Frankfurt. Das ideale Mitbringsel oder Geschenk.\",\"breadcrumb\":{\"@id\":\"https:\/\/www.dreimeister.de\/shop\/schokolade\/ef-creabox\/#breadcrumb\"},\"inLanguage\":\"en-GB\",\"potentialAction\":[{\"@type\":\"ReadAction\",\"target\":[\"https:\/\/www.dreimeister.de\/shop\/schokolade\/ef-creabox\/\"]}]},{\"@type\":\"ImageObject\",\"inLanguage\":\"en-GB\",\"@id\":\"https:\/\/www.dreimeister.de\/shop\/schokolade\/ef-creabox\/#primaryimage\",\"url\":\"https:\/\/www.dreimeister.de\/wp-content\/uploads\/2023\/12\/Creabox_Eintracht-Frankfurt_Kakonibs.jpg\",\"contentUrl\":\"https:\/\/www.dreimeister.de\/wp-content\/uploads\/2023\/12\/Creabox_Eintracht-Frankfurt_Kakonibs.jpg\",\"width\":1200,\"height\":1200},{\"@type\":\"BreadcrumbList\",\"@id\":\"https:\/\/www.dreimeister.de\/shop\/schokolade\/ef-creabox\/#breadcrumb\",\"itemListElement\":[{\"@type\":\"ListItem\",\"position\":1,\"name\":\"Home\",\"item\":\"https:\/\/www.dreimeister.de\/\"},{\"@type\":\"ListItem\",\"position\":2,\"name\":\"Shop\",\"item\":\"https:\/\/www.dreimeister.de\/shop\/\"},{\"@type\":\"ListItem\",\"position\":3,\"name\":\"Offizielle Eintracht Frankfurt CreaBox\"}]},{\"@type\":\"WebSite\",\"@id\":\"https:\/\/www.dreimeister.de\/#website\",\"url\":\"https:\/\/www.dreimeister.de\/\",\"name\":\"DreiMeister\",\"description\":\"Finest chocolate\",\"potentialAction\":[{\"@type\":\"SearchAction\",\"target\":{\"@type\":\"EntryPoint\",\"urlTemplate\":\"https:\/\/www.dreimeister.de\/?s={search_term_string}\"},\"query-input\":{\"@type\":\"PropertyValueSpecification\",\"valueRequired\":true,\"valueName\":\"search_term_string\"}}],\"inLanguage\":\"en-GB\"}]}<\/script>\n<!-- \/ Yoast SEO plugin. -->","yoast_head_json":{"title":"Offizielle Eintracht Frankfurt CreaBox - DreiMeister Spezialit\u00e4ten[:]","description":"S\u00dcSSE VEREINSLIEBE - Schokoladige Freude f\u00fcr Fans von Eintracht Frankfurt. Das ideale Mitbringsel oder Geschenk.","robots":{"index":"index","follow":"follow","max-snippet":"max-snippet:-1","max-image-preview":"max-image-preview:large","max-video-preview":"max-video-preview:-1"},"canonical":"https:\/\/www.dreimeister.de\/en\/shop\/schokolade\/ef-creabox\/","og_locale":"en_GB","og_type":"article","og_title":"[:de][:de]Offizielle Eintracht Frankfurt CreaBox[:] - DreiMeister Spezialit\u00e4ten[:]","og_description":"[:de]S\u00dcSSE VEREINSLIEBE - Schokoladige Freude f\u00fcr Fans von Eintracht Frankfurt. Das ideale Mitbringsel oder Geschenk.[:]","og_url":"https:\/\/www.dreimeister.de\/en\/shop\/schokolade\/ef-creabox\/","og_site_name":"DreiMeister","article_publisher":"https:\/\/www.facebook.com\/dreimeister.spezialitaeten","article_modified_time":"2025-10-17T07:17:02+00:00","og_image":[{"width":1200,"height":1200,"url":"http:\/\/www.dreimeister.de\/wp-content\/uploads\/2023\/12\/Creabox_Eintracht-Frankfurt_Kakonibs.jpg","type":"image\/jpeg"}],"twitter_misc":{"Estimated reading time":"1 minute"},"schema":{"@context":"https:\/\/schema.org","@graph":[{"@type":"WebPage","@id":"https:\/\/www.dreimeister.de\/shop\/schokolade\/ef-creabox\/","url":"https:\/\/www.dreimeister.de\/shop\/schokolade\/ef-creabox\/","name":"Offizielle Eintracht Frankfurt CreaBox","isPartOf":{"@id":"https:\/\/www.dreimeister.de\/#website"},"primaryImageOfPage":{"@id":"https:\/\/www.dreimeister.de\/shop\/schokolade\/ef-creabox\/#primaryimage"},"image":{"@id":"https:\/\/www.dreimeister.de\/shop\/schokolade\/ef-creabox\/#primaryimage"},"thumbnailUrl":"https:\/\/www.dreimeister.de\/wp-content\/uploads\/2023\/12\/Creabox_Eintracht-Frankfurt_Kakonibs.jpg","datePublished":"2023-12-18T07:42:25+00:00","dateModified":"2025-10-17T07:17:02+00:00","description":"S\u00dcSSE VEREINSLIEBE - Schokoladige Freude f\u00fcr Fans von Eintracht Frankfurt. Das ideale Mitbringsel oder Geschenk.","breadcrumb":{"@id":"https:\/\/www.dreimeister.de\/shop\/schokolade\/ef-creabox\/#breadcrumb"},"inLanguage":"en-GB","potentialAction":[{"@type":"ReadAction","target":["https:\/\/www.dreimeister.de\/shop\/schokolade\/ef-creabox\/"]}]},{"@type":"ImageObject","inLanguage":"en-GB","@id":"https:\/\/www.dreimeister.de\/shop\/schokolade\/ef-creabox\/#primaryimage","url":"https:\/\/www.dreimeister.de\/wp-content\/uploads\/2023\/12\/Creabox_Eintracht-Frankfurt_Kakonibs.jpg","contentUrl":"https:\/\/www.dreimeister.de\/wp-content\/uploads\/2023\/12\/Creabox_Eintracht-Frankfurt_Kakonibs.jpg","width":1200,"height":1200},{"@type":"BreadcrumbList","@id":"https:\/\/www.dreimeister.de\/shop\/schokolade\/ef-creabox\/#breadcrumb","itemListElement":[{"@type":"ListItem","position":1,"name":"Home","item":"https:\/\/www.dreimeister.de\/"},{"@type":"ListItem","position":2,"name":"Shop","item":"https:\/\/www.dreimeister.de\/shop\/"},{"@type":"ListItem","position":3,"name":"Offizielle Eintracht Frankfurt CreaBox"}]},{"@type":"WebSite","@id":"https:\/\/www.dreimeister.de\/#website","url":"https:\/\/www.dreimeister.de\/","name":"DreiMeister","description":"Finest chocolate","potentialAction":[{"@type":"SearchAction","target":{"@type":"EntryPoint","urlTemplate":"https:\/\/www.dreimeister.de\/?s={search_term_string}"},"query-input":{"@type":"PropertyValueSpecification","valueRequired":true,"valueName":"search_term_string"}}],"inLanguage":"en-GB"}]}},"_links":{"self":[{"href":"https:\/\/www.dreimeister.de\/en\/wp-json\/wp\/v2\/product\/81739"}],"collection":[{"href":"https:\/\/www.dreimeister.de\/en\/wp-json\/wp\/v2\/product"}],"about":[{"href":"https:\/\/www.dreimeister.de\/en\/wp-json\/wp\/v2\/types\/product"}],"replies":[{"embeddable":true,"href":"https:\/\/www.dreimeister.de\/en\/wp-json\/wp\/v2\/comments?post=81739"}],"wp:featuredmedia":[{"embeddable":true,"href":"https:\/\/www.dreimeister.de\/en\/wp-json\/wp\/v2\/media\/128161"}],"wp:attachment":[{"href":"https:\/\/www.dreimeister.de\/en\/wp-json\/wp\/v2\/media?parent=81739"}],"wp:term":[{"taxonomy":"product_cat","embeddable":true,"href":"https:\/\/www.dreimeister.de\/en\/wp-json\/wp\/v2\/product_cat?post=81739"},{"taxonomy":"product_tag","embeddable":true,"href":"https:\/\/www.dreimeister.de\/en\/wp-json\/wp\/v2\/product_tag?post=81739"}],"curies":[{"name":"wp","href":"https:\/\/api.w.org\/{rel}","templated":true}]}}