{"id":81741,"date":"2023-12-18T08:54:04","date_gmt":"2023-12-18T07:54:04","guid":{"rendered":"https:\/\/www.dreimeister.de\/?post_type=product&#038;p=81741"},"modified":"2026-02-20T09:34:47","modified_gmt":"2026-02-20T08:34:47","slug":"ef-holzkiste","status":"publish","type":"product","link":"https:\/\/www.dreimeister.de\/en\/shop\/schokoladentaler\/ef-holzkiste\/","title":{"rendered":"Offizielle Eintracht Frankfurt 45er Holzkiste"},"content":{"rendered":"<h4>Produktinformation \u201eOffizielle Eintracht Frankfurt 45er Holzkiste\u201c<\/h4>\n<p>Inhalt: 360g (45 Golddublonen)<\/p>\n<p>&nbsp;<\/p>\n","protected":false},"excerpt":{"rendered":"<p>HALBZEITSNACK &#8211; ideal zum Vernaschen f\u00fcr zwischendurch oder zum \u00dcberbr\u00fccken der Halbzeit.<\/p>\n","protected":false},"featured_media":130684,"comment_status":"closed","ping_status":"closed","template":"","meta":{"_acf_changed":false},"product_cat":[107,26],"product_tag":[32,30,29],"class_list":{"0":"post-81741","1":"product","2":"type-product","3":"status-publish","4":"has-post-thumbnail","6":"product_cat-eintracht-frankfurt","7":"product_cat-schokoladentaler","8":"product_tag-ohne-alkohol","9":"product_tag-vollmilch","10":"product_tag-zartbitter","12":"first","13":"instock","14":"taxable","15":"shipping-taxable","16":"purchasable","17":"product-type-simple"},"acf":[],"yoast_head":"<!-- This site is optimized with the Yoast SEO plugin v24.1 - https:\/\/yoast.com\/wordpress\/plugins\/seo\/ -->\n<title>Offizielle Eintracht Frankfurt 45er Holzkiste - DreiMeister Spezialit\u00e4ten[:]<\/title>\n<meta name=\"description\" content=\"S\u00dcSSE VEREINSLIEBE - Schokoladige Freude f\u00fcr Fans von Eintracht Frankfurt. Das ideale Mitbringsel oder Geschenk.\" \/>\n<meta name=\"robots\" content=\"index, follow, max-snippet:-1, max-image-preview:large, max-video-preview:-1\" \/>\n<link rel=\"canonical\" href=\"https:\/\/www.dreimeister.de\/en\/shop\/schokoladentaler\/ef-holzkiste\/\" \/>\n<meta property=\"og:locale\" content=\"en_GB\" \/>\n<meta property=\"og:locale:alternate\" content=\"de_DE_formal\" \/>\n<meta property=\"og:type\" content=\"article\" \/>\n<meta property=\"og:title\" content=\"Offizielle Eintracht Frankfurt 45er Holzkiste\" \/>\n<meta property=\"og:description\" content=\"S\u00dcSSE VEREINSLIEBE - Schokoladige Freude f\u00fcr Fans von Eintracht Frankfurt. Das ideale Mitbringsel oder Geschenk.\" \/>\n<meta property=\"og:url\" content=\"https:\/\/www.dreimeister.de\/en\/shop\/schokoladentaler\/ef-holzkiste\/\" \/>\n<meta property=\"og:site_name\" content=\"DreiMeister\" \/>\n<meta property=\"article:publisher\" content=\"https:\/\/www.facebook.com\/dreimeister.spezialitaeten\" \/>\n<meta property=\"article:modified_time\" content=\"2026-02-20T08:34:47+00:00\" \/>\n<meta property=\"og:image\" content=\"http:\/\/www.dreimeister.de\/wp-content\/uploads\/2023\/12\/45er_Holzkiste_Eintracht_Frankfurt_neue_GD.jpg\" \/>\n\t<meta property=\"og:image:width\" content=\"1080\" \/>\n\t<meta property=\"og:image:height\" content=\"1080\" \/>\n\t<meta property=\"og:image:type\" content=\"image\/jpeg\" \/>\n<meta name=\"twitter:label1\" content=\"Estimated reading time\" \/>\n\t<meta name=\"twitter:data1\" content=\"1 minute\" \/>\n<script type=\"application\/ld+json\" class=\"yoast-schema-graph\">{\"@context\":\"https:\/\/schema.org\",\"@graph\":[{\"@type\":\"WebPage\",\"@id\":\"https:\/\/www.dreimeister.de\/shop\/schokoladentaler\/ef-holzkiste\/\",\"url\":\"https:\/\/www.dreimeister.de\/shop\/schokoladentaler\/ef-holzkiste\/\",\"name\":\"Offizielle Eintracht Frankfurt 45er Holzkiste\",\"isPartOf\":{\"@id\":\"https:\/\/www.dreimeister.de\/#website\"},\"primaryImageOfPage\":{\"@id\":\"https:\/\/www.dreimeister.de\/shop\/schokoladentaler\/ef-holzkiste\/#primaryimage\"},\"image\":{\"@id\":\"https:\/\/www.dreimeister.de\/shop\/schokoladentaler\/ef-holzkiste\/#primaryimage\"},\"thumbnailUrl\":\"https:\/\/www.dreimeister.de\/wp-content\/uploads\/2023\/12\/45er_Holzkiste_Eintracht_Frankfurt_neue_GD.jpg\",\"datePublished\":\"2023-12-18T07:54:04+00:00\",\"dateModified\":\"2026-02-20T08:34:47+00:00\",\"description\":\"S\u00dcSSE VEREINSLIEBE - Schokoladige Freude f\u00fcr Fans von Eintracht Frankfurt. Das ideale Mitbringsel oder Geschenk.\",\"breadcrumb\":{\"@id\":\"https:\/\/www.dreimeister.de\/shop\/schokoladentaler\/ef-holzkiste\/#breadcrumb\"},\"inLanguage\":\"en-GB\",\"potentialAction\":[{\"@type\":\"ReadAction\",\"target\":[\"https:\/\/www.dreimeister.de\/shop\/schokoladentaler\/ef-holzkiste\/\"]}]},{\"@type\":\"ImageObject\",\"inLanguage\":\"en-GB\",\"@id\":\"https:\/\/www.dreimeister.de\/shop\/schokoladentaler\/ef-holzkiste\/#primaryimage\",\"url\":\"https:\/\/www.dreimeister.de\/wp-content\/uploads\/2023\/12\/45er_Holzkiste_Eintracht_Frankfurt_neue_GD.jpg\",\"contentUrl\":\"https:\/\/www.dreimeister.de\/wp-content\/uploads\/2023\/12\/45er_Holzkiste_Eintracht_Frankfurt_neue_GD.jpg\",\"width\":1080,\"height\":1080},{\"@type\":\"BreadcrumbList\",\"@id\":\"https:\/\/www.dreimeister.de\/shop\/schokoladentaler\/ef-holzkiste\/#breadcrumb\",\"itemListElement\":[{\"@type\":\"ListItem\",\"position\":1,\"name\":\"Home\",\"item\":\"https:\/\/www.dreimeister.de\/\"},{\"@type\":\"ListItem\",\"position\":2,\"name\":\"Shop\",\"item\":\"https:\/\/www.dreimeister.de\/shop\/\"},{\"@type\":\"ListItem\",\"position\":3,\"name\":\"Offizielle Eintracht Frankfurt 45er Holzkiste\"}]},{\"@type\":\"WebSite\",\"@id\":\"https:\/\/www.dreimeister.de\/#website\",\"url\":\"https:\/\/www.dreimeister.de\/\",\"name\":\"DreiMeister\",\"description\":\"Finest chocolate\",\"potentialAction\":[{\"@type\":\"SearchAction\",\"target\":{\"@type\":\"EntryPoint\",\"urlTemplate\":\"https:\/\/www.dreimeister.de\/?s={search_term_string}\"},\"query-input\":{\"@type\":\"PropertyValueSpecification\",\"valueRequired\":true,\"valueName\":\"search_term_string\"}}],\"inLanguage\":\"en-GB\"}]}<\/script>\n<!-- \/ Yoast SEO plugin. -->","yoast_head_json":{"title":"Offizielle Eintracht Frankfurt 45er Holzkiste - DreiMeister Spezialit\u00e4ten[:]","description":"S\u00dcSSE VEREINSLIEBE - Schokoladige Freude f\u00fcr Fans von Eintracht Frankfurt. Das ideale Mitbringsel oder Geschenk.","robots":{"index":"index","follow":"follow","max-snippet":"max-snippet:-1","max-image-preview":"max-image-preview:large","max-video-preview":"max-video-preview:-1"},"canonical":"https:\/\/www.dreimeister.de\/en\/shop\/schokoladentaler\/ef-holzkiste\/","og_locale":"en_GB","og_type":"article","og_title":"[:de][:de]Offizielle Eintracht Frankfurt 45er Holzkiste[:] - DreiMeister Spezialit\u00e4ten[:]","og_description":"[:de]S\u00dcSSE VEREINSLIEBE - Schokoladige Freude f\u00fcr Fans von Eintracht Frankfurt. Das ideale Mitbringsel oder Geschenk.[:]","og_url":"https:\/\/www.dreimeister.de\/en\/shop\/schokoladentaler\/ef-holzkiste\/","og_site_name":"DreiMeister","article_publisher":"https:\/\/www.facebook.com\/dreimeister.spezialitaeten","article_modified_time":"2026-02-20T08:34:47+00:00","og_image":[{"width":1080,"height":1080,"url":"http:\/\/www.dreimeister.de\/wp-content\/uploads\/2023\/12\/45er_Holzkiste_Eintracht_Frankfurt_neue_GD.jpg","type":"image\/jpeg"}],"twitter_misc":{"Estimated reading time":"1 minute"},"schema":{"@context":"https:\/\/schema.org","@graph":[{"@type":"WebPage","@id":"https:\/\/www.dreimeister.de\/shop\/schokoladentaler\/ef-holzkiste\/","url":"https:\/\/www.dreimeister.de\/shop\/schokoladentaler\/ef-holzkiste\/","name":"Offizielle Eintracht Frankfurt 45er Holzkiste","isPartOf":{"@id":"https:\/\/www.dreimeister.de\/#website"},"primaryImageOfPage":{"@id":"https:\/\/www.dreimeister.de\/shop\/schokoladentaler\/ef-holzkiste\/#primaryimage"},"image":{"@id":"https:\/\/www.dreimeister.de\/shop\/schokoladentaler\/ef-holzkiste\/#primaryimage"},"thumbnailUrl":"https:\/\/www.dreimeister.de\/wp-content\/uploads\/2023\/12\/45er_Holzkiste_Eintracht_Frankfurt_neue_GD.jpg","datePublished":"2023-12-18T07:54:04+00:00","dateModified":"2026-02-20T08:34:47+00:00","description":"S\u00dcSSE VEREINSLIEBE - Schokoladige Freude f\u00fcr Fans von Eintracht Frankfurt. Das ideale Mitbringsel oder Geschenk.","breadcrumb":{"@id":"https:\/\/www.dreimeister.de\/shop\/schokoladentaler\/ef-holzkiste\/#breadcrumb"},"inLanguage":"en-GB","potentialAction":[{"@type":"ReadAction","target":["https:\/\/www.dreimeister.de\/shop\/schokoladentaler\/ef-holzkiste\/"]}]},{"@type":"ImageObject","inLanguage":"en-GB","@id":"https:\/\/www.dreimeister.de\/shop\/schokoladentaler\/ef-holzkiste\/#primaryimage","url":"https:\/\/www.dreimeister.de\/wp-content\/uploads\/2023\/12\/45er_Holzkiste_Eintracht_Frankfurt_neue_GD.jpg","contentUrl":"https:\/\/www.dreimeister.de\/wp-content\/uploads\/2023\/12\/45er_Holzkiste_Eintracht_Frankfurt_neue_GD.jpg","width":1080,"height":1080},{"@type":"BreadcrumbList","@id":"https:\/\/www.dreimeister.de\/shop\/schokoladentaler\/ef-holzkiste\/#breadcrumb","itemListElement":[{"@type":"ListItem","position":1,"name":"Home","item":"https:\/\/www.dreimeister.de\/"},{"@type":"ListItem","position":2,"name":"Shop","item":"https:\/\/www.dreimeister.de\/shop\/"},{"@type":"ListItem","position":3,"name":"Offizielle Eintracht Frankfurt 45er Holzkiste"}]},{"@type":"WebSite","@id":"https:\/\/www.dreimeister.de\/#website","url":"https:\/\/www.dreimeister.de\/","name":"DreiMeister","description":"Finest chocolate","potentialAction":[{"@type":"SearchAction","target":{"@type":"EntryPoint","urlTemplate":"https:\/\/www.dreimeister.de\/?s={search_term_string}"},"query-input":{"@type":"PropertyValueSpecification","valueRequired":true,"valueName":"search_term_string"}}],"inLanguage":"en-GB"}]}},"_links":{"self":[{"href":"https:\/\/www.dreimeister.de\/en\/wp-json\/wp\/v2\/product\/81741"}],"collection":[{"href":"https:\/\/www.dreimeister.de\/en\/wp-json\/wp\/v2\/product"}],"about":[{"href":"https:\/\/www.dreimeister.de\/en\/wp-json\/wp\/v2\/types\/product"}],"replies":[{"embeddable":true,"href":"https:\/\/www.dreimeister.de\/en\/wp-json\/wp\/v2\/comments?post=81741"}],"wp:featuredmedia":[{"embeddable":true,"href":"https:\/\/www.dreimeister.de\/en\/wp-json\/wp\/v2\/media\/130684"}],"wp:attachment":[{"href":"https:\/\/www.dreimeister.de\/en\/wp-json\/wp\/v2\/media?parent=81741"}],"wp:term":[{"taxonomy":"product_cat","embeddable":true,"href":"https:\/\/www.dreimeister.de\/en\/wp-json\/wp\/v2\/product_cat?post=81741"},{"taxonomy":"product_tag","embeddable":true,"href":"https:\/\/www.dreimeister.de\/en\/wp-json\/wp\/v2\/product_tag?post=81741"}],"curies":[{"name":"wp","href":"https:\/\/api.w.org\/{rel}","templated":true}]}}