{"id":81747,"date":"2023-12-18T10:28:29","date_gmt":"2023-12-18T09:28:29","guid":{"rendered":"https:\/\/www.dreimeister.de\/?post_type=product&#038;p=81747"},"modified":"2025-01-08T13:30:43","modified_gmt":"2025-01-08T12:30:43","slug":"ef-tafelschokolade","status":"publish","type":"product","link":"https:\/\/www.dreimeister.de\/en\/shop\/schokolade\/ef-tafelschokolade\/","title":{"rendered":"Offizielle Eintracht Frankfurt 100g Tafelschokolade"},"content":{"rendered":"<h4>Produktinformation \u201eOffizielle Eintracht Frankfurt 100g Tafelschokolade\u201c<\/h4>\n<p>Inhalt: 100g<\/p>\n<p>&nbsp;<\/p>\n","protected":false},"excerpt":{"rendered":"<p>HALBZEITSNACK &#8211; ideal zum Vernaschen f\u00fcr zwischendurch oder zum \u00dcberbr\u00fccken der Halbzeit.<\/p>\n","protected":false},"featured_media":126553,"comment_status":"closed","ping_status":"closed","template":"","meta":{"_acf_changed":false},"product_cat":[107,28],"product_tag":[32,30],"class_list":{"0":"post-81747","1":"product","2":"type-product","3":"status-publish","4":"has-post-thumbnail","6":"product_cat-eintracht-frankfurt","7":"product_cat-schokolade","8":"product_tag-ohne-alkohol","9":"product_tag-vollmilch","11":"first","12":"instock","13":"taxable","14":"shipping-taxable","15":"purchasable","16":"product-type-simple"},"acf":[],"yoast_head":"<!-- This site is optimized with the Yoast SEO plugin v24.1 - https:\/\/yoast.com\/wordpress\/plugins\/seo\/ -->\n<title>Offizielle Eintracht Frankfurt 100g Tafelschokolade - DreiMeister Spezialit\u00e4ten[:]<\/title>\n<meta name=\"description\" content=\"S\u00dcSSE VEREINSLIEBE - Schokoladige Freude f\u00fcr Fans von Eintracht Frankfurt. Das ideale Mitbringsel oder Geschenk.\" \/>\n<meta name=\"robots\" content=\"index, follow, max-snippet:-1, max-image-preview:large, max-video-preview:-1\" \/>\n<link rel=\"canonical\" href=\"https:\/\/www.dreimeister.de\/en\/shop\/schokolade\/ef-tafelschokolade\/\" \/>\n<meta property=\"og:locale\" content=\"en_GB\" \/>\n<meta property=\"og:locale:alternate\" content=\"de_DE_formal\" \/>\n<meta property=\"og:type\" content=\"article\" \/>\n<meta property=\"og:title\" content=\"Offizielle Eintracht Frankfurt 100g Tafelschokolade\" \/>\n<meta property=\"og:description\" content=\"S\u00dcSSE VEREINSLIEBE - Schokoladige Freude f\u00fcr Fans von Eintracht Frankfurt. Das ideale Mitbringsel oder Geschenk.\" \/>\n<meta property=\"og:url\" content=\"https:\/\/www.dreimeister.de\/en\/shop\/schokolade\/ef-tafelschokolade\/\" \/>\n<meta property=\"og:site_name\" content=\"DreiMeister\" \/>\n<meta property=\"article:publisher\" content=\"https:\/\/www.facebook.com\/dreimeister.spezialitaeten\" \/>\n<meta property=\"article:modified_time\" content=\"2025-01-08T12:30:43+00:00\" \/>\n<meta property=\"og:image\" content=\"http:\/\/www.dreimeister.de\/wp-content\/uploads\/2023\/12\/Eintracht-Frankfurt-100g-Tafelschoki.jpg\" \/>\n\t<meta property=\"og:image:width\" content=\"1200\" \/>\n\t<meta property=\"og:image:height\" content=\"1200\" \/>\n\t<meta property=\"og:image:type\" content=\"image\/jpeg\" \/>\n<meta name=\"twitter:label1\" content=\"Estimated reading time\" \/>\n\t<meta name=\"twitter:data1\" content=\"1 minute\" \/>\n<script type=\"application\/ld+json\" class=\"yoast-schema-graph\">{\"@context\":\"https:\/\/schema.org\",\"@graph\":[{\"@type\":\"WebPage\",\"@id\":\"https:\/\/www.dreimeister.de\/shop\/schokolade\/ef-tafelschokolade\/\",\"url\":\"https:\/\/www.dreimeister.de\/shop\/schokolade\/ef-tafelschokolade\/\",\"name\":\"Offizielle Eintracht Frankfurt 100g Tafelschokolade\",\"isPartOf\":{\"@id\":\"https:\/\/www.dreimeister.de\/#website\"},\"primaryImageOfPage\":{\"@id\":\"https:\/\/www.dreimeister.de\/shop\/schokolade\/ef-tafelschokolade\/#primaryimage\"},\"image\":{\"@id\":\"https:\/\/www.dreimeister.de\/shop\/schokolade\/ef-tafelschokolade\/#primaryimage\"},\"thumbnailUrl\":\"https:\/\/www.dreimeister.de\/wp-content\/uploads\/2023\/12\/Eintracht-Frankfurt-100g-Tafelschoki.jpg\",\"datePublished\":\"2023-12-18T09:28:29+00:00\",\"dateModified\":\"2025-01-08T12:30:43+00:00\",\"description\":\"S\u00dcSSE VEREINSLIEBE - Schokoladige Freude f\u00fcr Fans von Eintracht Frankfurt. Das ideale Mitbringsel oder Geschenk.\",\"breadcrumb\":{\"@id\":\"https:\/\/www.dreimeister.de\/shop\/schokolade\/ef-tafelschokolade\/#breadcrumb\"},\"inLanguage\":\"en-GB\",\"potentialAction\":[{\"@type\":\"ReadAction\",\"target\":[\"https:\/\/www.dreimeister.de\/shop\/schokolade\/ef-tafelschokolade\/\"]}]},{\"@type\":\"ImageObject\",\"inLanguage\":\"en-GB\",\"@id\":\"https:\/\/www.dreimeister.de\/shop\/schokolade\/ef-tafelschokolade\/#primaryimage\",\"url\":\"https:\/\/www.dreimeister.de\/wp-content\/uploads\/2023\/12\/Eintracht-Frankfurt-100g-Tafelschoki.jpg\",\"contentUrl\":\"https:\/\/www.dreimeister.de\/wp-content\/uploads\/2023\/12\/Eintracht-Frankfurt-100g-Tafelschoki.jpg\",\"width\":1200,\"height\":1200},{\"@type\":\"BreadcrumbList\",\"@id\":\"https:\/\/www.dreimeister.de\/shop\/schokolade\/ef-tafelschokolade\/#breadcrumb\",\"itemListElement\":[{\"@type\":\"ListItem\",\"position\":1,\"name\":\"Home\",\"item\":\"https:\/\/www.dreimeister.de\/\"},{\"@type\":\"ListItem\",\"position\":2,\"name\":\"Shop\",\"item\":\"https:\/\/www.dreimeister.de\/shop\/\"},{\"@type\":\"ListItem\",\"position\":3,\"name\":\"Offizielle Eintracht Frankfurt 100g Tafelschokolade\"}]},{\"@type\":\"WebSite\",\"@id\":\"https:\/\/www.dreimeister.de\/#website\",\"url\":\"https:\/\/www.dreimeister.de\/\",\"name\":\"DreiMeister\",\"description\":\"Finest chocolate\",\"potentialAction\":[{\"@type\":\"SearchAction\",\"target\":{\"@type\":\"EntryPoint\",\"urlTemplate\":\"https:\/\/www.dreimeister.de\/?s={search_term_string}\"},\"query-input\":{\"@type\":\"PropertyValueSpecification\",\"valueRequired\":true,\"valueName\":\"search_term_string\"}}],\"inLanguage\":\"en-GB\"}]}<\/script>\n<!-- \/ Yoast SEO plugin. -->","yoast_head_json":{"title":"Offizielle Eintracht Frankfurt 100g Tafelschokolade - DreiMeister Spezialit\u00e4ten[:]","description":"S\u00dcSSE VEREINSLIEBE - Schokoladige Freude f\u00fcr Fans von Eintracht Frankfurt. Das ideale Mitbringsel oder Geschenk.","robots":{"index":"index","follow":"follow","max-snippet":"max-snippet:-1","max-image-preview":"max-image-preview:large","max-video-preview":"max-video-preview:-1"},"canonical":"https:\/\/www.dreimeister.de\/en\/shop\/schokolade\/ef-tafelschokolade\/","og_locale":"en_GB","og_type":"article","og_title":"[:de][:de]Offizielle Eintracht Frankfurt 100g Tafelschokolade[:] - DreiMeister Spezialit\u00e4ten[:]","og_description":"[:de]S\u00dcSSE VEREINSLIEBE - Schokoladige Freude f\u00fcr Fans von Eintracht Frankfurt. Das ideale Mitbringsel oder Geschenk.[:]","og_url":"https:\/\/www.dreimeister.de\/en\/shop\/schokolade\/ef-tafelschokolade\/","og_site_name":"DreiMeister","article_publisher":"https:\/\/www.facebook.com\/dreimeister.spezialitaeten","article_modified_time":"2025-01-08T12:30:43+00:00","og_image":[{"width":1200,"height":1200,"url":"http:\/\/www.dreimeister.de\/wp-content\/uploads\/2023\/12\/Eintracht-Frankfurt-100g-Tafelschoki.jpg","type":"image\/jpeg"}],"twitter_misc":{"Estimated reading time":"1 minute"},"schema":{"@context":"https:\/\/schema.org","@graph":[{"@type":"WebPage","@id":"https:\/\/www.dreimeister.de\/shop\/schokolade\/ef-tafelschokolade\/","url":"https:\/\/www.dreimeister.de\/shop\/schokolade\/ef-tafelschokolade\/","name":"Offizielle Eintracht Frankfurt 100g Tafelschokolade","isPartOf":{"@id":"https:\/\/www.dreimeister.de\/#website"},"primaryImageOfPage":{"@id":"https:\/\/www.dreimeister.de\/shop\/schokolade\/ef-tafelschokolade\/#primaryimage"},"image":{"@id":"https:\/\/www.dreimeister.de\/shop\/schokolade\/ef-tafelschokolade\/#primaryimage"},"thumbnailUrl":"https:\/\/www.dreimeister.de\/wp-content\/uploads\/2023\/12\/Eintracht-Frankfurt-100g-Tafelschoki.jpg","datePublished":"2023-12-18T09:28:29+00:00","dateModified":"2025-01-08T12:30:43+00:00","description":"S\u00dcSSE VEREINSLIEBE - Schokoladige Freude f\u00fcr Fans von Eintracht Frankfurt. Das ideale Mitbringsel oder Geschenk.","breadcrumb":{"@id":"https:\/\/www.dreimeister.de\/shop\/schokolade\/ef-tafelschokolade\/#breadcrumb"},"inLanguage":"en-GB","potentialAction":[{"@type":"ReadAction","target":["https:\/\/www.dreimeister.de\/shop\/schokolade\/ef-tafelschokolade\/"]}]},{"@type":"ImageObject","inLanguage":"en-GB","@id":"https:\/\/www.dreimeister.de\/shop\/schokolade\/ef-tafelschokolade\/#primaryimage","url":"https:\/\/www.dreimeister.de\/wp-content\/uploads\/2023\/12\/Eintracht-Frankfurt-100g-Tafelschoki.jpg","contentUrl":"https:\/\/www.dreimeister.de\/wp-content\/uploads\/2023\/12\/Eintracht-Frankfurt-100g-Tafelschoki.jpg","width":1200,"height":1200},{"@type":"BreadcrumbList","@id":"https:\/\/www.dreimeister.de\/shop\/schokolade\/ef-tafelschokolade\/#breadcrumb","itemListElement":[{"@type":"ListItem","position":1,"name":"Home","item":"https:\/\/www.dreimeister.de\/"},{"@type":"ListItem","position":2,"name":"Shop","item":"https:\/\/www.dreimeister.de\/shop\/"},{"@type":"ListItem","position":3,"name":"Offizielle Eintracht Frankfurt 100g Tafelschokolade"}]},{"@type":"WebSite","@id":"https:\/\/www.dreimeister.de\/#website","url":"https:\/\/www.dreimeister.de\/","name":"DreiMeister","description":"Finest chocolate","potentialAction":[{"@type":"SearchAction","target":{"@type":"EntryPoint","urlTemplate":"https:\/\/www.dreimeister.de\/?s={search_term_string}"},"query-input":{"@type":"PropertyValueSpecification","valueRequired":true,"valueName":"search_term_string"}}],"inLanguage":"en-GB"}]}},"_links":{"self":[{"href":"https:\/\/www.dreimeister.de\/en\/wp-json\/wp\/v2\/product\/81747"}],"collection":[{"href":"https:\/\/www.dreimeister.de\/en\/wp-json\/wp\/v2\/product"}],"about":[{"href":"https:\/\/www.dreimeister.de\/en\/wp-json\/wp\/v2\/types\/product"}],"replies":[{"embeddable":true,"href":"https:\/\/www.dreimeister.de\/en\/wp-json\/wp\/v2\/comments?post=81747"}],"wp:featuredmedia":[{"embeddable":true,"href":"https:\/\/www.dreimeister.de\/en\/wp-json\/wp\/v2\/media\/126553"}],"wp:attachment":[{"href":"https:\/\/www.dreimeister.de\/en\/wp-json\/wp\/v2\/media?parent=81747"}],"wp:term":[{"taxonomy":"product_cat","embeddable":true,"href":"https:\/\/www.dreimeister.de\/en\/wp-json\/wp\/v2\/product_cat?post=81747"},{"taxonomy":"product_tag","embeddable":true,"href":"https:\/\/www.dreimeister.de\/en\/wp-json\/wp\/v2\/product_tag?post=81747"}],"curies":[{"name":"wp","href":"https:\/\/api.w.org\/{rel}","templated":true}]}}