{"id":84989,"date":"2024-05-31T09:41:54","date_gmt":"2024-05-31T07:41:54","guid":{"rendered":"https:\/\/www.dreimeister.de\/?post_type=product&#038;p=84989"},"modified":"2026-04-17T12:35:49","modified_gmt":"2026-04-17T10:35:49","slug":"nougat-herzen-karton","status":"publish","type":"product","link":"https:\/\/www.dreimeister.de\/en\/shop\/pralinen-und-trueffel\/nougat-herzen-karton\/","title":{"rendered":"Logopraline Herz &#8211; 0,9 kg"},"content":{"rendered":"<h4>Produktinformation \u201eLogopraline Herz &#8211; 0,9 kg\u201c<\/h4>\n<p>Inhalt: 0,9 kg (ca. 55 Nougat-Herzen)<\/p>\n","protected":false},"excerpt":{"rendered":"<p>Unsere zarten DreiMeister Nougat-Herzen mit einem au\u00dfergew\u00f6hnlichen Dekor, jetzt im 0,9 kg Karton!<\/p>\n","protected":false},"featured_media":128182,"comment_status":"closed","ping_status":"closed","template":"","meta":{"_acf_changed":false},"product_cat":[25,89],"product_tag":[32,30,31],"class_list":{"0":"post-84989","1":"product","2":"type-product","3":"status-publish","4":"has-post-thumbnail","6":"product_cat-pralinen-und-trueffel","7":"product_cat-alles-aus-liebe","8":"product_tag-ohne-alkohol","9":"product_tag-vollmilch","10":"product_tag-weiss","12":"first","13":"instock","14":"taxable","15":"shipping-taxable","16":"purchasable","17":"product-type-simple"},"acf":[],"yoast_head":"<!-- This site is optimized with the Yoast SEO plugin v24.1 - https:\/\/yoast.com\/wordpress\/plugins\/seo\/ -->\n<title>Logopraline Herz - 0,9 kg[:] - DreiMeister Spezialit\u00e4ten[:]<\/title>\n<meta name=\"description\" content=\"Unsere zarten DreiMeister Nougat-Herzen mit einem au\u00dfergew\u00f6hnlichen Dekor, jetzt im 0,9 kg Karton!\" \/>\n<meta name=\"robots\" content=\"index, follow, max-snippet:-1, max-image-preview:large, max-video-preview:-1\" \/>\n<link rel=\"canonical\" href=\"https:\/\/www.dreimeister.de\/en\/shop\/pralinen-und-trueffel\/nougat-herzen-karton\/\" \/>\n<meta property=\"og:locale\" content=\"en_GB\" \/>\n<meta property=\"og:locale:alternate\" content=\"de_DE_formal\" \/>\n<meta property=\"og:type\" content=\"article\" \/>\n<meta property=\"og:title\" content=\"Logopraline Herz - 0,9 kg\" \/>\n<meta property=\"og:description\" content=\"Unsere zarten DreiMeister Nougat-Herzen mit einem au\u00dfergew\u00f6hnlichen Dekor, jetzt im 0,9 kg Karton!\" \/>\n<meta property=\"og:url\" content=\"https:\/\/www.dreimeister.de\/en\/shop\/pralinen-und-trueffel\/nougat-herzen-karton\/\" \/>\n<meta property=\"og:site_name\" content=\"DreiMeister\" \/>\n<meta property=\"article:publisher\" content=\"https:\/\/www.facebook.com\/dreimeister.spezialitaeten\" \/>\n<meta property=\"article:modified_time\" content=\"2026-04-17T10:35:49+00:00\" \/>\n<meta property=\"og:image\" content=\"http:\/\/www.dreimeister.de\/wp-content\/uploads\/2024\/05\/3739_Logopraline-Herz.jpg\" \/>\n\t<meta property=\"og:image:width\" content=\"1200\" \/>\n\t<meta property=\"og:image:height\" content=\"1200\" \/>\n\t<meta property=\"og:image:type\" content=\"image\/jpeg\" \/>\n<meta name=\"twitter:label1\" content=\"Estimated reading time\" \/>\n\t<meta name=\"twitter:data1\" content=\"1 minute\" \/>\n<script type=\"application\/ld+json\" class=\"yoast-schema-graph\">{\"@context\":\"https:\/\/schema.org\",\"@graph\":[{\"@type\":\"WebPage\",\"@id\":\"https:\/\/www.dreimeister.de\/shop\/pralinen-und-trueffel\/nougat-herzen-karton\/\",\"url\":\"https:\/\/www.dreimeister.de\/shop\/pralinen-und-trueffel\/nougat-herzen-karton\/\",\"name\":\"Logopraline Herz - 0,9 kg\",\"isPartOf\":{\"@id\":\"https:\/\/www.dreimeister.de\/#website\"},\"primaryImageOfPage\":{\"@id\":\"https:\/\/www.dreimeister.de\/shop\/pralinen-und-trueffel\/nougat-herzen-karton\/#primaryimage\"},\"image\":{\"@id\":\"https:\/\/www.dreimeister.de\/shop\/pralinen-und-trueffel\/nougat-herzen-karton\/#primaryimage\"},\"thumbnailUrl\":\"https:\/\/www.dreimeister.de\/wp-content\/uploads\/2024\/05\/3739_Logopraline-Herz.jpg\",\"datePublished\":\"2024-05-31T07:41:54+00:00\",\"dateModified\":\"2026-04-17T10:35:49+00:00\",\"description\":\"Unsere zarten DreiMeister Nougat-Herzen mit einem au\u00dfergew\u00f6hnlichen Dekor, jetzt im 0,9 kg Karton!\",\"breadcrumb\":{\"@id\":\"https:\/\/www.dreimeister.de\/shop\/pralinen-und-trueffel\/nougat-herzen-karton\/#breadcrumb\"},\"inLanguage\":\"en-GB\",\"potentialAction\":[{\"@type\":\"ReadAction\",\"target\":[\"https:\/\/www.dreimeister.de\/shop\/pralinen-und-trueffel\/nougat-herzen-karton\/\"]}]},{\"@type\":\"ImageObject\",\"inLanguage\":\"en-GB\",\"@id\":\"https:\/\/www.dreimeister.de\/shop\/pralinen-und-trueffel\/nougat-herzen-karton\/#primaryimage\",\"url\":\"https:\/\/www.dreimeister.de\/wp-content\/uploads\/2024\/05\/3739_Logopraline-Herz.jpg\",\"contentUrl\":\"https:\/\/www.dreimeister.de\/wp-content\/uploads\/2024\/05\/3739_Logopraline-Herz.jpg\",\"width\":1200,\"height\":1200},{\"@type\":\"BreadcrumbList\",\"@id\":\"https:\/\/www.dreimeister.de\/shop\/pralinen-und-trueffel\/nougat-herzen-karton\/#breadcrumb\",\"itemListElement\":[{\"@type\":\"ListItem\",\"position\":1,\"name\":\"Home\",\"item\":\"https:\/\/www.dreimeister.de\/\"},{\"@type\":\"ListItem\",\"position\":2,\"name\":\"Shop\",\"item\":\"https:\/\/www.dreimeister.de\/shop\/\"},{\"@type\":\"ListItem\",\"position\":3,\"name\":\"Logopraline Herz &#8211; 0,9 kg\"}]},{\"@type\":\"WebSite\",\"@id\":\"https:\/\/www.dreimeister.de\/#website\",\"url\":\"https:\/\/www.dreimeister.de\/\",\"name\":\"DreiMeister\",\"description\":\"Finest chocolate\",\"potentialAction\":[{\"@type\":\"SearchAction\",\"target\":{\"@type\":\"EntryPoint\",\"urlTemplate\":\"https:\/\/www.dreimeister.de\/?s={search_term_string}\"},\"query-input\":{\"@type\":\"PropertyValueSpecification\",\"valueRequired\":true,\"valueName\":\"search_term_string\"}}],\"inLanguage\":\"en-GB\"}]}<\/script>\n<!-- \/ Yoast SEO plugin. -->","yoast_head_json":{"title":"Logopraline Herz - 0,9 kg[:] - DreiMeister Spezialit\u00e4ten[:]","description":"Unsere zarten DreiMeister Nougat-Herzen mit einem au\u00dfergew\u00f6hnlichen Dekor, jetzt im 0,9 kg Karton!","robots":{"index":"index","follow":"follow","max-snippet":"max-snippet:-1","max-image-preview":"max-image-preview:large","max-video-preview":"max-video-preview:-1"},"canonical":"https:\/\/www.dreimeister.de\/en\/shop\/pralinen-und-trueffel\/nougat-herzen-karton\/","og_locale":"en_GB","og_type":"article","og_title":"[:de][:de]Logopraline Herz - 0,9 kg[:] - DreiMeister Spezialit\u00e4ten[:]","og_description":"[:de]Unsere zarten DreiMeister Nougat-Herzen mit einem au\u00dfergew\u00f6hnlichen Dekor, jetzt im 0,9 kg Karton![:]","og_url":"https:\/\/www.dreimeister.de\/en\/shop\/pralinen-und-trueffel\/nougat-herzen-karton\/","og_site_name":"DreiMeister","article_publisher":"https:\/\/www.facebook.com\/dreimeister.spezialitaeten","article_modified_time":"2026-04-17T10:35:49+00:00","og_image":[{"width":1200,"height":1200,"url":"http:\/\/www.dreimeister.de\/wp-content\/uploads\/2024\/05\/3739_Logopraline-Herz.jpg","type":"image\/jpeg"}],"twitter_misc":{"Estimated reading time":"1 minute"},"schema":{"@context":"https:\/\/schema.org","@graph":[{"@type":"WebPage","@id":"https:\/\/www.dreimeister.de\/shop\/pralinen-und-trueffel\/nougat-herzen-karton\/","url":"https:\/\/www.dreimeister.de\/shop\/pralinen-und-trueffel\/nougat-herzen-karton\/","name":"Logopraline Herz - 0,9 kg","isPartOf":{"@id":"https:\/\/www.dreimeister.de\/#website"},"primaryImageOfPage":{"@id":"https:\/\/www.dreimeister.de\/shop\/pralinen-und-trueffel\/nougat-herzen-karton\/#primaryimage"},"image":{"@id":"https:\/\/www.dreimeister.de\/shop\/pralinen-und-trueffel\/nougat-herzen-karton\/#primaryimage"},"thumbnailUrl":"https:\/\/www.dreimeister.de\/wp-content\/uploads\/2024\/05\/3739_Logopraline-Herz.jpg","datePublished":"2024-05-31T07:41:54+00:00","dateModified":"2026-04-17T10:35:49+00:00","description":"Unsere zarten DreiMeister Nougat-Herzen mit einem au\u00dfergew\u00f6hnlichen Dekor, jetzt im 0,9 kg Karton!","breadcrumb":{"@id":"https:\/\/www.dreimeister.de\/shop\/pralinen-und-trueffel\/nougat-herzen-karton\/#breadcrumb"},"inLanguage":"en-GB","potentialAction":[{"@type":"ReadAction","target":["https:\/\/www.dreimeister.de\/shop\/pralinen-und-trueffel\/nougat-herzen-karton\/"]}]},{"@type":"ImageObject","inLanguage":"en-GB","@id":"https:\/\/www.dreimeister.de\/shop\/pralinen-und-trueffel\/nougat-herzen-karton\/#primaryimage","url":"https:\/\/www.dreimeister.de\/wp-content\/uploads\/2024\/05\/3739_Logopraline-Herz.jpg","contentUrl":"https:\/\/www.dreimeister.de\/wp-content\/uploads\/2024\/05\/3739_Logopraline-Herz.jpg","width":1200,"height":1200},{"@type":"BreadcrumbList","@id":"https:\/\/www.dreimeister.de\/shop\/pralinen-und-trueffel\/nougat-herzen-karton\/#breadcrumb","itemListElement":[{"@type":"ListItem","position":1,"name":"Home","item":"https:\/\/www.dreimeister.de\/"},{"@type":"ListItem","position":2,"name":"Shop","item":"https:\/\/www.dreimeister.de\/shop\/"},{"@type":"ListItem","position":3,"name":"Logopraline Herz &#8211; 0,9 kg"}]},{"@type":"WebSite","@id":"https:\/\/www.dreimeister.de\/#website","url":"https:\/\/www.dreimeister.de\/","name":"DreiMeister","description":"Finest chocolate","potentialAction":[{"@type":"SearchAction","target":{"@type":"EntryPoint","urlTemplate":"https:\/\/www.dreimeister.de\/?s={search_term_string}"},"query-input":{"@type":"PropertyValueSpecification","valueRequired":true,"valueName":"search_term_string"}}],"inLanguage":"en-GB"}]}},"_links":{"self":[{"href":"https:\/\/www.dreimeister.de\/en\/wp-json\/wp\/v2\/product\/84989"}],"collection":[{"href":"https:\/\/www.dreimeister.de\/en\/wp-json\/wp\/v2\/product"}],"about":[{"href":"https:\/\/www.dreimeister.de\/en\/wp-json\/wp\/v2\/types\/product"}],"replies":[{"embeddable":true,"href":"https:\/\/www.dreimeister.de\/en\/wp-json\/wp\/v2\/comments?post=84989"}],"wp:featuredmedia":[{"embeddable":true,"href":"https:\/\/www.dreimeister.de\/en\/wp-json\/wp\/v2\/media\/128182"}],"wp:attachment":[{"href":"https:\/\/www.dreimeister.de\/en\/wp-json\/wp\/v2\/media?parent=84989"}],"wp:term":[{"taxonomy":"product_cat","embeddable":true,"href":"https:\/\/www.dreimeister.de\/en\/wp-json\/wp\/v2\/product_cat?post=84989"},{"taxonomy":"product_tag","embeddable":true,"href":"https:\/\/www.dreimeister.de\/en\/wp-json\/wp\/v2\/product_tag?post=84989"}],"curies":[{"name":"wp","href":"https:\/\/api.w.org\/{rel}","templated":true}]}}