{"id":87261,"date":"2024-07-17T12:16:46","date_gmt":"2024-07-17T10:16:46","guid":{"rendered":"https:\/\/www.dreimeister.de\/?post_type=product&#038;p=87261"},"modified":"2026-03-17T12:09:32","modified_gmt":"2026-03-17T11:09:32","slug":"30-nougat-love-im-display","status":"publish","type":"product","link":"https:\/\/www.dreimeister.de\/en\/shop\/happen\/30-nougat-love-im-display\/","title":{"rendered":"30 Nougat Happen &#8220;LOVE&#8221; im Display"},"content":{"rendered":"<p><strong>Produktinformation \u201e30 Nougat Happen &#8220;LOVE&#8221; im Display\u201c<\/strong><\/p>\n<p>Inhalt: 30 einzeln verpackte Happen je 25g<\/p>\n<p>30 Nougat Happen. Eine tolle Geschenkidee: Bei diesen in Goldfolie verpackten kleinen St\u00fcckchen freut sich jeder dar\u00fcber. Dieses schicke Display mit 30 St\u00fcck Nougat Happen l\u00e4sst sich gut auf jedem Tisch platzieren.<\/p>\n","protected":false},"excerpt":{"rendered":"<p><strong>Love is sweet!<\/strong>\u00a0Ab jetzt gibt\u2019s unsere leckeren Nougathappen mit einer coolen Regenbogenbanderole und LOVE-Message. Ein s\u00fc\u00dfer Genuss, der Vielfalt und Liebe feiert.\u00a0<img decoding=\"async\" class=\"emoji\" role=\"img\" src=\"https:\/\/s.w.org\/images\/core\/emoji\/13.0.1\/svg\/1f3f3-fe0f-200d-1f308.svg\" alt=\"\ud83c\udff3\ufe0f\u200d\ud83c\udf08\" \/><img decoding=\"async\" class=\"emoji\" role=\"img\" src=\"https:\/\/s.w.org\/images\/core\/emoji\/13.0.1\/svg\/2764.svg\" alt=\"\u2764\ufe0f\" \/>\u00a0Let\u2019s spread love and enjoy these special treats together!<\/p>\n","protected":false},"featured_media":130711,"comment_status":"closed","ping_status":"closed","template":"","meta":{"_acf_changed":false},"product_cat":[88,89],"product_tag":[32,30],"class_list":{"0":"post-87261","1":"product","2":"type-product","3":"status-publish","4":"has-post-thumbnail","6":"product_cat-happen","7":"product_cat-alles-aus-liebe","8":"product_tag-ohne-alkohol","9":"product_tag-vollmilch","11":"first","12":"outofstock","13":"taxable","14":"shipping-taxable","15":"purchasable","16":"product-type-simple"},"acf":[],"yoast_head":"<!-- This site is optimized with the Yoast SEO plugin v24.1 - https:\/\/yoast.com\/wordpress\/plugins\/seo\/ -->\n<title>30 Nougat Happen &quot;LOVE&quot; im Display - DreiMeister Spezialit\u00e4ten<\/title>\n<meta name=\"description\" content=\"Feinstes Nougat mit gehackten Haseln\u00fcssen umh\u00fcllt von zarter Vollmilchschokolade. Bei den kleinen k\u00f6stlichen Nougat-St\u00fcckchen greift jeder gerne zu!\" \/>\n<meta name=\"robots\" content=\"index, follow, max-snippet:-1, max-image-preview:large, max-video-preview:-1\" \/>\n<link rel=\"canonical\" href=\"https:\/\/www.dreimeister.de\/en\/shop\/happen\/30-nougat-love-im-display\/\" \/>\n<meta property=\"og:locale\" content=\"en_GB\" \/>\n<meta property=\"og:locale:alternate\" content=\"de_DE_formal\" \/>\n<meta property=\"og:type\" content=\"article\" \/>\n<meta property=\"og:title\" content=\"30 Nougat Happen &quot;LOVE&quot; im Display\" \/>\n<meta property=\"og:description\" content=\"Feinstes Nougat mit gehackten Haseln\u00fcssen umh\u00fcllt von zarter Vollmilchschokolade. Bei den kleinen k\u00f6stlichen Nougat-St\u00fcckchen greift jeder gerne zu!\" \/>\n<meta property=\"og:url\" content=\"https:\/\/www.dreimeister.de\/en\/shop\/happen\/30-nougat-love-im-display\/\" \/>\n<meta property=\"og:site_name\" content=\"DreiMeister\" \/>\n<meta property=\"article:publisher\" content=\"https:\/\/www.facebook.com\/dreimeister.spezialitaeten\" \/>\n<meta property=\"article:modified_time\" content=\"2026-03-17T11:09:32+00:00\" \/>\n<meta property=\"og:image\" content=\"http:\/\/www.dreimeister.de\/wp-content\/uploads\/2024\/07\/12702_Display-Nougat-Happen-LOVE.jpg\" \/>\n\t<meta property=\"og:image:width\" content=\"1200\" \/>\n\t<meta property=\"og:image:height\" content=\"1200\" \/>\n\t<meta property=\"og:image:type\" content=\"image\/jpeg\" \/>\n<meta name=\"twitter:label1\" content=\"Estimated reading time\" \/>\n\t<meta name=\"twitter:data1\" content=\"1 minute\" \/>\n<script type=\"application\/ld+json\" class=\"yoast-schema-graph\">{\"@context\":\"https:\/\/schema.org\",\"@graph\":[{\"@type\":\"WebPage\",\"@id\":\"https:\/\/www.dreimeister.de\/shop\/happen\/30-nougat-love-im-display\/\",\"url\":\"https:\/\/www.dreimeister.de\/shop\/happen\/30-nougat-love-im-display\/\",\"name\":\"30 Nougat Happen \\\"LOVE\\\" im Display\",\"isPartOf\":{\"@id\":\"https:\/\/www.dreimeister.de\/#website\"},\"primaryImageOfPage\":{\"@id\":\"https:\/\/www.dreimeister.de\/shop\/happen\/30-nougat-love-im-display\/#primaryimage\"},\"image\":{\"@id\":\"https:\/\/www.dreimeister.de\/shop\/happen\/30-nougat-love-im-display\/#primaryimage\"},\"thumbnailUrl\":\"https:\/\/www.dreimeister.de\/wp-content\/uploads\/2024\/07\/12702_Display-Nougat-Happen-LOVE.jpg\",\"datePublished\":\"2024-07-17T10:16:46+00:00\",\"dateModified\":\"2026-03-17T11:09:32+00:00\",\"description\":\"Feinstes Nougat mit gehackten Haseln\u00fcssen umh\u00fcllt von zarter Vollmilchschokolade. Bei den kleinen k\u00f6stlichen Nougat-St\u00fcckchen greift jeder gerne zu!\",\"breadcrumb\":{\"@id\":\"https:\/\/www.dreimeister.de\/shop\/happen\/30-nougat-love-im-display\/#breadcrumb\"},\"inLanguage\":\"en-GB\",\"potentialAction\":[{\"@type\":\"ReadAction\",\"target\":[\"https:\/\/www.dreimeister.de\/shop\/happen\/30-nougat-love-im-display\/\"]}]},{\"@type\":\"ImageObject\",\"inLanguage\":\"en-GB\",\"@id\":\"https:\/\/www.dreimeister.de\/shop\/happen\/30-nougat-love-im-display\/#primaryimage\",\"url\":\"https:\/\/www.dreimeister.de\/wp-content\/uploads\/2024\/07\/12702_Display-Nougat-Happen-LOVE.jpg\",\"contentUrl\":\"https:\/\/www.dreimeister.de\/wp-content\/uploads\/2024\/07\/12702_Display-Nougat-Happen-LOVE.jpg\",\"width\":1200,\"height\":1200},{\"@type\":\"BreadcrumbList\",\"@id\":\"https:\/\/www.dreimeister.de\/shop\/happen\/30-nougat-love-im-display\/#breadcrumb\",\"itemListElement\":[{\"@type\":\"ListItem\",\"position\":1,\"name\":\"Home\",\"item\":\"https:\/\/www.dreimeister.de\/\"},{\"@type\":\"ListItem\",\"position\":2,\"name\":\"Shop\",\"item\":\"https:\/\/www.dreimeister.de\/shop\/\"},{\"@type\":\"ListItem\",\"position\":3,\"name\":\"30 Nougat Happen &#8222;LOVE&#8220; im Display\"}]},{\"@type\":\"WebSite\",\"@id\":\"https:\/\/www.dreimeister.de\/#website\",\"url\":\"https:\/\/www.dreimeister.de\/\",\"name\":\"DreiMeister\",\"description\":\"Finest chocolate\",\"potentialAction\":[{\"@type\":\"SearchAction\",\"target\":{\"@type\":\"EntryPoint\",\"urlTemplate\":\"https:\/\/www.dreimeister.de\/?s={search_term_string}\"},\"query-input\":{\"@type\":\"PropertyValueSpecification\",\"valueRequired\":true,\"valueName\":\"search_term_string\"}}],\"inLanguage\":\"en-GB\"}]}<\/script>\n<!-- \/ Yoast SEO plugin. -->","yoast_head_json":{"title":"30 Nougat Happen \"LOVE\" im Display - DreiMeister Spezialit\u00e4ten","description":"Feinstes Nougat mit gehackten Haseln\u00fcssen umh\u00fcllt von zarter Vollmilchschokolade. Bei den kleinen k\u00f6stlichen Nougat-St\u00fcckchen greift jeder gerne zu!","robots":{"index":"index","follow":"follow","max-snippet":"max-snippet:-1","max-image-preview":"max-image-preview:large","max-video-preview":"max-video-preview:-1"},"canonical":"https:\/\/www.dreimeister.de\/en\/shop\/happen\/30-nougat-love-im-display\/","og_locale":"en_GB","og_type":"article","og_title":"[:de]30 Nougat Happen \"LOVE\" im Display[:] - DreiMeister Spezialit\u00e4ten","og_description":"Feinstes Nougat mit gehackten Haseln\u00fcssen umh\u00fcllt von zarter Vollmilchschokolade. Bei den kleinen k\u00f6stlichen Nougat-St\u00fcckchen greift jeder gerne zu!","og_url":"https:\/\/www.dreimeister.de\/en\/shop\/happen\/30-nougat-love-im-display\/","og_site_name":"DreiMeister","article_publisher":"https:\/\/www.facebook.com\/dreimeister.spezialitaeten","article_modified_time":"2026-03-17T11:09:32+00:00","og_image":[{"width":1200,"height":1200,"url":"http:\/\/www.dreimeister.de\/wp-content\/uploads\/2024\/07\/12702_Display-Nougat-Happen-LOVE.jpg","type":"image\/jpeg"}],"twitter_misc":{"Estimated reading time":"1 minute"},"schema":{"@context":"https:\/\/schema.org","@graph":[{"@type":"WebPage","@id":"https:\/\/www.dreimeister.de\/shop\/happen\/30-nougat-love-im-display\/","url":"https:\/\/www.dreimeister.de\/shop\/happen\/30-nougat-love-im-display\/","name":"30 Nougat Happen \"LOVE\" im Display","isPartOf":{"@id":"https:\/\/www.dreimeister.de\/#website"},"primaryImageOfPage":{"@id":"https:\/\/www.dreimeister.de\/shop\/happen\/30-nougat-love-im-display\/#primaryimage"},"image":{"@id":"https:\/\/www.dreimeister.de\/shop\/happen\/30-nougat-love-im-display\/#primaryimage"},"thumbnailUrl":"https:\/\/www.dreimeister.de\/wp-content\/uploads\/2024\/07\/12702_Display-Nougat-Happen-LOVE.jpg","datePublished":"2024-07-17T10:16:46+00:00","dateModified":"2026-03-17T11:09:32+00:00","description":"Feinstes Nougat mit gehackten Haseln\u00fcssen umh\u00fcllt von zarter Vollmilchschokolade. Bei den kleinen k\u00f6stlichen Nougat-St\u00fcckchen greift jeder gerne zu!","breadcrumb":{"@id":"https:\/\/www.dreimeister.de\/shop\/happen\/30-nougat-love-im-display\/#breadcrumb"},"inLanguage":"en-GB","potentialAction":[{"@type":"ReadAction","target":["https:\/\/www.dreimeister.de\/shop\/happen\/30-nougat-love-im-display\/"]}]},{"@type":"ImageObject","inLanguage":"en-GB","@id":"https:\/\/www.dreimeister.de\/shop\/happen\/30-nougat-love-im-display\/#primaryimage","url":"https:\/\/www.dreimeister.de\/wp-content\/uploads\/2024\/07\/12702_Display-Nougat-Happen-LOVE.jpg","contentUrl":"https:\/\/www.dreimeister.de\/wp-content\/uploads\/2024\/07\/12702_Display-Nougat-Happen-LOVE.jpg","width":1200,"height":1200},{"@type":"BreadcrumbList","@id":"https:\/\/www.dreimeister.de\/shop\/happen\/30-nougat-love-im-display\/#breadcrumb","itemListElement":[{"@type":"ListItem","position":1,"name":"Home","item":"https:\/\/www.dreimeister.de\/"},{"@type":"ListItem","position":2,"name":"Shop","item":"https:\/\/www.dreimeister.de\/shop\/"},{"@type":"ListItem","position":3,"name":"30 Nougat Happen &#8222;LOVE&#8220; im Display"}]},{"@type":"WebSite","@id":"https:\/\/www.dreimeister.de\/#website","url":"https:\/\/www.dreimeister.de\/","name":"DreiMeister","description":"Finest chocolate","potentialAction":[{"@type":"SearchAction","target":{"@type":"EntryPoint","urlTemplate":"https:\/\/www.dreimeister.de\/?s={search_term_string}"},"query-input":{"@type":"PropertyValueSpecification","valueRequired":true,"valueName":"search_term_string"}}],"inLanguage":"en-GB"}]}},"_links":{"self":[{"href":"https:\/\/www.dreimeister.de\/en\/wp-json\/wp\/v2\/product\/87261"}],"collection":[{"href":"https:\/\/www.dreimeister.de\/en\/wp-json\/wp\/v2\/product"}],"about":[{"href":"https:\/\/www.dreimeister.de\/en\/wp-json\/wp\/v2\/types\/product"}],"replies":[{"embeddable":true,"href":"https:\/\/www.dreimeister.de\/en\/wp-json\/wp\/v2\/comments?post=87261"}],"wp:featuredmedia":[{"embeddable":true,"href":"https:\/\/www.dreimeister.de\/en\/wp-json\/wp\/v2\/media\/130711"}],"wp:attachment":[{"href":"https:\/\/www.dreimeister.de\/en\/wp-json\/wp\/v2\/media?parent=87261"}],"wp:term":[{"taxonomy":"product_cat","embeddable":true,"href":"https:\/\/www.dreimeister.de\/en\/wp-json\/wp\/v2\/product_cat?post=87261"},{"taxonomy":"product_tag","embeddable":true,"href":"https:\/\/www.dreimeister.de\/en\/wp-json\/wp\/v2\/product_tag?post=87261"}],"curies":[{"name":"wp","href":"https:\/\/api.w.org\/{rel}","templated":true}]}}